{"id":26436,"date":"2016-05-09T08:50:25","date_gmt":"2016-05-09T07:50:25","guid":{"rendered":"https:\/\/www.whiskyflavour.com\/privatlivspolitik-cookiepolitik\/"},"modified":"2026-01-26T11:04:50","modified_gmt":"2026-01-26T11:04:50","slug":"privacy-policy","status":"publish","type":"page","link":"https:\/\/www.whiskyflavour.com\/da\/privacy-policy\/","title":{"rendered":"Politik for beskyttelse af personlige oplysninger"},"content":{"rendered":"<div class=\"wpb-content-wrapper\"><p>[vc_row][vc_column][vc_column_text css=&#8221;&#8221;]<\/p>\n<h2>Politik for beskyttelse af personlige oplysninger<\/h2>\n<p>Dit privatliv er vigtigt for os. Det er <a href=\"https:\/\/www.whiskyflavour.com\/da\/\">Whiskyflavours politik at respektere dit privatliv vedr\u00f8rende alle oplysninger, vi m\u00e5tte indsamle fra dig p\u00e5 tv\u00e6rs af vores websted, whiskyflavour.com<\/a>, og andre websteder, vi ejer og driver. <\/p>\n<p>Vi beder kun om personlige oplysninger, n\u00e5r vi virkelig har brug for dem til at levere en service til dig. Vi indsamler dem p\u00e5 fair og lovlig vis med din viden og dit samtykke. Vi fort\u00e6ller dig ogs\u00e5, hvorfor vi indsamler dem, og hvordan de vil blive brugt.  <\/p>\n<p>Vi opbevarer kun indsamlede oplysninger, s\u00e5 l\u00e6nge det er n\u00f8dvendigt for at give dig den \u00f8nskede service. De data, vi opbevarer, beskytter vi med kommercielt acceptable midler for at forhindre tab og tyveri samt uautoriseret adgang, videregivelse, kopiering, brug eller \u00e6ndring. <\/p>\n<p>Vi deler ikke personligt identificerbare oplysninger offentligt eller med tredjeparter, undtagen n\u00e5r loven kr\u00e6ver det.<\/p>\n<p>Vores websted kan linke til eksterne websteder, der ikke drives af os. V\u00e6r opm\u00e6rksom p\u00e5, at vi ikke har nogen kontrol over indholdet og praksis p\u00e5 disse websteder og ikke kan p\u00e5tage os ansvar for deres respektive privatlivspolitikker. <\/p>\n<p>Du kan frit afvise vores anmodning om dine personlige oplysninger med den forst\u00e5else, at vi m\u00e5ske ikke er i stand til at give dig nogle af dine \u00f8nskede tjenester.<\/p>\n<p>Din fortsatte brug af vores hjemmeside vil blive betragtet som en accept af vores praksis omkring privatlivets fred og personlige oplysninger. Hvis du har sp\u00f8rgsm\u00e5l om, hvordan vi h\u00e5ndterer brugerdata og personlige oplysninger, er du velkommen til at kontakte os. <\/p>\n<h2><strong>Cookiepolitik<\/strong> for <strong>WhiskyFlavour<\/strong><\/h2>\n<p>Dette er cookiepolitikken for <strong>Whiskyflavour<\/strong>, som er tilg\u00e6ngelig fra URL&#8217;en.<\/p>\n<h3>Hvad er cookies?<\/h3>\n<p>Som det er almindelig praksis p\u00e5 n\u00e6sten alle professionelle websteder, bruger dette websted cookies, som er sm\u00e5 filer, der downloades til din computer, for at forbedre din oplevelse. Denne side beskriver, hvilke oplysninger de indsamler, hvordan vi bruger dem, og hvorfor vi nogle gange er n\u00f8dt til at gemme disse cookies. Vi fort\u00e6ller ogs\u00e5, hvordan du kan forhindre disse cookies i at blive gemt; dette kan dog nedgradere eller &#8220;\u00f8del\u00e6gge&#8221; visse elementer af webstedets funktionalitet.  <\/p>\n<h3>S\u00e5dan bruger vi cookies<\/h3>\n<p>Vi bruger cookies af forskellige \u00e5rsager, som er beskrevet nedenfor. Desv\u00e6rre er der i de fleste tilf\u00e6lde ingen industristandardmuligheder for at deaktivere cookies uden helt at deaktivere den funktionalitet og de funktioner, de tilf\u00f8jer til dette websted. Det anbefales, at du lader alle cookies v\u00e6re aktiveret, hvis du ikke er sikker p\u00e5, om du har brug for dem eller ej, i tilf\u00e6lde af at de bruges til at levere en tjeneste, som du bruger.  <\/p>\n<h3>Deaktivering af cookies<\/h3>\n<p>Du kan forhindre indstillingen af cookies ved at justere indstillingerne i din browser (se hj\u00e6lpen til din browser for at finde ud af, hvordan du g\u00f8r det). V\u00e6r opm\u00e6rksom p\u00e5, at deaktivering af cookies vil p\u00e5virke funktionaliteten p\u00e5 dette og mange andre websteder, som du bes\u00f8ger. Deaktivering af cookies vil normalt ogs\u00e5 resultere i deaktivering af visse funktioner og egenskaber p\u00e5 dette websted. Derfor anbefales det, at du ikke deaktiverer cookies.   <\/p>\n<h3>De cookies, vi s\u00e6tter<\/h3>\n<ul>\n<li>Konto-relaterede cookies<\/li>\n<\/ul>\n<p>Hvis du opretter en konto hos os, bruger vi cookies til at styre tilmeldingsprocessen og den generelle administration. Disse cookies slettes normalt, n\u00e5r du logger ud, men i nogle tilf\u00e6lde kan de forblive bagefter for at huske dine webstedspr\u00e6ferencer, n\u00e5r du er logget ud. <\/p>\n<ul>\n<li>Login-relaterede cookies<\/li>\n<\/ul>\n<p>Vi bruger cookies, n\u00e5r du er logget ind, s\u00e5 vi kan huske dette. P\u00e5 den m\u00e5de slipper du for at skulle logge ind, hver gang du bes\u00f8ger en ny side. Disse cookies fjernes eller slettes typisk, n\u00e5r du logger ud for at sikre, at du kun kan f\u00e5 adgang til begr\u00e6nsede funktioner og omr\u00e5der, n\u00e5r du er logget ind.  <\/p>\n<ul>\n<li>Cookies relateret til e-mail-nyhedsbreve<\/li>\n<\/ul>\n<p>Dette websted tilbyder nyhedsbrevs- eller e-mailabonnementstjenester, og cookies kan bruges til at huske, om du allerede er tilmeldt, og om der skal vises visse meddelelser, som m\u00e5ske kun er gyldige for tilmeldte\/afmeldte brugere.<\/p>\n<ul>\n<li>Cookies til behandling af ordrer<\/li>\n<\/ul>\n<p>Dette websted tilbyder e-handel eller betalingsfaciliteter, og nogle cookies er vigtige for at sikre, at din ordre huskes mellem siderne, s\u00e5 vi kan behandle den korrekt.<\/p>\n<ul>\n<li>Unders\u00f8gelsesrelaterede cookies<\/li>\n<\/ul>\n<p>Fra tid til anden tilbyder vi brugerunders\u00f8gelser og sp\u00f8rgeskemaer for at give dig interessante indsigter, nyttige v\u00e6rkt\u00f8jer eller for at forst\u00e5 vores brugerbase mere pr\u00e6cist. Disse unders\u00f8gelser kan bruge cookies til at huske, hvem der allerede har deltaget i en unders\u00f8gelse, eller til at give dig n\u00f8jagtige resultater, n\u00e5r du skifter side. <\/p>\n<ul>\n<li>Formular-relaterede cookies<\/li>\n<\/ul>\n<p>N\u00e5r du indsender data via en formular, f.eks. p\u00e5 kontaktsider eller kommentarformularer, kan cookies indstilles til at huske dine brugeroplysninger til fremtidig korrespondance.<\/p>\n<ul>\n<li>Cookies til webstedsindstillinger<\/li>\n<\/ul>\n<p>For at give dig en god oplevelse p\u00e5 dette websted giver vi dig mulighed for at indstille dine pr\u00e6ferencer for, hvordan dette websted k\u00f8rer, n\u00e5r du bruger det. For at huske dine pr\u00e6ferencer er vi n\u00f8dt til at s\u00e6tte cookies, s\u00e5 disse oplysninger kan kaldes, n\u00e5r du interagerer med en side, der er p\u00e5virket af dine pr\u00e6ferencer. <\/p>\n<h3>Cookies fra tredjeparter<\/h3>\n<p>I nogle s\u00e6rlige tilf\u00e6lde bruger vi ogs\u00e5 cookies fra betroede tredjeparter. F\u00f8lgende afsnit beskriver, hvilke tredjepartscookies du kan st\u00f8de p\u00e5 via dette websted. <\/p>\n<ul>\n<li>Dette websted bruger Google Analytics, som er en af de mest udbredte og p\u00e5lidelige analysel\u00f8sninger p\u00e5 nettet til at hj\u00e6lpe os med at forst\u00e5, hvordan du bruger webstedet, og hvordan vi kan forbedre din oplevelse. Disse cookies kan spore ting som, hvor lang tid du bruger p\u00e5 webstedet, og hvilke sider du bes\u00f8ger, s\u00e5 vi kan forts\u00e6tte med at producere engagerende indhold.  Du kan f\u00e5 flere oplysninger om Google Analytics-cookies p\u00e5 den officielle Google Analytics-side.<\/li>\n<li>Tredjepartsanalyser bruges til at spore og m\u00e5le brugen af dette websted, s\u00e5 vi kan forts\u00e6tte med at producere engagerende indhold. Disse cookies kan spore ting som, hvor lang tid du bruger p\u00e5 webstedet, eller hvilke sider du bes\u00f8ger, hvilket hj\u00e6lper os med at forst\u00e5, hvordan vi kan forbedre webstedet for dig. <\/li>\n<li>Fra tid til anden tester vi nye funktioner og foretager sm\u00e5 \u00e6ndringer i den m\u00e5de, webstedet leveres p\u00e5. N\u00e5r vi stadig tester nye funktioner, kan disse cookies bruges til at sikre, at du f\u00e5r en ensartet oplevelse, mens du er p\u00e5 webstedet, og samtidig sikre, at vi forst\u00e5r, hvilke optimeringer vores brugere s\u00e6tter mest pris p\u00e5. <\/li>\n<li>Da vi s\u00e6lger produkter, er det vigtigt for os at have statistik over, hvor mange af de bes\u00f8gende p\u00e5 vores hjemmeside, der foretager et k\u00f8b, og det er den slags data, som disse cookies sporer. Det er vigtigt for dig, da det betyder, at vi kan lave n\u00f8jagtige forretningsforudsigelser, som giver os mulighed for at overv\u00e5ge vores reklame- og produktomkostninger for at sikre den bedst mulige pris. <\/li>\n<li>Den Google AdSense-tjeneste, vi bruger til at vise reklamer, bruger en DoubleClick-cookie til at vise mere relevante reklamer p\u00e5 nettet og begr\u00e6nse antallet af gange, en given reklame vises for dig.<br \/>\nFor mere information om Google AdSense, se den officielle Google AdSense Privacy FAQ.<\/li>\n<li>Vi bruger annoncer til at udligne omkostningerne ved at drive dette websted og skaffe finansiering til yderligere udvikling. De adf\u00e6rdsbaserede reklamecookies, der bruges af dette websted, er designet til at sikre, at vi giver dig de mest relevante reklamer, hvor det er muligt, ved anonymt at spore dine interesser og pr\u00e6sentere lignende ting, der kan v\u00e6re af interesse. <\/li>\n<li>Flere partnere annoncerer p\u00e5 vores vegne, og affiliate tracking-cookies giver os simpelthen mulighed for at se, om vores kunder er kommet til webstedet via et af vores partnerwebsteder, s\u00e5 vi kan kreditere dem p\u00e5 passende vis og, hvor det er relevant, give vores affiliate-partnere mulighed for at give enhver bonus, som de m\u00e5tte give dig for at foretage et k\u00f8b.<\/li>\n<li>Vi bruger ogs\u00e5 knapper til sociale medier og\/eller plugins p\u00e5 dette websted, der giver dig mulighed for at oprette forbindelse til dit sociale netv\u00e6rk p\u00e5 forskellige m\u00e5der. For at disse kan fungere, vil f\u00f8lgende sociale medier, herunder Facebook, Instagram, Twitter, Pinterest, Tumblr osv., s\u00e6tte cookies via vores websted, som kan bruges til at forbedre din profil p\u00e5 deres websted eller bidrage til de data, de har til forskellige form\u00e5l, der er beskrevet i deres respektive privatlivspolitikker. <\/li>\n<\/ul>\n<h2>Mere information<\/h2>\n<p>Forh\u00e5bentlig har det afklaret tingene for dig, og som tidligere n\u00e6vnt, hvis der er noget, du ikke er sikker p\u00e5, om du har brug for eller ej, er det normalt sikrere at lade cookies v\u00e6re aktiveret i tilf\u00e6lde af, at det interagerer med en af de funktioner, du bruger p\u00e5 vores websted.<\/p>\n<p>Denne politik tr\u00e6der i kraft i <strong>maj<\/strong> <strong>2020<\/strong>.[\/vc_column_text][\/vc_column][\/vc_row]<\/p>\n<\/div>","protected":false},"excerpt":{"rendered":"<p>[vc_row][vc_column][vc_column_text css=&#8221;&#8221;] Politik for beskyttelse af personlige oplysninger Dit privatliv er vigtigt for os. Det er Whiskyflavours politik at respektere&#8230;<\/p>\n","protected":false},"author":1,"featured_media":0,"parent":0,"menu_order":8,"comment_status":"closed","ping_status":"closed","template":"","meta":{"footnotes":""},"class_list":["post-26436","page","type-page","status-publish","hentry"],"_links":{"self":[{"href":"https:\/\/www.whiskyflavour.com\/da\/wp-json\/wp\/v2\/pages\/26436","targetHints":{"allow":["GET"]}}],"collection":[{"href":"https:\/\/www.whiskyflavour.com\/da\/wp-json\/wp\/v2\/pages"}],"about":[{"href":"https:\/\/www.whiskyflavour.com\/da\/wp-json\/wp\/v2\/types\/page"}],"author":[{"embeddable":true,"href":"https:\/\/www.whiskyflavour.com\/da\/wp-json\/wp\/v2\/users\/1"}],"replies":[{"embeddable":true,"href":"https:\/\/www.whiskyflavour.com\/da\/wp-json\/wp\/v2\/comments?post=26436"}],"version-history":[{"count":0,"href":"https:\/\/www.whiskyflavour.com\/da\/wp-json\/wp\/v2\/pages\/26436\/revisions"}],"wp:attachment":[{"href":"https:\/\/www.whiskyflavour.com\/da\/wp-json\/wp\/v2\/media?parent=26436"}],"curies":[{"name":"wp","href":"https:\/\/api.w.org\/{rel}","templated":true}]}}