{"id":26490,"date":"2016-02-17T09:17:24","date_gmt":"2016-02-17T09:17:24","guid":{"rendered":"https:\/\/www.whiskyflavour.com\/hjem\/"},"modified":"2025-11-03T12:55:37","modified_gmt":"2025-11-03T12:55:37","slug":"hjem","status":"publish","type":"page","link":"https:\/\/www.whiskyflavour.com\/da\/","title":{"rendered":"Hjem"},"content":{"rendered":"<div class=\"wpb-content-wrapper\"><p>[vc_row full_width=&#8221;stretch_row&#8221; equal_height=&#8221;yes&#8221; content_placement=&#8221;middle&#8221; el_class=&#8221;hero&#8221; css=&#8221;.vc_custom_1715761599498{background-color: #000000 !important;}&#8221;][vc_column width=&#8221;1\/2&#8243;][vc_single_image image=&#8221;26461&#8243; img_size=&#8221;600&#215;400&#8243; alignment=&#8221;center&#8221; onclick=&#8221;custom_link&#8221; css=&#8221;&#8221; link=&#8221;https:\/\/www.whiskyflavour.com\/shop\/whisky-subscription-tasting-box\/&#8221;][\/vc_column][vc_column width=&#8221;1\/2&#8243;][vc_custom_heading text=&#8221;WHISKEY-ABONNEMENTSKASSE&#8221; font_container=&#8221;tag:h1|text_align:left|color:%23E6A425&#8243; use_theme_fonts=&#8221;yes&#8221; css=&#8221;&#8221;][vc_column_text css=&#8221;&#8221; el_class=&#8221;text-white&#8221;]Med Whiskey Flavour Tasting Box kan du udforske nye og unikke whiskyudtryk hver m\u00e5ned.[\/vc_column_text][vc_btn title=&#8221;Kom godt i gang&#8221; size=&#8221;lg&#8221; css=&#8221;.vc_custom_1715772076245{border-radius: 10px !important;border-color: #faaf40 !important;}&#8221; link=&#8221;url:https%3A%2F%2Fwww.whiskyflavour.com%2Fshop%2Fwhisky-subscription-tasting-box%2F|title:WhiskySubscriptionTastingBox|&#8221; el_class=&#8221;btn_hero&#8221;][\/vc_column][\/vc_row][vc_row gap=&#8221;15&#8243; css=&#8221;.vc_custom_1715590584788{margin-top: 3rem !important;margin-bottom: 3rem !important;}&#8221;][vc_column][vc_custom_heading text=&#8221;F\u00e5 din Whiskey-abonnements\u00e6ske<br \/>\ni 3 hurtige og nemme trin.&#8221; font_container=&#8221;tag:h2|text_align:center|color:%23111111&#8243; use_theme_fonts=&#8221;yes&#8221; css=&#8221;&#8221;][vc_row_inner equal_height=&#8221;yes&#8221; content_placement=&#8221;top&#8221; gap=&#8221;30&#8243; css=&#8221;.vc_custom_1715772966920{margin-top: 1.5rem !important;margin-bottom: 1.5rem !important;}&#8221;][vc_column_inner width=&#8221;1\/3&#8243;][vc_single_image image=&#8221;25717&#8243; img_size=&#8221;full&#8221; alignment=&#8221;center&#8221; css=&#8221;&#8221;][vc_custom_heading text=&#8221;V\u00e6lg et abonnement&#8221; font_container=&#8221;tag:h4|text_align:center&#8221; use_theme_fonts=&#8221;yes&#8221; css=&#8221;&#8221;][vc_column_text css=&#8221;&#8221;]<\/p>\n<p style=\"text-align: center;\">V\u00e6lg det antal m\u00e5neder, du \u00f8nsker at modtage vores whiskey-abonnementskasse. Optionerne sp\u00e6nder fra 1 m\u00e5ned til 12 m\u00e5neder. <\/p>\n<p>[\/vc_column_text][\/vc_column_inner][vc_column_inner width=&#8221;1\/3&#8243;][vc_single_image image=&#8221;25715&#8243; img_size=&#8221;full&#8221; alignment=&#8221;center&#8221; css=&#8221;&#8221;][vc_custom_heading text=&#8221;Indstil leveringssted&#8221; font_container=&#8221;tag:h4|text_align:center&#8221; use_theme_fonts=&#8221;yes&#8221; css=&#8221;&#8221;][vc_column_text css=&#8221;&#8221;]<\/p>\n<p style=\"text-align: center;\">Angiv din leveringsadresse, s\u00e5 vi kan sende din Whiskey Flavour-abonnementskasse. Vi sender til hele verden, men forsendelsesomkostningerne kan variere afh\u00e6ngigt af din placering. <\/p>\n<p>[\/vc_column_text][\/vc_column_inner][vc_column_inner width=&#8221;1\/3&#8243;][vc_single_image image=&#8221;25719&#8243; img_size=&#8221;full&#8221; alignment=&#8221;center&#8221; css=&#8221;&#8221;][vc_custom_heading text=&#8221;Modtag og smag p\u00e5 det&#8221; font_container=&#8221;tag:h4|text_align:center&#8221; use_theme_fonts=&#8221;yes&#8221; css=&#8221;&#8221;][vc_column_text css=&#8221;&#8221;]<\/p>\n<p style=\"text-align: center;\">Nyd din abonnementskasse med Whiskey leveret lige til d\u00f8ren. Nyd smagen selv, eller del den med venner og familie! <\/p>\n<p>[\/vc_column_text][\/vc_column_inner][\/vc_row_inner][\/vc_column][\/vc_row][vc_row full_width=&#8221;stretch_row&#8221; equal_height=&#8221;yes&#8221; content_placement=&#8221;middle&#8221; css=&#8221;.vc_custom_1715770025351{padding-top: 3rem !important;padding-bottom: 3rem !important;background-color: #000000 !important;}&#8221;][vc_column width=&#8221;2\/3&#8243; css=&#8221;.vc_custom_1715770088536{margin-top: 0px !important;margin-bottom: 0px !important;padding-top: 0px !important;padding-bottom: 0px !important;}&#8221;][vc_custom_heading text=&#8221;Det eneste, der er tilbage, er at nyde denne whiskey-abonnementskasse alene eller sammen med venner og familie.&#8221; font_container=&#8221;tag:h3|text_align:left|color:%23E6A425&#8243; use_theme_fonts=&#8221;yes&#8221; css=&#8221;&#8221;][\/vc_column][vc_column width=&#8221;1\/3&#8243; css=&#8221;.vc_custom_1715770097601{margin-top: 0px !important;margin-bottom: 0px !important;padding-top: 0px !important;padding-bottom: 0px !important;}&#8221;][vc_btn title=&#8221;Begynd at smage&#8221; size=&#8221;lg&#8221; align=&#8221;center&#8221; css=&#8221;&#8221; link=&#8221;url:https%3A%2F%2Fwww.whiskyflavour.com%2Fshop%2F|title:Getyours|&#8221;][\/vc_column][\/vc_row][vc_row css=&#8221;.vc_custom_1715590210382{margin-top: 3rem !important;margin-bottom: 3rem !important;}&#8221;][vc_column][vc_column_text css=&#8221;&#8221;]<div class=\"container my-5 latest_posts\"><h2 class=\"section-title\">Whisky Blog<\/h2><div class=\"grid-container mb-4\"><div class=\"card mb-4\"><a href=\"https:\/\/www.whiskyflavour.com\/da\/blog\/hvor-mange-kalorier-i-whiskey-7-faktorer\/\"><img loading=\"lazy\" decoding=\"async\" width=\"370\" height=\"220\" src=\"https:\/\/www.whiskyflavour.com\/wp-content\/uploads\/2018\/01\/can-whiskey-make-you-fat-content-370x220.jpg\" class=\"card-img-top wp-post-image\" alt=\"Glasses of whiskey with lots of food in the surroundings\" srcset=\"https:\/\/www.whiskyflavour.com\/wp-content\/uploads\/2018\/01\/can-whiskey-make-you-fat-content-370x220.jpg 370w, https:\/\/www.whiskyflavour.com\/wp-content\/uploads\/2018\/01\/can-whiskey-make-you-fat-content-770x460.jpg 770w\" sizes=\"auto, (max-width: 370px) 100vw, 370px\" title=\"\"><\/a><div class=\"card-body\"><h5 class=\"card-title\"><a href=\"https:\/\/www.whiskyflavour.com\/da\/blog\/hvor-mange-kalorier-i-whiskey-7-faktorer\/\">Hvor mange kalorier er der i Whiskey? 7 faktorer, du b\u00f8r v\u00e6re opm\u00e6rksom p\u00e5<\/a><\/h5><p class=\"card-text\">Det er altid en god id\u00e9 at holde en sund v\u00e6gt, is\u00e6r n\u00e5r h\u00f8jtiderne kommer. Mens vi propper os som en juleg\u00e5s, b\u00f8r der v\u00e6re andre m\u00e5der, hvorp\u00e5 vi holder \u00f8je med vores kalorieindtag.<\/p><\/div><div class=\"card-footer\"><a href=\"https:\/\/www.whiskyflavour.com\/da\/blog\/hvor-mange-kalorier-i-whiskey-7-faktorer\/\" class=\"btn btn-outline-primary\">Read More<\/a><\/div><\/div><div class=\"card mb-4\"><a href=\"https:\/\/www.whiskyflavour.com\/da\/blog\/whisky-make-fat\/\"><img loading=\"lazy\" decoding=\"async\" width=\"370\" height=\"220\" src=\"https:\/\/www.whiskyflavour.com\/wp-content\/uploads\/2018\/01\/can-whiskey-make-you-fat-370x220.jpg\" class=\"card-img-top wp-post-image\" alt=\"Can whiskey make you fat? Find out all answers, in this article\" srcset=\"https:\/\/www.whiskyflavour.com\/wp-content\/uploads\/2018\/01\/can-whiskey-make-you-fat-370x220.jpg 370w, https:\/\/www.whiskyflavour.com\/wp-content\/uploads\/2018\/01\/can-whiskey-make-you-fat-770x460.jpg 770w\" sizes=\"auto, (max-width: 370px) 100vw, 370px\" title=\"\"><\/a><div class=\"card-body\"><h5 class=\"card-title\"><a href=\"https:\/\/www.whiskyflavour.com\/da\/blog\/whisky-make-fat\/\">Bliver man tyk af whisky?<\/a><\/h5><p class=\"card-text\">Hvis du er en person, der nyder en drink eller to hver aften, vil du m\u00e5ske p\u00e5 et tidspunkt undre dig over, om whisky g\u00f8r dig tyk. De, der fork\u00e6ler sig med flere pinde whisky hver aften, er tvunget til at t\u00e6nke g\u00f8r whisky dig tyk<\/p><\/div><div class=\"card-footer\"><a href=\"https:\/\/www.whiskyflavour.com\/da\/blog\/whisky-make-fat\/\" class=\"btn btn-outline-primary\">Read More<\/a><\/div><\/div><div class=\"card mb-4\"><a href=\"https:\/\/www.whiskyflavour.com\/da\/blog\/typer-af-scotch-whisky-funktioner\/\"><img loading=\"lazy\" decoding=\"async\" width=\"370\" height=\"220\" src=\"https:\/\/www.whiskyflavour.com\/wp-content\/uploads\/2016\/09\/types-of-scotch-whisky-featured-370x220.jpg\" class=\"card-img-top wp-post-image\" alt=\"Several bottles from different types of Scotch whisky\" srcset=\"https:\/\/www.whiskyflavour.com\/wp-content\/uploads\/2016\/09\/types-of-scotch-whisky-featured-370x220.jpg 370w, https:\/\/www.whiskyflavour.com\/wp-content\/uploads\/2016\/09\/types-of-scotch-whisky-featured-770x460.jpg 770w\" sizes=\"auto, (max-width: 370px) 100vw, 370px\" title=\"\"><\/a><div class=\"card-body\"><h5 class=\"card-title\"><a href=\"https:\/\/www.whiskyflavour.com\/da\/blog\/typer-af-scotch-whisky-funktioner\/\">Typer af skotsk whisky &#8211; funktioner og kategorier<\/a><\/h5><p class=\"card-text\">Skotland er et uundg\u00e5eligt navn i den globale whiskyproduktion. L\u00e6s mere for at finde ud af, hvad der g\u00f8r whisky s\u00e5 popul\u00e6r. <\/p><\/div><div class=\"card-footer\"><a href=\"https:\/\/www.whiskyflavour.com\/da\/blog\/typer-af-scotch-whisky-funktioner\/\" class=\"btn btn-outline-primary\">Read More<\/a><\/div><\/div><div class=\"card mb-4\"><a href=\"https:\/\/www.whiskyflavour.com\/da\/blog\/whisky-glas\/\"><img loading=\"lazy\" decoding=\"async\" width=\"370\" height=\"220\" src=\"https:\/\/www.whiskyflavour.com\/wp-content\/uploads\/2016\/10\/the-best-whiskey-glasses-types-of-whiskey-370x220.jpg\" class=\"card-img-top wp-post-image\" alt=\"\" srcset=\"https:\/\/www.whiskyflavour.com\/wp-content\/uploads\/2016\/10\/the-best-whiskey-glasses-types-of-whiskey-370x220.jpg 370w, https:\/\/www.whiskyflavour.com\/wp-content\/uploads\/2016\/10\/the-best-whiskey-glasses-types-of-whiskey-770x460.jpg 770w\" sizes=\"auto, (max-width: 370px) 100vw, 370px\" title=\"\"><\/a><div class=\"card-body\"><h5 class=\"card-title\"><a href=\"https:\/\/www.whiskyflavour.com\/da\/blog\/whisky-glas\/\">Vigtigheden af det rigtige glas til whisky<\/a><\/h5><p class=\"card-text\">For at nyde whisky fuldt ud er det n\u00f8dvendigt at v\u00e6re opm\u00e6rksom p\u00e5 visse detaljer - og en af de vigtigste detaljer er det rigtige whiskyglas. L\u00e6s mere for at kende vores officielle anbefaling.<\/p><\/div><div class=\"card-footer\"><a href=\"https:\/\/www.whiskyflavour.com\/da\/blog\/whisky-glas\/\" class=\"btn btn-outline-primary\">Read More<\/a><\/div><\/div><div class=\"card mb-4\"><a href=\"https:\/\/www.whiskyflavour.com\/da\/blog\/hvordan-drikker-man-whisky-rigtigt-komplet-guide\/\"><img loading=\"lazy\" decoding=\"async\" width=\"370\" height=\"220\" src=\"https:\/\/www.whiskyflavour.com\/wp-content\/uploads\/2025\/10\/how-to-drink-whiskey-neat-370x220.jpg\" class=\"card-img-top wp-post-image\" alt=\"Drinking on the rocks is part of learning how to drink whiskey properly\" srcset=\"https:\/\/www.whiskyflavour.com\/wp-content\/uploads\/2025\/10\/how-to-drink-whiskey-neat-370x220.jpg 370w, https:\/\/www.whiskyflavour.com\/wp-content\/uploads\/2025\/10\/how-to-drink-whiskey-neat-770x460.jpg 770w\" sizes=\"auto, (max-width: 370px) 100vw, 370px\" title=\"\"><\/a><div class=\"card-body\"><h5 class=\"card-title\"><a href=\"https:\/\/www.whiskyflavour.com\/da\/blog\/hvordan-drikker-man-whisky-rigtigt-komplet-guide\/\">S\u00e5dan drikker du whisky korrekt &#8211; komplet guide<\/a><\/h5><p class=\"card-text\"><!-- wp:paragraph -->\n<p>Whisky er en af de mest smagfulde spiritusser i verden. Hvis det er din yndlingsdrink, og du er p\u00e5 udkig efter en ny m\u00e5de at drikke den p\u00e5, s\u00e5 stop, hvor du er.<!-- \/wp:paragraph --><\/p><\/div><div class=\"card-footer\"><a href=\"https:\/\/www.whiskyflavour.com\/da\/blog\/hvordan-drikker-man-whisky-rigtigt-komplet-guide\/\" class=\"btn btn-outline-primary\">Read More<\/a><\/div><\/div><div class=\"card mb-4\"><a href=\"https:\/\/www.whiskyflavour.com\/da\/blog\/hvad-er-en-whiskey-nat\/\"><img loading=\"lazy\" decoding=\"async\" width=\"370\" height=\"220\" src=\"https:\/\/www.whiskyflavour.com\/wp-content\/uploads\/2021\/11\/what-is-whisky-neat-feature-370x220.jpg\" class=\"card-img-top wp-post-image\" alt=\"What is whisky neat? Find out everything in this article\" srcset=\"https:\/\/www.whiskyflavour.com\/wp-content\/uploads\/2021\/11\/what-is-whisky-neat-feature-370x220.jpg 370w, https:\/\/www.whiskyflavour.com\/wp-content\/uploads\/2021\/11\/what-is-whisky-neat-feature-770x460.jpg 770w\" sizes=\"auto, (max-width: 370px) 100vw, 370px\" title=\"\"><\/a><div class=\"card-body\"><h5 class=\"card-title\"><a href=\"https:\/\/www.whiskyflavour.com\/da\/blog\/hvad-er-en-whiskey-nat\/\">Hvad er en Whiskey Neat?<\/a><\/h5><p class=\"card-text\">Whiskey er en af de spiritusser, som man kan indtage p\u00e5 n\u00e6sten alle m\u00e5der og stadig f\u00f8le sig fornem, n\u00e5r man drikker den. Det er en gammel europ\u00e6isk kornlik\u00f8r, der er popul\u00e6r over hele verden.<\/p><\/div><div class=\"card-footer\"><a href=\"https:\/\/www.whiskyflavour.com\/da\/blog\/hvad-er-en-whiskey-nat\/\" class=\"btn btn-outline-primary\">Read More<\/a><\/div><\/div><\/div><div class=\"text-center mt-4\"><a href=\"https:\/\/www.whiskyflavour.com\/da\/blog\/\" class=\"btn vc_general vc_btn3\">View All Posts<\/a><\/div><\/div>[\/vc_column_text][\/vc_column][\/vc_row]<\/p>\n<\/div>","protected":false},"excerpt":{"rendered":"<p>[vc_row full_width=&#8221;stretch_row&#8221; equal_height=&#8221;yes&#8221; content_placement=&#8221;middle&#8221; el_class=&#8221;hero&#8221; css=&#8221;.vc_custom_1715761599498{background-color: #000000 !important;}&#8221;][vc_column width=&#8221;1\/2&#8243;][vc_single_image image=&#8221;26461&#8243; img_size=&#8221;600&#215;400&#8243; alignment=&#8221;center&#8221; onclick=&#8221;custom_link&#8221; css=&#8221;&#8221; link=&#8221;https:\/\/www.whiskyflavour.com\/shop\/whisky-subscription-tasting-box\/&#8221;][\/vc_column][vc_column width=&#8221;1\/2&#8243;][vc_custom_heading text=&#8221;WHISKEY-ABONNEMENTSKASSE&#8221; font_container=&#8221;tag:h1|text_align:left|color:%23E6A425&#8243; use_theme_fonts=&#8221;yes&#8221; css=&#8221;&#8221;][vc_column_text&#8230;<\/p>\n","protected":false},"author":1,"featured_media":0,"parent":0,"menu_order":0,"comment_status":"closed","ping_status":"closed","template":"","meta":{"footnotes":""},"class_list":["post-26490","page","type-page","status-publish","hentry"],"_links":{"self":[{"href":"https:\/\/www.whiskyflavour.com\/da\/wp-json\/wp\/v2\/pages\/26490","targetHints":{"allow":["GET"]}}],"collection":[{"href":"https:\/\/www.whiskyflavour.com\/da\/wp-json\/wp\/v2\/pages"}],"about":[{"href":"https:\/\/www.whiskyflavour.com\/da\/wp-json\/wp\/v2\/types\/page"}],"author":[{"embeddable":true,"href":"https:\/\/www.whiskyflavour.com\/da\/wp-json\/wp\/v2\/users\/1"}],"replies":[{"embeddable":true,"href":"https:\/\/www.whiskyflavour.com\/da\/wp-json\/wp\/v2\/comments?post=26490"}],"version-history":[{"count":0,"href":"https:\/\/www.whiskyflavour.com\/da\/wp-json\/wp\/v2\/pages\/26490\/revisions"}],"wp:attachment":[{"href":"https:\/\/www.whiskyflavour.com\/da\/wp-json\/wp\/v2\/media?parent=26490"}],"curies":[{"name":"wp","href":"https:\/\/api.w.org\/{rel}","templated":true}]}}