{"id":26738,"date":"2025-10-14T09:10:27","date_gmt":"2025-10-14T08:10:27","guid":{"rendered":"https:\/\/www.whiskyflavour.com\/ofte-stillede-spoergsmaal\/"},"modified":"2026-01-26T11:02:14","modified_gmt":"2026-01-26T11:02:14","slug":"sporgsmal","status":"publish","type":"page","link":"https:\/\/www.whiskyflavour.com\/da\/sporgsmal\/","title":{"rendered":"OFTE STILLEDE SP\u00d8RGSM\u00c5L"},"content":{"rendered":"<div class=\"wpb-content-wrapper\"><p>[vc_row][vc_column width=&#8221;1\/2&#8243;][vc_custom_heading text=&#8221;Hvordan fungerer Whisky Flavour-abonnementet?&#8221; font_container=&#8221;tag:h3|text_align:left&#8221; use_theme_fonts=&#8221;yes&#8221; css=&#8221;&#8221;][vc_column_text css=&#8221;&#8221;]Det er super nemt. S\u00e5dan g\u00f8r du: <\/p>\n<ol>\n<li><strong>V\u00e6lg dit foretrukne <span data-sheets-root=\"1\">Whiskey Box-abonnement<\/span><\/strong>:\n<ul>\n<li>Beslut dig for, hvilke \u00e5rgange af whiskey du gerne vil have i dine miniaturer.<\/li>\n<li>V\u00e6lg den smageboks, der passer til dine pr\u00e6ferencer.<\/li>\n<\/ul>\n<\/li>\n<li>Afgiv <strong>din bestilling<\/strong>:\n<ul>\n<li>Hver \u00e6ske indeholder mindst 4 miniaturer.<\/li>\n<li>Gennemf\u00f8r dit k\u00f8b, og angiv de n\u00f8dvendige oplysninger.<\/li>\n<\/ul>\n<\/li>\n<li><strong>Modtag og nyd<\/strong>:\n<ul>\n<li>Du modtager din <span data-sheets-root=\"1\">Whiskey-\u00e6ske <\/span>og f\u00e5r mulighed for at smage p\u00e5 de forskellige whiskyer.<\/li>\n<li>Vi gentager aldrig de samme miniatureflasker, hvilket sikrer en unik smagsoplevelse hver gang.<\/li>\n<\/ul>\n<\/li>\n<\/ol>\n<p>[\/vc_column_text][\/vc_column][vc_column width=&#8221;1\/2&#8243;][vc_custom_heading text=&#8221;Kan jeg give et Whiskey box-abonnement som gave?&#8221; font_container=&#8221;tag:h3|text_align:left&#8221; use_theme_fonts=&#8221;yes&#8221; css=&#8221;&#8221;][vc_column_text css=&#8221;&#8221;]Helt sikkert! Kontakt os venligst f\u00f8rst, s\u00e5 vi kan sikre, at smagekassen leveres som gave. <\/p>\n<p>Et abonnement fra Whisky Flavour vil helt sikkert blive v\u00e6rdsat af dine k\u00e6re, venner eller kolleger. Vi mener, at det er en god gave til whisky-elskere, og emballagen er fremragende.[\/vc_column_text][\/vc_column][\/vc_row][vc_row][vc_column width=&#8221;1\/2&#8243;][vc_custom_heading text=&#8221;Hvor mange Whiskey-miniaturer modtager jeg?&#8221; font_container=&#8221;tag:h3|text_align:left&#8221; use_theme_fonts=&#8221;yes&#8221; css=&#8221;&#8221;][vc_column_text css=&#8221;&#8221;]I hver <span data-sheets-root=\"1\">whiskey-abonnementskasse<\/span> finder du mindst 4 originale whiskey-miniatureflasker. Af og til kan du finde mere, afh\u00e6ngigt af miniatureflaskernes v\u00e6rdi.<\/p>\n<p>Nogle gange vil vi bare gerne overraske dig![\/vc_column_text][\/vc_column][vc_column width=&#8221;1\/2&#8243;][vc_custom_heading text=&#8221;Hvordan kan jeg spore min ordre?&#8221; font_container=&#8221;tag:h3|text_align:left&#8221; use_theme_fonts=&#8221;yes&#8221; css=&#8221;&#8221;][vc_column_text css=&#8221;&#8221;]Da alle ordrer sendes som anbefalet post, vil du modtage en e-mail med de oplysninger, der er n\u00f8dvendige for at spore din ordre.<\/p>\n<p>Hvis du stadig har sp\u00f8rgsm\u00e5l, ikke har modtaget e-mailen eller ikke ved, hvordan du skal forts\u00e6tte, bedes du kontakte os.[\/vc_column_text][\/vc_column][\/vc_row][vc_row][vc_column width=&#8221;1\/2&#8243;][vc_custom_heading text=&#8221;Hvorn\u00e5r modtager jeg min whiskey-abonnementskasse?&#8221; font_container=&#8221;tag:h3|text_align:left&#8221; use_theme_fonts=&#8221;yes&#8221; css=&#8221;&#8221;][vc_column_text css=&#8221;&#8221;]Afh\u00e6ngigt af dit land kan det tage fra 5 til 10 hverdage, f\u00f8r du modtager dit Whiskey-box-abonnement.<\/p>\n<p>Du skal afgive din bestilling senest den 24. i hver m\u00e5ned. Alle ordrer afsendes senest den 7. i den f\u00f8lgende m\u00e5ned.[\/vc_column_text][\/vc_column][vc_column width=&#8221;1\/2&#8243;][vc_custom_heading text=&#8221;Hvilke forsendelsesmetoder er tilg\u00e6ngelige, og hvor store er forsendelsesomkostningerne?&#8221; font_container=&#8221;tag:h3|text_align:left&#8221; use_theme_fonts=&#8221;yes&#8221; css=&#8221;&#8221;][vc_column_text css=&#8221;&#8221;]Vi sender til hele verden og behandler altid din pakke med anbefalet post, s\u00e5 du kan spore din ordre. Bem\u00e6rk, at forsendelsesomkostningerne kan variere, s\u00e5 du b\u00f8r tjekke de n\u00f8jagtige forsendelsesomkostninger ved kassen. <\/p>\n<p><strong>Vigtigt<\/strong>: Vi p\u00e5tager os ikke ansvaret, hvis dit land har strenge regler for transaktioner med f\u00f8devarer og alkoholiske drikke. S\u00f8rg for at kontrollere dit lands regler, f\u00f8r du afgiver en ordre.[\/vc_column_text][\/vc_column][\/vc_row][vc_row][vc_column width=&#8221;1\/2&#8243;][vc_custom_heading text=&#8221;Hvad skal jeg g\u00f8re, hvis jeg ikke modtager min ordre?&#8221; font_container=&#8221;tag:h3|text_align:left&#8221; use_theme_fonts=&#8221;yes&#8221; css=&#8221;&#8221;][vc_column_text css=&#8221;&#8221;]Hvis du ikke modtager dit Whiskey box-abonnement, bedes du kontakte os s\u00e5 hurtigt som muligt. Vi unders\u00f8ger, hvad der er sket, og hj\u00e6lper dig med at l\u00f8se problemet.[\/vc_column_text][\/vc_column][vc_column width=&#8221;1\/2&#8243;][\/vc_column][\/vc_row]<\/p>\n<\/div>","protected":false},"excerpt":{"rendered":"<p>[vc_row][vc_column width=&#8221;1\/2&#8243;][vc_custom_heading text=&#8221;Hvordan fungerer Whisky Flavour-abonnementet?&#8221; font_container=&#8221;tag:h3|text_align:left&#8221; use_theme_fonts=&#8221;yes&#8221; css=&#8221;&#8221;][vc_column_text css=&#8221;&#8221;]Det er super nemt. S\u00e5dan g\u00f8r du: V\u00e6lg dit foretrukne Whiskey&#8230;<\/p>\n","protected":false},"author":1,"featured_media":37764,"parent":0,"menu_order":4,"comment_status":"closed","ping_status":"closed","template":"","meta":{"footnotes":""},"class_list":["post-26738","page","type-page","status-publish","has-post-thumbnail","hentry"],"_links":{"self":[{"href":"https:\/\/www.whiskyflavour.com\/da\/wp-json\/wp\/v2\/pages\/26738","targetHints":{"allow":["GET"]}}],"collection":[{"href":"https:\/\/www.whiskyflavour.com\/da\/wp-json\/wp\/v2\/pages"}],"about":[{"href":"https:\/\/www.whiskyflavour.com\/da\/wp-json\/wp\/v2\/types\/page"}],"author":[{"embeddable":true,"href":"https:\/\/www.whiskyflavour.com\/da\/wp-json\/wp\/v2\/users\/1"}],"replies":[{"embeddable":true,"href":"https:\/\/www.whiskyflavour.com\/da\/wp-json\/wp\/v2\/comments?post=26738"}],"version-history":[{"count":0,"href":"https:\/\/www.whiskyflavour.com\/da\/wp-json\/wp\/v2\/pages\/26738\/revisions"}],"wp:featuredmedia":[{"embeddable":true,"href":"https:\/\/www.whiskyflavour.com\/da\/wp-json\/wp\/v2\/media\/37764"}],"wp:attachment":[{"href":"https:\/\/www.whiskyflavour.com\/da\/wp-json\/wp\/v2\/media?parent=26738"}],"curies":[{"name":"wp","href":"https:\/\/api.w.org\/{rel}","templated":true}]}}