{"id":26746,"date":"2016-05-09T08:50:44","date_gmt":"2016-05-09T07:50:44","guid":{"rendered":"https:\/\/www.whiskyflavour.com\/vilkaar-og-betingelser\/"},"modified":"2025-08-11T14:43:04","modified_gmt":"2025-08-11T13:43:04","slug":"vilkar-og-betingelser","status":"publish","type":"page","link":"https:\/\/www.whiskyflavour.com\/da\/vilkar-og-betingelser\/","title":{"rendered":"Vilk\u00e5r og betingelser"},"content":{"rendered":"<div class=\"wpb-content-wrapper\"><p>[vc_row][vc_column][vc_column_text css=&#8221;&#8221;]K\u00f8b af produkter i WhiskyFlavours onlinebutik er underlagt f\u00f8lgende vilk\u00e5r og betingelser:<\/p>\n<h2>Objekt<\/h2>\n<ol>\n<li>Disse &#8220;Vilk\u00e5r og betingelser&#8221; har til form\u00e5l at regulere de vilk\u00e5r og betingelser, der g\u00e6lder for levering af tjenesten i Whiskyflavours onlinebutik.<\/li>\n<li>K\u00f8b af ethvert produkt i WhiskyFlavour Online Store indeb\u00e6rer accept af disse generelle betingelser for salg online.<\/li>\n<li>Ved k\u00f8b i Whiskyflavours onlinebutik erkl\u00e6rer brugeren, at han er over 18 \u00e5r og ikke har nogen hindring eller juridisk begr\u00e6nsning, der forhindrer ham i at k\u00f8be alkoholholdige drikkevarer.<\/li>\n<li>I tilf\u00e6lde af brugere, der bor uden for det nationale territorium, kan alkoholholdige drikkevarer, der er tilg\u00e6ngelige for salg, kun k\u00f8bes af personer, der har den lovlige alder til at g\u00f8re det i deres bop\u00e6lsland.<\/li>\n<\/ol>\n<h2>Information om produkt, pris og indhold<\/h2>\n<ol>\n<li>WhiskyFlavour forbeholder sig ret til uden forudg\u00e5ende varsel og til enhver tid at \u00e6ndre de oplysninger og kommercielle tilbud, der pr\u00e6senteres om produkter, priser, kampagner, kommercielle betingelser og tjenester.<\/li>\n<li>Varer til salg i onlinebutikken s\u00e6lges, s\u00e5 l\u00e6nge lager haves, og ordrer behandles efter f\u00f8rst-til-m\u00f8lle-princippet. I tilf\u00e6lde af midlertidigt eller permanent udsolgt vil kunden blive beh\u00f8rigt informeret, og der vil blive foresl\u00e5et et alternativ til produkter med lignende egenskaber.<\/li>\n<li>Priserne p\u00e5 produkterne er angivet i euro (\u20ac) og ekskl. moms til den g\u00e6ldende lovbestemte sats samt emballageomkostninger.<\/li>\n<li>Transportomkostningerne for kunden er udelukket fra den pris, der er n\u00e6vnt i det foreg\u00e5ende nummer.<\/li>\n<li>WhiskyFlavour er ikke ansvarlig for betaling af toldafgifter, der m\u00e5tte eksistere i destinationslandet, idet dette udelukkende er kundens ansvar.<\/li>\n<li>De billeder, der illustrerer produkterne i Whiskyflavours onlinebutik, kan afvige fra det leverede produkt.<\/li>\n<\/ol>\n<h2>Bestilling og betaling<\/h2>\n<ol>\n<li>For at k\u00f8be i Whiskyflavours onlinebutik skal kunden registrere sig som bruger. Efter registreringen kan brugeren afgive sin bestilling ved at v\u00e6lge de \u00f8nskede produkter og f\u00f8lge de trin, der er beskrevet deri, s\u00e5 bestillingen gennemf\u00f8res med succes. <\/li>\n<li>Efter bekr\u00e6ftelse af ordren i Whiskyflavours onlinebutik sendes en e-mail til den kontaktadresse, som kunden har registreret p\u00e5 formaliseringstidspunktet, med alle detaljer om levering, fakturering og betalingsoplysninger. Hvis kunden ikke modtager e-mailen med ordrebekr\u00e6ftelsen, bedes han kontakte Whiskyflavour ved at ringe til +351 963 112 299 eller sende en e-mail til info@whiskyflavour.com. Det er vigtigt, at kunden tjekker &#8220;Spam&#8221; p\u00e5 forh\u00e5nd.<\/li>\n<li>Ordrer sendes f\u00f8rst, n\u00e5r lagerbeholdning og betaling er bekr\u00e6ftet, og de behandles efter f\u00f8rst-til-m\u00f8lle-princippet.<\/li>\n<li>Hvis en ordre ikke kan opfyldes helt eller delvist, vil kunden blive informeret af Whiskyflavour.<\/li>\n<li>Efter modtagelse af ordredata har brugeren 2 arbejdsdage til at foretage betalingen. Hvis betalingen ikke sker inden for ovenn\u00e6vnte periode, annulleres ordren automatisk og anses for at v\u00e6re uden virkning.<\/li>\n<li>Betaling skal ske med kreditkort eller PayPal.<\/li>\n<li>Betalinger modtages i euro (\u20ac), uanset hvilken valuta transaktionen foretages i. Omregningskurser for betalinger i andre valutaer betales af kunden.<\/li>\n<\/ol>\n<h2>Forsendelsesomkostninger<\/h2>\n<ol>\n<li>Portoen beregnes ud fra produkternes v\u00e6gt, destinationen og den samlede v\u00e6rdi af ordren.<\/li>\n<li>Forsendelsesomkostningerne er angivet i &#8220;indk\u00f8bskurven&#8221; f\u00f8r den endelige ordrevalidering.<\/li>\n<\/ol>\n<h2>Levering<\/h2>\n<ol>\n<li>Ordrer afsendes f\u00f8rst efter bekr\u00e6ftelse af lagerbeholdning og betaling.<\/li>\n<li>Leveringstiden for produkter varierer mellem 1-2 arbejdsdage for Europa og 3-5 arbejdsdage for resten af verden.<\/li>\n<li>Produkterne sendes via DHL Express til Europa og CTT Expresso til resten af verden.<\/li>\n<li>Levering af ordrer sker til den adresse, som kunden har angivet, og i henhold til CTT Expressos eller DHL Express&#8217; leveringstider. Hjemlevering kan ikke ske til postbokse. <\/li>\n<li>Eventuelle forsinkelser i leveringen kan ikke l\u00f8ses af Whiskyflavour, og det er i disse tilf\u00e6lde ikke muligt at garantere n\u00f8jagtige leveringstider, da de sendes via CTT Expresso og DHL Express og er afh\u00e6ngige af deres drift og tidsplaner.<\/li>\n<li>Betegnelsen kan ogs\u00e5 variere afh\u00e6ngigt af destinationslandet og de respektive regler.<\/li>\n<li>Hvis kunden efter levering finder ud af, at en af varerne ikke er i overensstemmelse, bedes han straks kontakte Whiskyflavour via e-mailen info@whiskyflavour.com med angivelse af ordrenummeret eller nummeret p\u00e5 det dokument, der ledsager ordren, og vedl\u00e6gge billeder af emballagen, som den er modtaget, og af alle artikler, s\u00e5 situationen kan l\u00f8ses s\u00e5 hurtigt som muligt.<\/li>\n<\/ol>\n<h2>Politik for returnering<\/h2>\n<ol>\n<li>Whiskyflavour Online Store accepterer ikke returnering af k\u00f8bte produkter p\u00e5 grund af deres natur.<\/li>\n<li>Kun returnering af produkter, hvis forsendelse har v\u00e6ret forkert, accepteres, og dette er Whiskyflavours ansvar, s\u00e5vel som forsendelses- og afhentningsomkostninger, n\u00e5r kunden rapporterer denne situation inden for 5 (fem) dage fra datoen for modtagelse af produktet. N\u00e5r produktet er modtaget af Whiskyflavour og efter at have valideret dets status i overensstemmelse hermed, vil det korrekte produkt blive sendt.<\/li>\n<\/ol>\n<h2>Krav<\/h2>\n<p>Whiskyflavour er ikke ansvarlig for mangler, der skyldes forkert brug, fors\u00f8mmelse og d\u00e5rlige opbevaringsforhold fra kundens side.<\/p>\n<h2>\u00c6ndring af &#8220;Vilk\u00e5r og betingelser&#8221;<\/h2>\n<p>De nuv\u00e6rende generelle betingelser i &#8220;Vilk\u00e5r og betingelser&#8221; for onlinesalg kan \u00e6ndres af Whiskyflavour uden forudg\u00e5ende varsel og skal derfor konsulteres, f\u00f8r der afgives en ordre.<\/p>\n<h2>Politik for databeskyttelse<\/h2>\n<p>Kunden skal udtrykkeligt erkl\u00e6re, at han giver tilladelse til indsamling eller opdatering af sine kontaktoplysninger til integration i Whiskyflavours filer med henblik p\u00e5 kundestyring, kommercielle relationer samt til at sende produkter og reklame om produkter og tjenester i henhold til vilk\u00e5rene i den g\u00e6ldende &#8220;GDPR&#8221; gennem automatiseret behandling og profildefinition ved hj\u00e6lp af alle tilg\u00e6ngelige kommunikationskanaler, herunder elektroniske midler.<\/p>\n<p>Det udtrykkelige samtykke skal gives ved registrering i onlinebutikken ved hj\u00e6lp af den mulighed, der er angivet der til dette form\u00e5l.<br \/>\nDe indsamlede kontaktdata opbevares, s\u00e5 l\u00e6nge det form\u00e5l, som din behandling blev givet til, er verificeret, eller indtil ud\u00f8velsen af retten til at g\u00f8re indsigelse, rette og fjerne dem.<\/p>\n<p>Den registrerede har ret til at f\u00e5 adgang til de bevarede data gratis samt til at anmode om begr\u00e6nsning, berigtigelse, indsigelse eller fjernelse, n\u00e5r kontaktoplysningerne blandt andre juridiske grunde er un\u00f8jagtige eller ikke l\u00e6ngere er n\u00f8dvendige for det form\u00e5l, som de blev motiveret til at indsamle.<\/p>\n<p>Indehaveren har ogs\u00e5 ret til at tr\u00e6kke sit samtykke tilbage til enhver tid, uden at det g\u00e5r ud over lovligheden af den behandling, der udf\u00f8res p\u00e5 grundlag af det tidligere givne samtykke.<\/p>\n<p>N\u00e5r vi ud\u00f8ver nogle af de ovenn\u00e6vnte rettigheder, forbeholder vi os ret til at opbevare dataene udelukkende med henblik p\u00e5 at erkl\u00e6re, ud\u00f8ve eller forsvare en ret i strid.<\/p>\n<p>For at ud\u00f8ve disse rettigheder eller andre yderligere sp\u00f8rgsm\u00e5l, du m\u00e5tte have vedr\u00f8rende databeskyttelse, kan du kontakte Whiskyflavour skriftligt via e-mail info@whiskyflavour.com og skal autentificere og bevise den registreredes identitet.<\/p>\n<p>Whiskyflavour overf\u00f8rer ikke de indsamlede kontaktdata til tredjeparter. Hvis der er en legitim grund til overf\u00f8rslen, vil kunden blive informeret p\u00e5 forh\u00e5nd, og modtagernes identitet og form\u00e5let med behandlingen af de overf\u00f8rte data vil blive oplyst til dem.<\/p>\n<p>Overf\u00f8rslen sker kun, n\u00e5r tredjeparterne freml\u00e6gger tilstr\u00e6kkelige garantier for gennemf\u00f8relsen af passende tekniske og organisatoriske foranstaltninger, s\u00e5 behandlingen opfylder kravene og forpligtelserne i henhold til den g\u00e6ldende databeskyttelseslovgivning og sikrer forsvaret af den registreredes rettigheder til oplysningerne.<\/p>\n<h2>Erkl\u00e6ring om ansvar<\/h2>\n<p>Whiskyflavour erkl\u00e6rer og garanterer udtrykkeligt, at:<\/p>\n<ul>\n<li>Den vil h\u00e5ndtere de persondata, den indsamler fra sine kunder, korrekt i forbindelse med levering af onlinebutikstjenesten;<\/li>\n<li>Personlige data vil blive behandlet lovligt og fortroligt, loyalt, gennemsigtigt og p\u00e5 en m\u00e5de, der garanterer deres sikkerhed, nemlig ved at tvinge sig selv til at beskytte s\u00e5danne personlige data;<\/li>\n<li>Det er i stand til at sikre alle passende tekniske og organisatoriske foranstaltninger p\u00e5 en m\u00e5de, s\u00e5 behandlingen af personoplysninger opfylder kravene i den g\u00e6ldende nationale lovgivning, Europa-Parlamentets og R\u00e5dets forordning (EU) 2016\/679 af 27.04.2016 (&#8220;GDPR&#8221;), som er i kraft.<\/li>\n<li>Personlige data er kun beregnet til udf\u00f8relse af ordrer, der er afgivet i onlinebutikken, og kun de n\u00f8dvendige, tilstr\u00e6kkelige, relevante og begr\u00e6nsede til dette form\u00e5l indsamles;<br \/>\nog. Du vil holde dine personlige data n\u00f8jagtige og opdaterede;<\/li>\n<li>Du m\u00e5 ikke bruge de personlige data, som du har adgang til, til andre form\u00e5l end dem, der er angivet i disse &#8220;Vilk\u00e5r og betingelser&#8221;;<\/li>\n<li>P\u00e5 kundens anmodning slettes de n\u00e6vnte personoplysninger straks og effektivt.<\/li>\n<\/ul>\n<p>Denne politik tr\u00e6der i kraft i <strong>maj<\/strong> <strong>2020<\/strong>.[\/vc_column_text][\/vc_column][\/vc_row]<\/p>\n<\/div>","protected":false},"excerpt":{"rendered":"<p>[vc_row][vc_column][vc_column_text css=&#8221;&#8221;]K\u00f8b af produkter i WhiskyFlavours onlinebutik er underlagt f\u00f8lgende vilk\u00e5r og betingelser: Objekt Disse &#8220;Vilk\u00e5r og betingelser&#8221; har til&#8230;<\/p>\n","protected":false},"author":1,"featured_media":0,"parent":0,"menu_order":7,"comment_status":"closed","ping_status":"closed","template":"","meta":{"footnotes":""},"class_list":["post-26746","page","type-page","status-publish","hentry"],"_links":{"self":[{"href":"https:\/\/www.whiskyflavour.com\/da\/wp-json\/wp\/v2\/pages\/26746","targetHints":{"allow":["GET"]}}],"collection":[{"href":"https:\/\/www.whiskyflavour.com\/da\/wp-json\/wp\/v2\/pages"}],"about":[{"href":"https:\/\/www.whiskyflavour.com\/da\/wp-json\/wp\/v2\/types\/page"}],"author":[{"embeddable":true,"href":"https:\/\/www.whiskyflavour.com\/da\/wp-json\/wp\/v2\/users\/1"}],"replies":[{"embeddable":true,"href":"https:\/\/www.whiskyflavour.com\/da\/wp-json\/wp\/v2\/comments?post=26746"}],"version-history":[{"count":0,"href":"https:\/\/www.whiskyflavour.com\/da\/wp-json\/wp\/v2\/pages\/26746\/revisions"}],"wp:attachment":[{"href":"https:\/\/www.whiskyflavour.com\/da\/wp-json\/wp\/v2\/media?parent=26746"}],"curies":[{"name":"wp","href":"https:\/\/api.w.org\/{rel}","templated":true}]}}