{"id":53254,"date":"2021-10-12T15:51:09","date_gmt":"2021-10-12T14:51:09","guid":{"rendered":"https:\/\/www.whiskyflavour.com\/about\/"},"modified":"2026-04-02T15:24:09","modified_gmt":"2026-04-02T14:24:09","slug":"about","status":"publish","type":"page","link":"https:\/\/www.whiskyflavour.com\/da\/about\/","title":{"rendered":"Omkring"},"content":{"rendered":"<div class=\"wpb-content-wrapper\"><p>[vc_row][vc_column][vc_custom_heading text=&#8221;OPRINDELSE&#8221; use_theme_fonts=&#8221;yes&#8221; css=&#8221;&#8221;][vc_column_text css=&#8221;&#8221;]Whisky Flavour blev skabt af en whiskyentusiast, der er drevet af \u00f8nsket om at udforske og nyde forskellige slags whisky p\u00e5 den mest bekvemme og overkommelige m\u00e5de.<\/p>\n<p>Det er ofte upraktisk at investere i en hel flaske whiskey, som man har v\u00e6ret nysgerrig p\u00e5, is\u00e6r n\u00e5r man skal smage den for allerf\u00f8rste gang. Med forventninger p\u00e5 spil opgiver mange whiskey-aficionados at k\u00f8be en hel flaske. For at nyde mere whiskey til en mere overkommelig pris har vi udviklet dette abonnement p\u00e5 whiskysmagning.<\/p>\n<p>Derefter blev abonnementstjenesten Whisky Flavour udviklet med tanke p\u00e5 vores andre whiskyelskere &#8211; dem, der nyder at smage p\u00e5 en r\u00e6kke forskellige flasker, m\u00e6rker og aldre.<\/p>\n<p>Vi mener, at denne l\u00f8sning giver dig mulighed for at smage en r\u00e6kke whiskyer uden den langsigtede forpligtelse til at k\u00f8be en hel flaske.<\/p>\n<p>Vi tilbyder en enkelt whiskysmagningsabonnementskasse med 4 originale whiskey-miniaturer hver m\u00e5ned. Dette giver dig mulighed for at tilfredsstille din nysgerrighed og udvide dit whiskey-repertoire med lethed.[\/vc_column_text][\/vc_column][\/vc_row][vc_row][vc_column][vc_custom_heading text=&#8221;MISSION&#8221; use_theme_fonts=&#8221;yes&#8221; css=&#8221;&#8221;][vc_column_text css=&#8221;&#8221;]Whisky Flavour&#8217;s mission er at give whisky-entusiaster mulighed for at opleve en bred vifte af m\u00e6rker og typer af whisky. Ved at g\u00f8re selv de dyreste m\u00e6rker overkommelige og tilg\u00e6ngelige med vores whiskysmagningsabonnement vil vi sikre, at flere mennesker kan nyde whiskyens mangfoldige verden.[\/vc_column_text][\/vc_column][\/vc_row][vc_row][vc_column][vc_custom_heading text=&#8221;VISION&#8221; use_theme_fonts=&#8221;yes&#8221; css=&#8221;&#8221;][vc_column_text css=&#8221;&#8221;]Whisky Flavour forestiller sig at blive en f\u00f8rende reference inden for whiskyindustrien og revolutionere den m\u00e5de, forbrugere og brands interagerer p\u00e5. Ved at tilbyde unikke muligheder for at smage p\u00e5 whiskey vil vi \u00f8ge forbrugernes bevidsthed om de forskellige og bem\u00e6rkelsesv\u00e6rdige m\u00e6rker og fremstillingsprocesser, der findes. Samtidig f\u00e5r whiskey-brands mulighed for at n\u00e5 ud til et bredere publikum og skabe langsigtede relationer med et stigende antal forbrugere.[\/vc_column_text][\/vc_column][\/vc_row][vc_row][vc_column][vc_custom_heading text=&#8221;V\u00c6RDIER&#8221; use_theme_fonts=&#8221;yes&#8221; css=&#8221;&#8221;][vc_column_text css=&#8221;&#8221;]Gennemsigtighed | Elegance | Innovation | Kundeorientering | Modernitet[\/vc_column_text][\/vc_column][\/vc_row]<\/p>\n<\/div>","protected":false},"excerpt":{"rendered":"<p>[vc_row][vc_column][vc_custom_heading text=&#8221;OPRINDELSE&#8221; use_theme_fonts=&#8221;yes&#8221; css=&#8221;&#8221;][vc_column_text css=&#8221;&#8221;]Whisky Flavour blev skabt af en whiskyentusiast, der er drevet af \u00f8nsket om at udforske og&#8230;<\/p>\n","protected":false},"author":1,"featured_media":0,"parent":0,"menu_order":0,"comment_status":"closed","ping_status":"closed","template":"","meta":{"footnotes":""},"class_list":["post-53254","page","type-page","status-publish","hentry"],"_links":{"self":[{"href":"https:\/\/www.whiskyflavour.com\/da\/wp-json\/wp\/v2\/pages\/53254","targetHints":{"allow":["GET"]}}],"collection":[{"href":"https:\/\/www.whiskyflavour.com\/da\/wp-json\/wp\/v2\/pages"}],"about":[{"href":"https:\/\/www.whiskyflavour.com\/da\/wp-json\/wp\/v2\/types\/page"}],"author":[{"embeddable":true,"href":"https:\/\/www.whiskyflavour.com\/da\/wp-json\/wp\/v2\/users\/1"}],"replies":[{"embeddable":true,"href":"https:\/\/www.whiskyflavour.com\/da\/wp-json\/wp\/v2\/comments?post=53254"}],"version-history":[{"count":0,"href":"https:\/\/www.whiskyflavour.com\/da\/wp-json\/wp\/v2\/pages\/53254\/revisions"}],"wp:attachment":[{"href":"https:\/\/www.whiskyflavour.com\/da\/wp-json\/wp\/v2\/media?parent=53254"}],"curies":[{"name":"wp","href":"https:\/\/api.w.org\/{rel}","templated":true}]}}