{"id":26449,"date":"2016-05-01T21:20:50","date_gmt":"2016-05-01T20:20:50","guid":{"rendered":"https:\/\/www.whiskyflavour.com\/shop\/whisky-abonnement-smagsaeske\/"},"modified":"2026-04-28T14:06:09","modified_gmt":"2026-04-28T13:06:09","slug":"whisky-abonnement-boks","status":"publish","type":"product","link":"https:\/\/www.whiskyflavour.com\/da\/shop\/whisky-abonnement-boks\/","title":{"rendered":"Whisky-abonnementskasse"},"content":{"rendered":"<h2>The Whiskey Tasting Box by Whisky Flavour &#8211; 4 miniaturer fra destillerier fra hele verden<\/h2>\n<p>Hvis du \u00f8nsker at opleve verdens bedste whiskyer, er tilmelding til vores Whiskey Tasting Box-abonnement den bedste m\u00e5de at opdage eksklusive whiskyer fra verdens mest respekterede destillerier, herunder skotske, irske, amerikanske og mange andre!<\/p>\n<p>Hos Whisky Flavour har vi skabt en overkommelig abonnementsordning, som vores kunder fra hele verden har forelsket sig i! Denne abonnementsservice p\u00e5 whiskysmagning er perfekt til at fork\u00e6le dig selv eller som en bet\u00e6nksom gave! Hvis du er en whiskykender eller en person, der altid \u00f8nsker at smage p\u00e5 alle typer whisky, underjordiske whiskym\u00e6rker, nye serier og gamle kendinge, kan vores whiskysmagningskasse passe til dine behov og dit budget.  <\/p>\n<p>Lad os nu tale om, hvad du f\u00e5r, n\u00e5r du tilmelder dig denne praktiske service!<\/p>\n<p>&nbsp;<\/p>\n<h2>Bestil den bare \u00e9n gang, eller g\u00f8r det til et abonnement p\u00e5 whiskysmagning<\/h2>\n<p>Til at begynde med f\u00e5r du gode whiskey-udtryk hver m\u00e5ned!<\/p>\n<p>I hver kasse vil der v\u00e6re 4 originale brandede whiskey-miniaturer. De kan v\u00e6re et totalt mysterium, eller vi kan have dine pr\u00e6ferencer i tankerne, n\u00e5r vi udv\u00e6lger de whiskey-miniaturer, der bliver leveret til dig. Du skal bare sende os en e-mail med dine smagspr\u00e6ferencer eller den type whiskey, du virkelig gerne vil smage.  <\/p>\n<p>Blandt vores muligheder <strong>kan du v\u00e6lge, hvor l\u00e6nge du vil modtage vores whiskysmagningsabonnement<\/strong>:<\/p>\n<ul>\n<li>Bare \u00e9n gang.<\/li>\n<li>En gang om m\u00e5neden i tre m\u00e5neder.<\/li>\n<li>En gang om m\u00e5neden i seks m\u00e5neder.<\/li>\n<li>En gang om m\u00e5neden i et \u00e5r.<\/li>\n<\/ul>\n<p>Det er ikke kun whiskyen, der er ekstraordin\u00e6r; vores \u00e6ske er heller ikke bare endnu en. Vi har samarbejdet med lokale producenter og tr\u00e6h\u00e5ndv\u00e6rkere for at skabe en <strong>moderne og minimalistisk tr\u00e6k<\/strong>asse. Den er modstandsdygtig, s\u00e5 den beskytter dine whiskey-miniaturer under leveringen, og den kan genbruges bagefter. S\u00f8rg for at beholde den: det er et fantastisk minde, som er lavet med omhu.   <\/p>\n<p>Denne <strong>whiskey-smagekasse vejer 1,5 kilo<\/strong>, og den sendes til dig i overensstemmelse med dine pr\u00e6ferencer.<\/p>\n<p>Vi giver vores kunder alle muligheder, s\u00e5 abonnementet passer til deres behov, da vi ved, at alle whiskey-kendere er unikke.<\/p>\n<p>&nbsp;<\/p>\n<h3>Tips om vores Whiskey-smagekasse<\/h3>\n<p>Hvis du ikke bryder dig om at f\u00e5 et par spoilere, s\u00e5 spring denne del over! Vi vil ikke afsl\u00f8re alt om vores whiskey-smagekasse, men vi efterlader et par br\u00f8dkrummer, s\u00e5 du ikke g\u00e5r helt glip af denne mulighed. <\/p>\n<ul>\n<li>Vores whiskey-miniaturer er <strong>originalm\u00e6rkede og 5 cl (1,69 oz) flasker.<\/strong><\/li>\n<li>Vi kan godt lide at tilbyde et bredt udvalg af whisky, og det omfatter <strong>whiskym\u00e6rker fra forskellige dele af verden<\/strong>, som g\u00e5r ud over de traditionelle typer af whisky. Tidligere kunder har f.eks. modtaget whiskyer fra m\u00e6rker som Black Whisky, Langatun og Armorik Whisky. <\/li>\n<li>Vi leder efter whiskey-udtryk, der enten er <strong>klassikere eller f\u00f8rsteklasses whiskey<\/strong>, som alle b\u00f8r smage mindst en gang i livet.<\/li>\n<li>Vi holder styr p\u00e5 de tidligere kasser, der er sendt til dig, s\u00e5 <strong>du ikke f\u00e5r det samme Whiskey-udtryk to gange<\/strong> (medmindre du virkelig \u00f8nsker det).<\/li>\n<li><strong>Vi tager imod \u00f8nsker om typen af whiskey, alderen p\u00e5 udtrykkene og de smage, du bedst kan lide<\/strong>, s\u00e5 vi ikke sender dig whiskey-miniaturer, som du helt sikkert ikke vil nyde.<\/li>\n<\/ul>\n<p>&nbsp;<\/p>\n<h3>Smagekasse til Whiskey &#8211; giv den som gave!<\/h3>\n<p>Et whiskysmagningsabonnement er en fantastisk gaveid\u00e9 til enhver, der virkelig nyder whisky. Vi siger selvf\u00f8lgelig ikke andet, men <strong>vi kan sende whiskey-smagekassen &#8211; eller kasserne &#8211; til den adresse, du angiver<\/strong> ved k\u00f8bet. Og vi kan ogs\u00e5 tilf\u00f8je en enkel note i pakken for at g\u00f8re den mere personlig.  <\/p>\n<p>Vores whiskey-abonnementskasse kan tilbydes til b\u00e5de whiskykendere og folk, der er begyndt at f\u00e5 smag for denne spiritus. Fordi <strong>vores udvalg af whiskyminiaturer er helt unikt,<\/strong> kan de f\u00e5 klassiske udtryk og whisky lavet p\u00e5 destillerier fra lande, der typisk ikke forbindes med whisky. <\/p>\n<p>Udover al den whisky, din elskede, ven eller kollega vil smage,<strong> er tr\u00e6kassen perfekt til at blive genbrugt<\/strong> og til at opbevare deres personlige whiskysmagningss\u00e6t.<\/p>\n<p>Hvis du ikke \u00f8nsker at <strong>tegne et abonnement<\/strong>, kan du<strong> bestille bare \u00e9n whiskysmagningskasse<\/strong> som gave til en whiskyelsker!<\/p>\n<p>&nbsp;<\/p>\n<h2>Abonnement p\u00e5 whiskysmagning &#8211; af whiskey-elskere til whiskey-elskere<\/h2>\n<p>Whiskey Flavour-teamet er forpligtet til at levere verdens fineste whiskyudtryk fra m\u00e6rker, der ikke er lette at finde, og vi s\u00e6tter alt ind p\u00e5 at tilbyde vores kunder et udvalg af whiskyminiaturer, som vi tror, du vil blive begejstret for.<\/p>\n<p>Vi er stolte af vores whiskey-abonnementsservice og vores whiskey-smagekasse, da den giver folk fra alle baggrunde adgang til enest\u00e5ende whiskey, som de m\u00e5ske ellers ikke ville v\u00e6re i stand til at smage.<\/p>\n<p>&nbsp;<\/p>\n<h3 style=\"text-align: center;\">Tilmeld dig nu et Whiskey Tasting Box-abonnement fra Whisky Flavour!<\/h3>\n<p>&nbsp;<\/p>\n<p>&nbsp;<\/p>\n<h2>Ofte stillede sp\u00f8rgsm\u00e5l om vores Whiskey-smagekasse<\/h2>\n<p>&nbsp;<\/p>\n<h3>Til hvilke lande sender I den? Og hvorn\u00e5r modtager jeg min Whiskey Tasting Box? <\/h3>\n<p>Vi sender til hele verden! S\u00e5 leveringstiden vil \u00e6ndre sig i henhold til den adresse, du har angivet. Vi sender fra Portugal, og det tager normalt mellem 5 og 10 arbejdsdage at n\u00e5 frem til dig!  <\/p>\n<p>Vi anbefaler, at du bestiller inden den 24. i en m\u00e5ned, da vi sender alle ordrer inden den 7. i den f\u00f8lgende m\u00e5ned.<\/p>\n<p>&nbsp;<\/p>\n<h3>Kan jeg spore min ordre?<\/h3>\n<p>Ja, det g\u00f8r vi! Vi sender din whiskey-smagekasse med anbefalet post, og du modtager en e-mail med det n\u00f8dvendige link og kode til at f\u00f8lge rejsen med din whiskey-kasse. <\/p>\n<p>&nbsp;<\/p>\n<p>Har du stadig sp\u00f8rgsm\u00e5l om vores abonnement p\u00e5 whiskysmagning? Bes\u00f8g vores FAQ-side eller send os en e-mail. Vi s\u00f8rger for at svare dig i god tid.  <\/p>\n","protected":false},"excerpt":{"rendered":"<p>The Whiskey Tasting Box by Whisky Flavour &#8211; 4 miniaturer fra destillerier fra hele verden Hvis du \u00f8nsker at opleve&#8230;<\/p>\n","protected":false},"featured_media":26461,"comment_status":"open","ping_status":"closed","template":"","meta":[],"product_brand":[],"product_cat":[14414,14416,5375],"product_tag":[],"class_list":{"0":"post-26449","1":"product","2":"type-product","3":"status-publish","4":"has-post-thumbnail","6":"product_cat-whiskey-abonnement","7":"product_cat-smagning-af-whiskey","8":"product_cat-whisky-gave","10":"first","11":"instock","12":"taxable","13":"shipping-taxable","14":"purchasable","15":"product-type-variable-subscription"},"_links":{"self":[{"href":"https:\/\/www.whiskyflavour.com\/da\/wp-json\/wp\/v2\/product\/26449","targetHints":{"allow":["GET"]}}],"collection":[{"href":"https:\/\/www.whiskyflavour.com\/da\/wp-json\/wp\/v2\/product"}],"about":[{"href":"https:\/\/www.whiskyflavour.com\/da\/wp-json\/wp\/v2\/types\/product"}],"replies":[{"embeddable":true,"href":"https:\/\/www.whiskyflavour.com\/da\/wp-json\/wp\/v2\/comments?post=26449"}],"wp:featuredmedia":[{"embeddable":true,"href":"https:\/\/www.whiskyflavour.com\/da\/wp-json\/wp\/v2\/media\/26461"}],"wp:attachment":[{"href":"https:\/\/www.whiskyflavour.com\/da\/wp-json\/wp\/v2\/media?parent=26449"}],"wp:term":[{"taxonomy":"product_brand","embeddable":true,"href":"https:\/\/www.whiskyflavour.com\/da\/wp-json\/wp\/v2\/product_brand?post=26449"},{"taxonomy":"product_cat","embeddable":true,"href":"https:\/\/www.whiskyflavour.com\/da\/wp-json\/wp\/v2\/product_cat?post=26449"},{"taxonomy":"product_tag","embeddable":true,"href":"https:\/\/www.whiskyflavour.com\/da\/wp-json\/wp\/v2\/product_tag?post=26449"}],"curies":[{"name":"wp","href":"https:\/\/api.w.org\/{rel}","templated":true}]}}