{"id":2173,"date":"2025-10-14T09:10:27","date_gmt":"2025-10-14T08:10:27","guid":{"rendered":"https:\/\/www.whiskyflavour.com\/faq\/"},"modified":"2026-01-26T11:02:09","modified_gmt":"2026-01-26T11:02:09","slug":"faq","status":"publish","type":"page","link":"https:\/\/www.whiskyflavour.com\/de\/faq\/","title":{"rendered":"FAQ"},"content":{"rendered":"<div class=\"wpb-content-wrapper\"><p>[vc_row][vc_column width=&#8221;1\/2&#8243;][vc_custom_heading text=&#8221;Wie funktioniert das Whisky Flavour Abonnement?&#8221; font_container=&#8221;tag:h3|text_align:left&#8221; use_theme_fonts=&#8221;yes&#8221; css=&#8221;&#8221;][vc_column_text css=&#8221;&#8221;]Es ist super einfach. Und so geht&#8217;s: <\/p>\n<ol>\n<li><strong>W\u00e4hlen Sie Ihr <span data-sheets-root=\"1\">Lieblings-Whiskey-Box-Abonnement<\/span><\/strong>:\n<ul>\n<li>Entscheiden Sie, welches Alter des Whiskeys Sie in Ihren Miniaturen haben m\u00f6chten.<\/li>\n<li>W\u00e4hle die Verkostungsbox aus, die deinen Vorlieben entspricht.<\/li>\n<\/ul>\n<\/li>\n<li><strong>Gib deine Bestellung auf<\/strong>:\n<ul>\n<li>Jede Box enth\u00e4lt mindestens 4 Miniaturen.<\/li>\n<li>Schlie\u00dfe deinen Kauf ab und gib die erforderlichen Informationen an.<\/li>\n<\/ul>\n<\/li>\n<li><strong>Empfangen und genie\u00dfen<\/strong>:\n<ul>\n<li>Sie erhalten Ihre <span data-sheets-root=\"1\">Whiskey-Box <\/span>und k\u00f6nnen die verschiedenen Whiskeys verkosten.<\/li>\n<li>Wir wiederholen nie dieselben Miniaturflaschen, um jedes Mal ein einzigartiges Geschmackserlebnis zu gew\u00e4hrleisten.<\/li>\n<\/ul>\n<\/li>\n<\/ol>\n<p>[\/vc_column_text][\/vc_column][vc_column width=&#8221;1\/2&#8243;][vc_custom_heading text=&#8221;Kann ich ein Whiskey-Box-Abonnement als Geschenk anbieten?&#8221; font_container=&#8221;tag:h3|text_align:left&#8221; use_theme_fonts=&#8221;yes&#8221; css=&#8221;&#8221;][vc_column_text css=&#8221;&#8221;]Auf jeden Fall! Bitte kontaktiere uns vorher, damit wir sicherstellen k\u00f6nnen, dass die Probierbox als Geschenk geliefert wird. <\/p>\n<p>Ein Abonnement von Whisky Flavour wird von deinen Liebsten, Freunden oder Kollegen sicherlich gesch\u00e4tzt werden. Wir glauben, dass es ein gro\u00dfartiges Geschenk f\u00fcr Whiskey-Liebhaber ist, und die Verpackung ist hervorragend.[\/vc_column_text][\/vc_column][\/vc_row][vc_row][vc_column width=&#8221;1\/2&#8243;][vc_custom_heading text=&#8221;Wie viele Whiskey-Miniaturen werde ich erhalten?&#8221; font_container=&#8221;tag:h3|text_align:left&#8221; use_theme_fonts=&#8221;yes&#8221; css=&#8221;&#8221;][vc_column_text css=&#8221;&#8221;]In jeder <span data-sheets-root=\"1\">Whiskey-Abonnementbox<\/span> finden Sie mindestens 4 Original-Whiskey-Miniaturflaschen. Gelegentlich findest du auch mehr, je nach Wert der Miniaturflaschen.<\/p>\n<p>Manchmal wollen wir dich einfach \u00fcberraschen![\/vc_column_text][\/vc_column][vc_column width=&#8221;1\/2&#8243;][vc_custom_heading text=&#8221;Wie kann ich meine Bestellung verfolgen?&#8221; font_container=&#8221;tag:h3|text_align:left&#8221; use_theme_fonts=&#8221;yes&#8221; css=&#8221;&#8221;][vc_column_text css=&#8221;&#8221;]Da alle Bestellungen per Einschreiben verschickt werden, erhalten Sie eine E-Mail mit den notwendigen Informationen, um Ihre Bestellung zu verfolgen.<\/p>\n<p>Wenn Sie noch Fragen haben, die E-Mail nicht erhalten haben oder nicht wissen, wie Sie vorgehen sollen, kontaktieren Sie uns bitte.[\/vc_column_text][\/vc_column][\/vc_row][vc_row][vc_column width=&#8221;1\/2&#8243;][vc_custom_heading text=&#8221;Wann erhalte ich meine Whiskey-Abonnementbox?&#8221; font_container=&#8221;tag:h3|text_align:left&#8221; use_theme_fonts=&#8221;yes&#8221; css=&#8221;&#8221;][vc_column_text css=&#8221;&#8221;]Je nach Land kann es 5 bis 10 Werktage dauern, bis Sie Ihre abonnierte Whiskey-Box erhalten.<\/p>\n<p>Sie m\u00fcssen Ihre Bestellung bis zum 24. eines jeden Monats aufgeben. Alle Bestellungen werden bis zum 7. des Folgemonats verschickt.[\/vc_column_text][\/vc_column][vc_column width=&#8221;1\/2&#8243;][vc_custom_heading text=&#8221;Welche Versandarten gibt es und wie hoch sind die Versandkosten?&#8221; font_container=&#8221;tag:h3|text_align:left&#8221; use_theme_fonts=&#8221;yes&#8221; css=&#8221;&#8221;][vc_column_text css=&#8221;&#8221;]Wir versenden weltweit und versenden dein Paket immer per Einschreiben, damit du deine Bestellung verfolgen kannst. Bitte beachte, dass die Versandkosten variieren k\u00f6nnen, daher solltest du die genauen Versandkosten an der Kasse \u00fcberpr\u00fcfen. <\/p>\n<p><strong>Wichtig<\/strong>: Wir \u00fcbernehmen keine Verantwortung, wenn dein Land strenge Richtlinien f\u00fcr den Handel mit Lebensmitteln und alkoholischen Getr\u00e4nken hat. \u00dcberpr\u00fcfe die Vorschriften deines Landes, bevor du eine Bestellung aufgibst.[\/vc_column_text][\/vc_column][\/vc_row][vc_row][vc_column width=&#8221;1\/2&#8243;][vc_custom_heading text=&#8221;Was sollte ich tun, wenn ich meine Bestellung nicht erhalte?&#8221; font_container=&#8221;tag:h3|text_align:left&#8221; use_theme_fonts=&#8221;yes&#8221; css=&#8221;&#8221;][vc_column_text css=&#8221;&#8221;]Wenn Sie Ihr Whiskey-Box-Abonnement nicht erhalten, kontaktieren Sie uns bitte so schnell wie m\u00f6glich. Wir werden \u00fcberpr\u00fcfen, was passiert ist, und dir helfen, das Problem zu l\u00f6sen.[\/vc_column_text][\/vc_column][vc_column width=&#8221;1\/2&#8243;][\/vc_column][\/vc_row]<\/p>\n<\/div>","protected":false},"excerpt":{"rendered":"<p>[vc_row][vc_column width=&#8221;1\/2&#8243;][vc_custom_heading text=&#8221;Wie funktioniert das Whisky Flavour Abonnement?&#8221; font_container=&#8221;tag:h3|text_align:left&#8221; use_theme_fonts=&#8221;yes&#8221; css=&#8221;&#8221;][vc_column_text css=&#8221;&#8221;]Es ist super einfach. Und so geht&#8217;s: W\u00e4hlen Sie&#8230;<\/p>\n","protected":false},"author":1,"featured_media":37768,"parent":0,"menu_order":4,"comment_status":"closed","ping_status":"closed","template":"","meta":{"footnotes":""},"class_list":["post-2173","page","type-page","status-publish","has-post-thumbnail","hentry"],"_links":{"self":[{"href":"https:\/\/www.whiskyflavour.com\/de\/wp-json\/wp\/v2\/pages\/2173","targetHints":{"allow":["GET"]}}],"collection":[{"href":"https:\/\/www.whiskyflavour.com\/de\/wp-json\/wp\/v2\/pages"}],"about":[{"href":"https:\/\/www.whiskyflavour.com\/de\/wp-json\/wp\/v2\/types\/page"}],"author":[{"embeddable":true,"href":"https:\/\/www.whiskyflavour.com\/de\/wp-json\/wp\/v2\/users\/1"}],"replies":[{"embeddable":true,"href":"https:\/\/www.whiskyflavour.com\/de\/wp-json\/wp\/v2\/comments?post=2173"}],"version-history":[{"count":0,"href":"https:\/\/www.whiskyflavour.com\/de\/wp-json\/wp\/v2\/pages\/2173\/revisions"}],"wp:featuredmedia":[{"embeddable":true,"href":"https:\/\/www.whiskyflavour.com\/de\/wp-json\/wp\/v2\/media\/37768"}],"wp:attachment":[{"href":"https:\/\/www.whiskyflavour.com\/de\/wp-json\/wp\/v2\/media?parent=2173"}],"curies":[{"name":"wp","href":"https:\/\/api.w.org\/{rel}","templated":true}]}}