{"id":2192,"date":"2016-05-09T08:50:44","date_gmt":"2016-05-09T07:50:44","guid":{"rendered":"https:\/\/www.whiskyflavour.com\/terms-and-conditions\/"},"modified":"2025-08-11T14:42:44","modified_gmt":"2025-08-11T13:42:44","slug":"bedingungen-und-konditionen","status":"publish","type":"page","link":"https:\/\/www.whiskyflavour.com\/de\/bedingungen-und-konditionen\/","title":{"rendered":"Allgemeine Gesch\u00e4ftsbedingungen"},"content":{"rendered":"<div class=\"wpb-content-wrapper\"><p>[vc_row][vc_column][vc_column_text css=&#8221;&#8221;]Der Kauf von Produkten im Whiskyflavour Online Store unterliegt den folgenden Bedingungen:<\/p>\n<h2>Objekt<\/h2>\n<ol>\n<li>Diese &#8220;Allgemeinen Gesch\u00e4ftsbedingungen&#8221; sollen die Bedingungen f\u00fcr die Erbringung der Dienstleistung im Whiskyflavour Online Store regeln.<\/li>\n<li>Mit dem Kauf eines Produkts im Whiskyflavour Online Store akzeptierst du diese Allgemeinen Online-Verkaufsbedingungen.<\/li>\n<li>Beim Kauf im Whiskyflavour Online Store erkl\u00e4rt der Benutzer, dass er \u00fcber 18 Jahre alt ist und keine Behinderung oder rechtliche Einschr\u00e4nkung hat, die ihn am Kauf von alkoholischen Getr\u00e4nken hindert.<\/li>\n<li>Im Falle von Nutzern mit Wohnsitz au\u00dferhalb des nationalen Hoheitsgebiets k\u00f6nnen die zum Verkauf stehenden alkoholischen Getr\u00e4nke nur von Personen erworben werden, die in ihrem Wohnsitzland vollj\u00e4hrig sind.<\/li>\n<\/ol>\n<h2>Informationen zu Produkt, Preis und Inhalt<\/h2>\n<ol>\n<li>Whiskyflavour beh\u00e4lt sich das Recht vor, ohne Vorank\u00fcndigung und zu jeder Zeit die Informationen und das kommerzielle Angebot zu Produkten, Preisen, Aktionen, Gesch\u00e4ftsbedingungen und Dienstleistungen zu \u00e4ndern.<\/li>\n<li>Die im Online-Shop zum Verkauf angebotenen Artikel sind nur solange der Vorrat reicht verf\u00fcgbar und die Bestellungen werden nach dem Prinzip &#8220;Wer zuerst kommt, mahlt zuerst&#8221; bearbeitet. Im Falle eines vor\u00fcbergehenden oder dauerhaften Lieferengpasses wird der Kunde ordnungsgem\u00e4\u00df benachrichtigt und es wird ihm eine Alternative mit \u00e4hnlichen Eigenschaften vorgeschlagen.<\/li>\n<li>Die Preise der Produkte sind in Euro (\u20ac) angegeben und verstehen sich zuz\u00fcglich der gesetzlichen Mehrwertsteuer und der Kosten f\u00fcr die Verpackung.<\/li>\n<li>Die Transportkosten f\u00fcr den Kunden sind in dem in der vorherigen Nummer genannten Preis nicht enthalten.<\/li>\n<li>Whiskyflavour ist nicht f\u00fcr die Zahlung von Z\u00f6llen verantwortlich, die im Bestimmungsland anfallen k\u00f6nnen; dies liegt ausschlie\u00dflich in der Verantwortung des Kunden.<\/li>\n<li>Die Bilder, die die Produkte im Whiskyflavour Online Store illustrieren, k\u00f6nnen von dem gelieferten Produkt abweichen.<\/li>\n<\/ol>\n<h2>Bestellung und Bezahlung<\/h2>\n<ol>\n<li>Um im Whiskyflavour Online Store einzukaufen, muss sich der Kunde als Benutzer registrieren. Nach der Registrierung kann der Benutzer seine Bestellung aufgeben, indem er die gew\u00fcnschten Produkte ausw\u00e4hlt und den darin beschriebenen Schritten folgt, so dass die Bestellung erfolgreich abgeschlossen wird. <\/li>\n<li>Nach der Best\u00e4tigung der Bestellung im Whiskyflavour Online Store wird eine E-Mail an die vom Kunden bei der Formalisierung registrierte Kontaktadresse gesendet, die alle Einzelheiten zu Lieferung, Rechnungsstellung und Zahlungsinformationen enth\u00e4lt. Wenn der Kunde die Bestellbest\u00e4tigung nicht per E-Mail erh\u00e4lt, wird er gebeten, WhiskyFlavour unter der Telefonnummer +351 963 112 299 oder per E-Mail info@whiskyflavour.com zu kontaktieren. Es ist wichtig, dass der Kunde vorher auf &#8220;Spam&#8221; pr\u00fcft.<\/li>\n<li>Bestellungen werden erst nach Best\u00e4tigung des Lagerbestands und der Zahlung versandt und werden in der Reihenfolge des Eingangs der Bestellungen bearbeitet.<\/li>\n<li>Wenn eine Bestellung ganz oder teilweise nicht erf\u00fcllt werden kann, wird der Kunde von WhiskyFlavour informiert.<\/li>\n<li>Nach Erhalt der Bestelldaten hat der\/die Nutzer\/in 2 Arbeitstage Zeit, um die Zahlung vorzunehmen. Erfolgt die Zahlung nicht innerhalb der vorgenannten Frist, wird die Bestellung automatisch storniert und als unwirksam betrachtet.<\/li>\n<li>Die Zahlung muss per Kreditkarte oder PayPal erfolgen.<\/li>\n<li>Zahlungen werden in Euro (\u20ac) empfangen, unabh\u00e4ngig von der W\u00e4hrung, in der die Transaktion durchgef\u00fchrt wird. Die Umrechnungskurse f\u00fcr Zahlungen in anderen W\u00e4hrungen gehen zu Lasten des Kunden.<\/li>\n<\/ol>\n<h2>Versandgeb\u00fchren<\/h2>\n<ol>\n<li>Die Portokosten werden nach dem Gewicht der Produkte, dem Bestimmungsort und dem Gesamtwert der Bestellung berechnet.<\/li>\n<li>Die Versandkosten werden im &#8220;Warenkorb&#8221; vor der endg\u00fcltigen Best\u00e4tigung der Bestellung angezeigt.<\/li>\n<\/ol>\n<h2>Lieferung<\/h2>\n<ol>\n<li>Die Bestellungen werden erst nach Best\u00e4tigung des Lagerbestands und der Zahlung versandt.<\/li>\n<li>Die Lieferzeit f\u00fcr Produkte variiert zwischen 1-2 Arbeitstagen f\u00fcr Europa und 3-5 Arbeitstagen f\u00fcr den Rest der Welt.<\/li>\n<li>Die Produkte werden per DHL Express nach Europa und per CTT Expresso in den Rest der Welt verschickt.<\/li>\n<li>Die Lieferung der Bestellungen erfolgt an die vom Kunden angegebene Adresse und gem\u00e4\u00df den Lieferzeiten von CTT Expresso oder DHL Express. Hauszustellungen k\u00f6nnen nicht an Postf\u00e4cher geliefert werden. <\/li>\n<li>M\u00f6gliche Lieferverz\u00f6gerungen k\u00f6nnen von Whiskyflavour nicht behoben werden, und es ist in diesen F\u00e4llen nicht m\u00f6glich, genaue Lieferzeiten zu garantieren, da der Versand \u00fcber CTT Expresso und DHL Express erfolgt und von deren Betrieb und Zeitpl\u00e4nen abh\u00e4ngig ist.<\/li>\n<li>Die Frist kann auch je nach Zielland und den jeweiligen Vorschriften variieren.<\/li>\n<li>Wenn der Kunde nach der Lieferung feststellt, dass einer der Artikel nicht konform ist, wird er gebeten, Whiskyflavour unverz\u00fcglich \u00fcber die E-Mail info@whiskyflavour.com unter Angabe der Bestellnummer oder der Nummer des Begleitdokuments der Bestellung zu kontaktieren und Bilder der erhaltenen Verpackung und aller Artikel beizuf\u00fcgen, damit die Situation so schnell wie m\u00f6glich gekl\u00e4rt werden kann.<\/li>\n<\/ol>\n<h2>R\u00fcckgabepolitik<\/h2>\n<ol>\n<li>Der Whiskyflavour-Onlineshop akzeptiert keine R\u00fccksendungen von gekauften Produkten, da diese in der Natur der Sache liegen.<\/li>\n<li>Nur die R\u00fccksendung von Produkten, die falsch geliefert wurden, wird akzeptiert, und dies liegt in der Verantwortung von Whiskyflavour, ebenso wie die Versand- und Abholkosten, wenn der Kunde diese Situation innerhalb von 5 (f\u00fcnf) Tagen ab dem Datum des Erhalts des Produkts meldet. Sobald das Produkt bei Whiskyflavour eingegangen ist und der Status entsprechend \u00fcberpr\u00fcft wurde, wird das richtige Produkt verschickt.<\/li>\n<\/ol>\n<h2>Anspr\u00fcche<\/h2>\n<p>Whiskyflavour ist nicht verantwortlich f\u00fcr M\u00e4ngel, die durch unsachgem\u00e4\u00dfen Gebrauch, Vernachl\u00e4ssigung und schlechte Lagerbedingungen durch den Kunden entstehen.<\/p>\n<h2>\u00c4ndern der &#8220;Allgemeinen Gesch\u00e4ftsbedingungen&#8221;<\/h2>\n<p>Die vorliegenden Allgemeinen Gesch\u00e4ftsbedingungen, die in den &#8220;Allgemeinen Gesch\u00e4ftsbedingungen&#8221; des Online-Verkaufs enthalten sind, k\u00f6nnen von Whiskyflavour ohne vorherige Ank\u00fcndigung ge\u00e4ndert werden und m\u00fcssen daher vor jeder Bestellung konsultiert werden.<\/p>\n<h2>Datenschutzrichtlinie<\/h2>\n<p>Der Kunde muss ausdr\u00fccklich erkl\u00e4ren, dass er der Erfassung oder Aktualisierung seiner Kontaktdaten zustimmt, um sie in die Whiskyflavour-Dateien zum Zwecke der Kundenverwaltung, der Gesch\u00e4ftsbeziehungen sowie der Zusendung von Produkten und Werbung f\u00fcr Produkte und Dienstleistungen im Sinne der geltenden &#8220;GDPR&#8221; durch automatisierte Verarbeitung und Profildefinition \u00fcber alle verf\u00fcgbaren Kommunikationskan\u00e4le, einschlie\u00dflich elektronischer Mittel, zu integrieren.<\/p>\n<p>Die ausdr\u00fcckliche Zustimmung muss bei der Registrierung im Online-Shop erfolgen, indem Sie die dort angegebene Option nutzen.<br \/>\nDie erfassten Kontaktdaten werden so lange aufbewahrt, wie der Zweck, f\u00fcr den Ihre Behandlung gew\u00e4hrt wurde, \u00fcberpr\u00fcft wird, oder bis Sie von Ihrem Recht auf Widerspruch, Berichtigung und L\u00f6schung Gebrauch machen.<\/p>\n<p>Die betroffene Person hat das Recht, kostenlos Zugang zu den aufbewahrten Daten zu erhalten sowie deren Einschr\u00e4nkung, Berichtigung, Widerspruch oder L\u00f6schung zu verlangen, wenn, neben anderen rechtlichen Gr\u00fcnden, die Kontaktdaten unrichtig sind oder f\u00fcr den Zweck, f\u00fcr den sie erhoben wurden, nicht mehr erforderlich sind.<\/p>\n<p>Der\/die Inhaber\/in hat au\u00dferdem das Recht, seine\/ihre Zustimmung jederzeit zu widerrufen, ohne dass dadurch die Rechtm\u00e4\u00dfigkeit der auf der Grundlage der zuvor erteilten Zustimmung durchgef\u00fchrten Behandlung beeintr\u00e4chtigt wird.<\/p>\n<p>Bei der Aus\u00fcbung einiger der oben genannten Rechte behalten wir uns das Recht vor, die Daten ausschlie\u00dflich zum Zweck der Erkl\u00e4rung, Aus\u00fcbung oder Verteidigung eines streitigen Rechts zu speichern.<\/p>\n<p>F\u00fcr die Aus\u00fcbung dieser Rechte oder andere zus\u00e4tzliche Fragen zum Datenschutz kannst du dich schriftlich an Whiskyflavour wenden, und zwar per E-Mail an info@whiskyflavour.com, wobei du dich authentifizieren und die Identit\u00e4t der betroffenen Person nachweisen musst.<\/p>\n<p>WhiskyFlavour gibt die gesammelten Kontaktdaten nicht an Dritte weiter. Wenn es einen legitimen Grund f\u00fcr die \u00dcbermittlung gibt, wird der Kunde vorher informiert, und die Identit\u00e4t der Empf\u00e4nger und der Zweck der Verarbeitung der \u00fcbermittelten Daten werden ihnen mitgeteilt.<\/p>\n<p>Die \u00dcbermittlung erfolgt nur, wenn die Dritten ausreichende Garantien f\u00fcr die Durchf\u00fchrung geeigneter technischer und organisatorischer Ma\u00dfnahmen bieten, so dass die Verarbeitung den Anforderungen und Verpflichtungen aus den geltenden Datenschutzgesetzen entspricht und die Verteidigung der Rechte der betroffenen Person an den Daten gew\u00e4hrleistet ist.<\/p>\n<h2>Erkl\u00e4rung zur Verantwortung<\/h2>\n<p>WhiskyFlavour erkl\u00e4rt und garantiert ausdr\u00fccklich, dass:<\/p>\n<ul>\n<li>Er geht mit den personenbezogenen Daten, die er von seinen Kund\/innen im Zusammenhang mit der Bereitstellung des Online-Store-Dienstes sammelt, ordnungsgem\u00e4\u00df um;<\/li>\n<li>Pers\u00f6nliche Daten werden rechtm\u00e4\u00dfig und vertraulich behandelt, loyal, transparent und in einer Weise, die ihre Sicherheit garantiert, n\u00e4mlich durch den Zwang, diese pers\u00f6nlichen Daten zu sch\u00fctzen;<\/li>\n<li>Sie ist in der Lage, alle geeigneten technischen und organisatorischen Ma\u00dfnahmen zu ergreifen, damit die Verarbeitung personenbezogener Daten den Anforderungen der geltenden nationalen Gesetzgebung, der Verordnung (EU) 2016\/679 des Europ\u00e4ischen Parlaments und des Rates vom 27.04.2016 (&#8220;GDPR&#8221;), entspricht.<\/li>\n<li>Personenbezogene Daten sind nur f\u00fcr die Ausf\u00fchrung von Bestellungen im Online-Shop bestimmt, wobei nur die f\u00fcr diesen Zweck notwendigen, angemessenen, relevanten und begrenzten Daten erhoben werden;<br \/>\nund. Du h\u00e4ltst deine pers\u00f6nlichen Daten korrekt und auf dem neuesten Stand;<\/li>\n<li>Sie werden die personenbezogenen Daten, auf die Sie Zugriff haben, nicht f\u00fcr andere Zwecke als die in diesen &#8220;Allgemeinen Gesch\u00e4ftsbedingungen&#8221; vorgesehenen verwenden;<\/li>\n<li>Auf Verlangen des Kunden werden diese pers\u00f6nlichen Daten unverz\u00fcglich und effizient gel\u00f6scht.<\/li>\n<\/ul>\n<p>Diese Richtlinie ist ab <strong>Mai<\/strong> <strong>2020<\/strong> g\u00fcltig.[\/vc_column_text][\/vc_column][\/vc_row]<\/p>\n<\/div>","protected":false},"excerpt":{"rendered":"<p>[vc_row][vc_column][vc_column_text css=&#8221;&#8221;]Der Kauf von Produkten im Whiskyflavour Online Store unterliegt den folgenden Bedingungen: Objekt Diese &#8220;Allgemeinen Gesch\u00e4ftsbedingungen&#8221; sollen die Bedingungen&#8230;<\/p>\n","protected":false},"author":1,"featured_media":0,"parent":0,"menu_order":7,"comment_status":"closed","ping_status":"closed","template":"","meta":{"footnotes":""},"class_list":["post-2192","page","type-page","status-publish","hentry"],"_links":{"self":[{"href":"https:\/\/www.whiskyflavour.com\/de\/wp-json\/wp\/v2\/pages\/2192","targetHints":{"allow":["GET"]}}],"collection":[{"href":"https:\/\/www.whiskyflavour.com\/de\/wp-json\/wp\/v2\/pages"}],"about":[{"href":"https:\/\/www.whiskyflavour.com\/de\/wp-json\/wp\/v2\/types\/page"}],"author":[{"embeddable":true,"href":"https:\/\/www.whiskyflavour.com\/de\/wp-json\/wp\/v2\/users\/1"}],"replies":[{"embeddable":true,"href":"https:\/\/www.whiskyflavour.com\/de\/wp-json\/wp\/v2\/comments?post=2192"}],"version-history":[{"count":0,"href":"https:\/\/www.whiskyflavour.com\/de\/wp-json\/wp\/v2\/pages\/2192\/revisions"}],"wp:attachment":[{"href":"https:\/\/www.whiskyflavour.com\/de\/wp-json\/wp\/v2\/media?parent=2192"}],"curies":[{"name":"wp","href":"https:\/\/api.w.org\/{rel}","templated":true}]}}