{"id":2200,"date":"2016-05-09T08:50:25","date_gmt":"2016-05-09T07:50:25","guid":{"rendered":"https:\/\/www.whiskyflavour.com\/privacy-policy-cookies-policy\/"},"modified":"2026-01-26T10:56:12","modified_gmt":"2026-01-26T10:56:12","slug":"privacy-policy","status":"publish","type":"page","link":"https:\/\/www.whiskyflavour.com\/de\/privacy-policy\/","title":{"rendered":"Datenschutzrichtlinie"},"content":{"rendered":"<div class=\"wpb-content-wrapper\"><p>[vc_row][vc_column][vc_column_text css=&#8221;&#8221;]<\/p>\n<h2>Datenschutzrichtlinie<\/h2>\n<p>Deine Privatsph\u00e4re ist uns wichtig. <strong>Whiskyflavour<\/strong> respektiert Ihre Privatsph\u00e4re in Bezug auf alle Informationen, die wir \u00fcber unsere Website <a href=\"https:\/\/www.whiskyflavour.com\/de\/\">whiskyflavour.com<\/a> und andere Websites, die wir besitzen und betreiben, von Ihnen sammeln. <\/p>\n<p>Wir fragen nur dann nach pers\u00f6nlichen Informationen, wenn wir sie wirklich brauchen, um dir einen Service zu bieten. Wir sammeln sie auf faire und rechtm\u00e4\u00dfige Weise, mit deinem Wissen und deiner Zustimmung. Wir informieren Sie auch dar\u00fcber, warum wir die Daten sammeln und wie sie verwendet werden.  <\/p>\n<p>Wir bewahren die gesammelten Informationen nur so lange auf, wie es n\u00f6tig ist, um dir den von dir gew\u00fcnschten Service zu bieten. Die Daten, die wir speichern, sch\u00fctzen wir mit wirtschaftlich vertretbaren Mitteln, um Verlust und Diebstahl sowie unbefugten Zugriff, Offenlegung, Kopieren, Verwendung oder \u00c4nderung zu verhindern. <\/p>\n<p>Wir geben keine pers\u00f6nlichen Daten an die \u00d6ffentlichkeit oder an Dritte weiter, es sei denn, wir sind gesetzlich dazu verpflichtet.<\/p>\n<p>Unsere Website kann Links zu externen Websites enthalten, die nicht von uns betrieben werden. Bitte beachte, dass wir keine Kontrolle \u00fcber den Inhalt und die Praktiken dieser Websites haben und keine Verantwortung oder Haftung f\u00fcr deren Datenschutzrichtlinien \u00fcbernehmen k\u00f6nnen. <\/p>\n<p>Es steht dir frei, unsere Anfrage nach deinen pers\u00f6nlichen Daten abzulehnen, mit dem Verst\u00e4ndnis, dass wir dir einige deiner gew\u00fcnschten Dienstleistungen m\u00f6glicherweise nicht anbieten k\u00f6nnen.<\/p>\n<p>Wenn du unsere Website weiterhin nutzt, gilt dies als Zustimmung zu unseren Praktiken in Bezug auf Datenschutz und pers\u00f6nliche Daten. Wenn du Fragen dazu hast, wie wir mit Nutzerdaten und pers\u00f6nlichen Informationen umgehen, kannst du uns gerne kontaktieren. <\/p>\n<h2><strong>Cookie-Richtlinie<\/strong> f\u00fcr <strong>WhiskyFlavour<\/strong><\/h2>\n<p>Dies ist die Cookie-Richtlinie f\u00fcr <strong>Whiskyflavour<\/strong>, die Sie \u00fcber die URL aufrufen k\u00f6nnen.<\/p>\n<h3>Was sind Cookies?<\/h3>\n<p>Wie bei fast allen professionellen Websites \u00fcblich, verwendet auch diese Website Cookies, d.h. winzige Dateien, die auf Ihren Computer heruntergeladen werden, um Ihr Erlebnis zu verbessern. Diese Seite beschreibt, welche Informationen sie sammeln, wie wir sie verwenden und warum wir diese Cookies manchmal speichern m\u00fcssen. Wir teilen Ihnen auch mit, wie Sie die Speicherung dieser Cookies verhindern k\u00f6nnen. Dies kann jedoch dazu f\u00fchren, dass bestimmte Elemente der Website nicht mehr funktionieren.  <\/p>\n<h3>Wie wir Cookies verwenden<\/h3>\n<p>Wir verwenden Cookies aus einer Reihe von Gr\u00fcnden, die im Folgenden erl\u00e4utert werden. Leider gibt es in den meisten F\u00e4llen keine branchen\u00fcblichen Optionen zur Deaktivierung von Cookies, ohne dass die Funktionen und Merkmale, die sie dieser Website hinzuf\u00fcgen, vollst\u00e4ndig deaktiviert werden. Wir empfehlen Ihnen, alle Cookies zuzulassen, wenn Sie nicht sicher sind, ob Sie sie ben\u00f6tigen oder nicht, falls sie zur Bereitstellung eines von Ihnen genutzten Dienstes verwendet werden.  <\/p>\n<h3>Cookies deaktivieren<\/h3>\n<p>Sie k\u00f6nnen das Setzen von Cookies verhindern, indem Sie die Einstellungen Ihres Browsers anpassen (siehe dazu die Hilfe Ihres Browsers). Beachten Sie, dass die Deaktivierung von Cookies die Funktionalit\u00e4t dieser und vieler anderer Websites, die Sie besuchen, beeintr\u00e4chtigen wird. Die Deaktivierung von Cookies f\u00fchrt in der Regel auch zur Deaktivierung bestimmter Funktionen und Merkmale dieser Website. Es wird daher empfohlen, Cookies nicht zu deaktivieren.   <\/p>\n<h3>Die Cookies, die wir setzen<\/h3>\n<ul>\n<li>Kontobezogene Cookies<\/li>\n<\/ul>\n<p>Wenn Sie ein Konto bei uns anlegen, verwenden wir Cookies f\u00fcr die Verwaltung des Anmeldevorgangs und die allgemeine Verwaltung. Diese Cookies werden in der Regel gel\u00f6scht, wenn Sie sich abmelden. In einigen F\u00e4llen k\u00f6nnen sie jedoch auch danach noch vorhanden sein, um sich an Ihre Website-Einstellungen zu erinnern, wenn Sie abgemeldet sind. <\/p>\n<ul>\n<li>Login-bezogene Cookies<\/li>\n<\/ul>\n<p>Wir verwenden Cookies, wenn du eingeloggt bist, damit wir uns diese Tatsache merken k\u00f6nnen. So musst du dich nicht jedes Mal anmelden, wenn du eine neue Seite besuchst. Diese Cookies werden normalerweise entfernt oder gel\u00f6scht, wenn du dich abmeldest, um sicherzustellen, dass du nur auf eingeschr\u00e4nkte Funktionen und Bereiche zugreifen kannst, wenn du eingeloggt bist.  <\/p>\n<ul>\n<li>Cookies f\u00fcr E-Mail-Newsletter<\/li>\n<\/ul>\n<p>Diese Website bietet einen Newsletter- oder E-Mail-Abonnementdienst an, und Cookies k\u00f6nnen verwendet werden, um sich daran zu erinnern, ob Sie bereits registriert sind und ob bestimmte Benachrichtigungen angezeigt werden sollen, die m\u00f6glicherweise nur f\u00fcr abonnierte\/abgemeldete Benutzer g\u00fcltig sind.<\/p>\n<ul>\n<li>Cookies f\u00fcr die Auftragsbearbeitung<\/li>\n<\/ul>\n<p>Diese Website bietet E-Commerce- oder Zahlungsm\u00f6glichkeiten, und einige Cookies sind unerl\u00e4sslich, um sicherzustellen, dass Ihre Bestellung zwischen den Seiten gespeichert wird, damit wir sie ordnungsgem\u00e4\u00df bearbeiten k\u00f6nnen.<\/p>\n<ul>\n<li>Umfragen-bezogene Cookies<\/li>\n<\/ul>\n<p>Von Zeit zu Zeit bieten wir Benutzerumfragen und Frageb\u00f6gen an, um Ihnen interessante Einblicke und hilfreiche Tools zu bieten oder um unsere Benutzerbasis besser zu verstehen. Diese Umfragen k\u00f6nnen Cookies verwenden, um sich zu merken, wer bereits an einer Umfrage teilgenommen hat, oder um dir genaue Ergebnisse zu liefern, nachdem du die Seite gewechselt hast. <\/p>\n<ul>\n<li>Formulare-bezogene Cookies<\/li>\n<\/ul>\n<p>Wenn Sie Daten \u00fcber ein Formular, z.B. auf Kontaktseiten oder Kommentarformularen, \u00fcbermitteln, k\u00f6nnen Cookies gesetzt werden, um Ihre Benutzerdaten f\u00fcr zuk\u00fcnftige Korrespondenz zu speichern.<\/p>\n<ul>\n<li>Cookies f\u00fcr Website-Einstellungen<\/li>\n<\/ul>\n<p>Um Ihnen ein optimales Erlebnis auf dieser Website zu bieten, stellen wir Ihnen die M\u00f6glichkeit zur Verf\u00fcgung, Ihre Pr\u00e4ferenzen f\u00fcr den Betrieb dieser Website festzulegen, wenn Sie sie nutzen. Damit wir uns Ihre Pr\u00e4ferenzen merken k\u00f6nnen, m\u00fcssen wir Cookies setzen, damit diese Informationen aufgerufen werden k\u00f6nnen, wenn Sie eine Seite aufrufen, die von Ihren Pr\u00e4ferenzen betroffen ist. <\/p>\n<h3>Cookies von Dritten<\/h3>\n<p>In einigen besonderen F\u00e4llen verwenden wir auch Cookies, die von vertrauensw\u00fcrdigen Drittanbietern bereitgestellt werden. Im folgenden Abschnitt erfahren Sie, welche Cookies von Drittanbietern Sie auf dieser Website finden k\u00f6nnen. <\/p>\n<ul>\n<li>Diese Website verwendet Google Analytics, eine der am weitesten verbreiteten und vertrauensw\u00fcrdigsten Analysel\u00f6sungen im Internet, die uns hilft zu verstehen, wie Sie die Website nutzen und wie wir Ihre Erfahrung verbessern k\u00f6nnen. Diese Cookies k\u00f6nnen z.B. aufzeichnen, wie lange Sie auf der Website verweilen und welche Seiten Sie besuchen, damit wir weiterhin ansprechende Inhalte erstellen k\u00f6nnen.  Weitere Informationen zu Google Analytics Cookies findest du auf der offiziellen Google Analytics Seite.<\/li>\n<li>Analyseprogramme von Drittanbietern werden verwendet, um die Nutzung dieser Website zu verfolgen und zu messen, damit wir weiterhin ansprechende Inhalte erstellen k\u00f6nnen. Diese Cookies k\u00f6nnen z. B. erfassen, wie lange Sie auf der Website bleiben oder welche Seiten Sie besuchen. Das hilft uns zu verstehen, wie wir die Website f\u00fcr Sie verbessern k\u00f6nnen. <\/li>\n<li>Von Zeit zu Zeit testen wir neue Funktionen und nehmen subtile \u00c4nderungen an der Art und Weise vor, wie die Website bereitgestellt wird. Wenn wir noch neue Funktionen testen, k\u00f6nnen diese Cookies verwendet werden, um sicherzustellen, dass Sie auf der Website ein einheitliches Erlebnis haben, und um zu verstehen, welche Optimierungen unsere Benutzer am meisten sch\u00e4tzen. <\/li>\n<li>Da wir Produkte verkaufen, ist es f\u00fcr uns wichtig, Statistiken dar\u00fcber zu erstellen, wie viele der Besucher unserer Website einen Kauf t\u00e4tigen. Das ist wichtig f\u00fcr dich, denn es bedeutet, dass wir genaue Gesch\u00e4ftsprognosen erstellen k\u00f6nnen, die es uns erm\u00f6glichen, unsere Werbe- und Produktkosten zu \u00fcberwachen, um den bestm\u00f6glichen Preis zu gew\u00e4hrleisten. <\/li>\n<li>Der Google AdSense-Dienst, den wir zur Schaltung von Werbung nutzen, verwendet ein DoubleClick-Cookie, um relevantere Anzeigen im Internet zu schalten und die Anzahl der Anzeigen zu begrenzen.<br \/>\nWeitere Informationen zu Google AdSense finden Sie in den offiziellen Google AdSense-FAQ zum Datenschutz.<\/li>\n<li>Wir nutzen Werbeanzeigen, um die Kosten f\u00fcr den Betrieb dieser Seite zu decken und die Weiterentwicklung zu finanzieren. Die Cookies f\u00fcr verhaltensbasierte Werbung, die auf dieser Website verwendet werden, sollen sicherstellen, dass wir dir m\u00f6glichst relevante Werbung zeigen, indem wir anonym deine Interessen verfolgen und \u00e4hnliche Dinge pr\u00e4sentieren, die dich interessieren k\u00f6nnten. <\/li>\n<li>Mehrere Partner werben in unserem Namen, und mit Hilfe von Cookies zur Nachverfolgung von Partnerschaften k\u00f6nnen wir einfach feststellen, ob unsere Kunden \u00fcber eine unserer Partnerseiten auf die Website gekommen sind, damit wir ihnen eine entsprechende Gutschrift erteilen k\u00f6nnen und, falls zutreffend, unseren Partnern die M\u00f6glichkeit geben, Ihnen einen Bonus f\u00fcr einen Kauf zu gew\u00e4hren.<\/li>\n<li>Wir verwenden auf dieser Seite auch Social-Media-Schaltfl\u00e4chen und\/oder Plugins, die es dir erm\u00f6glichen, dich auf verschiedene Weise mit deinem sozialen Netzwerk zu verbinden. Damit diese funktionieren, setzen die folgenden Social-Media-Websites, einschlie\u00dflich Facebook, Instagram, Twitter, Pinterest, Tumblr usw., \u00fcber unsere Website Cookies, die dazu verwendet werden k\u00f6nnen, Ihr Profil auf ihrer Website zu verbessern oder zu den Daten beizutragen, die sie f\u00fcr verschiedene Zwecke speichern, die in ihren jeweiligen Datenschutzrichtlinien beschrieben sind. <\/li>\n<\/ul>\n<h2>Mehr Informationen<\/h2>\n<p>Wie bereits erw\u00e4hnt, ist es in der Regel sicherer, die Cookies aktiviert zu lassen, wenn Sie sich nicht sicher sind, ob Sie etwas ben\u00f6tigen oder nicht, f\u00fcr den Fall, dass es mit einer der Funktionen, die Sie auf unserer Website nutzen, interagiert.<\/p>\n<p>Diese Richtlinie ist ab <strong>Mai<\/strong> <strong>2020<\/strong> g\u00fcltig.[\/vc_column_text][\/vc_column][\/vc_row]<\/p>\n<\/div>","protected":false},"excerpt":{"rendered":"<p>[vc_row][vc_column][vc_column_text css=&#8221;&#8221;] Datenschutzrichtlinie Deine Privatsph\u00e4re ist uns wichtig. Whiskyflavour respektiert Ihre Privatsph\u00e4re in Bezug auf alle Informationen, die wir \u00fcber&#8230;<\/p>\n","protected":false},"author":1,"featured_media":0,"parent":0,"menu_order":8,"comment_status":"closed","ping_status":"closed","template":"","meta":{"footnotes":""},"class_list":["post-2200","page","type-page","status-publish","hentry"],"_links":{"self":[{"href":"https:\/\/www.whiskyflavour.com\/de\/wp-json\/wp\/v2\/pages\/2200","targetHints":{"allow":["GET"]}}],"collection":[{"href":"https:\/\/www.whiskyflavour.com\/de\/wp-json\/wp\/v2\/pages"}],"about":[{"href":"https:\/\/www.whiskyflavour.com\/de\/wp-json\/wp\/v2\/types\/page"}],"author":[{"embeddable":true,"href":"https:\/\/www.whiskyflavour.com\/de\/wp-json\/wp\/v2\/users\/1"}],"replies":[{"embeddable":true,"href":"https:\/\/www.whiskyflavour.com\/de\/wp-json\/wp\/v2\/comments?post=2200"}],"version-history":[{"count":0,"href":"https:\/\/www.whiskyflavour.com\/de\/wp-json\/wp\/v2\/pages\/2200\/revisions"}],"wp:attachment":[{"href":"https:\/\/www.whiskyflavour.com\/de\/wp-json\/wp\/v2\/media?parent=2200"}],"curies":[{"name":"wp","href":"https:\/\/api.w.org\/{rel}","templated":true}]}}