{"id":21370,"date":"2025-10-14T16:35:20","date_gmt":"2025-10-14T15:35:20","guid":{"rendered":"https:\/\/www.whiskyflavour.com\/shop\/whiskyflavour-advent-calendar\/"},"modified":"2026-01-26T12:39:47","modified_gmt":"2026-01-26T12:39:47","slug":"whisky-erlebnis-kalender","status":"publish","type":"product","link":"https:\/\/www.whiskyflavour.com\/de\/shop\/whisky-erlebnis-kalender\/","title":{"rendered":"Whisky-Adventskalender"},"content":{"rendered":"<h2>Whiskey Adventskalender von WhiskyFlavour &#8211; Die 2025 Edition<\/h2>\n<p>Der WhiskyFlavour Whiskey-Adventskalender wird Ihnen definitiv mehr Freude in die Feiertage bringen. Erinnern Sie sich noch an die Wochen vor Weihnachten, als Sie die Tage mit einem Schokoladen-Adventskalender gez\u00e4hlt haben? Nun, wir haben uns ein wenig in die Dram Street begeben, um einen Kalender auf den Markt zu bringen, den alle Whisky-Liebhaber unbedingt haben sollten!  <\/p>\n<p>Jeden Tag, den ganzen Dezember lang, packen Sie einen einzigartigen Gegenstand aus&#8230; WhiskyFlavour-Stil! Entweder Sie nehmen die Schachtel ab und finden darin originalgetreue Whisky-Miniaturen, ein Tablett zur Whisky-Verkostung oder einen Korkuntersetzer.  <\/p>\n<p>Auch wenn es nicht Weihnachten ist, ist unser Miniatur-Whiskey-Adventskalender vielleicht das perfekte Geschenk f\u00fcr einen Whiskey-Liebhaber, um 24 Miniaturen mit nur einem Kauf zu sammeln oder als Gelegenheit, Whiskey von Brennereien aus der ganzen Welt zu probieren. Schlie\u00dflich ist Weihnachten, wenn man es sich w\u00fcnscht! <\/p>\n<p>&nbsp;<\/p>\n<h2>In diesem Whiskey-Verkostungs-Adventskalender<\/h2>\n<p>Unser Whiskey-Adventskalender ist mehr als ein Countdown bis Weihnachten mit Miniaturflaschen Whiskey. In Anlehnung an das Konzept der traditionellen Adventskalender, insbesondere derjenigen mit Schokolade, wird dieser Adventskalender mit Whiskey-Verkostung Ihnen mehr Freude an den Feiertagen bringen &#8211; oder an anderen regelm\u00e4\u00dfigen Tagen. <\/p>\n<p>Bei den traditionellen Adventskalendern \u00f6ffnet man ein Fenster oder ein T\u00fcrchen, um eine neue Leckerei zu entdecken, und zwar f\u00fcr jeden Tag bis zum Heiligen Abend im Dezember. Mit unserem Kalender k\u00f6nnen Sie 25 Tage lang an jedem Tag eine originelle Whiskey-Miniatur und eine Flasche in Originalgr\u00f6\u00dfe \u00f6ffnen. <\/p>\n<p>Dieser Whiskey-Adventskalender bietet jedoch mehr als nur Whiskey.<\/p>\n<p>&nbsp;<\/p>\n<h3>Was ist in diesem fr\u00f6hlichen Whiskey-Adventskalender enthalten?<\/h3>\n<p>Auch wenn noch nicht Weihnachten ist, finden Sie in unserem Whiskey-Adventskalender hochwertige Whiskey-Miniaturen und Zubeh\u00f6r rund um den Whiskey.<\/p>\n<p>Sie k\u00f6nnen davon ausgehen, dass diese Auswahl einzigartiger Whiskey-Ausdr\u00fccke Ihren Whiskey-Liebhabern jedes Mal den Atem rauben wird, wenn Sie einen Artikel aus dem Kalender nehmen.<\/p>\n<p>Das erhalten Sie mit diesem Whiskey-Adventskalender:<\/p>\n<ul>\n<li><strong>24 originelle Whiskey-Miniaturen<\/strong> von Brennereien aus der ganzen Welt.<\/li>\n<li><strong>1 Flasche Whiskey in Originalgr\u00f6\u00dfe,<\/strong> sorgf\u00e4ltig ausgew\u00e4hlt, um Ihre Tage noch besser zu machen.<\/li>\n<li><strong>2 Korkuntersetzer, <\/strong>um die M\u00f6bel stilvoll zu sch\u00fctzen.<\/li>\n<li><strong>1 Whiskey-Verkostungstablett<\/strong>, damit Sie die Geschmacksnoten und Aromen in jeder Miniatur leichter erkennen k\u00f6nnen.<\/li>\n<\/ul>\n<p><em>*Das Bild dient nur zur Veranschaulichung. Die Miniatur-Whisky-Flaschen auf dem Bild sind m\u00f6glicherweise nicht die, die wir f\u00fcr den Versand ausgew\u00e4hlt haben. <\/em><\/p>\n<p>&nbsp;<\/p>\n<h3>World Whiskey Adventskalender<\/h3>\n<p>In unserem Whiskey-Adventskalender finden Sie Miniaturflaschen von Destillerien aus der ganzen Welt. Wir haben unsere Auswahl aus verschiedenen Whiskey produzierenden L\u00e4ndern sorgf\u00e4ltig zusammengestellt, damit Sie so viele verschiedene Sorten wie m\u00f6glich probieren k\u00f6nnen. <\/p>\n<p>Von renommierten Brennereien mit mehrfach preisgekr\u00f6nten Whiskeys bis hin zu Whiskeys aus aufstrebenden Brennereien und Whiskeys aus verschiedenen Regionen der Welt: Sie erhalten Whiskeys aus Schottland und Irland (nat\u00fcrlich), den USA (vertreten durch Bourbon und Tennessee), Japan, Indien, Peru, Frankreich, Deutschland und vielen anderen L\u00e4ndern!<\/p>\n<p>Je nach Herstellung erhalten Sie Roggenwhiskey, Single Grain, Single Malt oder Blended Whiskey, dreifach destillierten Whiskey, Single Barrel, Small Batch oder Straight Bourbon. Alle Sorten werden in gebrandeten Miniaturflaschen geliefert &#8211; mit 5cl (1,69 oz), etwas mehr als Whiskey-Proben. <\/p>\n<p>&nbsp;<\/p>\n<h3>Machen Sie daraus einen DIY Whiskey-Adventskalender, wenn Sie m\u00f6chten!<\/h3>\n<p>Unser Whiskey-Kalender f\u00fchrt Sie zu Weihnachten wie kein anderer. Neben all den einzigartigen Expressionen und Whiskey-Accessoires kann dieser Whiskey-Verkostungs-Adventskalender der Ansto\u00df f\u00fcr Sie sein, einen DIY-Whiskey-Adventskalender zu basteln&#8230; Oder zumindest die H\u00e4lfte davon! Zwei Dinge sind sicher: Die Aufgabe, 24 Miniaturflaschen zu finden, \u00fcbernehmen wir f\u00fcr Sie, und wir schicken Ihnen die Holzstruktur.   <\/p>\n<p><em><strong>Aufgrund der Versandbedingungen kann die Holzstruktur nicht fertig montiert verschickt werden.<\/strong><\/em>  Bevor Sie die Struktur zusammenbauen, k\u00f6nnen Sie planen, wie Sie einen DIY Whiskey-Adventskalender gestalten. Die gesamte Struktur besteht aus Holz, einem Material, das sich wunderbar zum Bemalen oder Decoupage (eine Technik, bei der Papier auf Holz geklebt wird, um es nat\u00fcrlich aussehen zu lassen) eignet. <\/p>\n<p>Sie k\u00f6nnen die Zahlen auch eingravieren lassen, um die Adventstage zu kennzeichnen, oder sie einfach mit Aufklebern, Anh\u00e4ngern oder Rubbellosen anbringen.<\/p>\n<p><em>*Trotz dieser Ideen f\u00fcr einen Whiskey-Adventskalender zum Selbermachen \u00fcbernehmen wir keine Verantwortung f\u00fcr Sch\u00e4den, die nach der Lieferung am Whiskey-Adventskalender entstehen.<\/em><\/p>\n<p>&nbsp;<\/p>\n<h4>Dies ist mehr als ein Whiskey-Adventskalender, es ist ein exquisites Erlebnis f\u00fcr die Feiertage &#8211; oder jeden anderen normalen Tag!<\/h4>\n","protected":false},"excerpt":{"rendered":"<p>Whiskey Adventskalender von WhiskyFlavour &#8211; Die 2025 Edition Der WhiskyFlavour Whiskey-Adventskalender wird Ihnen definitiv mehr Freude in die Feiertage bringen&#8230;.<\/p>\n","protected":false},"featured_media":33691,"comment_status":"open","ping_status":"closed","template":"","meta":[],"product_brand":[],"product_cat":[14464,14421,4802],"product_tag":[],"class_list":{"0":"post-21370","1":"product","2":"type-product","3":"status-publish","4":"has-post-thumbnail","6":"product_cat-whiskey-kalender","7":"product_cat-whiskey-verkostung","8":"product_cat-whisky-gift-de","9":"product_shipping_class-advent-calendar-de","11":"first","12":"instock","13":"taxable","14":"shipping-taxable","15":"purchasable","16":"product-type-simple"},"_links":{"self":[{"href":"https:\/\/www.whiskyflavour.com\/de\/wp-json\/wp\/v2\/product\/21370","targetHints":{"allow":["GET"]}}],"collection":[{"href":"https:\/\/www.whiskyflavour.com\/de\/wp-json\/wp\/v2\/product"}],"about":[{"href":"https:\/\/www.whiskyflavour.com\/de\/wp-json\/wp\/v2\/types\/product"}],"replies":[{"embeddable":true,"href":"https:\/\/www.whiskyflavour.com\/de\/wp-json\/wp\/v2\/comments?post=21370"}],"wp:featuredmedia":[{"embeddable":true,"href":"https:\/\/www.whiskyflavour.com\/de\/wp-json\/wp\/v2\/media\/33691"}],"wp:attachment":[{"href":"https:\/\/www.whiskyflavour.com\/de\/wp-json\/wp\/v2\/media?parent=21370"}],"wp:term":[{"taxonomy":"product_brand","embeddable":true,"href":"https:\/\/www.whiskyflavour.com\/de\/wp-json\/wp\/v2\/product_brand?post=21370"},{"taxonomy":"product_cat","embeddable":true,"href":"https:\/\/www.whiskyflavour.com\/de\/wp-json\/wp\/v2\/product_cat?post=21370"},{"taxonomy":"product_tag","embeddable":true,"href":"https:\/\/www.whiskyflavour.com\/de\/wp-json\/wp\/v2\/product_tag?post=21370"}],"curies":[{"name":"wp","href":"https:\/\/api.w.org\/{rel}","templated":true}]}}