{"id":2328,"date":"2016-05-01T21:20:50","date_gmt":"2016-05-01T20:20:50","guid":{"rendered":"https:\/\/www.whiskyflavour.com\/whisky-tasting\/whisky-flavour-18years\/"},"modified":"2026-01-26T12:51:32","modified_gmt":"2026-01-26T12:51:32","slug":"whisky-abonnement-box","status":"publish","type":"product","link":"https:\/\/www.whiskyflavour.com\/de\/shop\/whisky-abonnement-box\/","title":{"rendered":"Whisky Abo-Box"},"content":{"rendered":"<h2>Die Whiskey Tasting Box von Whisky Flavour &#8211; 4 Miniaturen von Brennereien aus der ganzen Welt<\/h2>\n<p>Wenn Sie die besten Whiskys der Welt kennenlernen m\u00f6chten, ist das Abonnement unserer Whiskey Tasting Box der beste Weg, um exklusive Whiskys aus den renommiertesten Destillerien der Welt zu entdecken, darunter schottische, irische, amerikanische und viele andere!<\/p>\n<p>Wir von Whisky Flavour haben ein erschwingliches Abonnementsystem entwickelt, das unsere Kunden aus aller Welt begeistert hat! Dieses Abonnement f\u00fcr Whiskey-Verkostungen ist perfekt, um sich selbst zu verw\u00f6hnen oder ein sch\u00f6nes Geschenk zu machen! Wenn Sie ein Whiskey-Kenner sind oder jemand, der immer auf der Suche nach allen Arten von Whiskey ist, nach Whiskey-Marken aus dem Untergrund, nach neuen Sorten und nach Oldtimern, dann ist unsere Whiskey-Tasting-Box genau das Richtige f\u00fcr Sie und Ihr Budget.  <\/p>\n<p>Lassen Sie uns nun dar\u00fcber sprechen, was Sie bekommen, wenn Sie sich f\u00fcr diesen praktischen Service anmelden!<\/p>\n<p>&nbsp;<\/p>\n<h2>Bestellen Sie es einmalig oder machen Sie daraus ein Whiskey-Verkostungsabonnement<\/h2>\n<p>Zun\u00e4chst einmal erhalten Sie jeden Monat gro\u00dfartige Whiskey-Ausdr\u00fccke!<\/p>\n<p>In jeder Schachtel befinden sich 4 Original-Whiskey-Miniaturen. Sie k\u00f6nnen v\u00f6llig geheimnisvoll sein, oder wir k\u00f6nnen bei der Auswahl der Whiskey-Miniaturen, die Ihnen geliefert werden, Ihre Vorlieben im Kopf haben. Schicken Sie uns einfach eine E-Mail mit Ihren Geschmacksvorlieben oder der Art des Whiskeys, den Sie unbedingt probieren m\u00f6chten.  <\/p>\n<p>Unter unseren Optionen <strong>k\u00f6nnen Sie w\u00e4hlen, wie lange Sie unser Abonnement f\u00fcr Whiskey-Verkostungen erhalten m\u00f6chten<\/strong>:<\/p>\n<ul>\n<li>Nur einmal.<\/li>\n<li>Einmal im Monat f\u00fcr drei Monate.<\/li>\n<li>Einmal im Monat f\u00fcr sechs Monate.<\/li>\n<li>Einmal im Monat f\u00fcr ein Jahr.<\/li>\n<\/ul>\n<p>Nicht nur der Whiskey ist au\u00dfergew\u00f6hnlich, auch unsere Box ist nicht einfach nur eine weitere. Wir haben uns mit lokalen Produzenten und Holzhandwerkern zusammengetan, um eine <strong>moderne und minimalistische Holzkiste<\/strong> zu entwerfen. Sie ist widerstandsf\u00e4hig, so dass sie Ihre Whiskey-Miniaturen w\u00e4hrend der Lieferung sch\u00fctzt und danach wiederverwendet werden kann. Behalten Sie sie auf jeden Fall: Sie ist ein gro\u00dfartiges Andenken, das mit Sorgfalt hergestellt wurde.   <\/p>\n<p>Diese <strong>Whiskey-Verkostungsbox wiegt 1,5 Kilogramm<\/strong> und wird Ihnen nach Ihren W\u00fcnschen zugeschickt.<\/p>\n<p>Wir bieten unseren Kunden alle Optionen, damit das Abonnement ihren Bed\u00fcrfnissen entspricht, denn wir wissen, dass jeder Whiskey-Kenner einzigartig ist.<\/p>\n<p>&nbsp;<\/p>\n<h3>Hinweise zu unserer Whiskey Tasting Box<\/h3>\n<p>Wenn ein paar Spoiler nicht Ihr Ding sind, \u00fcberspringen Sie diesen Teil! Wir werden nicht alles \u00fcber unsere Whiskey-Verkostungsbox enth\u00fcllen, aber wir hinterlassen ein paar Brotkrumen, damit Sie diese Gelegenheit nicht v\u00f6llig verpassen. <\/p>\n<ul>\n<li>Unsere Whiskey-Miniaturen sind <strong>originalverpackt und in 5cl (1,69oz) Flaschen abgef\u00fcllt<\/strong>.<\/li>\n<li>Wir bieten gerne eine gro\u00dfe Auswahl an Whiskey an, die auch <strong>Whiskeymarken aus verschiedenen Teilen der Welt<\/strong> umfasst, die \u00fcber die traditionellen Whiskeysorten hinausgehen. Fr\u00fchere Kunden haben zum Beispiel Whiskey-Ausdr\u00fccke von Marken wie Black Whiskey, Langatun und Armorik Whisky erhalten. <\/li>\n<li>Wir suchen nach Whiskey-Ausdr\u00fccken, die <strong>entweder Klassiker oder erstklassige Whiskeys<\/strong> sind, die jeder mindestens einmal im Leben probieren sollte.<\/li>\n<li>Wir behalten die \u00dcbersicht \u00fcber die bereits an Sie gesendeten Boxen, so dass <strong>Sie nicht zweimal denselben Whiskey erhalten<\/strong> (es sei denn, Sie m\u00f6chten das wirklich).<\/li>\n<li><strong>Wir nehmen Anfragen bez\u00fcglich der Art des Whiskeys, des Alters der Expressions und der Geschmacksrichtungen, die Sie am liebsten m\u00f6gen<\/strong>, entgegen, damit wir Ihnen keine Whiskey-Miniaturen schicken, die Ihnen definitiv nicht gefallen werden.<\/li>\n<\/ul>\n<p>&nbsp;<\/p>\n<h3>Whiskey Tasting Box &#8211; Verschenken Sie sie!<\/h3>\n<p>Ein Abonnement f\u00fcr Whiskey-Verkostungen ist eine wunderbare Geschenkidee f\u00fcr jeden, der Whiskey wirklich genie\u00dft. Wir w\u00fcrden nat\u00fcrlich nichts anderes sagen, aber <strong>wir k\u00f6nnen die Whiskey-Verkostungsbox &#8211; oder Boxen &#8211; an die Adresse schicken, die Sie<\/strong> beim Kauf <strong>angeben<\/strong>. Und wir k\u00f6nnen dem Paket auch eine einfache Notiz beif\u00fcgen, um es noch pers\u00f6nlicher zu machen.  <\/p>\n<p>Unsere Whiskey-Abonnement-Box ist sowohl f\u00fcr Whiskey-Kenner als auch f\u00fcr Menschen geeignet, die gerade erst auf den Geschmack kommen. Da <strong>unsere Auswahl an Whiskey-Miniaturen wirklich einzigartig ist<\/strong>, erhalten Sie vielleicht klassische Abf\u00fcllungen und Whiskey aus Brennereien aus L\u00e4ndern, die normalerweise nicht mit Whiskey in Verbindung gebracht werden. <\/p>\n<p>Neben all dem Whiskey, den Ihr Liebster, Freund oder Kollege verkosten wird,<strong> ist die Holzkiste perfekt, um wiederverwendet<\/strong> zu<strong> werden<\/strong> und ihr pers\u00f6nliches Whiskey-Tasting-Set aufzubewahren.<\/p>\n<p>Wenn Sie kein <strong>Abonnement ab<\/strong>schlie\u00dfen m\u00f6chten, k\u00f6nnen Sie auch<strong> nur eine Whiskey-Verkostungsbox<\/strong> als Geschenk f\u00fcr einen Whiskey-Liebhaber<strong> bestellen<\/strong>!<\/p>\n<p>&nbsp;<\/p>\n<h2>Whiskey Tasting Abonnement- Von Whiskey-Liebhabern f\u00fcr Whiskey-Liebhaber<\/h2>\n<p>Das Team von Whisky Flavour hat es sich zur Aufgabe gemacht, die weltweit besten Whiskey-Ausdr\u00fccke von Marken zu liefern, die nicht leicht zu finden sind. Wir setzen alles daran, unseren Kunden eine Auswahl an Whiskey-Miniaturen zu bieten, von denen wir glauben, dass Sie begeistert sein werden.<\/p>\n<p>Wir sind stolz auf unseren Whiskey-Abonnementservice und unsere Whiskey-Verkostungsbox, da sie Menschen aus allen Gesellschaftsschichten Zugang zu au\u00dfergew\u00f6hnlichen Whiskeys verschafft, die sie sonst vielleicht nicht probieren k\u00f6nnten.<\/p>\n<p>&nbsp;<\/p>\n<h3 style=\"text-align: center;\">Melden Sie sich jetzt f\u00fcr ein Abonnement der Whiskey Tasting Box von Whisky Flavour an!<\/h3>\n<p>&nbsp;<\/p>\n<p>&nbsp;<\/p>\n<h2>FAQ \u00fcber unsere Whiskey-Verkostungsbox<\/h2>\n<p>&nbsp;<\/p>\n<h3>In welche L\u00e4nder liefern Sie sie? Und wann werde ich meine Whiskey Tasting Box erhalten? <\/h3>\n<p>Wir versenden weltweit! Die Lieferzeit h\u00e4ngt also von der Adresse ab, die Sie angegeben haben. Wir versenden von Portugal aus, und es dauert in der Regel zwischen 5 und 10 Werktagen, bis wir bei Ihnen sind!  <\/p>\n<p>Wir empfehlen Ihnen, Ihre Bestellung vor dem 24. eines Monats aufzugeben, da wir alle Bestellungen bis zum 7. des Folgemonats versenden.<\/p>\n<p>&nbsp;<\/p>\n<h3>Kann ich meine Bestellung verfolgen?<\/h3>\n<p>Ja! Wir versenden Ihre Whiskey-Degustationsbox per Einschreiben und Sie erhalten eine E-Mail mit dem notwendigen Link und Code, um die Reise Ihrer Whiskey-Box zu verfolgen. <\/p>\n<p>&nbsp;<\/p>\n<p>Haben Sie noch Fragen zu unserem Whiskey-Verkostungsabo? Besuchen Sie unsere FAQ-Seite oder senden Sie uns eine E-Mail. Wir werden sicherstellen, dass wir Ihnen rechtzeitig antworten.  <\/p>\n","protected":false},"excerpt":{"rendered":"<p>Die Whiskey Tasting Box von Whisky Flavour &#8211; 4 Miniaturen von Brennereien aus der ganzen Welt Wenn Sie die besten&#8230;<\/p>\n","protected":false},"featured_media":20606,"comment_status":"open","ping_status":"closed","template":"","meta":[],"product_brand":[],"product_cat":[14420,14421,4802],"product_tag":[],"class_list":{"0":"post-2328","1":"product","2":"type-product","3":"status-publish","4":"has-post-thumbnail","6":"product_cat-whiskey-abonnement","7":"product_cat-whiskey-verkostung","8":"product_cat-whisky-gift-de","10":"first","11":"instock","12":"taxable","13":"shipping-taxable","14":"purchasable","15":"product-type-variable-subscription"},"_links":{"self":[{"href":"https:\/\/www.whiskyflavour.com\/de\/wp-json\/wp\/v2\/product\/2328","targetHints":{"allow":["GET"]}}],"collection":[{"href":"https:\/\/www.whiskyflavour.com\/de\/wp-json\/wp\/v2\/product"}],"about":[{"href":"https:\/\/www.whiskyflavour.com\/de\/wp-json\/wp\/v2\/types\/product"}],"replies":[{"embeddable":true,"href":"https:\/\/www.whiskyflavour.com\/de\/wp-json\/wp\/v2\/comments?post=2328"}],"wp:featuredmedia":[{"embeddable":true,"href":"https:\/\/www.whiskyflavour.com\/de\/wp-json\/wp\/v2\/media\/20606"}],"wp:attachment":[{"href":"https:\/\/www.whiskyflavour.com\/de\/wp-json\/wp\/v2\/media?parent=2328"}],"wp:term":[{"taxonomy":"product_brand","embeddable":true,"href":"https:\/\/www.whiskyflavour.com\/de\/wp-json\/wp\/v2\/product_brand?post=2328"},{"taxonomy":"product_cat","embeddable":true,"href":"https:\/\/www.whiskyflavour.com\/de\/wp-json\/wp\/v2\/product_cat?post=2328"},{"taxonomy":"product_tag","embeddable":true,"href":"https:\/\/www.whiskyflavour.com\/de\/wp-json\/wp\/v2\/product_tag?post=2328"}],"curies":[{"name":"wp","href":"https:\/\/api.w.org\/{rel}","templated":true}]}}