{"id":6373,"date":"2025-10-14T09:10:27","date_gmt":"2025-10-14T08:10:27","guid":{"rendered":"https:\/\/www.whiskyflavour.com\/faq\/"},"modified":"2026-02-13T07:58:14","modified_gmt":"2026-02-13T07:58:14","slug":"faq","status":"publish","type":"page","link":"https:\/\/www.whiskyflavour.com\/es\/faq\/","title":{"rendered":"Preguntas Frecuentes"},"content":{"rendered":"<div class=\"wpb-content-wrapper\"><p>[vc_row][vc_column width=&#8221;1\/2&#8243;][vc_custom_heading text=&#8221;\u00bfC\u00f3mo funciona la suscripci\u00f3n a Sabores de Whisky?&#8221; font_container=&#8221;tag:h3|text_align:left&#8221; use_theme_fonts=&#8221;yes&#8221; css=&#8221;&#8221;][vc_column_text css=&#8221;&#8221;]Es s\u00faper f\u00e1cil. He aqu\u00ed c\u00f3mo: <\/p>\n<ol>\n<li><strong>Selecciona tu <span data-sheets-root=\"1\">suscripci\u00f3n a la caja de Whiskey<\/span> favorita<\/strong>:\n<ul>\n<li>Decide qu\u00e9 edades de Whiskey quieres en tus miniaturas.<\/li>\n<li>Selecciona la caja de degustaci\u00f3n que se ajuste a tus preferencias.<\/li>\n<\/ul>\n<\/li>\n<li><strong>Haz tu pedido<\/strong>:\n<ul>\n<li>Cada caja contiene al menos 4 miniaturas.<\/li>\n<li>Completa tu compra y proporciona la informaci\u00f3n necesaria.<\/li>\n<\/ul>\n<\/li>\n<li><strong>Recibe y disfruta<\/strong>:\n<ul>\n<li>Recibir\u00e1s tu <span data-sheets-root=\"1\">caja de Whiskey <\/span>y podr\u00e1s probar los distintos whiskies.<\/li>\n<li>Nunca repetimos las mismas botellas en miniatura, lo que garantiza una experiencia de degustaci\u00f3n \u00fanica cada vez.<\/li>\n<\/ul>\n<\/li>\n<\/ol>\n<p>[\/vc_column_text][\/vc_column][vc_column width=&#8221;1\/2&#8243;][vc_custom_heading text=&#8221;\u00bfPuedo ofrecer una suscripci\u00f3n a una caja de Whiskey como regalo?&#8221; font_container=&#8221;tag:h3|text_align:left&#8221; use_theme_fonts=&#8221;yes&#8221; css=&#8221;&#8221;][vc_column_text css=&#8221;&#8221;]\u00a1Por supuesto! Ponte en contacto con nosotros primero para que podamos asegurarnos de que la caja de degustaci\u00f3n se entrega como regalo. <\/p>\n<p>Una suscripci\u00f3n de Whisky Flavour ser\u00e1 sin duda apreciada por tus seres queridos, amigos o colegas. Creemos que es un gran regalo para los amantes del Whiskey, y el envoltorio es excelente.[\/vc_column_text][\/vc_column][\/vc_row][vc_row][vc_column width=&#8221;1\/2&#8243;][vc_custom_heading text=&#8221;\u00bfCu\u00e1ntas miniaturas de Whiskey recibir\u00e9?&#8221; font_container=&#8221;tag:h3|text_align:left&#8221; use_theme_fonts=&#8221;yes&#8221; css=&#8221;&#8221;][vc_column_text css=&#8221;&#8221;]Dentro de cada <span data-sheets-root=\"1\">caja de suscripci\u00f3n de Whiskey<\/span>, encontrar\u00e1s al menos 4 botellas originales de whiskey en miniatura. Ocasionalmente, puedes encontrar m\u00e1s, dependiendo del valor de las botellas en miniatura.<\/p>\n<p>A veces, \u00a1s\u00f3lo queremos sorprenderte![\/vc_column_text][\/vc_column][vc_column width=&#8221;1\/2&#8243;][vc_custom_heading text=&#8221;\u00bfC\u00f3mo puedo rastrear mi pedido?&#8221; font_container=&#8221;tag:h3|text_align:left&#8221; use_theme_fonts=&#8221;yes&#8221; css=&#8221;&#8221;][vc_column_text css=&#8221;&#8221;]Como todos los pedidos se env\u00edan por correo certificado, recibir\u00e1s un correo electr\u00f3nico con la informaci\u00f3n necesaria para hacer el seguimiento de tu pedido.<\/p>\n<p>Si sigues teniendo preguntas, no has recibido el correo electr\u00f3nico o no sabes c\u00f3mo proceder, ponte en contacto con nosotros.[\/vc_column_text][\/vc_column][\/vc_row][vc_row][vc_column width=&#8221;1\/2&#8243;][vc_custom_heading text=&#8221;\u00bfCu\u00e1ndo recibir\u00e9 mi caja de suscripci\u00f3n al Whiskey?&#8221; font_container=&#8221;tag:h3|text_align:left&#8221; use_theme_fonts=&#8221;yes&#8221; css=&#8221;&#8221;][vc_column_text css=&#8221;&#8221;]Dependiendo de tu pa\u00eds, puedes tardar entre 5 y 10 d\u00edas laborables en recibir tu suscripci\u00f3n a la caja de whisky.<\/p>\n<p>Tienes que hacer tu pedido antes del 24 de cada mes. Todos los pedidos se env\u00edan antes del d\u00eda 7 del mes siguiente.[\/vc_column_text][\/vc_column][vc_column width=&#8221;1\/2&#8243;][vc_custom_heading text=&#8221;\u00bfQu\u00e9 m\u00e9todos de env\u00edo est\u00e1n disponibles y cu\u00e1les son los costos del env\u00edo?&#8221; font_container=&#8221;tag:h3|text_align:left&#8221; use_theme_fonts=&#8221;yes&#8221; css=&#8221;&#8221;][vc_column_text css=&#8221;&#8221;]Realizamos env\u00edos a todo el mundo y siempre procesamos tu paquete con correo certificado para que puedas hacer un seguimiento de tu pedido. Ten en cuenta que los gastos de env\u00edo pueden variar, por lo que debes comprobar los gastos de env\u00edo exactos al realizar la compra. <\/p>\n<p><strong>Importante<\/strong>: No asumimos ninguna responsabilidad si tu pa\u00eds tiene pol\u00edticas estrictas en relaci\u00f3n con las transacciones de alimentos y bebidas alcoh\u00f3licas. Aseg\u00farate de verificar la normativa de tu pa\u00eds antes de hacer un pedido.[\/vc_column_text][\/vc_column][\/vc_row][vc_row][vc_column width=&#8221;1\/2&#8243;][vc_custom_heading text=&#8221;\u00bfQu\u00e9 deber\u00eda hacer si no recibo mi pedido?&#8221; font_container=&#8221;tag:h3|text_align:left&#8221; use_theme_fonts=&#8221;yes&#8221; css=&#8221;&#8221;][vc_column_text css=&#8221;&#8221;]Si no recibes tu suscripci\u00f3n a la caja de Whiskey, ponte en contacto con nosotros lo antes posible. Verificaremos lo ocurrido y te ayudaremos a resolver el problema.[\/vc_column_text][\/vc_column][vc_column width=&#8221;1\/2&#8243;][\/vc_column][\/vc_row]<\/p>\n<\/div>","protected":false},"excerpt":{"rendered":"<p>[vc_row][vc_column width=&#8221;1\/2&#8243;][vc_custom_heading text=&#8221;\u00bfC\u00f3mo funciona la suscripci\u00f3n a Sabores de Whisky?&#8221; font_container=&#8221;tag:h3|text_align:left&#8221; use_theme_fonts=&#8221;yes&#8221; css=&#8221;&#8221;][vc_column_text css=&#8221;&#8221;]Es s\u00faper f\u00e1cil. He aqu\u00ed c\u00f3mo: Selecciona&#8230;<\/p>\n","protected":false},"author":1,"featured_media":37774,"parent":0,"menu_order":4,"comment_status":"closed","ping_status":"closed","template":"","meta":{"footnotes":""},"class_list":["post-6373","page","type-page","status-publish","has-post-thumbnail","hentry"],"_links":{"self":[{"href":"https:\/\/www.whiskyflavour.com\/es\/wp-json\/wp\/v2\/pages\/6373","targetHints":{"allow":["GET"]}}],"collection":[{"href":"https:\/\/www.whiskyflavour.com\/es\/wp-json\/wp\/v2\/pages"}],"about":[{"href":"https:\/\/www.whiskyflavour.com\/es\/wp-json\/wp\/v2\/types\/page"}],"author":[{"embeddable":true,"href":"https:\/\/www.whiskyflavour.com\/es\/wp-json\/wp\/v2\/users\/1"}],"replies":[{"embeddable":true,"href":"https:\/\/www.whiskyflavour.com\/es\/wp-json\/wp\/v2\/comments?post=6373"}],"version-history":[{"count":0,"href":"https:\/\/www.whiskyflavour.com\/es\/wp-json\/wp\/v2\/pages\/6373\/revisions"}],"wp:featuredmedia":[{"embeddable":true,"href":"https:\/\/www.whiskyflavour.com\/es\/wp-json\/wp\/v2\/media\/37774"}],"wp:attachment":[{"href":"https:\/\/www.whiskyflavour.com\/es\/wp-json\/wp\/v2\/media?parent=6373"}],"curies":[{"name":"wp","href":"https:\/\/api.w.org\/{rel}","templated":true}]}}