{"id":66337,"date":"2016-05-09T08:50:25","date_gmt":"2016-05-09T07:50:25","guid":{"rendered":"https:\/\/www.whiskyflavour.com\/privaatsuspoliitika-ja-kupsiste-poliitika\/"},"modified":"2026-01-26T10:56:14","modified_gmt":"2026-01-26T10:56:14","slug":"privacy-policy","status":"publish","type":"page","link":"https:\/\/www.whiskyflavour.com\/et\/privacy-policy\/","title":{"rendered":"Privaatsuspoliitika"},"content":{"rendered":"<div class=\"wpb-content-wrapper\"><p>[vc_row][vc_column][vc_column_text css=&#8221;&#8221;]<\/p>\n<h2>Privaatsuspoliitika<\/h2>\n<p>Teie privaatsus on meile oluline. <strong>WhiskyFlavour&#8217;i<\/strong> poliitika on austada teie privaatsust mis tahes teabe suhtes, mida me v\u00f5ime koguda teilt meie veebisaidil <a href=\"https:\/\/www.whiskyflavour.com\/et\/\">whiskyflavour.com<\/a> ja muudel meie omanduses olevatel ja hallatavatel veebisaitidel. <\/p>\n<p>Me k\u00fcsime isikuandmeid ainult siis, kui meil on neid t\u00f5esti vaja teile teenuse osutamiseks. Me kogume neid \u00f5iglastel ja seaduslikel viisidel, teie teadmisel ja n\u00f5usolekul. Samuti anname teile teada, miks me seda kogume ja kuidas seda kasutatakse.  <\/p>\n<p>Me s\u00e4ilitame kogutud teavet ainult nii kaua, kui see on vajalik teie soovitud teenuse osutamiseks. Neid andmeid, mida me s\u00e4ilitame, kaitseme kaubanduslikult vastuv\u00f5etavate vahendite abil, et v\u00e4ltida kadumist ja vargust, samuti volitamata juurdep\u00e4\u00e4su, avalikustamist, kopeerimist, kasutamist v\u00f5i muutmist. <\/p>\n<p>Me ei jaga isiklikke andmeid avalikult ega kolmandatele isikutele, v\u00e4lja arvatud juhul, kui seadus seda n\u00f5uab.<\/p>\n<p>Meie veebisait v\u00f5ib olla seotud v\u00e4liste veebisaitidega, mida me ei halda. Pidage meeles, et meil puudub kontroll nende veebilehtede sisu ja tavade \u00fcle ning me ei saa v\u00f5tta vastutust ega vastutust nende vastavate privaatsuspoliitikate eest. <\/p>\n<p>Teil on vabadus keelduda meie isikuandmete n\u00f5udmisest, m\u00f5istes, et me ei pruugi olla v\u00f5imelised pakkuma teile m\u00f5nda teie soovitud teenust.<\/p>\n<p>Kui j\u00e4tkate meie veebisaidi kasutamist, loetakse, et n\u00f5ustute meie privaatsust ja isikuandmeid puudutavate tavadega. Kui teil on k\u00fcsimusi selle kohta, kuidas me k\u00e4itleme kasutajaandmeid ja isikuandmeid, v\u00f5tke meiega julgelt \u00fchendust. <\/p>\n<h2><strong>WhiskyFlavour<\/strong><strong>k\u00fcpsiste poliitika<\/strong> <\/h2>\n<p>See on <strong>WhiskyFlavour<\/strong>&#8216;i k\u00fcpsiste poliitika, mis on k\u00e4ttesaadav URL-i kaudu.<\/p>\n<h3>Mis on k\u00fcpsised<\/h3>\n<p>Nagu peaaegu k\u00f5igil professionaalsetel veebisaitidel on tavaks, kasutab ka see sait k\u00fcpsiseid, mis on teie arvutisse allalaaditavad pisikesed failid, et parandada teie kasutuskogemust. Sellel lehek\u00fcljel kirjeldatakse, millist teavet need koguvad, kuidas me seda kasutame ja miks me m\u00f5nikord neid k\u00fcpsiseid salvestame. Jagame ka seda, kuidas te saate nende k\u00fcpsiste salvestamist takistada; see v\u00f5ib siiski alandada v\u00f5i &#8220;rikkuda&#8221; veebilehe teatud funktsionaalsuse elemente.  <\/p>\n<h3>Kuidas me kasutame k\u00fcpsiseid<\/h3>\n<p>Me kasutame k\u00fcpsiseid mitmel allpool kirjeldatud p\u00f5hjusel. Kahjuks ei ole enamikul juhtudel standardseid v\u00f5imalusi k\u00fcpsiste keelamiseks, ilma et need keelaksid t\u00e4ielikult selle veebilehe funktsionaalsuse ja funktsioonid, mida need lisavad. Soovitatav on j\u00e4tta k\u00f5ik k\u00fcpsised sisse, kui te ei ole kindel, kas te neid vajate v\u00f5i mitte, juhul kui neid kasutatakse teie poolt kasutatava teenuse osutamiseks.  <\/p>\n<h3>K\u00fcpsiste keelamine<\/h3>\n<p>Saate k\u00fcpsiste seadistamist takistada, muutes oma brauseri seadeid (vt selle kohta brauseri abi). Pidage meeles, et k\u00fcpsiste keelamine m\u00f5jutab selle ja paljude teiste k\u00fclastatavate veebisaitide funktsionaalsust. K\u00fcpsiste keelamine toob tavaliselt kaasa ka selle veebisaidi teatud funktsioonide ja omaduste keelamise. Seet\u00f5ttu on soovitatav k\u00fcpsiseid mitte keelata.   <\/p>\n<h3>Meie seatud k\u00fcpsised<\/h3>\n<ul>\n<li>Kontoga seotud k\u00fcpsised<\/li>\n<\/ul>\n<p>Kui loote meil konto, siis kasutame k\u00fcpsiseid registreerimisprotsessi haldamiseks ja \u00fcldiseks haldamiseks. Need k\u00fcpsised kustutatakse tavaliselt, kui logite v\u00e4lja; m\u00f5nel juhul v\u00f5ivad need siiski j\u00e4\u00e4da p\u00e4rast seda alles, et m\u00e4letada teie saidi eelistusi, kui olete v\u00e4lja logitud. <\/p>\n<ul>\n<li>Sisselogimisega seotud k\u00fcpsised<\/li>\n<\/ul>\n<p>Kasutame k\u00fcpsiseid, kui olete sisse logitud, et me saaksime seda fakti meeles pidada. See v\u00e4ldib, et te ei peaks iga kord, kui k\u00fclastate uut lehek\u00fclge, uuesti sisse logima. Need k\u00fcpsised tavaliselt eemaldatakse v\u00f5i kustutatakse, kui logite v\u00e4lja, et tagada juurdep\u00e4\u00e4s piiratud funktsioonidele ja valdkondadele ainult siis, kui olete sisse logitud.  <\/p>\n<ul>\n<li>Uudiskirjadega seotud k\u00fcpsised<\/li>\n<\/ul>\n<p>See sait pakub uudiskirja v\u00f5i e-posti tellimise teenuseid ning k\u00fcpsiseid v\u00f5idakse kasutada selleks, et m\u00e4letada, kas olete juba registreerunud ja kas n\u00e4idata teatavaid teateid, mis v\u00f5ivad kehtida ainult tellijatele\/mittetellijatele.<\/p>\n<ul>\n<li>Tellimuste t\u00f6\u00f6tlemisega seotud k\u00fcpsised<\/li>\n<\/ul>\n<p>See veebileht pakub e-kaubanduse v\u00f5i maksev\u00f5imalusi ning m\u00f5ned k\u00fcpsised on h\u00e4davajalikud, et tagada teie tellimuse m\u00e4letamine lehek\u00fclgede vahel, et me saaksime seda n\u00f5uetekohaselt t\u00f6\u00f6delda.<\/p>\n<ul>\n<li>K\u00fcsitlustega seotud k\u00fcpsised<\/li>\n<\/ul>\n<p>Aeg-ajalt pakume kasutajak\u00fcsitlusi ja k\u00fcsimustikke, et pakkuda teile huvitavaid teadmisi, kasulikke vahendeid v\u00f5i m\u00f5ista meie kasutajaskonda t\u00e4psemalt. Need k\u00fcsitlused v\u00f5ivad kasutada k\u00fcpsiseid, et m\u00e4letada, kes on juba k\u00fcsitluses osalenud, v\u00f5i pakkuda teile t\u00e4pseid tulemusi p\u00e4rast lehek\u00fclgede vahetamist. <\/p>\n<ul>\n<li>Vormidega seotud k\u00fcpsised<\/li>\n<\/ul>\n<p>Kui esitate andmeid vormi kaudu, n\u00e4iteks kontaktlehtedel v\u00f5i kommentaarivormides, v\u00f5idakse k\u00fcpsised seada, et m\u00e4letada teie kasutajaandmeid tulevase kirjavahetuse jaoks.<\/p>\n<ul>\n<li>Saidi eelistused k\u00fcpsised<\/li>\n<\/ul>\n<p>Selleks, et pakkuda teile sellel saidil suurep\u00e4raseid kogemusi, pakume teile funktsiooni, mille abil saate m\u00e4\u00e4rata oma eelistused selle saidi kasutamise ajal. Selleks, et m\u00e4letada teie eelistusi, peame seadma k\u00fcpsised, et seda teavet saaks v\u00e4lja kutsuda iga kord, kui te suhtlete lehek\u00fcljega, mida teie eelistused m\u00f5jutavad. <\/p>\n<h3>Kolmanda osapoole k\u00fcpsised<\/h3>\n<p>M\u00f5nel erijuhtumil kasutame ka usaldusv\u00e4\u00e4rsete kolmandate isikute pakutavaid k\u00fcpsiseid. J\u00e4rgnevas jaotises on \u00fcksikasjalikult kirjeldatud, milliseid kolmanda osapoole k\u00fcpsiseid v\u00f5ite selle veebisaidi kaudu kohata. <\/p>\n<ul>\n<li>See sait kasutab Google Analytics&#8217;i, mis on \u00fcks k\u00f5ige levinumaid ja usaldusv\u00e4\u00e4rsemaid anal\u00fc\u00fctilisi lahendusi veebis, mis aitab meil m\u00f5ista, kuidas saiti kasutate ja kuidas saame teie kasutuskogemust parandada. Need k\u00fcpsised v\u00f5ivad j\u00e4lgida n\u00e4iteks seda, kui kaua te veebilehel viibite ja milliseid lehek\u00fclgi k\u00fclastate, et me saaksime j\u00e4tkata huvipakkuva sisu koostamist. Lisateavet Google Analyticsi k\u00fcpsiste kohta leiate Google Analyticsi ametlikult lehek\u00fcljelt.  <\/li>\n<li>Kolmandate osapoolte anal\u00fc\u00fctikat kasutatakse selle saidi kasutamise j\u00e4lgimiseks ja m\u00f5\u00f5tmiseks, et me saaksime j\u00e4tkata huvipakkuva sisu tootmist. Need k\u00fcpsised v\u00f5ivad j\u00e4lgida n\u00e4iteks seda, kui kaua te veebilehel viibite v\u00f5i milliseid lehek\u00fclgi k\u00fclastate, mis aitab meil m\u00f5ista, kuidas saame veebilehte teie jaoks parandada. <\/li>\n<li>Aeg-ajalt testime uusi funktsioone ja teeme veebilehe toimimisviisides peeneid muudatusi. Kui me veel testime uusi funktsioone, v\u00f5ib neid k\u00fcpsiseid kasutada, et tagada teile veebilehel viibimise ajal \u00fchtlane kasutuskogemus, tagades samas, et m\u00f5istame, milliseid optimeerimisi meie kasutajad k\u00f5ige enam hindavad. <\/li>\n<li>Kuna me m\u00fc\u00fcme tooteid, on meie jaoks oluline m\u00f5ista statistikat selle kohta, kui paljud meie saidi k\u00fclastajad teevad ostu, ja seega on need k\u00fcpsised just selliseid andmeid, mida need k\u00fcpsised j\u00e4lgivad. See on teie jaoks oluline, sest see t\u00e4hendab, et saame teha t\u00e4pseid \u00e4riprognoose, mis v\u00f5imaldavad meil j\u00e4lgida meie reklaami- ja tootekulusid, et tagada parim v\u00f5imalik hind. <\/li>\n<li>Google AdSense&#8217;i teenus, mida me kasutame reklaami edastamiseks, kasutab DoubleClicki k\u00fcpsist, et edastada asjakohasemaid reklaame kogu veebis ja piirata konkreetse reklaami n\u00e4itamise kordade arvu.<br \/>\nLisateavet Google AdSense&#8217;i kohta leiate Google AdSense&#8217;i ametlikust KKK-st.<\/li>\n<li>Me kasutame reklaami, et kompenseerida selle saidi haldamise kulusid ja rahastada edasist arengut. Sellel saidil kasutatavad k\u00e4itumusliku reklaami k\u00fcpsised on loodud selleks, et tagada teile v\u00f5imalikult asjakohaseid reklaame, j\u00e4lgides anon\u00fc\u00fcmselt teie huvisid ja esitades sarnaseid asju, mis v\u00f5ivad huvi pakkuda. <\/li>\n<li>Mitmed partnerid reklaamivad meie nimel ja partnerite j\u00e4lgimisk\u00fcpsised v\u00f5imaldavad meil lihtsalt n\u00e4ha, kas meie kliendid on tulnud veebilehele \u00fche meie partnerisaidi kaudu, et me saaksime neid asjakohaselt krediteerida ja vajaduse korral v\u00f5imaldada meie partneritele pakkuda boonust, mida nad v\u00f5ivad teile ostu sooritamise eest pakkuda.<\/li>\n<li>Kasutame sellel saidil ka sotsiaalmeedia nuppe ja\/v\u00f5i pistikprogramme, mis v\u00f5imaldavad teil oma sotsiaalv\u00f5rgustikuga eri viisil \u00fchendust v\u00f5tta. Selleks, et need toimiksid, seavad j\u00e4rgmised sotsiaalmeedia saidid, sealhulgas Facebook, Instagram, Twitter, Pinterest, Tumblr jne, meie saidi kaudu k\u00fcpsiseid, mida v\u00f5idakse kasutada teie profiili t\u00e4iustamiseks nende saidil v\u00f5i andmete lisamiseks, mida nad hoiavad erinevatel eesm\u00e4rkidel, mis on kirjeldatud nende vastavates privaatsusp\u00f5him\u00f5tetes. <\/li>\n<\/ul>\n<h2>Lisateave<\/h2>\n<p>Loodetavasti on see teile asjad selgeks teinud, ja nagu eelnevalt mainiti, kui te ei ole kindel, kas teil on midagi vaja v\u00f5i mitte, siis on tavaliselt turvalisem j\u00e4tta k\u00fcpsised sisse l\u00fclitatud, juhul kui see on seotud m\u00f5ne meie saidi funktsiooniga, mida te kasutate.<\/p>\n<p>See poliitika kehtib alates <strong>2020. aasta<\/strong> <strong>maist<\/strong>.[\/vc_column_text][\/vc_column][\/vc_row]<\/p>\n<\/div>","protected":false},"excerpt":{"rendered":"<p>[vc_row][vc_column][vc_column_text css=&#8221;&#8221;] Privaatsuspoliitika Teie privaatsus on meile oluline. WhiskyFlavour&#8217;i poliitika on austada teie privaatsust mis tahes teabe suhtes, mida me&#8230;<\/p>\n","protected":false},"author":1,"featured_media":0,"parent":0,"menu_order":8,"comment_status":"closed","ping_status":"closed","template":"","meta":{"footnotes":""},"class_list":["post-66337","page","type-page","status-publish","hentry"],"_links":{"self":[{"href":"https:\/\/www.whiskyflavour.com\/et\/wp-json\/wp\/v2\/pages\/66337","targetHints":{"allow":["GET"]}}],"collection":[{"href":"https:\/\/www.whiskyflavour.com\/et\/wp-json\/wp\/v2\/pages"}],"about":[{"href":"https:\/\/www.whiskyflavour.com\/et\/wp-json\/wp\/v2\/types\/page"}],"author":[{"embeddable":true,"href":"https:\/\/www.whiskyflavour.com\/et\/wp-json\/wp\/v2\/users\/1"}],"replies":[{"embeddable":true,"href":"https:\/\/www.whiskyflavour.com\/et\/wp-json\/wp\/v2\/comments?post=66337"}],"version-history":[{"count":0,"href":"https:\/\/www.whiskyflavour.com\/et\/wp-json\/wp\/v2\/pages\/66337\/revisions"}],"wp:attachment":[{"href":"https:\/\/www.whiskyflavour.com\/et\/wp-json\/wp\/v2\/media?parent=66337"}],"curies":[{"name":"wp","href":"https:\/\/api.w.org\/{rel}","templated":true}]}}