{"id":66340,"date":"2016-05-09T08:50:44","date_gmt":"2016-05-09T07:50:44","guid":{"rendered":"https:\/\/www.whiskyflavour.com\/tingimused\/"},"modified":"2025-08-11T14:42:46","modified_gmt":"2025-08-11T13:42:46","slug":"tingimused","status":"publish","type":"page","link":"https:\/\/www.whiskyflavour.com\/et\/tingimused\/","title":{"rendered":"Tingimused"},"content":{"rendered":"<div class=\"wpb-content-wrapper\"><p>[vc_row][vc_column][vc_column_text css=&#8221;&#8221;]WhiskyFlavour veebipoest toodete ostmisel kehtivad j\u00e4rgmised tingimused:<\/p>\n<h2>Objekt<\/h2>\n<ol>\n<li>K\u00e4esolevate &#8220;Tingimuste&#8221; eesm\u00e4rk on reguleerida WhiskyFlavour veebipoe teenuse osutamise tingimusi.<\/li>\n<li>Mis tahes toote ostmine WhiskyFlavour veebipoest t\u00e4hendab nende \u00fcldiste m\u00fc\u00fcgitingimuste aktsepteerimist.<\/li>\n<li>WhiskyFlavour veebipoest ostes kinnitab kasutaja, et ta on \u00fcle 18 aasta vana ja tal ei ole mingeid takistusi v\u00f5i seaduslikke piiranguid, mis ei luba tal alkohoolseid jooke osta.<\/li>\n<li>V\u00e4ljaspool riigi territooriumi elavate kasutajate puhul v\u00f5ivad m\u00fc\u00fcgilolevaid alkohoolseid jooke osta ainult isikud, kes on oma elukohariigis selleks t\u00e4isealised.<\/li>\n<\/ol>\n<h2>Teave toote, hinna ja sisu kohta<\/h2>\n<ol>\n<li>WhiskyFlavour j\u00e4tab endale \u00f5iguse igal ajal ja ilma eelneva etteteatamiseta muuta toodete, hindade, kampaaniate, kaubandustingimuste ja teenuste kohta esitatud teavet ja pakkumisi.<\/li>\n<li>Veebipoes m\u00fc\u00fcdavad esemed s\u00f5ltuvad olemasolevatest laovarudest ja tellimusi t\u00f6\u00f6deldakse saabumisj\u00e4rjekorras. Kui varud on ajutiselt v\u00f5i alaliselt otsas, teavitatakse klienti n\u00f5uetekohaselt ja pakutakse sarnaste omadustega tooteid. <\/li>\n<li>Toodete hinnad on n\u00e4idatud eurodes (\u20ac) ja ei sisalda kehtiva k\u00e4ibemaksu ega pakendikulusid.<\/li>\n<li>Eelmises numbris osutatud hinnast on v\u00e4lja j\u00e4etud kliendi transpordikulud.<\/li>\n<li>WhiskyFlavour ei vastuta sihtriigis kehtivate tollimaksude tasumise eest, mis on kliendi ainuvastutus.<\/li>\n<li>WhiskyFlavour veebipoes olevate toodete illustreerivad pildid v\u00f5ivad erineda tarnitud tootest.<\/li>\n<\/ol>\n<h2>Tellimus ja makse<\/h2>\n<ol>\n<li>WhiskyFlavour veebipoes ostmiseks peab klient registreeruma kasutajaks. P\u00e4rast registreerimist saab kasutaja esitada oma tellimuse, valides soovitud tooted ja j\u00e4rgides seal kirjeldatud samme, et tellimus oleks edukalt vormistatud. <\/li>\n<li>P\u00e4rast tellimuse kinnitamist WhiskyFlavour veebipoes saadetakse kliendi poolt vormistamise ajal registreeritud kontaktaadressile e-kiri, mis sisaldab k\u00f5iki \u00fcksikasju tarne-, arveldus- ja makseteabe kohta. Kui klient ei saa tellimuse kinnituse e-kirja, palutakse tal v\u00f5tta \u00fchendust WhiskyFlavouriga telefonil +351 963 112 299 v\u00f5i e-posti aadressil info@whiskyflavour.com. Oluline on, et klient kontrolliks eelnevalt &#8220;Spam&#8221;.  <\/li>\n<li>Tellimused saadetakse alles p\u00e4rast laoseisu ja makse kinnitamist ning neid t\u00f6\u00f6deldakse saabumisj\u00e4rjekorras.<\/li>\n<li>Kui tellimust ei ole v\u00f5imalik osaliselt v\u00f5i t\u00e4ielikult t\u00e4ita, teavitab WhiskyFlavour klienti sellest.<\/li>\n<li>P\u00e4rast tellimuse andmete saamist on kasutajal 2 t\u00f6\u00f6p\u00e4eva aega makse sooritamiseks. Kui makset ei tehta eespool nimetatud ajavahemiku jooksul, t\u00fchistatakse tellimus automaatselt ja loetakse ebaefektiivseks. <\/li>\n<li>Tasumine peab toimuma krediitkaardiga v\u00f5i PayPaliga.<\/li>\n<li>Maksed v\u00f5etakse vastu eurodes (\u20ac), olenemata sellest, millises v\u00e4\u00e4ringus tehing tehakse. Muudes v\u00e4\u00e4ringutes tehtud maksete konverteerimiskursid kannab klient. <\/li>\n<\/ol>\n<h2>Veokulud<\/h2>\n<ol>\n<li>Postikulu arvutatakse vastavalt toodete kaalule, sihtkohale ja tellimuse koguv\u00e4\u00e4rtusele.<\/li>\n<li>Saatmiskulud on m\u00e4rgitud ostukorvis enne tellimuse l\u00f5plikku kinnitamist.<\/li>\n<\/ol>\n<h2>Kohaletoimetamine<\/h2>\n<ol>\n<li>Tellimused saadetakse alles p\u00e4rast laoseisu ja makse kinnitamist.<\/li>\n<li>Toodete tarneaeg varieerub 1-2 t\u00f6\u00f6p\u00e4eva Euroopas ja 3-5 t\u00f6\u00f6p\u00e4eva mujal maailmas.<\/li>\n<li>Tooted saadetakse Euroopasse DHL Expressi ja \u00fclej\u00e4\u00e4nud maailma CTT Expresso kaudu.<\/li>\n<li>Tellimused toimetatakse kliendi poolt m\u00e4rgitud aadressile ja vastavalt CTT Expresso v\u00f5i DHL Expressi tarneaegadele. Postkastidesse ei saa tellimust koju toimetada. <\/li>\n<li>V\u00f5imalikke viivitusi tarnimisel ei saa WhiskyFlavour lahendada ja neil juhtudel ei ole v\u00f5imalik tagada t\u00e4pseid tarneaegu, kuna need saadetakse CTT Expresso ja DHL Expressi kaudu ning s\u00f5ltuvad nende tegevusest ja ajakavast.<\/li>\n<li>T\u00e4htaeg v\u00f5ib erineda ka vastavalt sihtriigile ja vastavatele eeskirjadele.<\/li>\n<li>Kui klient leiab p\u00e4rast tarnimist, et m\u00f5ni toode ei vasta n\u00f5uetele, palutakse tal viivitamatult v\u00f5tta \u00fchendust WhiskyFlavouriga e-posti aadressil info@whiskyflavour.com, m\u00e4rkides tellimuse numbri v\u00f5i tellimusega kaasasoleva dokumendi numbri, lisades pilte saadud pakendist ja k\u00f5igist toodetest, et olukord saaks v\u00f5imalikult kiiresti lahendada.<\/li>\n<\/ol>\n<h2>Tagastamispoliitika<\/h2>\n<ol>\n<li>WhiskyFlavour veebipood ei aktsepteeri ostetud toodete tagastamist nende olemuse t\u00f5ttu.<\/li>\n<li>Ainult selliste toodete tagastamine, mille saatmine on olnud vale, on lubatud ja selle eest vastutab WhiskyFlavour, samuti transpordi- ja kogumiskulude eest, kui klient teatab sellisest olukorrast 5 (viie) p\u00e4eva jooksul alates toote k\u00e4ttesaamise kuup\u00e4evast. Kui WhiskyFlavour on toote k\u00e4tte saanud ja p\u00e4rast selle staatuse vastavat kinnitamist saadetakse \u00f5ige toode. <\/li>\n<\/ol>\n<h2>N\u00f5uded<\/h2>\n<p>WhiskyFlavour ei vastuta puuduste eest, mis tulenevad eba\u00f5igest kasutamisest, hooletusest ja kliendi poolt halvast hoiustamisest.<\/p>\n<h2>&#8220;Tingimuste&#8221; muutmine<\/h2>\n<p>K\u00e4esolevad \u00fcldtingimused, mis sisalduvad internetim\u00fc\u00fcgi &#8220;Tingimustes&#8221;, v\u00f5ib WhiskyFlavour muuta ilma eelneva etteteatamiseta, mist\u00f5ttu tuleb nendega enne tellimuse esitamist tutvuda.<\/p>\n<h2>Andmekaitsepoliitika<\/h2>\n<p>Klient peab selges\u00f5naliselt deklareerima, et ta lubab oma kontaktandmete kogumist v\u00f5i ajakohastamist WhiskyFlavouri failidesse integreerimiseks kliendihalduse, kaubandussuhete, samuti toodete ja reklaamide saatmiseks toodete ja teenuste kohta vastavalt kehtiva GDPRi tingimustele, automatiseeritud t\u00f6\u00f6tlemise ja profiili m\u00e4\u00e4ratlemise kaudu, k\u00f5igi olemasolevate sidekanalite, sealhulgas elektrooniliste vahendite abil.<\/p>\n<p>Selges\u00f5naline n\u00f5usolek tuleb anda veebipoes registreerimisel, kasutades selleks seal m\u00e4rgitud v\u00f5imalust.<br \/>\nKogutud kontaktandmeid s\u00e4ilitatakse nii kaua, kuni on kontrollitud eesm\u00e4rk, milleks teie t\u00f6\u00f6tlemine on lubatud, v\u00f5i kuni nende kasutamise \u00f5iguse kasutamiseni vastuv\u00e4idete esitamiseks, parandamiseks ja k\u00f5rvaldamiseks.<\/p>\n<p>Andmesubjektil on \u00f5igus saada tasuta juurdep\u00e4\u00e4s s\u00e4ilitatud andmetele ning taotleda nende piiramist, parandamist, vaidlustamist v\u00f5i k\u00f5rvaldamist, kui kontaktandmed on muude \u00f5igusp\u00e4rasuste hulgas ebat\u00e4psed v\u00f5i kui need ei ole enam vajalikud selleks, milleks neid koguti.<\/p>\n<p>Samuti on omanikul \u00f5igus oma n\u00f5usolek igal ajal tagasi v\u00f5tta, ilma et see kahjustaks eelnevalt antud n\u00f5usoleku alusel tehtud t\u00f6\u00f6tlemise seaduslikkust.<\/p>\n<p>M\u00f5ne eespool nimetatud \u00f5iguse kasutamisel j\u00e4tame endale \u00f5iguse s\u00e4ilitada andmeid \u00fcksnes vaidlusaluse \u00f5iguse deklareerimiseks, teostamiseks v\u00f5i kaitsmiseks.<\/p>\n<p>Nende \u00f5iguste kasutamiseks v\u00f5i muude andmekaitsega seotud lisak\u00fcsimuste esitamiseks v\u00f5ite v\u00f5tta kirjalikult \u00fchendust WhiskyFlavouriga e-posti aadressil info@whiskyflavour.com ning peate t\u00f5endama andmesubjekti isikusamasust.<\/p>\n<p>WhiskyFlavour ei edasta kogutud kontaktandmeid kolmandatele isikutele. Kui andmete edastamiseks on \u00f5igustatud p\u00f5hjus, teavitatakse klienti eelnevalt ning edastatavate andmete saajate andmed ja nende t\u00f6\u00f6tlemise eesm\u00e4rk avalikustatakse. <\/p>\n<p>Edastamine toimub ainult siis, kui kolmandad isikud esitavad piisavad tagatised asjakohaste tehniliste ja korralduslike meetmete rakendamiseks, et t\u00f6\u00f6tlemine vastaks kohaldatavatest andmekaitsealaste \u00f5igusaktidest tulenevatele n\u00f5uetele ja kohustustele ning tagaks andmesubjekti \u00f5iguste kaitse.<\/p>\n<h2>Vastutusdeklaratsioon<\/h2>\n<p>WhiskyFlavour kinnitab ja garanteerib selges\u00f5naliselt, et:<\/p>\n<ul>\n<li>Ta k\u00e4itleb n\u00f5uetekohaselt oma klientidelt e-poe teenuse osutamise raames kogutud isikuandmeid;<\/li>\n<li>Isikuandmeid k\u00e4sitletakse seaduslikult ja konfidentsiaalselt, lojaalselt, l\u00e4bipaistvalt ja viisil, mis tagab nende turvalisuse, nimelt kohustades end kaitsma selliseid isikuandmeid;<\/li>\n<li>Ta on v\u00f5imeline tagama k\u00f5ik asjakohased tehnilised ja korralduslikud meetmed nii, et isikuandmete t\u00f6\u00f6tlemine vastab kehtivate siseriiklike \u00f5igusaktide, Euroopa Parlamendi ja n\u00f5ukogu 27.04.2016 m\u00e4\u00e4ruse (EL) 2016\/679 (&#8220;GDPR&#8221;) n\u00f5uetele.<\/li>\n<li>Isikuandmed on m\u00f5eldud ainult veebipoes tehtud tellimuste t\u00e4itmiseks, kusjuures kogutakse ainult neid vajalikke, piisavaid, asjakohaseid ja selle eesm\u00e4rgiga piiratud andmeid;<br \/>\nja. Te peate oma isikuandmeid \u00f5igesti ja ajakohaselt s\u00e4ilitama; <\/li>\n<li>Te ei kasuta isikuandmeid, millele teil on juurdep\u00e4\u00e4s, \u00fchelgi muul eesm\u00e4rgil kui k\u00e4esolevates &#8220;Tingimustes&#8221; s\u00e4testatud;<\/li>\n<li>Kliendi taotlusel kustutab ta nimetatud isikuandmed viivitamata ja t\u00f5husalt.<\/li>\n<\/ul>\n<p>See poliitika kehtib alates <strong>2020. aasta<\/strong> <strong>maist<\/strong>.[\/vc_column_text][\/vc_column][\/vc_row]<\/p>\n<\/div>","protected":false},"excerpt":{"rendered":"<p>[vc_row][vc_column][vc_column_text css=&#8221;&#8221;]WhiskyFlavour veebipoest toodete ostmisel kehtivad j\u00e4rgmised tingimused: Objekt K\u00e4esolevate &#8220;Tingimuste&#8221; eesm\u00e4rk on reguleerida WhiskyFlavour veebipoe teenuse osutamise tingimusi. Mis&#8230;<\/p>\n","protected":false},"author":1,"featured_media":0,"parent":0,"menu_order":7,"comment_status":"closed","ping_status":"closed","template":"","meta":{"footnotes":""},"class_list":["post-66340","page","type-page","status-publish","hentry"],"_links":{"self":[{"href":"https:\/\/www.whiskyflavour.com\/et\/wp-json\/wp\/v2\/pages\/66340","targetHints":{"allow":["GET"]}}],"collection":[{"href":"https:\/\/www.whiskyflavour.com\/et\/wp-json\/wp\/v2\/pages"}],"about":[{"href":"https:\/\/www.whiskyflavour.com\/et\/wp-json\/wp\/v2\/types\/page"}],"author":[{"embeddable":true,"href":"https:\/\/www.whiskyflavour.com\/et\/wp-json\/wp\/v2\/users\/1"}],"replies":[{"embeddable":true,"href":"https:\/\/www.whiskyflavour.com\/et\/wp-json\/wp\/v2\/comments?post=66340"}],"version-history":[{"count":0,"href":"https:\/\/www.whiskyflavour.com\/et\/wp-json\/wp\/v2\/pages\/66340\/revisions"}],"wp:attachment":[{"href":"https:\/\/www.whiskyflavour.com\/et\/wp-json\/wp\/v2\/media?parent=66340"}],"curies":[{"name":"wp","href":"https:\/\/api.w.org\/{rel}","templated":true}]}}