{"id":66377,"date":"2021-10-12T15:51:09","date_gmt":"2021-10-12T14:51:09","guid":{"rendered":"https:\/\/www.whiskyflavour.com\/kohta\/"},"modified":"2026-04-02T17:02:27","modified_gmt":"2026-04-02T16:02:27","slug":"about","status":"publish","type":"page","link":"https:\/\/www.whiskyflavour.com\/et\/about\/","title":{"rendered":"kohta"},"content":{"rendered":"<div class=\"wpb-content-wrapper\"><p>[vc_row][vc_column][vc_custom_heading text=&#8221;ORIGIN&#8221; use_theme_fonts=&#8221;yes&#8221; css=&#8221;&#8221;][vc_column_text css=&#8221;&#8221;]Whisky Flavour on loodud viski entusiastide poolt, keda ajendab soov uurida ja nautida erinevaid viskisid k\u00f5ige mugavamalt ja taskukohasemalt.<\/p>\n<p>Sageli on ebapraktiline investeerida terve pudel viskit, mille vastu huvi tunned, eriti kui proovid seda esimest korda. Ootuste t\u00f5ttu loobuvad paljud viskiarmastajad terve pudeli ostmisest. Et nautida rohkem viskit taskukohasema hinnaga, oleme v\u00e4lja t\u00f6\u00f6tanud selle viski degusteerimise tellimuse.<\/p>\n<p>Seej\u00e4rel t\u00f6\u00f6tati v\u00e4lja Whisky Flavour&#8217;i tellimusteenus, pidades silmas meie kaasviskis\u00f5pru &#8211; neid, kes naudivad erinevate pudelite, kaubam\u00e4rkide ja vanuseastmete proovimist.<\/p>\n<p>Usume, et see lahendus v\u00f5imaldab teil maitsta erinevaid viskisid ilma pikaajalise kohustuseta, mis kaasneb terve pudeli ostmisega.<\/p>\n<p>Pakume \u00fche viski degusteerimise tellimusekarpi, mis sisaldab iga kuu 4 originaalset kaubam\u00e4rgiga viski miniatuuri. See v\u00f5imaldab teil oma uudishimu rahuldada ja oma viskirepertuaari h\u00f5lpsasti laiendada.[\/vc_column_text][\/vc_column][\/vc_row][vc_row][vc_column][vc_custom_heading text=&#8221;MISSIOON&#8221; use_theme_fonts=&#8221;yes&#8221; css=&#8221;&#8221;][vc_column_text css=&#8221;&#8221;]Whisky Flavouri missiooniks on pakkuda viskientusiastidele v\u00f5imalust kogeda mitmesuguseid kaubam\u00e4rke ja viskit\u00fc\u00fcpe. Tehes meie viski degusteerimise tellimuse abil isegi k\u00f5ige kallimad kaubam\u00e4rgid taskukohaseks ja k\u00e4ttesaadavaks, p\u00fc\u00fcame tagada, et rohkem inimesi saaks nautida viski mitmekesist maailma.[\/vc_column_text][\/vc_column][\/vc_row][vc_row][vc_column][vc_custom_heading text=&#8221;VISIOON&#8221; use_theme_fonts=&#8221;yes&#8221; css=&#8221;&#8221;][vc_column_text css=&#8221;&#8221;]Whisky Flavour kavatseb saada viskit\u00f6\u00f6stuse juhtivaks v\u00f5rdluseks, mis muudab revolutsiooniliselt tarbijate ja kaubam\u00e4rkide suhtlemist. Pakkudes ainulaadseid viski degusteerimise v\u00f5imalusi, p\u00fc\u00fcame suurendada tarbijate teadlikkust erinevatest ja t\u00e4helepanuv\u00e4\u00e4rsetest kaubam\u00e4rkidest ja tootmisprotsessidest. Samal ajal saavad viskibr\u00e4ndid v\u00f5imaluse j\u00f5uda laiema publikuni, edendades pikaajalisi suhteid \u00fcha suurema hulga tarbijatega.[\/vc_column_text][\/vc_column][\/vc_row][vc_row][vc_column][vc_custom_heading text=&#8221;V\u00c4\u00c4RTUSED&#8221; use_theme_fonts=&#8221;yes&#8221; css=&#8221;&#8221;][vc_column_text css=&#8221;&#8221;]L\u00e4bipaistvus | Elegantsus | Innovatsioon | Kliendikesksus | Kaasaegsus[\/vc_column_text][\/vc_column][\/vc_row]<\/p>\n<\/div>","protected":false},"excerpt":{"rendered":"<p>[vc_row][vc_column][vc_custom_heading text=&#8221;ORIGIN&#8221; use_theme_fonts=&#8221;yes&#8221; css=&#8221;&#8221;][vc_column_text css=&#8221;&#8221;]Whisky Flavour on loodud viski entusiastide poolt, keda ajendab soov uurida ja nautida erinevaid viskisid k\u00f5ige&#8230;<\/p>\n","protected":false},"author":1,"featured_media":0,"parent":0,"menu_order":0,"comment_status":"closed","ping_status":"closed","template":"","meta":{"footnotes":""},"class_list":["post-66377","page","type-page","status-publish","hentry"],"_links":{"self":[{"href":"https:\/\/www.whiskyflavour.com\/et\/wp-json\/wp\/v2\/pages\/66377","targetHints":{"allow":["GET"]}}],"collection":[{"href":"https:\/\/www.whiskyflavour.com\/et\/wp-json\/wp\/v2\/pages"}],"about":[{"href":"https:\/\/www.whiskyflavour.com\/et\/wp-json\/wp\/v2\/types\/page"}],"author":[{"embeddable":true,"href":"https:\/\/www.whiskyflavour.com\/et\/wp-json\/wp\/v2\/users\/1"}],"replies":[{"embeddable":true,"href":"https:\/\/www.whiskyflavour.com\/et\/wp-json\/wp\/v2\/comments?post=66377"}],"version-history":[{"count":0,"href":"https:\/\/www.whiskyflavour.com\/et\/wp-json\/wp\/v2\/pages\/66377\/revisions"}],"wp:attachment":[{"href":"https:\/\/www.whiskyflavour.com\/et\/wp-json\/wp\/v2\/media?parent=66377"}],"curies":[{"name":"wp","href":"https:\/\/api.w.org\/{rel}","templated":true}]}}