{"id":66633,"date":"2016-05-01T21:20:50","date_gmt":"2016-05-01T20:20:50","guid":{"rendered":"https:\/\/www.whiskyflavour.com\/shop\/viski-tellimus-maitsekarp\/"},"modified":"2026-01-26T12:49:13","modified_gmt":"2026-01-26T12:49:13","slug":"whisky-subscription-box","status":"publish","type":"product","link":"https:\/\/www.whiskyflavour.com\/et\/shop\/whisky-subscription-box\/","title":{"rendered":"Viski tellimusboks"},"content":{"rendered":"<h2>The Whisky Tasting Box by Whisky Flavour &#8211; 4 miniatuuri destilleerijatelt \u00fcle kogu maailma<\/h2>\n<p>Kui soovid kogeda maailma parimaid viskisid, on meie Whiskey Tasting Boxi tellimus parim viis avastada eksklusiivseid viskisid maailma k\u00f5ige lugupeetud viskitootjatelt, sealhulgas \u0160oti, Iiri, Ameerika ja paljudelt teistelt!<\/p>\n<p>Oleme Whisky Flavouris loonud taskukohase tellimiss\u00fcsteemi, millesse meie kliendid \u00fcle kogu maailma on armunud! See viski degusteerimise teenus on ideaalne, et hellitada ennast v\u00f5i olla l\u00e4bim\u00f5eldud kingitus! Olles viskikundja v\u00f5i keegi, kes soovib alati maitsta k\u00f5iki viskit\u00fc\u00fcpe, p\u00f5randaaluseid viskibr\u00e4nde, uusi tootesarju ja vanu viskisid, v\u00f5ib meie viski degustatsiooniboks sobida teie vajadustele ja eelarvele.  <\/p>\n<p>R\u00e4\u00e4gime n\u00fc\u00fcd sellest, mida sa saad, kui registreerud selle praktilise teenuse kasutamiseks!<\/p>\n<p>&nbsp;<\/p>\n<h2>Tellige see vaid \u00fcks kord v\u00f5i tehke sellest viski degusteerimise tellimus<\/h2>\n<p>Alustuseks saate iga kuu suurep\u00e4raseid viskiv\u00e4ljendeid!<\/p>\n<p>Igas karbis on 4 originaalset kaubam\u00e4rgiga viski miniatuuri. Need v\u00f5ivad olla t\u00e4iesti salap\u00e4rased, v\u00f5i v\u00f5ime teie eelistusi silmas pidada, kui valime viski miniatuurid, mis teile k\u00e4tte toimetatakse. Sa pead lihtsalt saatma meile e-kirja oma maitse-eelistustega v\u00f5i viskit\u00fc\u00fcbiga, mida sa t\u00f5esti soovid maitsta.  <\/p>\n<p>Meie valikutest <strong>saate valida, kui kaua saate meie viski degusteerimise tellimust<\/strong>:<\/p>\n<ul>\n<li>Ainult \u00fcks kord.<\/li>\n<li>\u00dcks kord kuus kolme kuu jooksul.<\/li>\n<li>Kord kuus kuus kuu jooksul.<\/li>\n<li>\u00dcks kord kuus aasta jooksul.<\/li>\n<\/ul>\n<p>Mitte ainult viski ei ole erakordne, ka meie karp ei ole lihtsalt \u00fcksk\u00f5ik milline. Oleme teinud koost\u00f6\u00f6d kohalike tootjate ja puidut\u00f6\u00f6tlejatega, et luua <strong>moodne ja minimalistlik puidust karp<\/strong>. See on vastupidav, nii et see kaitseb teie viski miniatuuride tarne ajal ja seda saab p\u00e4rast uuesti kasutada. Hoidke seda kindlasti alles: see on suurep\u00e4rane m\u00e4lestusese, mis on valmistatud hoolikalt.   <\/p>\n<p>See <strong>viski degusteerimiskarp kaalub 1,5 kilogrammi<\/strong> ja see saadetakse teile vastavalt teie eelistustele.<\/p>\n<p>Me anname oma klientidele k\u00f5ik v\u00f5imalused, et tellimus vastaks nende vajadustele, sest teame, et iga viskis\u00f5ber on ainulaadne.<\/p>\n<p>&nbsp;<\/p>\n<h3>Vihjeid meie viski degusteerimise kasti kohta<\/h3>\n<p>Kui m\u00f5ne spoileri saamine ei ole sinu asi, siis h\u00fcppa see osa \u00e4ra! Me ei avalikusta k\u00f5ike meie viskite degusteerimisboksist, kuid j\u00e4tame m\u00f5ned leivakrambid, et sa ei j\u00e4\u00e4ks sellest v\u00f5imalusest t\u00e4ielikult ilma. <\/p>\n<ul>\n<li>Meie viski miniatuurid on <strong>originaalbr\u00e4ndiga ja 5cl (1,69 untsi) pudelid<\/strong>.<\/li>\n<li>Meile meeldib pakkuda laia viskivalikut ja see h\u00f5lmab <strong>viskim\u00e4rke maailma eri piirkondadest<\/strong>, mis l\u00e4hevad kaugemale traditsioonilistest viskit\u00fc\u00fcpidest. Varasemad kliendid on saanud viskiv\u00e4ljundeid n\u00e4iteks sellistelt kaubam\u00e4rkidelt nagu Black Whiskey, Langatun ja Armorik Whisky. <\/li>\n<li>Me otsime viskiv\u00e4ljundeid, mis on <strong>kas klassikud v\u00f5i tipptasemel viskid<\/strong>, mida iga\u00fcks peaks v\u00e4hemalt korra elus proovima.<\/li>\n<li>Me j\u00e4lgime teile saadetud eelmisi karpe, nii et <strong>te ei saa sama viskiekspressiooni kaks korda<\/strong> (kui te seda t\u00f5esti ei soovi).<\/li>\n<li><strong>Me v\u00f5tame vastu taotlusi seoses viski t\u00fc\u00fcbi, vanuse ja maitsetega, mis teile k\u00f5ige rohkem meeldivad<\/strong>, et me ei saadaks teile viski miniatuurid, mis teile kindlasti ei meeldi.<\/li>\n<\/ul>\n<p>&nbsp;<\/p>\n<h3>Viski degusteerimiskarp &#8211; tee see kingituseks!<\/h3>\n<p>Viski degusteerimise tellimus on suurep\u00e4rane kingiidee k\u00f5igile, kes t\u00f5eliselt naudivad viskit. Me ei \u00fctleks muidugi teisiti, kuid <strong>me saame viskikastide degusteerimise kasti &#8211; v\u00f5i kastid &#8211; saata \u00fcksk\u00f5ik millisele aadressile, mille te<\/strong> ostu sooritamisel <strong>annate<\/strong>. Ja me v\u00f5ime lisada pakendile ka lihtsa m\u00e4rkuse, et muuta see isiklikumaks.  <\/p>\n<p>Meie viskitellimuskasti saab pakkuda nii viskis\u00f5pradele kui ka inimestele, kes on hakanud seda kanget alkohoolset jooki maitsma. Kuna <strong>meie viski miniatuuride valik on t\u00f5eliselt ainulaadne<\/strong>, v\u00f5ivad nad saada klassikalisi v\u00e4ljendeid ja viskit, mis on valmistatud destilleerimisettev\u00f5tetes riikides, mida tavaliselt viskiga ei seostata. <\/p>\n<p>Lisaks k\u00f5igele viskile, mida teie l\u00e4hedane, s\u00f5ber v\u00f5i kolleeg maitseb,<strong> sobib puidust karp suurep\u00e4raselt korduvkasutamiseks<\/strong> ja oma isikliku viski degusteerimise komplekti hoidmiseks.<\/p>\n<p>Kui te ei soovi <strong>tellimuslepingut<\/strong> s\u00f5lmida, v\u00f5ite<strong> tellida vaid \u00fche viskikasti<\/strong>, et kinkida viskis\u00f5brale!<\/p>\n<p>&nbsp;<\/p>\n<h2>Viski degusteerimise tellimus &#8211; viskiarmastajate poolt viskiarmastajatele<\/h2>\n<p>Whisky Flavour meeskond on p\u00fchendunud sellele, et pakkuda maailma parimaid viskiv\u00e4ljundeid kaubam\u00e4rkidelt, mida pole lihtne leida, ja me paneme k\u00f5ik endast oleneva, et pakkuda oma klientidele valiku viski miniatuure, millest me arvame, et olete vaimustuses.<\/p>\n<p>Oleme uhked oma viskitellimusteenuse ja viski degusteerimiskasti \u00fcle, sest see annab igasuguse taustaga inimestele juurdep\u00e4\u00e4su erakordsetele viskidele, mida nad muidu ehk ei saaks maitsta.<\/p>\n<p>&nbsp;<\/p>\n<h3 style=\"text-align: center;\">Registreeru n\u00fc\u00fcd Whisky Flavour&#8217;i viskimaitsekarbi tellimuseks!<\/h3>\n<p>&nbsp;<\/p>\n<p>&nbsp;<\/p>\n<h2>KKK meie viski degusteerimise kasti kohta<\/h2>\n<p>&nbsp;<\/p>\n<h3>Millistesse riikidesse te seda tarnite? Ja millal ma saan oma viskimaitsekarbi k\u00e4tte? <\/h3>\n<p>Me tarnime kogu maailma! Nii et tarneaeg muutub vastavalt teie esitatud aadressile. Me saadame Portugalist ja tavaliselt v\u00f5tab see 5 kuni 10 t\u00f6\u00f6p\u00e4eva, et j\u00f5uda sinuni!  <\/p>\n<p>Soovitame tellimus esitada enne iga kuu 24. kuup\u00e4eva, sest me saadame k\u00f5ik tellimused j\u00e4rgmise kuu 7. kuup\u00e4evaks.<\/p>\n<p>&nbsp;<\/p>\n<h3>Kas ma saan oma tellimust j\u00e4lgida?<\/h3>\n<p>Jah! Me saadame teie viski degusteerimiskarbi t\u00e4hitud kirjaga ja te saate e-kirja vajaliku lingi ja koodiga, et j\u00e4lgida oma viskikarbi teekonda. <\/p>\n<p>&nbsp;<\/p>\n<p>Kas teil on veel k\u00fcsimusi meie viski degusteerimise tellimuse kohta? K\u00fclastage meie KKK lehek\u00fclge v\u00f5i saatke meile e-kiri. Me hoolitseme selle eest, et vastame teile \u00f5igeaegselt.  <\/p>\n","protected":false},"excerpt":{"rendered":"<p>The Whisky Tasting Box by Whisky Flavour &#8211; 4 miniatuuri destilleerijatelt \u00fcle kogu maailma Kui soovid kogeda maailma parimaid viskisid,&#8230;<\/p>\n","protected":false},"featured_media":66512,"comment_status":"open","ping_status":"closed","template":"","meta":[],"product_brand":[],"product_cat":[],"product_tag":[],"class_list":{"0":"post-66633","1":"product","2":"type-product","3":"status-publish","4":"has-post-thumbnail","7":"first","8":"instock","9":"taxable","10":"shipping-taxable","11":"purchasable","12":"product-type-variable-subscription"},"_links":{"self":[{"href":"https:\/\/www.whiskyflavour.com\/et\/wp-json\/wp\/v2\/product\/66633","targetHints":{"allow":["GET"]}}],"collection":[{"href":"https:\/\/www.whiskyflavour.com\/et\/wp-json\/wp\/v2\/product"}],"about":[{"href":"https:\/\/www.whiskyflavour.com\/et\/wp-json\/wp\/v2\/types\/product"}],"replies":[{"embeddable":true,"href":"https:\/\/www.whiskyflavour.com\/et\/wp-json\/wp\/v2\/comments?post=66633"}],"wp:featuredmedia":[{"embeddable":true,"href":"https:\/\/www.whiskyflavour.com\/et\/wp-json\/"}],"wp:attachment":[{"href":"https:\/\/www.whiskyflavour.com\/et\/wp-json\/wp\/v2\/media?parent=66633"}],"wp:term":[{"taxonomy":"product_brand","embeddable":true,"href":"https:\/\/www.whiskyflavour.com\/et\/wp-json\/wp\/v2\/product_brand?post=66633"},{"taxonomy":"product_cat","embeddable":true,"href":"https:\/\/www.whiskyflavour.com\/et\/wp-json\/wp\/v2\/product_cat?post=66633"},{"taxonomy":"product_tag","embeddable":true,"href":"https:\/\/www.whiskyflavour.com\/et\/wp-json\/wp\/v2\/product_tag?post=66633"}],"curies":[{"name":"wp","href":"https:\/\/api.w.org\/{rel}","templated":true}]}}