{"id":26741,"date":"2016-05-09T08:50:25","date_gmt":"2016-05-09T07:50:25","guid":{"rendered":"https:\/\/www.whiskyflavour.com\/tietosuoja-evastekaytannot\/"},"modified":"2026-01-26T11:04:52","modified_gmt":"2026-01-26T11:04:52","slug":"privacy-policy","status":"publish","type":"page","link":"https:\/\/www.whiskyflavour.com\/fi\/privacy-policy\/","title":{"rendered":"Tietosuojak\u00e4yt\u00e4nt\u00f6"},"content":{"rendered":"<div class=\"wpb-content-wrapper\"><p>[vc_row][vc_column][vc_column_text css=&#8221;&#8221;]<\/p>\n<h2>Tietosuojak\u00e4yt\u00e4nt\u00f6<\/h2>\n<p>Yksityisyytesi on meille t\u00e4rke\u00e4\u00e4. <strong>WhiskyFlavourin politiikkana<\/strong> on kunnioittaa yksityisyytt\u00e4si kaikkien niiden tietojen osalta, joita voimme ker\u00e4t\u00e4 sinulta verkkosivustollamme <a href=\"https:\/\/www.whiskyflavour.com\/fi\/\">whiskyflavour.com ja muilla omistamillamme ja yll\u00e4pit\u00e4mill\u00e4mme sivustoilla<\/a>. <\/p>\n<p>Pyyd\u00e4mme henkil\u00f6tietoja vain silloin, kun todella tarvitsemme niit\u00e4 palvelun tarjoamiseksi sinulle. Ker\u00e4\u00e4mme tiedot oikeudenmukaisin ja laillisin keinoin tietosi ja suostumuksesi perusteella. Kerromme my\u00f6s, miksi ker\u00e4\u00e4mme tietoja ja miten niit\u00e4 k\u00e4ytet\u00e4\u00e4n.  <\/p>\n<p>S\u00e4ilyt\u00e4mme ker\u00e4ttyj\u00e4 tietoja vain niin kauan kuin on tarpeen, jotta voimme tarjota sinulle pyyt\u00e4m\u00e4\u00e4si palvelua. Suojaamme tallentamamme tiedot kaupallisesti hyv\u00e4ksytt\u00e4vin keinoin est\u00e4\u00e4kseen tietojen katoamisen ja varastamisen sek\u00e4 luvattoman p\u00e4\u00e4syn, luovuttamisen, kopioinnin, k\u00e4yt\u00f6n tai muuttamisen. <\/p>\n<p>Emme jaa henkil\u00f6kohtaisia tunnistetietoja julkisesti tai kolmansien osapuolten kanssa, paitsi jos laki niin vaatii.<\/p>\n<p>Verkkosivustomme voi linkitt\u00e4\u00e4 ulkopuolisille sivustoille, joita me emme yll\u00e4pid\u00e4. Huomaa, ett\u00e4 emme voi valvoa n\u00e4iden sivustojen sis\u00e4lt\u00f6\u00e4 ja k\u00e4yt\u00e4nt\u00f6j\u00e4, emmek\u00e4 voi ottaa vastuuta niiden tietosuojak\u00e4yt\u00e4nn\u00f6ist\u00e4. <\/p>\n<p>Voit vapaasti kielt\u00e4yty\u00e4 pyyt\u00e4m\u00e4st\u00e4 henkil\u00f6kohtaisia tietojasi, jos ymm\u00e4rr\u00e4mme, ett\u00e4 emme ehk\u00e4 pysty tarjoamaan sinulle joitakin haluamiasi palveluita.<\/p>\n<p>Jatkuva verkkosivustomme k\u00e4ytt\u00f6si katsotaan yksityisyytt\u00e4 ja henkil\u00f6tietoja koskevien k\u00e4yt\u00e4nt\u00f6jemme hyv\u00e4ksymiseksi. Jos sinulla on kysytt\u00e4v\u00e4\u00e4 siit\u00e4, miten k\u00e4sittelemme k\u00e4ytt\u00e4j\u00e4tietoja ja henkil\u00f6kohtaisia tietoja, ota meihin yhteytt\u00e4. <\/p>\n<h2><strong>WhiskyFlavourin<\/strong><strong>ev\u00e4stek\u00e4yt\u00e4nt\u00f6<\/strong> <\/h2>\n<p>T\u00e4m\u00e4 on <strong>Whiskyflavourin<\/strong> ev\u00e4stek\u00e4yt\u00e4nt\u00f6 <strong>,<\/strong> johon p\u00e4\u00e4set osoitteesta.<\/p>\n<h3>Mit\u00e4 ev\u00e4steet ovat<\/h3>\n<p>Kuten l\u00e4hes kaikilla ammattimaisilla verkkosivustoilla, t\u00e4m\u00e4 sivusto k\u00e4ytt\u00e4\u00e4 ev\u00e4steit\u00e4, jotka ovat pieni\u00e4 tiedostoja, jotka ladataan tietokoneellesi, parantaakseen k\u00e4ytt\u00f6kokemustasi. T\u00e4ll\u00e4 sivulla kerrotaan, mit\u00e4 tietoja ne ker\u00e4\u00e4v\u00e4t, miten k\u00e4yt\u00e4mme niit\u00e4 ja miksi meid\u00e4n on joskus tallennettava n\u00e4it\u00e4 ev\u00e4steit\u00e4. Kerromme my\u00f6s, miten voit est\u00e4\u00e4 n\u00e4iden ev\u00e4steiden tallentamisen; t\u00e4m\u00e4 saattaa kuitenkin heikent\u00e4\u00e4 tai &#8220;rikkoa&#8221; tiettyj\u00e4 sivuston toiminnallisuuden osia.  <\/p>\n<h3>Kuinka k\u00e4yt\u00e4mme ev\u00e4steit\u00e4<\/h3>\n<p>K\u00e4yt\u00e4mme ev\u00e4steit\u00e4 useista eri syist\u00e4, jotka on eritelty j\u00e4ljemp\u00e4n\u00e4. Valitettavasti useimmissa tapauksissa ev\u00e4steiden poistamiseen k\u00e4yt\u00f6st\u00e4 ei ole alan standardivaihtoehtoja ilman, ett\u00e4 niiden t\u00e4lle sivustolle lis\u00e4\u00e4m\u00e4t toiminnot ja ominaisuudet poistuvat kokonaan k\u00e4yt\u00f6st\u00e4. On suositeltavaa j\u00e4tt\u00e4\u00e4 kaikki ev\u00e4steet p\u00e4\u00e4lle, jos et ole varma, tarvitsetko niit\u00e4 vai et, jos niit\u00e4 k\u00e4ytet\u00e4\u00e4n k\u00e4ytt\u00e4m\u00e4si palvelun tarjoamiseen.  <\/p>\n<h3>Ev\u00e4steiden poistaminen k\u00e4yt\u00f6st\u00e4<\/h3>\n<p>Voit est\u00e4\u00e4 ev\u00e4steiden asettamisen s\u00e4\u00e4t\u00e4m\u00e4ll\u00e4 selaimesi asetuksia (katso selaimesi ohjeesta, miten t\u00e4m\u00e4 tehd\u00e4\u00e4n). Huomaa, ett\u00e4 ev\u00e4steiden poistaminen k\u00e4yt\u00f6st\u00e4 vaikuttaa t\u00e4m\u00e4n ja monien muiden k\u00e4ytt\u00e4miesi verkkosivustojen toimintaan. Ev\u00e4steiden poistaminen k\u00e4yt\u00f6st\u00e4 johtaa yleens\u00e4 my\u00f6s tiettyjen toimintojen ja ominaisuuksien poistamiseen k\u00e4yt\u00f6st\u00e4 t\u00e4ll\u00e4 sivustolla. Siksi on suositeltavaa, ett\u00e4 et poista ev\u00e4steit\u00e4 k\u00e4yt\u00f6st\u00e4.   <\/p>\n<h3>Asettamamme ev\u00e4steet<\/h3>\n<ul>\n<li>Tiliin liittyv\u00e4t ev\u00e4steet<\/li>\n<\/ul>\n<p>Jos luot meille tilin, k\u00e4yt\u00e4mme ev\u00e4steit\u00e4 rekister\u00f6itymisprosessin hallintaan ja yleiseen hallinnointiin. N\u00e4m\u00e4 ev\u00e4steet poistetaan yleens\u00e4, kun kirjaudut ulos; joissakin tapauksissa ne voivat kuitenkin j\u00e4\u00e4d\u00e4 j\u00e4lkik\u00e4teen muistamaan sivuston asetukset, kun olet kirjautunut ulos. <\/p>\n<ul>\n<li>Kirjautumiseen liittyv\u00e4t ev\u00e4steet<\/li>\n<\/ul>\n<p>K\u00e4yt\u00e4mme ev\u00e4steit\u00e4, kun olet kirjautunut sis\u00e4\u00e4n, jotta voimme muistaa t\u00e4m\u00e4n tosiasian. N\u00e4in sinun ei tarvitse kirjautua sis\u00e4\u00e4n joka kerta, kun vierailet uudella sivulla. N\u00e4m\u00e4 ev\u00e4steet yleens\u00e4 poistetaan tai tyhjennet\u00e4\u00e4n, kun kirjaudut ulos, jotta voit k\u00e4ytt\u00e4\u00e4 rajoitettuja ominaisuuksia ja alueita vain kirjautuneena sis\u00e4\u00e4n.  <\/p>\n<ul>\n<li>S\u00e4hk\u00f6postitiedotteita koskevat ev\u00e4steet<\/li>\n<\/ul>\n<p>T\u00e4m\u00e4 sivusto tarjoaa uutiskirje- tai s\u00e4hk\u00f6postitilauspalveluita, ja ev\u00e4steit\u00e4 voidaan k\u00e4ytt\u00e4\u00e4 muistamaan, oletko jo rekister\u00f6itynyt, ja n\u00e4ytt\u00e4m\u00e4\u00e4n tiettyj\u00e4 ilmoituksia, jotka saattavat olla voimassa vain tilatuille tai tilaamattomille k\u00e4ytt\u00e4jille.<\/p>\n<ul>\n<li>Tilausten k\u00e4sittelyyn liittyv\u00e4t ev\u00e4steet<\/li>\n<\/ul>\n<p>T\u00e4m\u00e4 sivusto tarjoaa s\u00e4hk\u00f6ist\u00e4 kaupank\u00e4ynti\u00e4 tai maksutapoja, ja jotkin ev\u00e4steet ovat v\u00e4ltt\u00e4m\u00e4tt\u00f6mi\u00e4 sen varmistamiseksi, ett\u00e4 tilauksesi muistetaan sivujen v\u00e4lill\u00e4, jotta voimme k\u00e4sitell\u00e4 sen asianmukaisesti.<\/p>\n<ul>\n<li>Kyselyihin liittyv\u00e4t ev\u00e4steet<\/li>\n<\/ul>\n<p>Tarjoamme aika ajoin k\u00e4ytt\u00e4j\u00e4tutkimuksia ja kyselylomakkeita tarjotaksemme sinulle mielenkiintoisia n\u00e4kemyksi\u00e4, hy\u00f6dyllisi\u00e4 ty\u00f6kaluja tai ymm\u00e4rt\u00e4\u00e4ksemme k\u00e4ytt\u00e4j\u00e4kuntaamme tarkemmin. N\u00e4iss\u00e4 tutkimuksissa saatetaan k\u00e4ytt\u00e4\u00e4 ev\u00e4steit\u00e4, jotta voidaan muistaa, kuka on jo osallistunut tutkimukseen, tai jotta saat tarkat tulokset, kun olet vaihtanut sivua. <\/p>\n<ul>\n<li>Lomakkeisiin liittyv\u00e4t ev\u00e4steet<\/li>\n<\/ul>\n<p>Kun l\u00e4het\u00e4t tietoja lomakkeella, kuten yhteydenottosivuilla tai kommenttilomakkeilla, ev\u00e4steet voidaan asettaa muistamaan k\u00e4ytt\u00e4j\u00e4tietosi tulevaa kirjeenvaihtoa varten.<\/p>\n<ul>\n<li>Sivuston asetusten ev\u00e4steet<\/li>\n<\/ul>\n<p>Jotta saisit hyv\u00e4n k\u00e4ytt\u00f6kokemuksen t\u00e4ll\u00e4 sivustolla, tarjoamme toiminnon, jonka avulla voit asettaa asetukset sille, miten sivusto toimii, kun k\u00e4yt\u00e4t sit\u00e4. Jotta voimme muistaa asetuksesi, meid\u00e4n on asetettava ev\u00e4steit\u00e4, jotta n\u00e4it\u00e4 tietoja voidaan kutsua aina, kun olet vuorovaikutuksessa sivun kanssa, johon asetuksesi vaikuttavat. <\/p>\n<h3>Kolmannen osapuolen ev\u00e4steet<\/h3>\n<p>Joissakin erityistapauksissa k\u00e4yt\u00e4mme my\u00f6s luotettavien kolmansien osapuolten ev\u00e4steit\u00e4. Seuraavassa osiossa kerrotaan yksityiskohtaisesti, mit\u00e4 kolmansien osapuolten ev\u00e4steit\u00e4 saatat kohdata t\u00e4ll\u00e4 sivustolla. <\/p>\n<ul>\n<li>T\u00e4m\u00e4 sivusto k\u00e4ytt\u00e4\u00e4 Google Analyticsia, joka on yksi yleisimmist\u00e4 ja luotettavimmista analytiikkaratkaisuista verkossa. Se auttaa meit\u00e4 ymm\u00e4rt\u00e4m\u00e4\u00e4n, miten k\u00e4yt\u00e4t sivustoa ja miten voimme parantaa k\u00e4ytt\u00f6kokemustasi. N\u00e4m\u00e4 ev\u00e4steet voivat seurata esimerkiksi sit\u00e4, kuinka kauan viet\u00e4t aikaa sivustolla ja mill\u00e4 sivuilla vierailet, jotta voimme jatkaa kiinnostavan sis\u00e4ll\u00f6n tuottamista.  Lis\u00e4tietoja Google Analyticsin ev\u00e4steist\u00e4 on Google Analyticsin virallisella sivulla.<\/li>\n<li>Kolmannen osapuolen analytiikkaa k\u00e4ytet\u00e4\u00e4n t\u00e4m\u00e4n sivuston k\u00e4yt\u00f6n seurantaan ja mittaamiseen, jotta voimme jatkaa kiinnostavan sis\u00e4ll\u00f6n tuottamista. N\u00e4m\u00e4 ev\u00e4steet voivat seurata esimerkiksi sit\u00e4, kuinka kauan viet\u00e4t aikaa sivustolla tai sivuilla, joilla vierailet, mik\u00e4 auttaa meit\u00e4 ymm\u00e4rt\u00e4m\u00e4\u00e4n, miten voimme parantaa sivustoa sinulle. <\/li>\n<li>Testaamme aika ajoin uusia ominaisuuksia ja teemme hienovaraisia muutoksia sivuston toimitustapaan. Kun testaamme viel\u00e4 uusia ominaisuuksia, n\u00e4it\u00e4 ev\u00e4steit\u00e4 voidaan k\u00e4ytt\u00e4\u00e4 varmistamaan, ett\u00e4 saat sivustolla yhdenmukaisen k\u00e4ytt\u00f6kokemuksen ja ett\u00e4 ymm\u00e4rr\u00e4mme, mit\u00e4 optimointeja k\u00e4ytt\u00e4j\u00e4t arvostavat eniten. <\/li>\n<li>Koska myymme tuotteita, meille on t\u00e4rke\u00e4\u00e4 saada tilastotietoja siit\u00e4, kuinka moni sivustollamme k\u00e4vij\u00e4 tekee ostoksia, ja siksi n\u00e4m\u00e4 ev\u00e4steet seuraavat juuri t\u00e4llaisia tietoja. T\u00e4m\u00e4 on sinulle t\u00e4rke\u00e4\u00e4, koska se tarkoittaa, ett\u00e4 voimme tehd\u00e4 tarkkoja liiketoimintaennusteita, joiden avulla voimme seurata mainos- ja tuotekustannuksiamme parhaan mahdollisen hinnan varmistamiseksi. <\/li>\n<li>Google AdSense -palvelu, jota k\u00e4yt\u00e4mme mainonnan tarjoamiseen, k\u00e4ytt\u00e4\u00e4 DoubleClick-ev\u00e4steen avulla relevantimpia mainoksia eri puolilla verkkoa ja rajoittaa tietyn mainoksen n\u00e4ytt\u00f6kertojen m\u00e4\u00e4r\u00e4\u00e4.<br \/>\nLis\u00e4tietoja Google AdSense -palvelusta on Google AdSensen virallisissa tietosuojakysymyksiss\u00e4.<\/li>\n<li>K\u00e4yt\u00e4mme mainoksia kompensoidaksemme t\u00e4m\u00e4n sivuston yll\u00e4pitokustannuksia ja rahoittaaksemme sivuston jatkokehityst\u00e4. T\u00e4ll\u00e4 sivustolla k\u00e4ytett\u00e4vien k\u00e4ytt\u00e4ytymiseen perustuvien mainosev\u00e4steiden tarkoituksena on varmistaa, ett\u00e4 tarjoamme sinulle mahdollisimman relevantteja mainoksia seuraamalla anonyymisti kiinnostuksen kohteitasi ja esitt\u00e4m\u00e4ll\u00e4 samankaltaisia asioita, jotka voivat kiinnostaa sinua. <\/li>\n<li>Useat yhteisty\u00f6kumppanit mainostavat puolestamme, ja yhteisty\u00f6kumppaneiden seurantaev\u00e4steiden avulla voimme yksinkertaisesti n\u00e4hd\u00e4, ovatko asiakkaamme tulleet sivustolle jonkin yhteisty\u00f6kumppanimme sivuston kautta, jotta voimme hyvitt\u00e4\u00e4 heit\u00e4 asianmukaisesti ja tarvittaessa antaa yhteisty\u00f6kumppaneillemme mahdollisuuden antaa sinulle bonuksen, jonka he voivat antaa sinulle ostoksen tekemisest\u00e4.<\/li>\n<li>K\u00e4yt\u00e4mme t\u00e4ll\u00e4 sivustolla my\u00f6s sosiaalisen median painikkeita ja\/tai liit\u00e4nn\u00e4isi\u00e4, joiden avulla voit muodostaa yhteyden sosiaaliseen verkostoosi eri tavoin. Jotta n\u00e4m\u00e4 toimisivat, seuraavat sosiaalisen median sivustot, kuten Facebook, Instagram, Twitter, Pinterest, Tumblr jne., asettavat sivustomme kautta ev\u00e4steit\u00e4, joita voidaan k\u00e4ytt\u00e4\u00e4 profiilisi parantamiseen niiden sivustolla tai niiden hallussa olevien tietojen lis\u00e4\u00e4miseen niiden tietosuojak\u00e4yt\u00e4nn\u00f6iss\u00e4 kuvattuihin eri tarkoituksiin. <\/li>\n<\/ul>\n<h2>Lis\u00e4tietoja<\/h2>\n<p>Toivottavasti t\u00e4m\u00e4 on selvent\u00e4nyt asioita sinulle, ja kuten aiemmin mainittiin, jos et ole varma, tarvitsetko jotakin, on yleens\u00e4 turvallisempaa j\u00e4tt\u00e4\u00e4 ev\u00e4steet k\u00e4ytt\u00f6\u00f6n, jos se on vuorovaikutuksessa jonkin sivustollamme k\u00e4ytt\u00e4m\u00e4si ominaisuuden kanssa.<\/p>\n<p>T\u00e4m\u00e4 politiikka on voimassa <strong>toukokuusta<\/strong> <strong>2020<\/strong> alkaen <strong>.<\/strong>[\/vc_column_text][\/vc_column][\/vc_row]<\/p>\n<\/div>","protected":false},"excerpt":{"rendered":"<p>[vc_row][vc_column][vc_column_text css=&#8221;&#8221;] Tietosuojak\u00e4yt\u00e4nt\u00f6 Yksityisyytesi on meille t\u00e4rke\u00e4\u00e4. WhiskyFlavourin politiikkana on kunnioittaa yksityisyytt\u00e4si kaikkien niiden tietojen osalta, joita voimme ker\u00e4t\u00e4 sinulta&#8230;<\/p>\n","protected":false},"author":1,"featured_media":0,"parent":0,"menu_order":8,"comment_status":"closed","ping_status":"closed","template":"","meta":{"footnotes":""},"class_list":["post-26741","page","type-page","status-publish","hentry"],"_links":{"self":[{"href":"https:\/\/www.whiskyflavour.com\/fi\/wp-json\/wp\/v2\/pages\/26741","targetHints":{"allow":["GET"]}}],"collection":[{"href":"https:\/\/www.whiskyflavour.com\/fi\/wp-json\/wp\/v2\/pages"}],"about":[{"href":"https:\/\/www.whiskyflavour.com\/fi\/wp-json\/wp\/v2\/types\/page"}],"author":[{"embeddable":true,"href":"https:\/\/www.whiskyflavour.com\/fi\/wp-json\/wp\/v2\/users\/1"}],"replies":[{"embeddable":true,"href":"https:\/\/www.whiskyflavour.com\/fi\/wp-json\/wp\/v2\/comments?post=26741"}],"version-history":[{"count":0,"href":"https:\/\/www.whiskyflavour.com\/fi\/wp-json\/wp\/v2\/pages\/26741\/revisions"}],"wp:attachment":[{"href":"https:\/\/www.whiskyflavour.com\/fi\/wp-json\/wp\/v2\/media?parent=26741"}],"curies":[{"name":"wp","href":"https:\/\/api.w.org\/{rel}","templated":true}]}}