{"id":53260,"date":"2021-10-12T15:51:09","date_gmt":"2021-10-12T14:51:09","guid":{"rendered":"https:\/\/www.whiskyflavour.com\/about\/"},"modified":"2026-04-02T15:26:28","modified_gmt":"2026-04-02T14:26:28","slug":"about","status":"publish","type":"page","link":"https:\/\/www.whiskyflavour.com\/fi\/about\/","title":{"rendered":"Tietoja"},"content":{"rendered":"<div class=\"wpb-content-wrapper\"><p>[vc_row][vc_column][vc_custom_heading text=&#8221;ORIGIN&#8221; use_theme_fonts=&#8221;yes&#8221; css=&#8221;&#8221;][vc_column_text css=&#8221;&#8221;]Whisky Flavourin on luonut viskiharrastaja, jota ohjaa halu tutustua erilaisiin viskilajeihin ja nauttia niit\u00e4 mahdollisimman k\u00e4tev\u00e4sti ja edullisesti.<\/p>\n<p>Usein on ep\u00e4k\u00e4yt\u00e4nn\u00f6llist\u00e4 investoida kokonaiseen pulloon viski\u00e4, josta olet ollut utelias, varsinkin kun maistat sit\u00e4 ensimm\u00e4ist\u00e4 kertaa. Odotusten vuoksi monet viskiharrastajat luopuvat kokonaisen pullon ostamisesta. Jotta voisit nauttia enemm\u00e4n viski\u00e4 edullisempaan hintaan, olemme kehitt\u00e4neet t\u00e4m\u00e4n viskinmaistelutilauksen.<\/p>\n<p>Whisky Flavour -tilauspalvelu kehitettiin viskin yst\u00e4vi\u00e4 silm\u00e4ll\u00e4 pit\u00e4en &#8211; niit\u00e4, jotka nauttivat erilaisten pullojen, tuotemerkkien ja ik\u00e4kausien maistelemisesta.<\/p>\n<p>Uskomme, ett\u00e4 t\u00e4m\u00e4n ratkaisun avulla voit maistella erilaisia viskej\u00e4 ilman, ett\u00e4 joudut sitoutumaan pitk\u00e4ll\u00e4 aikav\u00e4lill\u00e4 kokonaisen pullon ostamiseen.<\/p>\n<p>Tarjoamme yhden viskin maistelupakkauksen, jossa on joka kuukausi 4 alkuper\u00e4ist\u00e4 merkkiviskin miniatyyri\u00e4. N\u00e4in voit tyydytt\u00e4\u00e4 uteliaisuutesi ja laajentaa viskirepertuaariasi helposti.[\/vc_column_text][\/vc_column][\/vc_row][vc_row][vc_column][vc_custom_heading text=&#8221;MISSION&#8221; use_theme_fonts=&#8221;yes&#8221; css=&#8221;&#8221;][vc_column_text css=&#8221;&#8221;]Whisky Flavourin teht\u00e4v\u00e4n\u00e4 on tarjota viskiharrastajille mahdollisuus tutustua monenlaisiin viskimerkkeihin ja -lajeihin. Tekem\u00e4ll\u00e4 kalleimmistakin merkeist\u00e4 kohtuuhintaisia ja helposti saatavilla olevia viskinmaistelutilauksemme avulla pyrimme varmistamaan, ett\u00e4 yh\u00e4 useammat ihmiset voivat nauttia viskin monipuolisesta maailmasta.[\/vc_column_text][\/vc_column][\/vc_row][vc_row][vc_column][vc_custom_heading text=&#8221;VISION&#8221; use_theme_fonts=&#8221;yes&#8221; css=&#8221;&#8221;][vc_column_text css=&#8221;&#8221;]Whisky Flavourin tavoitteena on tulla viskiteollisuuden johtavaksi referenssiksi, joka mullistaa kuluttajien ja tuotemerkkien v\u00e4lisen vuorovaikutuksen. Tarjoamalla ainutlaatuisia whiskey-maistelutilaisuuksia pyrimme lis\u00e4\u00e4m\u00e4\u00e4n kuluttajien tietoisuutta saatavilla olevista erilaisista ja merkitt\u00e4vist\u00e4 tuotemerkeist\u00e4 ja valmistusprosesseista. Samalla whiskey-br\u00e4ndeill\u00e4 on mahdollisuus tavoittaa laajempi yleis\u00f6 ja luoda pitk\u00e4aikaisia suhteita yh\u00e4 useampiin kuluttajiin.[\/vc_column_text][\/vc_column][\/vc_row][vc_row][vc_column][vc_custom_heading text=&#8221;VALUES&#8221; use_theme_fonts=&#8221;yes&#8221; css=&#8221;&#8221;][vc_column_text css=&#8221;&#8221;]Avoimuus | Eleganssi | Innovatiivisuus | Asiakasl\u00e4ht\u00f6isyys | Nykyaikaisuus[\/vc_column_text][\/vc_column][\/vc_row]<\/p>\n<\/div>","protected":false},"excerpt":{"rendered":"<p>[vc_row][vc_column][vc_custom_heading text=&#8221;ORIGIN&#8221; use_theme_fonts=&#8221;yes&#8221; css=&#8221;&#8221;][vc_column_text css=&#8221;&#8221;]Whisky Flavourin on luonut viskiharrastaja, jota ohjaa halu tutustua erilaisiin viskilajeihin ja nauttia niit\u00e4 mahdollisimman k\u00e4tev\u00e4sti&#8230;<\/p>\n","protected":false},"author":1,"featured_media":0,"parent":0,"menu_order":0,"comment_status":"closed","ping_status":"closed","template":"","meta":{"footnotes":""},"class_list":["post-53260","page","type-page","status-publish","hentry"],"_links":{"self":[{"href":"https:\/\/www.whiskyflavour.com\/fi\/wp-json\/wp\/v2\/pages\/53260","targetHints":{"allow":["GET"]}}],"collection":[{"href":"https:\/\/www.whiskyflavour.com\/fi\/wp-json\/wp\/v2\/pages"}],"about":[{"href":"https:\/\/www.whiskyflavour.com\/fi\/wp-json\/wp\/v2\/types\/page"}],"author":[{"embeddable":true,"href":"https:\/\/www.whiskyflavour.com\/fi\/wp-json\/wp\/v2\/users\/1"}],"replies":[{"embeddable":true,"href":"https:\/\/www.whiskyflavour.com\/fi\/wp-json\/wp\/v2\/comments?post=53260"}],"version-history":[{"count":0,"href":"https:\/\/www.whiskyflavour.com\/fi\/wp-json\/wp\/v2\/pages\/53260\/revisions"}],"wp:attachment":[{"href":"https:\/\/www.whiskyflavour.com\/fi\/wp-json\/wp\/v2\/media?parent=53260"}],"curies":[{"name":"wp","href":"https:\/\/api.w.org\/{rel}","templated":true}]}}