{"id":26503,"date":"2016-05-01T21:20:50","date_gmt":"2016-05-01T20:20:50","guid":{"rendered":"https:\/\/www.whiskyflavour.com\/shop\/kuukausittainen-viskilajitelmatilaus\/"},"modified":"2026-04-30T11:33:56","modified_gmt":"2026-04-30T10:33:56","slug":"whisky-subscription-box","status":"publish","type":"product","link":"https:\/\/www.whiskyflavour.com\/fi\/shop\/whisky-subscription-box\/","title":{"rendered":"Whisky tilauslaatikko"},"content":{"rendered":"<h2>The Whiskey Tasting Box by Whisky Flavour &#8211; 4 miniatyyri\u00e4 tislaamoista ymp\u00e4ri maailmaa<\/h2>\n<p>Jos haluat kokea maailman parhaita whiskeyt\u00e4, Whiskey Tasting Box -tilaus on paras tapa tutustua maailman arvostetuimpien tislaamojen, kuten skotlantilaisten, irlantilaisten, amerikkalaisten ja monien muiden, eksklusiivisiin whiskeihin!<\/p>\n<p>Whisky Flavourissa olemme luoneet edullisen tilausj\u00e4rjestelm\u00e4n, johon asiakkaamme ymp\u00e4ri maailmaa ovat rakastuneet! T\u00e4m\u00e4 Whiskey-maistelujen tilauspalvelu sopii t\u00e4ydellisesti itsesi hemmotteluun tai huomaavaiseksi lahjaksi! Jos olet whiskey-tuntija tai joku, joka haluaa aina maistaa kaikenlaisia whiskey-tyyppej\u00e4, maanalaisia whiskey-merkkej\u00e4, uusia sarjoja ja vanhoja, whiskey-maistelu-boximme voi sopia tarpeisiisi ja budjettiisi.  <\/p>\n<p>Puhutaanpa nyt siit\u00e4, mit\u00e4 saat, kun rekister\u00f6idyt t\u00e4h\u00e4n k\u00e4yt\u00e4nn\u00f6lliseen palveluun!<\/p>\n<p>&nbsp;<\/p>\n<h2>Tilaa se vain kerran tai tee siit\u00e4 Whiskey-maistelutilaus.<\/h2>\n<p>Aluksi saat joka kuukausi upeita Whiskey-ilmaisuja!<\/p>\n<p>Jokaisessa laatikossa on 4 alkuper\u00e4ist\u00e4 merkkist\u00e4 whiskey-miniatyyri\u00e4. Ne voivat olla t\u00e4ysi mysteeri, tai voimme pit\u00e4\u00e4 mieless\u00e4si mieltymyksesi, kun valitsemme sinulle toimitettavat whiskey-miniatyyrit. Sinun tarvitsee vain l\u00e4hett\u00e4\u00e4 meille s\u00e4hk\u00f6postia, jossa ilmoitat makumieltymyksesi tai whiskey-tyypin, jota todella haluat maistaa.  <\/p>\n<p><strong>Voit valita<\/strong> vaihtoehdoistamme, <strong>kuinka kauan saat viskinmaistelutilauksemme:<\/strong><\/p>\n<ul>\n<li>Vain kerran.<\/li>\n<li>Kerran kuukaudessa kolmen kuukauden ajan.<\/li>\n<li>Kerran kuukaudessa kuuden kuukauden ajan.<\/li>\n<li>Kerran kuukaudessa vuoden ajan.<\/li>\n<\/ul>\n<p>Ei vain Whiskey ole poikkeuksellista, vaan my\u00f6s laatikkomme ei ole mik\u00e4 tahansa laatikko. Olemme tehneet yhteisty\u00f6t\u00e4 paikallisten tuottajien ja puuseppien kanssa luodaksemme modernin <strong>ja minimalistisen puulaatikon<\/strong>. Se on kest\u00e4v\u00e4, joten se suojaa whiskey-miniatyyrej\u00e4si toimituksen aikana, ja sit\u00e4 voidaan k\u00e4ytt\u00e4\u00e4 uudelleen sen j\u00e4lkeen. Muista pit\u00e4\u00e4 siit\u00e4 kiinni: se on hieno muisto, joka on valmistettu huolella.   <\/p>\n<p>T\u00e4m\u00e4 <strong>whiskey-maistelulaatikko painaa 1,5 kiloa, ja se l\u00e4hetet\u00e4\u00e4n<\/strong> sinulle mieltymystesi mukaan.<\/p>\n<p>Annamme asiakkaillemme kaikki vaihtoehdot, jotta tilaus sopii heid\u00e4n tarpeisiinsa, sill\u00e4 tied\u00e4mme, ett\u00e4 jokainen viskin yst\u00e4v\u00e4 on ainutlaatuinen.<\/p>\n<p>&nbsp;<\/p>\n<h3>Vihjeit\u00e4 Whiskeyn maistelulaatikostamme<\/h3>\n<p>Jos muutaman spoilerin saaminen ei ole sinun juttusi, hypp\u00e4\u00e4 t\u00e4m\u00e4n osan yli! Emme paljasta kaikkea whiskey-maistelulaatikostamme, mutta j\u00e4t\u00e4mme muutaman leiv\u00e4nmurun, jotta et missaa t\u00e4t\u00e4 tilaisuutta kokonaan. <\/p>\n<ul>\n<li>Whiskey miniatyyrit ovat <strong>alkuper\u00e4isbr\u00e4nd\u00e4ttyj\u00e4 ja 5cl (1,69oz) pulloja.<\/strong><\/li>\n<li>Haluamme tarjota laajan whiskey-valikoiman, ja siihen kuuluu <strong>viskimerkkej\u00e4 eri puolilta maailmaa, jotka<\/strong> ylitt\u00e4v\u00e4t perinteiset whiskey-tyypit. Aiemmat asiakkaat ovat saaneet viskilausekkeita esimerkiksi sellaisilta tuotemerkeilt\u00e4 kuin Black Whiskey, Langatun ja Armorik Whisky. <\/li>\n<li>Etsimme viskilajikkeita, jotka ovat <strong>joko klassikoita tai huippuluokan viskeit\u00e4, joita<\/strong> jokaisen pit\u00e4isi maistaa ainakin kerran el\u00e4m\u00e4ss\u00e4\u00e4n.<\/li>\n<li>Pid\u00e4mme kirjaa edellisist\u00e4 sinulle l\u00e4hetetyist\u00e4 laatikoista, joten <strong>et saa samaa whiskey\u00e4 kahteen kertaan (ellet<\/strong> todella halua).<\/li>\n<li><strong>Otamme vastaan toiveita viskityypin, ilmaisujen i\u00e4n ja makujen suhteen, joista pid\u00e4t eniten, jotta<\/strong> emme l\u00e4het\u00e4 sinulle viskiminiatyyrej\u00e4, joista et varmasti nauti.<\/li>\n<\/ul>\n<p>&nbsp;<\/p>\n<h3>Whiskey maistelulaatikko &#8211; tee siit\u00e4 lahja!<\/h3>\n<p>Whiskey-maistelutilaus on loistava lahjaidea kaikille, jotka todella nauttivat whiskeyst\u00e4. Emme tietenk\u00e4\u00e4n sanoisi muuta, mutta voimme l\u00e4hett\u00e4\u00e4 <strong>whiskey-maistelulaatikon &#8211; tai -laatikot &#8211; mihin tahansa osoitteeseen, jonka annat oston yhteydess\u00e4<\/strong>. Voimme my\u00f6s lis\u00e4t\u00e4 pakettiin yksinkertaisen viestin, joka tekee siit\u00e4 henkil\u00f6kohtaisemman.  <\/p>\n<p>Whiskey-tilauslaatikkoamme voi tarjota sek\u00e4 viskin tuntijoille ett\u00e4 ihmisille, jotka alkavat vasta tutustua viskin makuun. Koska <strong>viskiminiotyyppien valikoimamme on todella ainutlaatuinen,<\/strong> he saattavat saada klassisia ilmaisuja ja whiskey\u00e4, joka on valmistettu tislaamoissa sellaisista maista, joita ei yleens\u00e4 yhdistet\u00e4 whiskyyn. <\/p>\n<p>Sen lis\u00e4ksi, ett\u00e4 rakkaasi, yst\u00e4v\u00e4si tai kollegasi maistelee kaikkea whiskey\u00e4,<strong> puulaatikko sopii t\u00e4ydellisesti uudelleenk\u00e4ytett\u00e4v\u00e4ksi ja s\u00e4ilytt\u00e4m\u00e4\u00e4n heid\u00e4n<\/strong> henkil\u00f6kohtaisen whiskey-maistelusettins\u00e4.<\/p>\n<p>Jos et halua <strong>tilata tilausta, voit<\/strong> tilata vain<strong> yhden whiskey-maistelulaatikon lahjaksi whiskey-yst\u00e4v\u00e4lle<\/strong>!<\/p>\n<p>&nbsp;<\/p>\n<h2>Whiskey-maistelutilaus &#8211; Whiskey-yst\u00e4vilt\u00e4 Whiskey-yst\u00e4ville<\/h2>\n<p>Whisky Flavour -tiimi on sitoutunut toimittamaan maailman hienoimpia viskilausekkeita tuotemerkeilt\u00e4, joita ei ole helppo l\u00f6yt\u00e4\u00e4, ja teemme kaikkemme tarjotaksemme asiakkaillemme valikoiman viskiminiatyyrej\u00e4, joista uskomme sinun olevan innostunut.<\/p>\n<p>Olemme ylpeit\u00e4 viskitilauspalvelustamme ja viskinmaistelulaatikostamme, sill\u00e4 se antaa kaikenlaisille ihmisille mahdollisuuden tutustua poikkeuksellisiin viskeihin, joita he eiv\u00e4t ehk\u00e4 muuten p\u00e4\u00e4sisi maistamaan.<\/p>\n<p>&nbsp;<\/p>\n<h3 style=\"text-align: center;\">Tilaa nyt Whisky Flavourin Whisky Tasting Box -tilaus!<\/h3>\n<p>&nbsp;<\/p>\n<p>&nbsp;<\/p>\n<h2>Usein kysytyt kysymykset Whiskey-maistelulaatikostamme<\/h2>\n<p>&nbsp;<\/p>\n<h3>Mihin maihin l\u00e4het\u00e4tte sit\u00e4? Ja milloin saan Whiskey Tasting Boxin? <\/h3>\n<p>Toimitamme maailmanlaajuisesti! Joten toimitusaika muuttuu antamasi osoitteen mukaan. Toimitamme Portugalista, ja tavallisesti kest\u00e4\u00e4 5-10 arkip\u00e4iv\u00e4\u00e4 p\u00e4\u00e4st\u00e4 perille!  <\/p>\n<p>Suosittelemme, ett\u00e4 teet tilauksen ennen kuukauden 24. p\u00e4iv\u00e4\u00e4, koska l\u00e4het\u00e4mme kaikki tilaukset seuraavan kuukauden 7. p\u00e4iv\u00e4\u00e4n menness\u00e4.<\/p>\n<p>&nbsp;<\/p>\n<h3>Voinko seurata tilaustani?<\/h3>\n<p>Kyll\u00e4! L\u00e4het\u00e4mme whiskinmaistelulaatikkosi kirjattuna kirjeen\u00e4, ja saat s\u00e4hk\u00f6postiviestin, jossa on tarvittava linkki ja koodi, jotta voit seurata whiskinlaatikkosi matkaa. <\/p>\n<p>&nbsp;<\/p>\n<p>Onko sinulla viel\u00e4 kysytt\u00e4v\u00e4\u00e4 whiskey-maistelutilauksestamme? K\u00e4y FAQ-sivullamme tai l\u00e4het\u00e4 meille s\u00e4hk\u00f6postia. Pid\u00e4mme huolen siit\u00e4, ett\u00e4 vastaamme sinulle ajoissa.  <\/p>\n","protected":false},"excerpt":{"rendered":"<p>The Whiskey Tasting Box by Whisky Flavour &#8211; 4 miniatyyri\u00e4 tislaamoista ymp\u00e4ri maailmaa Jos haluat kokea maailman parhaita whiskeyt\u00e4, Whiskey&#8230;<\/p>\n","protected":false},"featured_media":26516,"comment_status":"open","ping_status":"closed","template":"","meta":[],"product_brand":[],"product_cat":[14492,14447,5949],"product_tag":[],"class_list":{"0":"post-26503","1":"product","2":"type-product","3":"status-publish","4":"has-post-thumbnail","6":"product_cat-viski-tilaus","7":"product_cat-whiskey-maistelu","8":"product_cat-whisky-gift-fi","10":"first","11":"instock","12":"taxable","13":"shipping-taxable","14":"purchasable","15":"product-type-variable-subscription"},"_links":{"self":[{"href":"https:\/\/www.whiskyflavour.com\/fi\/wp-json\/wp\/v2\/product\/26503","targetHints":{"allow":["GET"]}}],"collection":[{"href":"https:\/\/www.whiskyflavour.com\/fi\/wp-json\/wp\/v2\/product"}],"about":[{"href":"https:\/\/www.whiskyflavour.com\/fi\/wp-json\/wp\/v2\/types\/product"}],"replies":[{"embeddable":true,"href":"https:\/\/www.whiskyflavour.com\/fi\/wp-json\/wp\/v2\/comments?post=26503"}],"wp:featuredmedia":[{"embeddable":true,"href":"https:\/\/www.whiskyflavour.com\/fi\/wp-json\/wp\/v2\/media\/26516"}],"wp:attachment":[{"href":"https:\/\/www.whiskyflavour.com\/fi\/wp-json\/wp\/v2\/media?parent=26503"}],"wp:term":[{"taxonomy":"product_brand","embeddable":true,"href":"https:\/\/www.whiskyflavour.com\/fi\/wp-json\/wp\/v2\/product_brand?post=26503"},{"taxonomy":"product_cat","embeddable":true,"href":"https:\/\/www.whiskyflavour.com\/fi\/wp-json\/wp\/v2\/product_cat?post=26503"},{"taxonomy":"product_tag","embeddable":true,"href":"https:\/\/www.whiskyflavour.com\/fi\/wp-json\/wp\/v2\/product_tag?post=26503"}],"curies":[{"name":"wp","href":"https:\/\/api.w.org\/{rel}","templated":true}]}}