{"id":3802,"date":"2016-05-09T08:50:25","date_gmt":"2016-05-09T07:50:25","guid":{"rendered":"https:\/\/www.whiskyflavour.com\/privacy-policy-cookies-policy\/"},"modified":"2026-01-26T10:56:13","modified_gmt":"2026-01-26T10:56:13","slug":"privacy-policy","status":"publish","type":"page","link":"https:\/\/www.whiskyflavour.com\/fr\/privacy-policy\/","title":{"rendered":"Politique de confidentialit\u00e9"},"content":{"rendered":"<div class=\"wpb-content-wrapper\"><p>[vc_row][vc_column][vc_column_text css=&#8221;&#8221;]<\/p>\n<h2>Politique de confidentialit\u00e9<\/h2>\n<p>La protection de ta vie priv\u00e9e est importante pour nous. La politique de <strong>Whiskyflavour<\/strong> est de respecter votre vie priv\u00e9e en ce qui concerne les informations que nous pouvons recueillir aupr\u00e8s de vous sur notre site Internet, <a href=\"https:\/\/www.whiskyflavour.com\/fr\/\">whiskyflavour.com<\/a>, et sur d&#8217;autres sites que nous poss\u00e9dons et exploitons. <\/p>\n<p>Nous ne demandons des informations personnelles que lorsque nous en avons vraiment besoin pour te fournir un service. Nous les recueillons par des moyens justes et l\u00e9gaux, avec ta connaissance et ton consentement. Nous vous informons \u00e9galement de la raison pour laquelle nous recueillons ces donn\u00e9es et de l&#8217;usage qui en sera fait.  <\/p>\n<p>Nous ne conservons les informations collect\u00e9es que le temps n\u00e9cessaire pour te fournir le service demand\u00e9. Les donn\u00e9es que nous stockons sont prot\u00e9g\u00e9es par des moyens commercialement acceptables afin d&#8217;\u00e9viter la perte et le vol, ainsi que l&#8217;acc\u00e8s, la divulgation, la copie, l&#8217;utilisation ou la modification non autoris\u00e9s. <\/p>\n<p>Nous ne partageons aucune information d&#8217;identification personnelle avec le public ou des tiers, sauf si la loi l&#8217;exige.<\/p>\n<p>Notre site Web peut renvoyer \u00e0 des sites externes qui ne sont pas exploit\u00e9s par nous. Sache que nous n&#8217;avons aucun contr\u00f4le sur le contenu et les pratiques de ces sites, et que nous ne pouvons pas accepter la responsabilit\u00e9 de leurs politiques de confidentialit\u00e9 respectives. <\/p>\n<p>Tu es libre de refuser notre demande de renseignements personnels, \u00e9tant entendu que nous pourrions ne pas \u00eatre en mesure de te fournir certains des services que tu souhaites.<\/p>\n<p>Ton utilisation continue de notre site Web sera consid\u00e9r\u00e9e comme une acceptation de nos pratiques en mati\u00e8re de confidentialit\u00e9 et d&#8217;informations personnelles. Si tu as des questions sur la fa\u00e7on dont nous traitons les donn\u00e9es des utilisateurs et les informations personnelles, n&#8217;h\u00e9site pas \u00e0 nous contacter. <\/p>\n<h2><strong>Politique en mati\u00e8re de cookies<\/strong> pour <strong>Whiskyflavour<\/strong><\/h2>\n<p>Il s&#8217;agit de la politique en mati\u00e8re de cookies de <strong>Whiskyflavour<\/strong>, accessible \u00e0 partir de l&#8217;URL.<\/p>\n<h3>Qu&#8217;est-ce qu&#8217;un cookie ?<\/h3>\n<p>Comme la plupart des sites web professionnels, ce site utilise des cookies, qui sont de minuscules fichiers t\u00e9l\u00e9charg\u00e9s sur votre ordinateur, afin d&#8217;am\u00e9liorer votre exp\u00e9rience. Cette page d\u00e9crit les informations qu&#8217;ils recueillent, comment nous les utilisons et pourquoi nous avons parfois besoin de stocker ces cookies. Nous vous indiquerons \u00e9galement comment vous pouvez emp\u00eacher ces cookies d&#8217;\u00eatre stock\u00e9s ; toutefois, cela peut entra\u00eener une d\u00e9gradation ou une interruption de certains \u00e9l\u00e9ments de la fonctionnalit\u00e9 du site.  <\/p>\n<h3>Comment nous utilisons les cookies<\/h3>\n<p>Nous utilisons des cookies pour diverses raisons d\u00e9taill\u00e9es ci-dessous. Malheureusement, dans la plupart des cas, il n&#8217;existe pas d&#8217;options standard pour d\u00e9sactiver les cookies sans d\u00e9sactiver compl\u00e8tement les fonctionnalit\u00e9s et les caract\u00e9ristiques qu&#8217;ils ajoutent \u00e0 ce site. Il est recommand\u00e9 de laisser tous les cookies activ\u00e9s si vous n&#8217;\u00eates pas s\u00fbr d&#8217;en avoir besoin ou non, au cas o\u00f9 ils seraient utilis\u00e9s pour fournir un service que vous utilisez.  <\/p>\n<h3>D\u00e9sactiver les cookies<\/h3>\n<p>Vous pouvez emp\u00eacher l&#8217;installation de cookies en ajustant les param\u00e8tres de votre navigateur (voir l&#8217;aide de votre navigateur pour savoir comment proc\u00e9der). Sachez que la d\u00e9sactivation des cookies affectera la fonctionnalit\u00e9 de ce site et de nombreux autres sites que vous visitez. La d\u00e9sactivation des cookies entra\u00eene g\u00e9n\u00e9ralement la d\u00e9sactivation de certaines fonctionnalit\u00e9s et caract\u00e9ristiques de ce site. Il est donc recommand\u00e9 de ne pas d\u00e9sactiver les cookies.   <\/p>\n<h3>Les cookies que nous installons<\/h3>\n<ul>\n<li>Cookies li\u00e9s au compte<\/li>\n<\/ul>\n<p>Si vous cr\u00e9ez un compte chez nous, nous utiliserons des cookies pour g\u00e9rer le processus d&#8217;inscription et l&#8217;administration g\u00e9n\u00e9rale. Ces cookies sont g\u00e9n\u00e9ralement supprim\u00e9s lorsque vous vous d\u00e9connectez ; toutefois, dans certains cas, ils peuvent \u00eatre conserv\u00e9s par la suite pour se souvenir de vos pr\u00e9f\u00e9rences sur le site lorsque vous \u00eates d\u00e9connect\u00e9. <\/p>\n<ul>\n<li>Cookies li\u00e9s \u00e0 la connexion<\/li>\n<\/ul>\n<p>Nous utilisons des cookies lorsque tu es connect\u00e9 afin de nous souvenir de ce fait. Cela t&#8217;\u00e9vite de devoir te connecter \u00e0 chaque fois que tu visites une nouvelle page. Ces cookies sont g\u00e9n\u00e9ralement supprim\u00e9s ou effac\u00e9s lorsque tu te d\u00e9connectes afin de garantir que tu ne puisses acc\u00e9der \u00e0 des fonctions et zones restreintes que lorsque tu es connect\u00e9.  <\/p>\n<ul>\n<li>Cookies li\u00e9s aux bulletins d&#8217;information \u00e9lectroniques<\/li>\n<\/ul>\n<p>Ce site propose des services d&#8217;abonnement \u00e0 des lettres d&#8217;information ou \u00e0 des courriels, et des cookies peuvent \u00eatre utilis\u00e9s pour se souvenir si vous \u00eates d\u00e9j\u00e0 inscrit et pour afficher certaines notifications qui pourraient n&#8217;\u00eatre valables que pour les utilisateurs inscrits ou non inscrits.<\/p>\n<ul>\n<li>Cookies li\u00e9s au traitement des commandes<\/li>\n<\/ul>\n<p>Ce site propose des services de commerce \u00e9lectronique ou de paiement, et certains cookies sont essentiels pour garantir que votre commande est m\u00e9moris\u00e9e d&#8217;une page \u00e0 l&#8217;autre afin que nous puissions la traiter correctement.<\/p>\n<ul>\n<li>Cookies li\u00e9s aux enqu\u00eates<\/li>\n<\/ul>\n<p>De temps \u00e0 autre, nous proposons des enqu\u00eates et des questionnaires aux utilisateurs afin de vous fournir des informations int\u00e9ressantes, des outils utiles ou de mieux comprendre notre base d&#8217;utilisateurs. Ces enqu\u00eates peuvent utiliser des cookies pour se souvenir des personnes qui ont d\u00e9j\u00e0 particip\u00e9 \u00e0 une enqu\u00eate ou pour te fournir des r\u00e9sultats pr\u00e9cis apr\u00e8s avoir chang\u00e9 de page. <\/p>\n<ul>\n<li>Cookies li\u00e9s aux formulaires<\/li>\n<\/ul>\n<p>Lorsque vous soumettez des donn\u00e9es par le biais d&#8217;un formulaire, comme ceux que l&#8217;on trouve sur les pages de contact ou les formulaires de commentaires, des cookies peuvent \u00eatre install\u00e9s pour m\u00e9moriser vos coordonn\u00e9es d&#8217;utilisateur en vue d&#8217;une correspondance ult\u00e9rieure.<\/p>\n<ul>\n<li>Cookies de pr\u00e9f\u00e9rences de site<\/li>\n<\/ul>\n<p>Afin de vous offrir une exp\u00e9rience agr\u00e9able sur ce site, nous vous offrons la possibilit\u00e9 de d\u00e9finir vos pr\u00e9f\u00e9rences quant au fonctionnement de ce site lorsque vous l&#8217;utilisez. Pour m\u00e9moriser vos pr\u00e9f\u00e9rences, nous devons installer des cookies afin que ces informations puissent \u00eatre appel\u00e9es chaque fois que vous interagissez avec une page affect\u00e9e par vos pr\u00e9f\u00e9rences. <\/p>\n<h3>Cookies de tiers<\/h3>\n<p>Dans certains cas particuliers, nous utilisons \u00e9galement des cookies fournis par des tiers de confiance. La section suivante d\u00e9taille les cookies de tiers que vous pouvez rencontrer sur ce site. <\/p>\n<ul>\n<li>Ce site utilise Google Analytics, l&#8217;une des solutions d&#8217;analyse les plus r\u00e9pandues et les plus fiables sur le web, pour nous aider \u00e0 comprendre comment vous utilisez le site et comment nous pouvons am\u00e9liorer votre exp\u00e9rience. Ces cookies peuvent suivre des \u00e9l\u00e9ments tels que le temps que vous passez sur le site et les pages que vous visitez, afin que nous puissions continuer \u00e0 produire un contenu attrayant.  Pour plus d&#8217;informations sur les cookies de Google Analytics, consulte la page officielle de Google Analytics.<\/li>\n<li>Des outils d&#8217;analyse tiers sont utilis\u00e9s pour suivre et mesurer l&#8217;utilisation de ce site afin que nous puissions continuer \u00e0 produire un contenu attrayant. Ces cookies peuvent enregistrer des informations telles que le temps que vous passez sur le site ou les pages que vous visitez, ce qui nous aide \u00e0 comprendre comment nous pouvons am\u00e9liorer le site pour vous. <\/li>\n<li>De temps \u00e0 autre, nous testons de nouvelles fonctionnalit\u00e9s et apportons des changements subtils \u00e0 la mani\u00e8re dont le site est fourni. Lorsque nous testons encore de nouvelles fonctionnalit\u00e9s, ces cookies peuvent \u00eatre utilis\u00e9s pour garantir que vous b\u00e9n\u00e9ficiez d&#8217;une exp\u00e9rience coh\u00e9rente sur le site, tout en nous permettant de comprendre quelles sont les optimisations les plus appr\u00e9ci\u00e9es par nos utilisateurs. <\/li>\n<li>Comme nous vendons des produits, il est important pour nous de conna\u00eetre les statistiques sur le nombre de visiteurs de notre site qui effectuent un achat et c&#8217;est donc ce type de donn\u00e9es que ces cookies suivront. C&#8217;est important pour toi, car cela signifie que nous pouvons faire avec pr\u00e9cision des pr\u00e9visions commerciales qui nous permettent de surveiller nos co\u00fbts de publicit\u00e9 et de produits pour garantir le meilleur prix possible. <\/li>\n<li>Le service Google AdSense que nous utilisons pour diffuser de la publicit\u00e9 utilise un cookie DoubleClick pour diffuser des annonces plus pertinentes sur le web et limiter le nombre de fois qu&#8217;une annonce donn\u00e9e vous est pr\u00e9sent\u00e9e.<br \/>\nPour plus d&#8217;informations sur Google AdSense, consultez la FAQ officielle sur la protection de la vie priv\u00e9e de Google AdSense.<\/li>\n<li>Nous utilisons des publicit\u00e9s pour compenser les co\u00fbts de fonctionnement de ce site et fournir des fonds pour le d\u00e9veloppement futur. Les cookies de publicit\u00e9 comportementale utilis\u00e9s par ce site sont con\u00e7us pour s&#8217;assurer que nous te fournissons les publicit\u00e9s les plus pertinentes possible en suivant anonymement tes centres d&#8217;int\u00e9r\u00eat et en pr\u00e9sentant des choses similaires susceptibles de t&#8217;int\u00e9resser. <\/li>\n<li>Plusieurs partenaires font de la publicit\u00e9 en notre nom, et les cookies de suivi des affili\u00e9s nous permettent simplement de voir si nos clients sont arriv\u00e9s sur le site par l&#8217;interm\u00e9diaire de l&#8217;un de nos sites partenaires afin que nous puissions les cr\u00e9diter de mani\u00e8re appropri\u00e9e et, le cas \u00e9ch\u00e9ant, permettre \u00e0 nos partenaires affili\u00e9s de vous offrir toute prime qu&#8217;ils pourraient vous accorder pour avoir effectu\u00e9 un achat.<\/li>\n<li>Nous utilisons \u00e9galement des boutons de m\u00e9dias sociaux et\/ou des plugins sur ce site qui te permettent de te connecter \u00e0 ton r\u00e9seau social de diff\u00e9rentes mani\u00e8res. Pour que ceux-ci fonctionnent, les sites de m\u00e9dias sociaux suivants, y compris Facebook, Instagram, Twitter, Pinterest, Tumblr, etc, installeront des cookies par le biais de notre site, qui peuvent \u00eatre utilis\u00e9s pour am\u00e9liorer votre profil sur leur site ou contribuer aux donn\u00e9es qu&#8217;ils d\u00e9tiennent \u00e0 diverses fins d\u00e9crites dans leurs politiques de confidentialit\u00e9 respectives. <\/li>\n<\/ul>\n<h2>Plus d&#8217;informations<\/h2>\n<p>Nous esp\u00e9rons avoir clarifi\u00e9 les choses pour vous et, comme indiqu\u00e9 pr\u00e9c\u00e9demment, si vous n&#8217;\u00eates pas s\u00fbr d&#8217;avoir besoin de quelque chose, il est g\u00e9n\u00e9ralement plus prudent de laisser les cookies activ\u00e9s au cas o\u00f9 ils interagiraient avec l&#8217;une des fonctions que vous utilisez sur notre site.<\/p>\n<p>Cette politique entre en vigueur <strong>en mai<\/strong> <strong>2020<\/strong>.[\/vc_column_text][\/vc_column][\/vc_row]<\/p>\n<\/div>","protected":false},"excerpt":{"rendered":"<p>[vc_row][vc_column][vc_column_text css=&#8221;&#8221;] Politique de confidentialit\u00e9 La protection de ta vie priv\u00e9e est importante pour nous. La politique de Whiskyflavour est&#8230;<\/p>\n","protected":false},"author":1,"featured_media":0,"parent":0,"menu_order":8,"comment_status":"closed","ping_status":"closed","template":"","meta":{"footnotes":""},"class_list":["post-3802","page","type-page","status-publish","hentry"],"_links":{"self":[{"href":"https:\/\/www.whiskyflavour.com\/fr\/wp-json\/wp\/v2\/pages\/3802","targetHints":{"allow":["GET"]}}],"collection":[{"href":"https:\/\/www.whiskyflavour.com\/fr\/wp-json\/wp\/v2\/pages"}],"about":[{"href":"https:\/\/www.whiskyflavour.com\/fr\/wp-json\/wp\/v2\/types\/page"}],"author":[{"embeddable":true,"href":"https:\/\/www.whiskyflavour.com\/fr\/wp-json\/wp\/v2\/users\/1"}],"replies":[{"embeddable":true,"href":"https:\/\/www.whiskyflavour.com\/fr\/wp-json\/wp\/v2\/comments?post=3802"}],"version-history":[{"count":0,"href":"https:\/\/www.whiskyflavour.com\/fr\/wp-json\/wp\/v2\/pages\/3802\/revisions"}],"wp:attachment":[{"href":"https:\/\/www.whiskyflavour.com\/fr\/wp-json\/wp\/v2\/media?parent=3802"}],"curies":[{"name":"wp","href":"https:\/\/api.w.org\/{rel}","templated":true}]}}