{"id":53262,"date":"2021-10-12T15:51:09","date_gmt":"2021-10-12T14:51:09","guid":{"rendered":"https:\/\/www.whiskyflavour.com\/about\/"},"modified":"2026-04-02T15:28:10","modified_gmt":"2026-04-02T14:28:10","slug":"about","status":"publish","type":"page","link":"https:\/\/www.whiskyflavour.com\/fr\/about\/","title":{"rendered":"\u00c0 propos de"},"content":{"rendered":"<div class=\"wpb-content-wrapper\"><p>[vc_row][vc_column][vc_custom_heading text=&#8221;ORIGINE&#8221; use_theme_fonts=&#8221;yes&#8221; css=&#8221;&#8221;][vc_column_text css=&#8221;&#8221;]Whisky Flavour a \u00e9t\u00e9 cr\u00e9\u00e9 par un passionn\u00e9 de whisky, anim\u00e9 par le d\u00e9sir d&#8217;explorer et de savourer diff\u00e9rentes sortes de whisky de la mani\u00e8re la plus pratique et la plus abordable qui soit.<\/p>\n<p>Il est souvent peu pratique d&#8217;investir dans une bouteille enti\u00e8re d&#8217;un Whiskey qui vous intrigue, surtout lorsque vous le d\u00e9gustez pour la toute premi\u00e8re fois. Les attentes \u00e9tant en jeu, de nombreux amateurs de Whiskey renoncent \u00e0 acheter une bouteille enti\u00e8re. Pour profiter de plus de Whiskey \u00e0 un prix plus abordable, nous avons mis au point cet abonnement de d\u00e9gustation de whiskey.<\/p>\n<p>Le service d&#8217;abonnement Whisky Flavour a ensuite \u00e9t\u00e9 d\u00e9velopp\u00e9, en pensant \u00e0 nos coll\u00e8gues amateurs de Whiskey &#8211; ceux qui aiment go\u00fbter une vari\u00e9t\u00e9 de bouteilles, de marques et d&#8217;\u00e2ges.<\/p>\n<p>Nous pensons que cette solution te permet de go\u00fbter une gamme de whiskies sans l&#8217;engagement \u00e0 long terme que repr\u00e9sente l&#8217;achat d&#8217;une bouteille enti\u00e8re.<\/p>\n<p>Nous proposons un coffret d&#8217;abonnement de d\u00e9gustation de whiskey unique, comprenant chaque mois 4 miniatures de whiskey de marque originale. Vous pouvez ainsi satisfaire votre curiosit\u00e9 et \u00e9largir votre r\u00e9pertoire de whiskies en toute simplicit\u00e9.[\/vc_column_text][\/vc_column][\/vc_row][vc_row][vc_column][vc_custom_heading text=&#8221;MISSION&#8221; use_theme_fonts=&#8221;yes&#8221; css=&#8221;&#8221;][vc_column_text css=&#8221;&#8221;]La mission de Whisky Flavour est d&#8217;offrir aux amateurs de whiskey l&#8217;opportunit\u00e9 de d\u00e9couvrir une grande vari\u00e9t\u00e9 de marques et de types de whiskey. En rendant les marques les plus ch\u00e8res abordables et accessibles gr\u00e2ce \u00e0 notre abonnement de d\u00e9gustation de whiskey, nous visons \u00e0 ce que davantage de personnes puissent profiter du monde diversifi\u00e9 du whiskey.[\/vc_column_text][\/vc_column][\/vc_row][vc_row][vc_column][vc_custom_heading text=&#8221;VISION&#8221; use_theme_fonts=&#8221;yes&#8221; css=&#8221;&#8221;][vc_column_text css=&#8221;&#8221;]Whisky Flavour envisage de devenir une r\u00e9f\u00e9rence de premier plan dans l&#8217;industrie du Whiskey, en r\u00e9volutionnant la fa\u00e7on dont les consommateurs et les marques interagissent. En offrant des possibilit\u00e9s uniques de d\u00e9gustation de Whiskey, nous visons \u00e0 sensibiliser les consommateurs \u00e0 la diversit\u00e9 et \u00e0 la qualit\u00e9 remarquable des marques et des processus de fabrication disponibles. Simultan\u00e9ment, les marques de Whiskey auront la possibilit\u00e9 d&#8217;atteindre un public plus large, favorisant des relations \u00e0 long terme avec un nombre croissant de consommateurs.[\/vc_column_text][\/vc_column][\/vc_row][vc_row][vc_column][vc_custom_heading text=&#8221;VALEURS&#8221; use_theme_fonts=&#8221;yes&#8221; css=&#8221;&#8221;][vc_column_text css=&#8221;&#8221;]Transparence | \u00c9l\u00e9gance | Innovation | Orientation client | Modernit\u00e9[\/vc_column_text][\/vc_column][\/vc_row]<\/p>\n<\/div>","protected":false},"excerpt":{"rendered":"<p>[vc_row][vc_column][vc_custom_heading text=&#8221;ORIGINE&#8221; use_theme_fonts=&#8221;yes&#8221; css=&#8221;&#8221;][vc_column_text css=&#8221;&#8221;]Whisky Flavour a \u00e9t\u00e9 cr\u00e9\u00e9 par un passionn\u00e9 de whisky, anim\u00e9 par le d\u00e9sir d&#8217;explorer et&#8230;<\/p>\n","protected":false},"author":1,"featured_media":0,"parent":0,"menu_order":0,"comment_status":"closed","ping_status":"closed","template":"","meta":{"footnotes":""},"class_list":["post-53262","page","type-page","status-publish","hentry"],"_links":{"self":[{"href":"https:\/\/www.whiskyflavour.com\/fr\/wp-json\/wp\/v2\/pages\/53262","targetHints":{"allow":["GET"]}}],"collection":[{"href":"https:\/\/www.whiskyflavour.com\/fr\/wp-json\/wp\/v2\/pages"}],"about":[{"href":"https:\/\/www.whiskyflavour.com\/fr\/wp-json\/wp\/v2\/types\/page"}],"author":[{"embeddable":true,"href":"https:\/\/www.whiskyflavour.com\/fr\/wp-json\/wp\/v2\/users\/1"}],"replies":[{"embeddable":true,"href":"https:\/\/www.whiskyflavour.com\/fr\/wp-json\/wp\/v2\/comments?post=53262"}],"version-history":[{"count":0,"href":"https:\/\/www.whiskyflavour.com\/fr\/wp-json\/wp\/v2\/pages\/53262\/revisions"}],"wp:attachment":[{"href":"https:\/\/www.whiskyflavour.com\/fr\/wp-json\/wp\/v2\/media?parent=53262"}],"curies":[{"name":"wp","href":"https:\/\/api.w.org\/{rel}","templated":true}]}}