{"id":65767,"date":"2025-10-14T09:10:27","date_gmt":"2025-10-14T08:10:27","guid":{"rendered":"https:\/\/www.whiskyflavour.com\/faq\/"},"modified":"2026-01-26T11:02:08","modified_gmt":"2026-01-26T11:02:08","slug":"faq","status":"publish","type":"page","link":"https:\/\/www.whiskyflavour.com\/hu\/faq\/","title":{"rendered":"GYIK"},"content":{"rendered":"<div class=\"wpb-content-wrapper\"><p>[vc_row][vc_column width=&#8221;1\/2&#8243;][vc_custom_heading text=&#8221;Hogyan m\u0171k\u00f6dik a Whisky Flavour el\u0151fizet\u00e9s?&#8221; font_container=&#8221;tag:h3|text_align:left&#8221; use_theme_fonts=&#8221;yes&#8221; css=&#8221;&#8221;][vc_column_text css=&#8221;&#8221;]Szuper egyszer\u0171. \u00cdme, hogyan: <\/p>\n<ol>\n<li><strong>V\u00e1lassza ki kedvenc <span data-sheets-root=\"1\">Whiskey Box el\u0151fizet\u00e9s\u00e9t<\/span><\/strong>:\n<ul>\n<li>D\u00f6ntse el, hogy milyen kor\u00fa whiskyt szeretne a miniat\u0171rjeiben.<\/li>\n<li>V\u00e1lassza ki az \u00d6n \u00e1ltal prefer\u00e1lt k\u00f3stol\u00f3dobozt.<\/li>\n<\/ul>\n<\/li>\n<li><strong>Adja le rendel\u00e9s\u00e9t<\/strong>:\n<ul>\n<li>Minden doboz legal\u00e1bb 4 miniat\u0171r figur\u00e1t tartalmaz.<\/li>\n<li>Fejezze be a v\u00e1s\u00e1rl\u00e1st, \u00e9s adja meg a sz\u00fcks\u00e9ges inform\u00e1ci\u00f3kat.<\/li>\n<\/ul>\n<\/li>\n<li><strong>Fogadja \u00e9s \u00e9lvezze<\/strong>:\n<ul>\n<li>Megkapja a <span data-sheets-root=\"1\">whiskydoboz\u00e1t <\/span>, \u00e9s megk\u00f3stolhatja a k\u00fcl\u00f6nb\u00f6z\u0151 whiskyket.<\/li>\n<li>Soha nem ism\u00e9telj\u00fck meg ugyanazokat a miniat\u0171r palackokat, \u00edgy minden alkalommal egyedi k\u00f3stol\u00e1si \u00e9lm\u00e9nyt biztos\u00edtunk.<\/li>\n<\/ul>\n<\/li>\n<\/ol>\n<p>[\/vc_column_text][\/vc_column][vc_column width=&#8221;1\/2&#8243;][vc_custom_heading text=&#8221;Aj\u00e1nd\u00e9kozhatok whiskydoboz el\u0151fizet\u00e9st aj\u00e1nd\u00e9kba?&#8221; font_container=&#8221;tag:h3|text_align:left&#8221; use_theme_fonts=&#8221;yes&#8221; css=&#8221;&#8221;][vc_column_text css=&#8221;&#8221;]Abszol\u00fat! K\u00e9rj\u00fck, el\u0151bb vegye fel vel\u00fcnk a kapcsolatot, hogy a k\u00f3stol\u00f3dobozt aj\u00e1nd\u00e9kba adhassuk. <\/p>\n<p>A Whisky Flavour el\u0151fizet\u00e9s\u00e9t biztosan \u00e9rt\u00e9kelni fogj\u00e1k szerettei, bar\u00e1tai vagy koll\u00e9g\u00e1i. \u00dagy gondoljuk, hogy nagyszer\u0171 aj\u00e1nd\u00e9k a whisky szerelmeseinek, \u00e9s a csomagol\u00e1s is kiv\u00e1l\u00f3.[\/vc_column_text][\/vc_column][\/vc_row][vc_row][vc_column width=&#8221;1\/2&#8243;][vc_custom_heading text=&#8221;H\u00e1ny whiskey miniat\u00far\u00e1t fogok kapni?&#8221; font_container=&#8221;tag:h3|text_align:left&#8221; use_theme_fonts=&#8221;yes&#8221; css=&#8221;&#8221;][vc_column_text css=&#8221;&#8221;]Minden <span data-sheets-root=\"1\">whisky el\u0151fizet\u00e9ses dobozban<\/span> legal\u00e1bb 4 eredeti whisky miniat\u0171r palackot tal\u00e1l. Esetenk\u00e9nt a miniat\u0171r \u00fcvegek \u00e9rt\u00e9k\u00e9t\u0151l f\u00fcgg\u0151en t\u00f6bbet is tal\u00e1lhat.<\/p>\n<p>N\u00e9ha csak meg akarunk lepni![\/vc_column_text][\/vc_column][vc_column width=&#8221;1\/2&#8243;][vc_custom_heading text=&#8221;Hogyan k\u00f6vethetem nyomon a rendel\u00e9semet?&#8221; font_container=&#8221;tag:h3|text_align:left&#8221; use_theme_fonts=&#8221;yes&#8221; css=&#8221;&#8221;][vc_column_text css=&#8221;&#8221;]Mivel minden megrendel\u00e9st aj\u00e1nlott lev\u00e9lben k\u00fcld\u00fcnk, kapni fog egy e-mailt a megrendel\u00e9s nyomon k\u00f6vet\u00e9s\u00e9hez sz\u00fcks\u00e9ges inform\u00e1ci\u00f3kkal.<\/p>\n<p>Ha m\u00e9g mindig k\u00e9rd\u00e9se van, nem kapta meg az e-mailt, vagy nem tudja, hogyan tov\u00e1bb, k\u00e9rj\u00fck, l\u00e9pjen kapcsolatba vel\u00fcnk.[\/vc_column_text][\/vc_column][\/vc_row][vc_row][vc_column width=&#8221;1\/2&#8243;][vc_custom_heading text=&#8221;Mikor kapom meg a whisky el\u0151fizet\u00e9ses dobozomat?&#8221; font_container=&#8221;tag:h3|text_align:left&#8221; use_theme_fonts=&#8221;yes&#8221; css=&#8221;&#8221;][vc_column_text css=&#8221;&#8221;]Orsz\u00e1g\u00e1t\u00f3l f\u00fcgg\u0151en 5-10 munkanapot vehet ig\u00e9nybe, am\u00edg megkapja a whiskydoboz el\u0151fizet\u00e9s\u00e9t.<\/p>\n<p>A megrendel\u00e9st minden h\u00f3nap 24-ig kell leadni. Minden megrendel\u00e9st a k\u00f6vetkez\u0151 h\u00f3nap 7. napj\u00e1ig k\u00fcld\u00fcnk ki.[\/vc_column_text][\/vc_column][vc_column width=&#8221;1\/2&#8243;][vc_custom_heading text=&#8221;Milyen sz\u00e1ll\u00edt\u00e1si m\u00f3dok \u00e1llnak rendelkez\u00e9sre \u00e9s mennyi a sz\u00e1ll\u00edt\u00e1si k\u00f6lts\u00e9g?&#8221; font_container=&#8221;tag:h3|text_align:left&#8221; use_theme_fonts=&#8221;yes&#8221; css=&#8221;&#8221;][vc_column_text css=&#8221;&#8221;]Vil\u00e1gszerte sz\u00e1ll\u00edtunk, \u00e9s mindig aj\u00e1nlott k\u00fcldem\u00e9nyk\u00e9nt kezelj\u00fck a csomagot, \u00edgy nyomon k\u00f6vetheti a megrendel\u00e9s\u00e9t. K\u00e9rj\u00fck, vegye figyelembe, hogy a sz\u00e1ll\u00edt\u00e1si k\u00f6lts\u00e9gek v\u00e1ltozhatnak, ez\u00e9rt a pontos sz\u00e1ll\u00edt\u00e1si k\u00f6lts\u00e9get a p\u00e9nzt\u00e1rn\u00e1l ellen\u0151rizze. <\/p>\n<p><strong>Fontos<\/strong>: Nem v\u00e1llalunk felel\u0151ss\u00e9get az\u00e9rt, ha az \u00d6n orsz\u00e1g\u00e1ban szigor\u00fa szab\u00e1lyok vonatkoznak az \u00e9lelmiszerekkel \u00e9s alkoholtartalm\u00fa italokkal kapcsolatos tranzakci\u00f3kra. Gy\u0151z\u0151dj\u00f6n meg r\u00f3la, hogy a megrendel\u00e9s lead\u00e1sa el\u0151tt ellen\u0151rizze orsz\u00e1ga szab\u00e1lyoz\u00e1s\u00e1t.[\/vc_column_text][\/vc_column][\/vc_row][vc_row][vc_column width=&#8221;1\/2&#8243;][vc_custom_heading text=&#8221;Mit tegyek, ha nem kapom meg a rendel\u00e9semet?&#8221; font_container=&#8221;tag:h3|text_align:left&#8221; use_theme_fonts=&#8221;yes&#8221; css=&#8221;&#8221;][vc_column_text css=&#8221;&#8221;]Ha nem kapja meg a whiskey box el\u0151fizet\u00e9s\u00e9t, k\u00e9rj\u00fck, l\u00e9pjen kapcsolatba vel\u00fcnk a lehet\u0151 leghamarabb. Ellen\u0151rizz\u00fck, hogy mi t\u00f6rt\u00e9nt, \u00e9s seg\u00edt\u00fcnk \u00d6nnek a probl\u00e9ma megold\u00e1s\u00e1ban.[\/vc_column_text][\/vc_column][vc_column width=&#8221;1\/2&#8243;][\/vc_column][\/vc_row]<\/p>\n<\/div>","protected":false},"excerpt":{"rendered":"<p>[vc_row][vc_column width=&#8221;1\/2&#8243;][vc_custom_heading text=&#8221;Hogyan m\u0171k\u00f6dik a Whisky Flavour el\u0151fizet\u00e9s?&#8221; font_container=&#8221;tag:h3|text_align:left&#8221; use_theme_fonts=&#8221;yes&#8221; css=&#8221;&#8221;][vc_column_text css=&#8221;&#8221;]Szuper egyszer\u0171. \u00cdme, hogyan: V\u00e1lassza ki kedvenc Whiskey Box&#8230;<\/p>\n","protected":false},"author":1,"featured_media":65770,"parent":0,"menu_order":4,"comment_status":"closed","ping_status":"closed","template":"","meta":{"footnotes":""},"class_list":["post-65767","page","type-page","status-publish","has-post-thumbnail","hentry"],"_links":{"self":[{"href":"https:\/\/www.whiskyflavour.com\/hu\/wp-json\/wp\/v2\/pages\/65767","targetHints":{"allow":["GET"]}}],"collection":[{"href":"https:\/\/www.whiskyflavour.com\/hu\/wp-json\/wp\/v2\/pages"}],"about":[{"href":"https:\/\/www.whiskyflavour.com\/hu\/wp-json\/wp\/v2\/types\/page"}],"author":[{"embeddable":true,"href":"https:\/\/www.whiskyflavour.com\/hu\/wp-json\/wp\/v2\/users\/1"}],"replies":[{"embeddable":true,"href":"https:\/\/www.whiskyflavour.com\/hu\/wp-json\/wp\/v2\/comments?post=65767"}],"version-history":[{"count":0,"href":"https:\/\/www.whiskyflavour.com\/hu\/wp-json\/wp\/v2\/pages\/65767\/revisions"}],"wp:featuredmedia":[{"embeddable":true,"href":"https:\/\/www.whiskyflavour.com\/hu\/wp-json\/"}],"wp:attachment":[{"href":"https:\/\/www.whiskyflavour.com\/hu\/wp-json\/wp\/v2\/media?parent=65767"}],"curies":[{"name":"wp","href":"https:\/\/api.w.org\/{rel}","templated":true}]}}