{"id":65769,"date":"2016-05-09T08:50:25","date_gmt":"2016-05-09T07:50:25","guid":{"rendered":"https:\/\/www.whiskyflavour.com\/adatvedelmi-szabalyzat-es-cookie-szabalyzat\/"},"modified":"2026-01-26T10:55:33","modified_gmt":"2026-01-26T10:55:33","slug":"privacy-policy","status":"publish","type":"page","link":"https:\/\/www.whiskyflavour.com\/hu\/privacy-policy\/","title":{"rendered":"Adatv\u00e9delmi ir\u00e1nyelvek"},"content":{"rendered":"<div class=\"wpb-content-wrapper\"><p>[vc_row][vc_column][vc_column_text css=&#8221;&#8221;]<\/p>\n<h2>Adatv\u00e9delmi ir\u00e1nyelvek<\/h2>\n<p>Az \u00d6n adatv\u00e9delme fontos sz\u00e1munkra. <strong>A WhiskyFlavour<\/strong> politik\u00e1ja, hogy tiszteletben tartsa az \u00d6n mag\u00e1n\u00e9let\u00e9t a weboldalunkon, a <a href=\"https:\/\/www.whiskyflavour.com\/hu\/\">whiskyflavour.com-on<\/a>, valamint a tulajdonunkban l\u00e9v\u0151 \u00e9s \u00e1ltalunk \u00fczemeltetett egy\u00e9b oldalakon gy\u0171jt\u00f6tt inform\u00e1ci\u00f3kkal kapcsolatban. <\/p>\n<p>Csak akkor k\u00e9r\u00fcnk szem\u00e9lyes adatokat, ha val\u00f3ban sz\u00fcks\u00e9g\u00fcnk van r\u00e1juk, hogy szolg\u00e1ltat\u00e1st ny\u00fajthassunk \u00d6nnek. Az adatokat tisztess\u00e9ges \u00e9s t\u00f6rv\u00e9nyes m\u00f3don, az \u00d6n tudt\u00e1val \u00e9s beleegyez\u00e9s\u00e9vel gy\u0171jtj\u00fck. Azt is tudatjuk \u00d6nnel, hogy mi\u00e9rt gy\u0171jtj\u00fck \u00e9s hogyan fogjuk felhaszn\u00e1lni.  <\/p>\n<p>Az \u00f6sszegy\u0171jt\u00f6tt adatokat csak addig \u0151rizz\u00fck meg, am\u00edg az \u00d6n \u00e1ltal k\u00e9rt szolg\u00e1ltat\u00e1s ny\u00fajt\u00e1s\u00e1hoz sz\u00fcks\u00e9ges. Az \u00e1ltalunk t\u00e1rolt adatokat a kereskedelmi szempontb\u00f3l elfogadhat\u00f3 eszk\u00f6z\u00f6kkel v\u00e9dj\u00fck, hogy megakad\u00e1lyozzuk az elveszt\u00e9st \u00e9s a lop\u00e1st, valamint a jogosulatlan hozz\u00e1f\u00e9r\u00e9st, nyilv\u00e1noss\u00e1gra hozatalt, m\u00e1sol\u00e1st, felhaszn\u00e1l\u00e1st vagy m\u00f3dos\u00edt\u00e1st. <\/p>\n<p>Nem osztunk meg semmilyen szem\u00e9lyazonos\u00edt\u00f3 inform\u00e1ci\u00f3t nyilv\u00e1nosan vagy harmadik f\u00e9llel, kiv\u00e9ve, ha erre t\u00f6rv\u00e9ny k\u00f6telez.<\/p>\n<p>Weboldalunk hivatkozhat olyan k\u00fcls\u0151 oldalakra, amelyeket nem mi \u00fczemeltet\u00fcnk. Felh\u00edvjuk figyelm\u00e9t, hogy nincs befoly\u00e1sunk ezen oldalak tartalma \u00e9s gyakorlata felett, \u00e9s nem v\u00e1llalunk felel\u0151ss\u00e9get vagy felel\u0151ss\u00e9get az adott oldalak adatv\u00e9delmi politik\u00e1j\u00e1\u00e9rt. <\/p>\n<p>\u00d6n szabadon visszautas\u00edthatja a szem\u00e9lyes adataira vonatkoz\u00f3 k\u00e9r\u00e9s\u00fcnket, azzal a felt\u00e9tellel, hogy esetleg nem tudjuk biztos\u00edtani \u00d6nnek a k\u00edv\u00e1nt szolg\u00e1ltat\u00e1sok egy r\u00e9sz\u00e9t.<\/p>\n<p>A weboldalunk folyamatos haszn\u00e1lata az adatv\u00e9delmi \u00e9s szem\u00e9lyes adatokkal kapcsolatos gyakorlatunk elfogad\u00e1s\u00e1nak min\u0151s\u00fcl. Ha b\u00e1rmilyen k\u00e9rd\u00e9se van azzal kapcsolatban, hogy hogyan kezelj\u00fck a felhaszn\u00e1l\u00f3i adatokat \u00e9s szem\u00e9lyes inform\u00e1ci\u00f3kat, forduljon hozz\u00e1nk bizalommal. <\/p>\n<h2>A <strong>WhiskyFlavour<\/strong><strong>s\u00fctikre vonatkoz\u00f3 szab\u00e1lyzata<\/strong> <\/h2>\n<p>Ez a <strong>WhiskyFlavour<\/strong> cookie-szab\u00e1lyzata, amely az URL-c\u00edmr\u0151l \u00e9rhet\u0151 el.<\/p>\n<h3>Mik azok a s\u00fctik<\/h3>\n<p>Mint szinte minden professzion\u00e1lis weboldal eset\u00e9ben, ez az oldal is cookie-kat haszn\u00e1l, amelyek apr\u00f3 f\u00e1jlok, amelyeket az \u00d6n sz\u00e1m\u00edt\u00f3g\u00e9p\u00e9re t\u00f6lt\u00fcnk le, hogy jav\u00edtsuk a felhaszn\u00e1l\u00f3i \u00e9lm\u00e9nyt. Ez az oldal le\u00edrja, hogy milyen inform\u00e1ci\u00f3kat gy\u0171jtenek, hogyan haszn\u00e1ljuk fel azokat, \u00e9s mi\u00e9rt van sz\u00fcks\u00e9g\u00fcnk n\u00e9ha ezeknek a s\u00fctiknek a t\u00e1rol\u00e1s\u00e1ra. Azt is megosztjuk, hogyan akad\u00e1lyozhatja meg, hogy ezek a cookie-k t\u00e1rol\u00f3djanak; ez azonban a webhely funkcionalit\u00e1s\u00e1nak bizonyos elemeit visszaveheti vagy &#8220;megszak\u00edthatja&#8221;.  <\/p>\n<h3>Hogyan haszn\u00e1ljuk a s\u00fctiket<\/h3>\n<p>Az al\u00e1bbiakban r\u00e9szletezett k\u00fcl\u00f6nb\u00f6z\u0151 okokb\u00f3l haszn\u00e1lunk s\u00fctiket. Sajnos a legt\u00f6bb esetben nincsenek szabv\u00e1nyos lehet\u0151s\u00e9gek a s\u00fctik letilt\u00e1s\u00e1ra an\u00e9lk\u00fcl, hogy teljesen letiltan\u00e1nk az \u00e1ltaluk hozz\u00e1adott funkci\u00f3kat \u00e9s funkci\u00f3kat ezen az oldalon. Javasoljuk, hogy hagyja bekapcsolva az \u00f6sszes s\u00fctit, ha nem biztos benne, hogy sz\u00fcks\u00e9ge van-e r\u00e1juk, vagy sem, abban az esetben, ha olyan szolg\u00e1ltat\u00e1s ny\u00fajt\u00e1s\u00e1hoz haszn\u00e1lj\u00e1k \u0151ket, amelyet \u00d6n haszn\u00e1l.  <\/p>\n<h3>A s\u00fctik letilt\u00e1sa<\/h3>\n<p>A cookie-k be\u00e1ll\u00edt\u00e1s\u00e1t megakad\u00e1lyozhatja a b\u00f6ng\u00e9sz\u0151je be\u00e1ll\u00edt\u00e1sainak m\u00f3dos\u00edt\u00e1s\u00e1val (ennek m\u00f3dj\u00e1t l\u00e1sd a b\u00f6ng\u00e9sz\u0151 s\u00fag\u00f3j\u00e1ban). Ne feledje, hogy a s\u00fctik letilt\u00e1sa hat\u00e1ssal lesz ennek \u00e9s sok m\u00e1s, \u00d6n \u00e1ltal l\u00e1togatott weboldalnak a m\u0171k\u00f6d\u00e9s\u00e9re. A cookie-k letilt\u00e1sa \u00e1ltal\u00e1ban a webhely bizonyos funkci\u00f3inak \u00e9s jellemz\u0151inek letilt\u00e1s\u00e1t is eredm\u00e9nyezi. Ez\u00e9rt aj\u00e1nlott, hogy ne tiltsa le a cookie-kat.   <\/p>\n<h3>Az \u00e1ltalunk be\u00e1ll\u00edtott s\u00fctik<\/h3>\n<ul>\n<li>Fi\u00f3kkal kapcsolatos s\u00fctik<\/li>\n<\/ul>\n<p>Ha fi\u00f3kot hoz l\u00e9tre n\u00e1lunk, akkor s\u00fctiket haszn\u00e1lunk a regisztr\u00e1ci\u00f3s folyamat \u00e9s az \u00e1ltal\u00e1nos adminisztr\u00e1ci\u00f3 kezel\u00e9s\u00e9re. Ezek a s\u00fctik \u00e1ltal\u00e1ban t\u00f6rl\u0151dnek, amikor kijelentkezik; azonban bizonyos esetekben el\u0151fordulhat, hogy ut\u00e1na is megmaradnak, hogy eml\u00e9kezzenek a webhelypreferenci\u00e1ira, amikor kijelentkezik. <\/p>\n<ul>\n<li>Bejelentkez\u00e9ssel kapcsolatos s\u00fctik<\/li>\n<\/ul>\n<p>Amikor bejelentkezik, s\u00fctiket haszn\u00e1lunk, hogy eml\u00e9kezhess\u00fcnk erre a t\u00e9nyre. Ez megakad\u00e1lyozza, hogy minden egyes alkalommal be kelljen jelentkeznie, amikor egy \u00faj oldalra l\u00e1togat. Ezeket a cookie-kat \u00e1ltal\u00e1ban elt\u00e1vol\u00edtjuk vagy t\u00f6r\u00f6lj\u00fck, amikor kijelentkezik, hogy csak bejelentkezve f\u00e9rhessen hozz\u00e1 a korl\u00e1tozott funkci\u00f3khoz \u00e9s ter\u00fcletekhez.  <\/p>\n<ul>\n<li>Email h\u00edrlevelekkel kapcsolatos s\u00fctik<\/li>\n<\/ul>\n<p>Ez az oldal h\u00edrlev\u00e9l- vagy e-mail feliratkoz\u00e1si szolg\u00e1ltat\u00e1sokat k\u00edn\u00e1l, \u00e9s a cookie-kat arra haszn\u00e1lhatjuk, hogy megjegyezz\u00fck, hogy \u00d6n m\u00e1r feliratkozott-e, \u00e9s hogy megjelen\u00edts\u00fcnk-e bizonyos \u00e9rtes\u00edt\u00e9seket, amelyek csak a feliratkozott\/nem feliratkozott felhaszn\u00e1l\u00f3k sz\u00e1m\u00e1ra lehetnek \u00e9rv\u00e9nyesek.<\/p>\n<ul>\n<li>Megrendel\u00e9sek feldolgoz\u00e1s\u00e1val kapcsolatos s\u00fctik<\/li>\n<\/ul>\n<p>Ez az oldal e-kereskedelmi vagy fizet\u00e9si lehet\u0151s\u00e9geket k\u00edn\u00e1l, \u00e9s n\u00e9h\u00e1ny cookie elengedhetetlen ahhoz, hogy a megrendel\u00e9s\u00e9t az oldalak k\u00f6z\u00f6tt megjegyezz\u00fck, \u00e9s \u00edgy megfelel\u0151en tudjuk feldolgozni.<\/p>\n<ul>\n<li>Felm\u00e9r\u00e9sekkel kapcsolatos s\u00fctik<\/li>\n<\/ul>\n<p>Id\u0151r\u0151l id\u0151re felhaszn\u00e1l\u00f3i felm\u00e9r\u00e9seket \u00e9s k\u00e9rd\u0151\u00edveket k\u00edn\u00e1lunk, hogy \u00e9rdekes megl\u00e1t\u00e1sokkal, hasznos eszk\u00f6z\u00f6kkel szolg\u00e1ljunk, vagy hogy pontosabban megismerj\u00fck felhaszn\u00e1l\u00f3i b\u00e1zisunkat. Ezek a felm\u00e9r\u00e9sek s\u00fctiket haszn\u00e1lhatnak, hogy eml\u00e9kezzenek arra, ki vett m\u00e1r r\u00e9szt a felm\u00e9r\u00e9sben, vagy hogy pontos eredm\u00e9nyeket kapjon az oldalv\u00e1lt\u00e1s ut\u00e1n. <\/p>\n<ul>\n<li>Nyomtatv\u00e1nyokkal kapcsolatos s\u00fctik<\/li>\n<\/ul>\n<p>Amikor \u00d6n adatokat k\u00fcld be egy \u0171rlapon kereszt\u00fcl, p\u00e9ld\u00e1ul a kapcsolatfelv\u00e9teli oldalakon vagy a hozz\u00e1sz\u00f3l\u00e1si \u0171rlapokon tal\u00e1lhat\u00f3 \u0171rlapokon kereszt\u00fcl, cookie-kat \u00e1ll\u00edthatunk be, hogy a j\u00f6v\u0151beni levelez\u00e9shez megjegyezz\u00fck az \u00d6n felhaszn\u00e1l\u00f3i adatait.<\/p>\n<ul>\n<li>Webhely preferenci\u00e1k cookie-k<\/li>\n<\/ul>\n<p>Annak \u00e9rdek\u00e9ben, hogy nagyszer\u0171 \u00e9lm\u00e9nyt ny\u00fajtsunk \u00d6nnek ezen a webhelyen, biztos\u00edtjuk a funkci\u00f3t, amellyel be\u00e1ll\u00edthatja a webhely haszn\u00e1lat\u00e1ra vonatkoz\u00f3 be\u00e1ll\u00edt\u00e1sait. Annak \u00e9rdek\u00e9ben, hogy eml\u00e9kezz\u00fcnk a be\u00e1ll\u00edt\u00e1saira, s\u00fctiket kell be\u00e1ll\u00edtanunk, hogy ezeket az inform\u00e1ci\u00f3kat b\u00e1rmikor le tudjuk h\u00edvni, amikor olyan oldallal l\u00e9p kapcsolatba, amelyet a be\u00e1ll\u00edt\u00e1sai befoly\u00e1solnak. <\/p>\n<h3>Harmadik f\u00e9l s\u00fctik<\/h3>\n<p>Egyes k\u00fcl\u00f6nleges esetekben megb\u00edzhat\u00f3 harmadik felek \u00e1ltal biztos\u00edtott s\u00fctiket is haszn\u00e1lunk. Az al\u00e1bbiakban r\u00e9szletezz\u00fck, hogy milyen harmadik f\u00e9lt\u0151l sz\u00e1rmaz\u00f3 s\u00fctikkel tal\u00e1lkozhat ezen az oldalon kereszt\u00fcl. <\/p>\n<ul>\n<li>Ez az oldal a Google Analytics szolg\u00e1ltat\u00e1st haszn\u00e1lja, amely az egyik legelterjedtebb \u00e9s legmegb\u00edzhat\u00f3bb elemz\u00e9si megold\u00e1s az interneten, amely seg\u00edt meg\u00e9rteni, hogyan haszn\u00e1lja az oldalt, \u00e9s hogyan tudjuk jav\u00edtani a felhaszn\u00e1l\u00f3i \u00e9lm\u00e9nyt. Ezek a s\u00fctik nyomon k\u00f6vethetik p\u00e9ld\u00e1ul azt, hogy mennyi id\u0151t t\u00f6lt az oldalon, \u00e9s milyen oldalakat l\u00e1togat meg, hogy tov\u00e1bbra is \u00e9rdekes tartalmakat tudjunk k\u00e9sz\u00edteni. A Google Analytics s\u00fctikr\u0151l tov\u00e1bbi inform\u00e1ci\u00f3kat a Google Analytics hivatalos oldal\u00e1n tal\u00e1l.  <\/li>\n<li>Harmadik f\u00e9lt\u0151l sz\u00e1rmaz\u00f3 analitikai adatokat haszn\u00e1lunk az oldal haszn\u00e1lat\u00e1nak nyomon k\u00f6vet\u00e9s\u00e9re \u00e9s m\u00e9r\u00e9s\u00e9re, hogy tov\u00e1bbra is vonz\u00f3 tartalmat tudjunk k\u00e9sz\u00edteni. Ezek a s\u00fctik olyan dolgokat k\u00f6vethetnek nyomon, mint p\u00e9ld\u00e1ul, hogy mennyi id\u0151t t\u00f6lt az oldalon, vagy hogy milyen oldalakat l\u00e1togat meg, ami seg\u00edt nek\u00fcnk meg\u00e9rteni, hogyan tudjuk jav\u00edtani az oldalt az \u00d6n sz\u00e1m\u00e1ra. <\/li>\n<li>Id\u0151r\u0151l id\u0151re \u00faj funkci\u00f3kat tesztel\u00fcnk, \u00e9s finom v\u00e1ltoztat\u00e1sokat eszk\u00f6z\u00f6l\u00fcnk az oldal szolg\u00e1ltat\u00e1s\u00e1nak m\u00f3dj\u00e1ban. Amikor m\u00e9g mindig \u00faj funkci\u00f3kat tesztel\u00fcnk, ezeket a s\u00fctiket haszn\u00e1lhatjuk, hogy biztos\u00edtsuk, hogy egys\u00e9ges \u00e9lm\u00e9nyt kapjon az oldalon, \u00e9s hogy meg\u00e9rts\u00fck, mely optimaliz\u00e1l\u00e1sokat \u00e9rt\u00e9kelik a felhaszn\u00e1l\u00f3k a legjobban. <\/li>\n<li>Mivel term\u00e9keket \u00e9rt\u00e9kes\u00edt\u00fcnk, fontos sz\u00e1munkra, hogy statisztik\u00e1kat k\u00e9sz\u00edts\u00fcnk arr\u00f3l, hogy az oldalunk l\u00e1togat\u00f3i k\u00f6z\u00fcl h\u00e1nyan v\u00e1s\u00e1rolnak, \u00e9s mint ilyen, ezek a s\u00fctik ezeket az adatokat fogj\u00e1k nyomon k\u00f6vetni. Ez az\u00e9rt fontos az \u00d6n sz\u00e1m\u00e1ra, mert ez azt jelenti, hogy pontos \u00fczleti el\u0151rejelz\u00e9seket tudunk k\u00e9sz\u00edteni, amelyek lehet\u0151v\u00e9 teszik sz\u00e1munkra, hogy nyomon k\u00f6vess\u00fck a rekl\u00e1m- \u00e9s term\u00e9kk\u00f6lts\u00e9geinket a lehet\u0151 legjobb \u00e1r biztos\u00edt\u00e1sa \u00e9rdek\u00e9ben. <\/li>\n<li>A Google AdSense szolg\u00e1ltat\u00e1s, amelyet a hirdet\u00e9sek megjelen\u00edt\u00e9s\u00e9hez haszn\u00e1lunk, DoubleClick cookie-t haszn\u00e1l, hogy relev\u00e1nsabb hirdet\u00e9seket jelen\u00edtsen meg az interneten, \u00e9s korl\u00e1tozza az adott hirdet\u00e9s megjelen\u00edt\u00e9s\u00e9nek sz\u00e1m\u00e1t.<br \/>\nA Google AdSense szolg\u00e1ltat\u00e1ssal kapcsolatos tov\u00e1bbi inform\u00e1ci\u00f3k\u00e9rt l\u00e1sd a Google AdSense hivatalos adatv\u00e9delmi GYIK-j\u00e9t.<\/li>\n<li>A hirdet\u00e9sekkel az oldal \u00fczemeltet\u00e9si k\u00f6lts\u00e9geit ellens\u00falyozzuk, \u00e9s finansz\u00edroz\u00e1st biztos\u00edtunk a tov\u00e1bbi fejleszt\u00e9sekhez. Az ezen az oldalon haszn\u00e1lt viselked\u00e9salap\u00fa hirdet\u00e9si s\u00fctik c\u00e9lja, hogy az \u00d6n \u00e9rdekl\u0151d\u00e9s\u00e9nek anonim nyomon k\u00f6vet\u00e9s\u00e9vel \u00e9s hasonl\u00f3, \u00e9rdekl\u0151d\u00e9sre sz\u00e1mot tart\u00f3 dolgok bemutat\u00e1s\u00e1val a lehet\u0151 legrelev\u00e1nsabb hirdet\u00e9seket ny\u00fajtsuk \u00d6nnek. <\/li>\n<li>Sz\u00e1mos partner\u00fcnk hirdet a nev\u00fcnkben, \u00e9s a partneri nyomon k\u00f6vet\u00e9si s\u00fctik egyszer\u0171en lehet\u0151v\u00e9 teszik sz\u00e1munkra, hogy l\u00e1ssuk, hogy \u00fcgyfeleink valamelyik partneroldalunkon kereszt\u00fcl \u00e9rkeztek-e az oldalra, hogy megfelel\u0151en j\u00f3v\u00e1\u00edrhassuk \u0151ket, \u00e9s adott esetben lehet\u0151v\u00e9 tegy\u00fck partnerpartnereink sz\u00e1m\u00e1ra, hogy b\u00f3nuszt ny\u00fajtsanak \u00d6nnek a v\u00e1s\u00e1rl\u00e1s\u00e9rt.<\/li>\n<li>Ezen az oldalon olyan k\u00f6z\u00f6ss\u00e9gi m\u00e9dia gombokat \u00e9s\/vagy b\u0151v\u00edtm\u00e9nyeket is haszn\u00e1lunk, amelyek lehet\u0151v\u00e9 teszik, hogy k\u00fcl\u00f6nb\u00f6z\u0151 m\u00f3dokon kapcsol\u00f3djon a k\u00f6z\u00f6ss\u00e9gi h\u00e1l\u00f3zat\u00e1hoz. Ezek m\u0171k\u00f6d\u00e9s\u00e9hez a k\u00f6vetkez\u0151 k\u00f6z\u00f6ss\u00e9gi m\u00e9diaoldalak, k\u00f6zt\u00fck a Facebook, Instagram, Twitter, Pinterest, Tumblr stb. s\u00fctiket helyeznek el az oldalunkon kereszt\u00fcl, amelyek arra haszn\u00e1lhat\u00f3k, hogy jav\u00edts\u00e1k az \u00d6n profilj\u00e1t az oldalukon, vagy hozz\u00e1j\u00e1ruljanak az \u00e1ltaluk t\u00e1rolt adatokhoz a vonatkoz\u00f3 adatv\u00e9delmi ir\u00e1nyelvekben meghat\u00e1rozott k\u00fcl\u00f6nb\u00f6z\u0151 c\u00e9lokra. <\/li>\n<\/ul>\n<h2>Tov\u00e1bbi inform\u00e1ci\u00f3<\/h2>\n<p>Rem\u00e9lhet\u0151leg ez tiszt\u00e1zta a dolgokat az \u00d6n sz\u00e1m\u00e1ra, \u00e9s ahogy kor\u00e1bban eml\u00edtett\u00fck, ha van valami, amir\u0151l nem biztos benne, hogy sz\u00fcks\u00e9ge van r\u00e1 vagy sem, \u00e1ltal\u00e1ban biztons\u00e1gosabb, ha enged\u00e9lyezve hagyja a cookie-kat, arra az esetre, ha az k\u00f6lcs\u00f6nhat\u00e1sba l\u00e9pne az oldalunkon haszn\u00e1lt funkci\u00f3k valamelyik\u00e9vel.<\/p>\n<p>Ez a politika <strong>2020<\/strong> <strong>m\u00e1jus\u00e1t\u00f3l<\/strong> hat\u00e1lyos.[\/vc_column_text][\/vc_column][\/vc_row]<\/p>\n<\/div>","protected":false},"excerpt":{"rendered":"<p>[vc_row][vc_column][vc_column_text css=&#8221;&#8221;] Adatv\u00e9delmi ir\u00e1nyelvek Az \u00d6n adatv\u00e9delme fontos sz\u00e1munkra. A WhiskyFlavour politik\u00e1ja, hogy tiszteletben tartsa az \u00d6n mag\u00e1n\u00e9let\u00e9t a weboldalunkon,&#8230;<\/p>\n","protected":false},"author":1,"featured_media":0,"parent":0,"menu_order":8,"comment_status":"closed","ping_status":"closed","template":"","meta":{"footnotes":""},"class_list":["post-65769","page","type-page","status-publish","hentry"],"_links":{"self":[{"href":"https:\/\/www.whiskyflavour.com\/hu\/wp-json\/wp\/v2\/pages\/65769","targetHints":{"allow":["GET"]}}],"collection":[{"href":"https:\/\/www.whiskyflavour.com\/hu\/wp-json\/wp\/v2\/pages"}],"about":[{"href":"https:\/\/www.whiskyflavour.com\/hu\/wp-json\/wp\/v2\/types\/page"}],"author":[{"embeddable":true,"href":"https:\/\/www.whiskyflavour.com\/hu\/wp-json\/wp\/v2\/users\/1"}],"replies":[{"embeddable":true,"href":"https:\/\/www.whiskyflavour.com\/hu\/wp-json\/wp\/v2\/comments?post=65769"}],"version-history":[{"count":0,"href":"https:\/\/www.whiskyflavour.com\/hu\/wp-json\/wp\/v2\/pages\/65769\/revisions"}],"wp:attachment":[{"href":"https:\/\/www.whiskyflavour.com\/hu\/wp-json\/wp\/v2\/media?parent=65769"}],"curies":[{"name":"wp","href":"https:\/\/api.w.org\/{rel}","templated":true}]}}