{"id":65812,"date":"2016-02-17T09:17:24","date_gmt":"2016-02-17T09:17:24","guid":{"rendered":"https:\/\/www.whiskyflavour.com\/home\/"},"modified":"2025-11-03T13:33:55","modified_gmt":"2025-11-03T13:33:55","slug":"home","status":"publish","type":"page","link":"https:\/\/www.whiskyflavour.com\/hu\/","title":{"rendered":"Home"},"content":{"rendered":"<div class=\"wpb-content-wrapper\"><p>[vc_row full_width=&#8221;stretch_row&#8221; equal_height=&#8221;yes&#8221; content_placement=&#8221;middle&#8221; el_class=&#8221;hero&#8221; css=&#8221;.vc_custom_1715761599498{background-color: #000000 !important;}&#8221;][vc_column width=&#8221;1\/2&#8243;][vc_single_image image=&#8221;65831&#8243; img_size=&#8221;600&#215;400&#8243; alignment=&#8221;center&#8221; onclick=&#8221;custom_link&#8221; css=&#8221;&#8221; link=&#8221;https:\/\/www.whiskyflavour.com\/shop\/whisky-subscription-tasting-box\/&#8221;][\/vc_column][vc_column width=&#8221;1\/2&#8243;][vc_custom_heading text=&#8221;WHISKY EL\u0150FIZET\u00c9SES DOBOZ&#8221; font_container=&#8221;tag:h1|text_align:left|color:%23E6A425&#8243; use_theme_fonts=&#8221;yes&#8221; css=&#8221;&#8221;][vc_column_text css=&#8221;&#8221; el_class=&#8221;text-white&#8221;]A Whiskey Flavour Tasting Box seg\u00edts\u00e9g\u00e9vel minden h\u00f3napban \u00faj \u00e9s egyedi whisky-kifejez\u00e9seket fedezhet fel.[\/vc_column_text][vc_btn title=&#8221;Kezdje el&#8221; size=&#8221;lg&#8221; css=&#8221;.vc_custom_1715772076245{border-radius: 10px !important;border-color: #faaf40 !important;}&#8221; link=&#8221;url:https%3A%2F%2Fwww.whiskyflavour.com%2Fshop%2Fwhisky-subscription-tasting-box%2F|title:WhiskySubscriptionTastingBox|&#8221; el_class=&#8221;btn_hero&#8221;][\/vc_column][\/vc_row][vc_row gap=&#8221;15&#8243; css=&#8221;.vc_custom_1715590584788{margin-top: 3rem !important;margin-bottom: 3rem !important;}&#8221;][vc_column][vc_custom_heading text=&#8221;Szerezd meg a Whiskey Subscription Boxot<br \/>\n3 gyors \u00e9s egyszer\u0171 l\u00e9p\u00e9sben.&#8221; font_container=&#8221;tag:h2|text_align:center|color:%23111111&#8243; use_theme_fonts=&#8221;yes&#8221; css=&#8221;&#8221;][vc_row_inner equal_height=&#8221;yes&#8221; content_placement=&#8221;top&#8221; gap=&#8221;30&#8243; css=&#8221;.vc_custom_1715772966920{margin-top: 1.5rem !important;margin-bottom: 1.5rem !important;}&#8221;][vc_column_inner width=&#8221;1\/3&#8243;][vc_single_image image=&#8221;65829&#8243; img_size=&#8221;full&#8221; alignment=&#8221;center&#8221; css=&#8221;&#8221;][vc_custom_heading text=&#8221;V\u00e1lasszon el\u0151fizet\u00e9st&#8221; font_container=&#8221;tag:h4|text_align:center&#8221; use_theme_fonts=&#8221;yes&#8221; css=&#8221;&#8221;][vc_column_text css=&#8221;&#8221;]<\/p>\n<p style=\"text-align: center;\">V\u00e1lassza ki, hogy h\u00e1ny h\u00f3napig szeretne whisky el\u0151fizet\u00e9ses dobozt kapni. A lehet\u0151s\u00e9gek 1 h\u00f3napt\u00f3l 12 h\u00f3napig terjednek. <\/p>\n<p>[\/vc_column_text][\/vc_column_inner][vc_column_inner width=&#8221;1\/3&#8243;][vc_single_image image=&#8221;65830&#8243; img_size=&#8221;full&#8221; alignment=&#8221;center&#8221; css=&#8221;&#8221;][vc_custom_heading text=&#8221;Sz\u00e1ll\u00edt\u00e1si hely be\u00e1ll\u00edt\u00e1sa&#8221; font_container=&#8221;tag:h4|text_align:center&#8221; use_theme_fonts=&#8221;yes&#8221; css=&#8221;&#8221;][vc_column_text css=&#8221;&#8221;]<\/p>\n<p style=\"text-align: center;\">Adja meg sz\u00e1ll\u00edt\u00e1si c\u00edm\u00e9t, hogy el tudjuk k\u00fcldeni a Whiskey Flavour el\u0151fizet\u00e9ses doboz\u00e1t. Vil\u00e1gszerte sz\u00e1ll\u00edtunk, de a sz\u00e1ll\u00edt\u00e1si k\u00f6lts\u00e9gek az \u00d6n tart\u00f3zkod\u00e1si hely\u00e9t\u0151l f\u00fcgg\u0151en v\u00e1ltozhatnak. <\/p>\n<p>[\/vc_column_text][\/vc_column_inner][vc_column_inner width=&#8221;1\/3&#8243;][vc_single_image image=&#8221;65828&#8243; img_size=&#8221;full&#8221; alignment=&#8221;center&#8221; css=&#8221;&#8221;][vc_custom_heading text=&#8221;Fogadj\u00e1tok \u00e9s k\u00f3stolj\u00e1tok meg&#8221; font_container=&#8221;tag:h4|text_align:center&#8221; use_theme_fonts=&#8221;yes&#8221; css=&#8221;&#8221;][vc_column_text css=&#8221;&#8221;]<\/p>\n<p style=\"text-align: center;\">\u00c9lvezze a h\u00e1zhoz sz\u00e1ll\u00edtott whisky el\u0151fizet\u00e9ses doboz\u00e1t. K\u00f3stolja meg az \u00edzeket saj\u00e1t maga, vagy ossza meg bar\u00e1taival \u00e9s csal\u00e1dj\u00e1val! <\/p>\n<p>[\/vc_column_text][\/vc_column_inner][\/vc_row_inner][\/vc_column][\/vc_row][vc_row full_width=&#8221;stretch_row&#8221; equal_height=&#8221;yes&#8221; content_placement=&#8221;middle&#8221; css=&#8221;.vc_custom_1715770025351{padding-top: 3rem !important;padding-bottom: 3rem !important;background-color: #000000 !important;}&#8221;][vc_column width=&#8221;2\/3&#8243; css=&#8221;.vc_custom_1715770088536{margin-top: 0px !important;margin-bottom: 0px !important;padding-top: 0px !important;padding-bottom: 0px !important;}&#8221;][vc_custom_heading text=&#8221;M\u00e1r csak az van h\u00e1tra, hogy egyed\u00fcl vagy a bar\u00e1taiddal \u00e9s a csal\u00e1doddal egy\u00fctt \u00e9lvezd ezt a whisky el\u0151fizet\u00e9ses dobozt.&#8221; font_container=&#8221;tag:h3|text_align:left|color:%23E6A425&#8243; use_theme_fonts=&#8221;yes&#8221; css=&#8221;&#8221;][\/vc_column][vc_column width=&#8221;1\/3&#8243; css=&#8221;.vc_custom_1715770097601{margin-top: 0px !important;margin-bottom: 0px !important;padding-top: 0px !important;padding-bottom: 0px !important;}&#8221;][vc_btn title=&#8221;K\u00f3stol\u00e1s megkezd\u00e9se&#8221; size=&#8221;lg&#8221; align=&#8221;center&#8221; css=&#8221;&#8221; link=&#8221;url:https%3A%2F%2Fwww.whiskyflavour.com%2Fshop%2F|title:Getyours|&#8221;][\/vc_column][\/vc_row][vc_row css=&#8221;.vc_custom_1715590210382{margin-top: 3rem !important;margin-bottom: 3rem !important;}&#8221;][vc_column][vc_column_text css=&#8221;&#8221;]<div class=\"container my-5 latest_posts\"><h2 class=\"section-title\">Whisky Blog<\/h2><div class=\"grid-container mb-4\"><div class=\"card mb-4\"><a href=\"https:\/\/www.whiskyflavour.com\/hu\/blog\/whisky-make-fat\/\"><\/a><div class=\"card-body\"><h5 class=\"card-title\"><a href=\"https:\/\/www.whiskyflavour.com\/hu\/blog\/whisky-make-fat\/\">A whiskyt\u0151l elh\u00edzik az ember?<\/a><\/h5><p class=\"card-text\">Ha \u00d6n olyan ember, aki minden este megiszik egy-k\u00e9t italt, akkor egy bizonyos ponton elgondolkodhat azon, hogy vajon a whisky elh\u00edzik-e. Azok, akik minden este t\u00f6bb poh\u00e1r whiskyt fogyasztanak, k\u00e9nytelenek elgondolkodni azon, hogy vajon a whisky k\u00f6v\u00e9r\u00edt-e? <\/p><\/div><div class=\"card-footer\"><a href=\"https:\/\/www.whiskyflavour.com\/hu\/blog\/whisky-make-fat\/\" class=\"btn btn-outline-primary\">Read More<\/a><\/div><\/div><div class=\"card mb-4\"><a href=\"https:\/\/www.whiskyflavour.com\/hu\/blog\/skot-whisky-tipusok\/\"><\/a><div class=\"card-body\"><h5 class=\"card-title\"><a href=\"https:\/\/www.whiskyflavour.com\/hu\/blog\/skot-whisky-tipusok\/\">A sk\u00f3t whisky t\u00edpusai &#8211; jellemz\u0151k \u00e9s kateg\u00f3ri\u00e1k<\/a><\/h5><p class=\"card-text\">Sk\u00f3cia megker\u00fclhetetlen neve a glob\u00e1lis whiskytermel\u00e9snek. Olvasson tov\u00e1bb, hogy megtudja, mit\u0151l olyan n\u00e9pszer\u0171 a sk\u00f3t whisky. <\/p><\/div><div class=\"card-footer\"><a href=\"https:\/\/www.whiskyflavour.com\/hu\/blog\/skot-whisky-tipusok\/\" class=\"btn btn-outline-primary\">Read More<\/a><\/div><\/div><div class=\"card mb-4\"><a href=\"https:\/\/www.whiskyflavour.com\/hu\/blog\/whisky-pohar\/\"><\/a><div class=\"card-body\"><h5 class=\"card-title\"><a href=\"https:\/\/www.whiskyflavour.com\/hu\/blog\/whisky-pohar\/\">A megfelel\u0151 poh\u00e1r fontoss\u00e1ga a whisky fogyaszt\u00e1s\u00e1hoz<\/a><\/h5><p class=\"card-text\">Ahhoz, hogy teljes m\u00e9rt\u00e9kben \u00e9lvezhess\u00fck a whiskyt, figyelmet kell ford\u00edtanunk bizonyos r\u00e9szletekre - \u00e9s az egyik legfontosabb r\u00e9szlet a megfelel\u0151 whiskys poh\u00e1r.\nOlvasson tov\u00e1bb, hogy megismerje hivatalos aj\u00e1nl\u00e1sunkat. <\/p><\/div><div class=\"card-footer\"><a href=\"https:\/\/www.whiskyflavour.com\/hu\/blog\/whisky-pohar\/\" class=\"btn btn-outline-primary\">Read More<\/a><\/div><\/div><div class=\"card mb-4\"><a href=\"https:\/\/www.whiskyflavour.com\/hu\/blog\/is-whisky-artificially-aged\/\"><\/a><div class=\"card-body\"><h5 class=\"card-title\"><a href=\"https:\/\/www.whiskyflavour.com\/hu\/blog\/is-whisky-artificially-aged\/\">Mesters\u00e9gesen \u00e9rlelt whisky? A v\u00e9gs\u0151 v\u00e1lasz<\/a><\/h5><p class=\"card-text\"><!-- wp:paragraph -->\n<p>A whisky mesters\u00e9gesen \u00e9rlelt? Sajnos erre a k\u00e9rd\u00e9sre neh\u00e9z egy\u00e9rtelm\u0171 v\u00e1laszt adni. Egyes whiskyket mesters\u00e9gesen \u00e9rlelnek, m\u00edg m\u00e1sokat nem.  <\/p><\/div><div class=\"card-footer\"><a href=\"https:\/\/www.whiskyflavour.com\/hu\/blog\/is-whisky-artificially-aged\/\" class=\"btn btn-outline-primary\">Read More<\/a><\/div><\/div><div class=\"card mb-4\"><a href=\"https:\/\/www.whiskyflavour.com\/hu\/blog\/the-difference-between-scotch-and-other-whisky\/\"><\/a><div class=\"card-body\"><h5 class=\"card-title\"><a href=\"https:\/\/www.whiskyflavour.com\/hu\/blog\/the-difference-between-scotch-and-other-whisky\/\">Mi a k\u00fcl\u00f6nbs\u00e9g a sk\u00f3t whisky \u00e9s m\u00e1s whisky k\u00f6z\u00f6tt?<\/a><\/h5><p class=\"card-text\">Mer\u00fclj\u00fcnk el m\u00e9lyen a sk\u00f3t whisky \u00e9s a whisky vil\u00e1g\u00e1ban, \u00e9s fedezz\u00fck fel, hogy az \u00f6sszetev\u0151k, a sz\u00e1rmaz\u00e1si hely \u00e9s a k\u00fcl\u00f6nleges k\u00f6vetelm\u00e9nyek hogyan k\u00fcl\u00f6nb\u00f6ztetik meg \u0151ket egym\u00e1st\u00f3l.\n\nMi a k\u00fcl\u00f6nbs\u00e9g a sk\u00f3t whisky \u00e9s a t\u00f6bbi whisky k\u00f6z\u00f6tt? El\u0151sz\u00f6r is, a sk\u00f3t whisky egyfajta whisky. <\/p><\/div><div class=\"card-footer\"><a href=\"https:\/\/www.whiskyflavour.com\/hu\/blog\/the-difference-between-scotch-and-other-whisky\/\" class=\"btn btn-outline-primary\">Read More<\/a><\/div><\/div><div class=\"card mb-4\"><a href=\"https:\/\/www.whiskyflavour.com\/hu\/blog\/best-german-whiskey-9-expressions\/\"><\/a><div class=\"card-body\"><h5 class=\"card-title\"><a href=\"https:\/\/www.whiskyflavour.com\/hu\/blog\/best-german-whiskey-9-expressions\/\">A legjobb n\u00e9met whisky &#8211; 9 kifejez\u00e9s, amit megk\u00f3stolhatsz!<\/a><\/h5><p class=\"card-text\">N\u00e9metorsz\u00e1g egy olyan orsz\u00e1g, amely legink\u00e1bb a s\u00f6r\u00e9r\u0151l ismert. Amit azonban sokan nem tudnak, hogy N\u00e9metorsz\u00e1gban van a vil\u00e1gon a m\u00e1sodik legt\u00f6bb whisky lep\u00e1rl\u00f3 \u00fczem. <\/p><\/div><div class=\"card-footer\"><a href=\"https:\/\/www.whiskyflavour.com\/hu\/blog\/best-german-whiskey-9-expressions\/\" class=\"btn btn-outline-primary\">Read More<\/a><\/div><\/div><\/div><div class=\"text-center mt-4\"><a href=\"https:\/\/www.whiskyflavour.com\/hu\/blog\/\" class=\"btn vc_general vc_btn3\">View All Posts<\/a><\/div><\/div>[\/vc_column_text][\/vc_column][\/vc_row]<\/p>\n<\/div>","protected":false},"excerpt":{"rendered":"<p>[vc_row full_width=&#8221;stretch_row&#8221; equal_height=&#8221;yes&#8221; content_placement=&#8221;middle&#8221; el_class=&#8221;hero&#8221; css=&#8221;.vc_custom_1715761599498{background-color: #000000 !important;}&#8221;][vc_column width=&#8221;1\/2&#8243;][vc_single_image image=&#8221;65831&#8243; img_size=&#8221;600&#215;400&#8243; alignment=&#8221;center&#8221; onclick=&#8221;custom_link&#8221; css=&#8221;&#8221; link=&#8221;https:\/\/www.whiskyflavour.com\/shop\/whisky-subscription-tasting-box\/&#8221;][\/vc_column][vc_column width=&#8221;1\/2&#8243;][vc_custom_heading text=&#8221;WHISKY EL\u0150FIZET\u00c9SES DOBOZ&#8221; font_container=&#8221;tag:h1|text_align:left|color:%23E6A425&#8243;&#8230;<\/p>\n","protected":false},"author":1,"featured_media":0,"parent":0,"menu_order":0,"comment_status":"closed","ping_status":"closed","template":"","meta":{"footnotes":""},"class_list":["post-65812","page","type-page","status-publish","hentry"],"_links":{"self":[{"href":"https:\/\/www.whiskyflavour.com\/hu\/wp-json\/wp\/v2\/pages\/65812","targetHints":{"allow":["GET"]}}],"collection":[{"href":"https:\/\/www.whiskyflavour.com\/hu\/wp-json\/wp\/v2\/pages"}],"about":[{"href":"https:\/\/www.whiskyflavour.com\/hu\/wp-json\/wp\/v2\/types\/page"}],"author":[{"embeddable":true,"href":"https:\/\/www.whiskyflavour.com\/hu\/wp-json\/wp\/v2\/users\/1"}],"replies":[{"embeddable":true,"href":"https:\/\/www.whiskyflavour.com\/hu\/wp-json\/wp\/v2\/comments?post=65812"}],"version-history":[{"count":0,"href":"https:\/\/www.whiskyflavour.com\/hu\/wp-json\/wp\/v2\/pages\/65812\/revisions"}],"wp:attachment":[{"href":"https:\/\/www.whiskyflavour.com\/hu\/wp-json\/wp\/v2\/media?parent=65812"}],"curies":[{"name":"wp","href":"https:\/\/api.w.org\/{rel}","templated":true}]}}