{"id":65960,"date":"2021-10-12T15:51:09","date_gmt":"2021-10-12T14:51:09","guid":{"rendered":"https:\/\/www.whiskyflavour.com\/a-honlaprol\/"},"modified":"2026-04-02T15:57:00","modified_gmt":"2026-04-02T14:57:00","slug":"about","status":"publish","type":"page","link":"https:\/\/www.whiskyflavour.com\/hu\/about\/","title":{"rendered":"A oldalr\u00f3l"},"content":{"rendered":"<div class=\"wpb-content-wrapper\"><p>[vc_row][vc_column][vc_custom_heading text=&#8221;ORIGIN&#8221; use_theme_fonts=&#8221;yes&#8221; css=&#8221;&#8221;][vc_column_text css=&#8221;&#8221;]A Whisky Flavour-t egy whiskyrajong\u00f3 hozta l\u00e9tre, akit az a v\u00e1gy vez\u00e9rel, hogy min\u00e9l k\u00e9nyelmesebben \u00e9s megfizethet\u0151bben fedezze fel \u00e9s k\u00f3stolja meg a k\u00fcl\u00f6nb\u00f6z\u0151 whiskyfajt\u00e1kat.<\/p>\n<p>Gyakran nem praktikus befektetni egy teljes \u00fcveg whiskybe, amelyre k\u00edv\u00e1ncsi vagy, k\u00fcl\u00f6n\u00f6sen, ha el\u0151sz\u00f6r k\u00f3stolod meg. Az elv\u00e1r\u00e1sok miatt sok whiskyrajong\u00f3 lemond egy eg\u00e9sz \u00fcveg megv\u00e1s\u00e1rl\u00e1s\u00e1r\u00f3l. Hogy t\u00f6bb whiskyt \u00e9lvezhessen megfizethet\u0151bb \u00e1ron, kifejlesztett\u00fck ezt a whiskyk\u00f3stol\u00f3 el\u0151fizet\u00e9st.<\/p>\n<p>A Whisky Flavour el\u0151fizet\u00e9si szolg\u00e1ltat\u00e1st ezut\u00e1n fejlesztett\u00fck ki whisky-rajong\u00f3 t\u00e1rsainknak &#8211; azoknak, akik szeretnek k\u00fcl\u00f6nb\u00f6z\u0151 palackokat, m\u00e1rk\u00e1kat \u00e9s korokat k\u00f3stolni.<\/p>\n<p>\u00dagy gondoljuk, hogy ez a megold\u00e1s lehet\u0151v\u00e9 teszi, hogy megk\u00f3stoljon egy sor whiskyt an\u00e9lk\u00fcl, hogy hossz\u00fa t\u00e1von elk\u00f6telezn\u00e9 mag\u00e1t egy teljes \u00fcveg megv\u00e1s\u00e1rl\u00e1s\u00e1val.<\/p>\n<p>Egyetlen whisky-k\u00f3stol\u00f3 el\u0151fizet\u00e9ses dobozt k\u00edn\u00e1lunk, amely minden h\u00f3napban 4 eredeti m\u00e1rk\u00e1s whisky miniat\u00far\u00e1t tartalmaz. \u00cdgy k\u00f6nnyed\u00e9n kiel\u00e9g\u00edtheti k\u00edv\u00e1ncsis\u00e1g\u00e1t \u00e9s b\u0151v\u00edtheti whisky-reperto\u00e1rj\u00e1t.[\/vc_column_text][\/vc_column][\/vc_row][vc_row][vc_column][vc_custom_heading text=&#8221;MISSION&#8221; use_theme_fonts=&#8221;yes&#8221; css=&#8221;&#8221;][vc_column_text css=&#8221;&#8221;]A Whisky Flavour k\u00fcldet\u00e9se, hogy a whiskyrajong\u00f3knak lehet\u0151s\u00e9get biztos\u00edtson a legk\u00fcl\u00f6nf\u00e9l\u00e9bb m\u00e1rk\u00e1k \u00e9s whiskyt\u00edpusok megismer\u00e9s\u00e9re. Azzal, hogy whiskyk\u00f3stol\u00f3 el\u0151fizet\u00e9s\u00fcnkkel m\u00e9g a legdr\u00e1g\u00e1bb m\u00e1rk\u00e1kat is megfizethet\u0151v\u00e9 \u00e9s el\u00e9rhet\u0151v\u00e9 tessz\u00fck, c\u00e9lunk, hogy min\u00e9l t\u00f6bben \u00e9lvezhess\u00e9k a whisky soksz\u00edn\u0171 vil\u00e1g\u00e1t.[\/vc_column_text][\/vc_column][\/vc_row][vc_row][vc_column][vc_custom_heading text=&#8221;VISION&#8221; use_theme_fonts=&#8221;yes&#8221; css=&#8221;&#8221;][vc_column_text css=&#8221;&#8221;]A Whisky Flavour c\u00e9lja, hogy vezet\u0151 referenci\u00e1v\u00e1 v\u00e1ljon a whiskyiparban, forradalmas\u00edtva a fogyaszt\u00f3k \u00e9s a m\u00e1rk\u00e1k k\u00f6z\u00f6tti interakci\u00f3t. Egyed\u00fcl\u00e1ll\u00f3 whiskyk\u00f3stol\u00e1si lehet\u0151s\u00e9gek biztos\u00edt\u00e1s\u00e1val c\u00e9lunk, hogy n\u00f6velj\u00fck a fogyaszt\u00f3k tudatoss\u00e1g\u00e1t a rendelkez\u00e9sre \u00e1ll\u00f3 v\u00e1ltozatos \u00e9s figyelemre m\u00e9lt\u00f3 m\u00e1rk\u00e1k \u00e9s gy\u00e1rt\u00e1si folyamatok tekintet\u00e9ben. Ezzel p\u00e1rhuzamosan a whiskym\u00e1rk\u00e1knak lehet\u0151s\u00e9g\u00fck lesz sz\u00e9lesebb k\u00f6z\u00f6ns\u00e9ghez eljutni, \u00e9s egyre t\u00f6bb fogyaszt\u00f3val \u00e1polni a hossz\u00fa t\u00e1v\u00fa kapcsolatokat.[\/vc_column_text][\/vc_column][\/vc_row][vc_row][vc_column][vc_custom_heading text=&#8221;VALUES&#8221; use_theme_fonts=&#8221;yes&#8221; css=&#8221;&#8221;][vc_column_text css=&#8221;&#8221;]\u00c1tl\u00e1that\u00f3s\u00e1g | Elegancia | Innov\u00e1ci\u00f3 | \u00dcgyf\u00e9lk\u00f6zpont\u00fas\u00e1g | Modernit\u00e1s[\/vc_column_text][\/vc_column][\/vc_row]<\/p>\n<\/div>","protected":false},"excerpt":{"rendered":"<p>[vc_row][vc_column][vc_custom_heading text=&#8221;ORIGIN&#8221; use_theme_fonts=&#8221;yes&#8221; css=&#8221;&#8221;][vc_column_text css=&#8221;&#8221;]A Whisky Flavour-t egy whiskyrajong\u00f3 hozta l\u00e9tre, akit az a v\u00e1gy vez\u00e9rel, hogy min\u00e9l k\u00e9nyelmesebben \u00e9s&#8230;<\/p>\n","protected":false},"author":1,"featured_media":0,"parent":0,"menu_order":0,"comment_status":"closed","ping_status":"closed","template":"","meta":{"footnotes":""},"class_list":["post-65960","page","type-page","status-publish","hentry"],"_links":{"self":[{"href":"https:\/\/www.whiskyflavour.com\/hu\/wp-json\/wp\/v2\/pages\/65960","targetHints":{"allow":["GET"]}}],"collection":[{"href":"https:\/\/www.whiskyflavour.com\/hu\/wp-json\/wp\/v2\/pages"}],"about":[{"href":"https:\/\/www.whiskyflavour.com\/hu\/wp-json\/wp\/v2\/types\/page"}],"author":[{"embeddable":true,"href":"https:\/\/www.whiskyflavour.com\/hu\/wp-json\/wp\/v2\/users\/1"}],"replies":[{"embeddable":true,"href":"https:\/\/www.whiskyflavour.com\/hu\/wp-json\/wp\/v2\/comments?post=65960"}],"version-history":[{"count":0,"href":"https:\/\/www.whiskyflavour.com\/hu\/wp-json\/wp\/v2\/pages\/65960\/revisions"}],"wp:attachment":[{"href":"https:\/\/www.whiskyflavour.com\/hu\/wp-json\/wp\/v2\/media?parent=65960"}],"curies":[{"name":"wp","href":"https:\/\/api.w.org\/{rel}","templated":true}]}}