{"id":65953,"date":"2016-05-01T21:20:50","date_gmt":"2016-05-01T20:20:50","guid":{"rendered":"https:\/\/www.whiskyflavour.com\/shop\/whisky-elofizetes-kostolo-doboz\/"},"modified":"2026-01-26T12:52:23","modified_gmt":"2026-01-26T12:52:23","slug":"whisky-subscription-box","status":"publish","type":"product","link":"https:\/\/www.whiskyflavour.com\/hu\/shop\/whisky-subscription-box\/","title":{"rendered":"Whisky el\u0151fizet\u00e9ses doboz"},"content":{"rendered":"<h2>A Whisky Flavour Whisky Tasting Box &#8211; 4 miniat\u0171r a vil\u00e1g minden t\u00e1j\u00e1r\u00f3l sz\u00e1rmaz\u00f3 lep\u00e1rl\u00f3\u00fczemekt\u0151l<\/h2>\n<p>Ha szeretn\u00e9 megismerni a vil\u00e1g legkiv\u00e1l\u00f3bb whiskyit, akkor a Whiskey Tasting Box el\u0151fizet\u00e9s a legjobb m\u00f3dja annak, hogy felfedezze a vil\u00e1g legelismertebb lep\u00e1rl\u00f3it\u00f3l sz\u00e1rmaz\u00f3 exkluz\u00edv whiskyket, k\u00f6zt\u00fck sk\u00f3t, \u00edr, amerikai \u00e9s sok m\u00e1s whiskyt!<\/p>\n<p>A Whisky Flavour-n\u00e1l egy megfizethet\u0151 el\u0151fizet\u00e9si rendszert hoztunk l\u00e9tre, amelybe a vil\u00e1g minden t\u00e1j\u00e1r\u00f3l \u00e9rkez\u0151 \u00fcgyfeleink beleszerettek! Ez a whiskyk\u00f3stol\u00f3 el\u0151fizet\u00e9ses szolg\u00e1ltat\u00e1s t\u00f6k\u00e9letes arra, hogy k\u00e9nyeztesse mag\u00e1t, vagy \u00e1tgondolt aj\u00e1nd\u00e9knak! Ha whisky-rajong\u00f3 vagy valaki, aki mindig mindenf\u00e9le whiskyt, underground whiskym\u00e1rk\u00e1kat, \u00faj sorozatokat \u00e9s r\u00e9gi-\u00faj whiskyket szeretne megk\u00f3stolni, whiskyk\u00f3stol\u00f3 dobozunk megfelel az \u00d6n ig\u00e9nyeinek \u00e9s k\u00f6lts\u00e9gvet\u00e9s\u00e9nek.  <\/p>\n<p>Most pedig besz\u00e9lj\u00fcnk arr\u00f3l, hogy mit kapsz, ha feliratkozol erre a praktikus szolg\u00e1ltat\u00e1sra!<\/p>\n<p>&nbsp;<\/p>\n<h2>Rendelje csak egyszer, vagy legyen egy whisky-k\u00f3stol\u00f3 el\u0151fizet\u00e9s.<\/h2>\n<p>El\u0151sz\u00f6r is, minden h\u00f3napban nagyszer\u0171 whisky-kifejez\u00e9seket kapsz!<\/p>\n<p>Minden dobozban 4 eredeti m\u00e1rk\u00e1s whisky miniat\u0171r lesz. Ezek lehetnek teljesen rejt\u00e9lyesek, vagy az \u00d6n preferenci\u00e1it is szem el\u0151tt tarthatjuk a kisz\u00e1ll\u00edt\u00e1sra ker\u00fcl\u0151 whisky miniat\u0171r\u00f6k kiv\u00e1laszt\u00e1sakor. Csak egy e-mailt kell k\u00fcldenie nek\u00fcnk az \u00edzpreferenci\u00e1ival, vagy azzal, hogy milyen t\u00edpus\u00fa whiskyt szeretne igaz\u00e1n megk\u00f3stolni.  <\/p>\n<p>Lehet\u0151s\u00e9geink k\u00f6z\u00f6tt <strong>kiv\u00e1laszthatja, hogy mennyi id\u0151re kapja meg whisky-k\u00f3stol\u00f3 el\u0151fizet\u00e9s\u00fcnket<\/strong>:<\/p>\n<ul>\n<li>Csak egyszer.<\/li>\n<li>H\u00e1rom h\u00f3napon kereszt\u00fcl havonta egyszer.<\/li>\n<li>Havonta egyszer hat h\u00f3napon kereszt\u00fcl.<\/li>\n<li>Egy \u00e9ven kereszt\u00fcl havonta egyszer.<\/li>\n<\/ul>\n<p>Nemcsak a whisky rendk\u00edv\u00fcli, hanem a mi dobozunk sem csak egy \u00e1tlagos doboz. Helyi termel\u0151kkel \u00e9s fafeldolgoz\u00f3kkal m\u0171k\u00f6dt\u00fcnk egy\u00fctt, hogy egy <strong>modern \u00e9s minimalista fadobozt<\/strong> hozzunk l\u00e9tre. Ellen\u00e1ll\u00f3, \u00edgy sz\u00e1ll\u00edt\u00e1s k\u00f6zben megv\u00e9di a whisky miniat\u0171rjeit, \u00e9s ut\u00e1na \u00fajra felhaszn\u00e1lhat\u00f3. Mindenk\u00e9ppen ragaszkodjon hozz\u00e1: ez egy nagyszer\u0171 eml\u00e9k, amelyet gondosan k\u00e9sz\u00edtett\u00fcnk.   <\/p>\n<p>Ez a <strong>whiskyk\u00f3stol\u00f3 doboz 1,5 kilogrammot nyom<\/strong>, \u00e9s az \u00d6n preferenci\u00e1inak megfelel\u0151en ker\u00fcl elk\u00fcld\u00e9sre.<\/p>\n<p>\u00dcgyfeleinknek minden lehet\u0151s\u00e9get megadunk, hogy az el\u0151fizet\u00e9s megfeleljen az ig\u00e9nyeiknek, mivel tudjuk, hogy minden whisky-rajong\u00f3 egyedi.<\/p>\n<p>&nbsp;<\/p>\n<h3>Whisky k\u00f3stol\u00f3 dobozunkkal kapcsolatos tippek<\/h3>\n<p>Ha n\u00e9h\u00e1ny spoiler nem a te vil\u00e1god, ugorj \u00e1t ezen a r\u00e9szen! Nem fogunk mindent leleplezni a whiskyk\u00f3stol\u00f3 dobozunkr\u00f3l, de hagyunk n\u00e9h\u00e1ny keny\u00e9rmorzs\u00e1t, hogy ne maradj le teljesen err\u0151l a lehet\u0151s\u00e9gr\u0151l. <\/p>\n<ul>\n<li>Whisky miniat\u0171rjeink <strong>eredeti m\u00e1rk\u00e1j\u00fa, 5 cl-es (1,69 unci\u00e1s) palackok<\/strong>.<\/li>\n<li>Szeretj\u00fck a whisky sz\u00e9les v\u00e1laszt\u00e9k\u00e1t k\u00edn\u00e1lni, \u00e9s ez mag\u00e1ban foglalja a <strong>vil\u00e1g k\u00fcl\u00f6nb\u00f6z\u0151 r\u00e9szeir\u0151l sz\u00e1rmaz\u00f3 whiskym\u00e1rk\u00e1kat<\/strong>, amelyek t\u00falmutatnak a hagyom\u00e1nyos whiskyfajt\u00e1kon. Kor\u00e1bbi \u00fcgyfeleink p\u00e9ld\u00e1ul olyan m\u00e1rk\u00e1k whisky-kifejez\u00e9seit kapt\u00e1k meg, mint a Black Whiskey, a Langatun \u00e9s az Armorik Whisky. <\/li>\n<li>Olyan whisky-kifejez\u00e9seket keres\u00fcnk, amelyek <strong>vagy klasszikusok, vagy olyan cs\u00facsmin\u0151s\u00e9g\u0171 whiskyk<\/strong>, amelyeket mindenkinek legal\u00e1bb egyszer az \u00e9letben meg kell k\u00f3stolnia.<\/li>\n<li>Nyomon k\u00f6vetj\u00fck a kor\u00e1bban k\u00fcld\u00f6tt dobozokat, \u00edgy <strong>nem kapja meg k\u00e9tszer ugyanazt a whisky-kifejez\u00e9st<\/strong> (hacsak nem akarja nagyon).<\/li>\n<li><strong>V\u00e1llaljuk a whisky t\u00edpus\u00e1ra, a kifejez\u00e9sek kor\u00e1ra \u00e9s az \u00d6n \u00e1ltal legink\u00e1bb kedvelt \u00edzekre vonatkoz\u00f3 k\u00e9r\u00e9seket<\/strong>, hogy ne k\u00fcldj\u00fcnk \u00d6nnek olyan whisky miniat\u0171r\u00f6ket, amelyeket biztosan nem fog \u00e9lvezni.<\/li>\n<\/ul>\n<p>&nbsp;<\/p>\n<h3>Whisky k\u00f3stol\u00f3 doboz &#8211; Aj\u00e1nd\u00e9kozd meg!<\/h3>\n<p>A whiskyk\u00f3stol\u00f3 el\u0151fizet\u00e9s csod\u00e1latos aj\u00e1nd\u00e9k\u00f6tlet b\u00e1rkinek, aki igaz\u00e1n szereti a whiskyt. Term\u00e9szetesen mi sem mondan\u00e1nk m\u00e1st, de <strong>a whiskyk\u00f3stol\u00f3s dobozt &#8211; vagy dobozokat &#8211; a<\/strong> v\u00e1s\u00e1rl\u00e1skor <strong>megadott c\u00edmre tudjuk k\u00fcldeni<\/strong>. \u00c9s egy egyszer\u0171 \u00fczenetet is mell\u00e9kelhet\u00fcnk a csomaghoz, hogy m\u00e9g szem\u00e9lyesebb\u00e9 tegy\u00fck.  <\/p>\n<p>Whisky el\u0151fizet\u00e9ses dobozunkat whisky-rajong\u00f3knak \u00e9s azoknak is aj\u00e1nljuk, akik most kezdik megkedvelni ezt a szeszes italt. Mivel <strong>a whisky-miniat\u0171r\u00f6kb\u0151l \u00e1ll\u00f3 v\u00e1laszt\u00e9kunk val\u00f3ban egyedi<\/strong>, \u00edgy kaphatnak klasszikus kifejez\u00e9seket \u00e9s olyan orsz\u00e1gok lep\u00e1rl\u00f3iban k\u00e9sz\u00fclt whiskyt is, amelyek jellemz\u0151en nem k\u00f6t\u0151dnek a whiskyhez. <\/p>\n<p>Amellett, hogy szerette, bar\u00e1tja vagy koll\u00e9g\u00e1ja megk\u00f3stolhatja a sok whiskyt,<strong> a fadoboz t\u00f6k\u00e9letes arra, hogy \u00fajra felhaszn\u00e1lhat\u00f3 legyen<\/strong>, \u00e9s hogy meg\u0151rizze szem\u00e9lyes whiskyk\u00f3stol\u00f3 k\u00e9szlet\u00e9t.<\/p>\n<p>Ha nem szeretn\u00e9l <strong>el\u0151fizet\u00e9st<\/strong> k\u00f6tni, akkor<strong> rendelj csak egy whisky k\u00f3stol\u00f3 dobozt<\/strong>, hogy megaj\u00e1nd\u00e9kozd a whisky szerelmes\u00e9t!<\/p>\n<p>&nbsp;<\/p>\n<h2>Whisky k\u00f3stol\u00f3 el\u0151fizet\u00e9s- Whisky szerelmeseinek whisky szerelmeseinek<\/h2>\n<p>A Whisky Flavour csapata elk\u00f6telezett amellett, hogy a vil\u00e1g legjobb whisky-kifejez\u00e9seit sz\u00e1ll\u00edtsa olyan m\u00e1rk\u00e1kt\u00f3l, amelyeket nem k\u00f6nny\u0171 megtal\u00e1lni, \u00e9s minden er\u0151nkkel azon vagyunk, hogy olyan whisky-miniat\u0171r\u00f6k v\u00e1laszt\u00e9k\u00e1t k\u00edn\u00e1ljuk \u00fcgyfeleinknek, amelyekr\u0151l \u00fagy gondoljuk, hogy \u00d6n is el lesz ragadtatva.<\/p>\n<p>B\u00fcszk\u00e9k vagyunk whisky-el\u0151fizet\u00e9si szolg\u00e1ltat\u00e1sunkra \u00e9s whisky-k\u00f3stol\u00f3 dobozunkra, mivel mindenf\u00e9le h\u00e1tt\u00e9rrel rendelkez\u0151 ember sz\u00e1m\u00e1ra hozz\u00e1f\u00e9r\u00e9st biztos\u00edt olyan kiv\u00e9teles whiskykhez, amelyeket egy\u00e9bk\u00e9nt nem biztos, hogy meg tudn\u00e1nak k\u00f3stolni.<\/p>\n<p>&nbsp;<\/p>\n<h3 style=\"text-align: center;\">Iratkozzon fel most a Whisky Flavour Whisky Tasting Box el\u0151fizet\u00e9sre!<\/h3>\n<p>&nbsp;<\/p>\n<p>&nbsp;<\/p>\n<h2>GYIK a whisky k\u00f3stol\u00f3 dobozunkr\u00f3l<\/h2>\n<p>&nbsp;<\/p>\n<h3>Milyen orsz\u00e1gokba sz\u00e1ll\u00edtanak? \u00c9s mikor kapom meg a Whiskey Tasting Boxomat? <\/h3>\n<p>Vil\u00e1gszerte sz\u00e1ll\u00edtunk! Teh\u00e1t a sz\u00e1ll\u00edt\u00e1si id\u0151 az \u00d6n \u00e1ltal megadott c\u00edmt\u0151l f\u00fcgg\u0151en v\u00e1ltozik. Portug\u00e1li\u00e1b\u00f3l sz\u00e1ll\u00edtunk, \u00e9s \u00e1ltal\u00e1ban 5 \u00e9s 10 munkanap k\u00f6z\u00f6tti id\u0151t vesz ig\u00e9nybe, am\u00edg eljut hozz\u00e1d!  <\/p>\n<p>Javasoljuk, hogy a megrendel\u00e9st minden h\u00f3nap 24. napja el\u0151tt adja le, mivel minden megrendel\u00e9st a k\u00f6vetkez\u0151 h\u00f3nap 7. napj\u00e1ig elk\u00fcld\u00fcnk.<\/p>\n<p>&nbsp;<\/p>\n<h3>Nyomon k\u00f6vethetem a rendel\u00e9semet?<\/h3>\n<p>Igen! A whiskyk\u00f3stol\u00f3 doboz\u00e1t aj\u00e1nlott lev\u00e9lben k\u00fcldj\u00fck, \u00e9s kap egy e-mailt a sz\u00fcks\u00e9ges linkkel \u00e9s k\u00f3ddal, hogy nyomon k\u00f6vethesse a whiskydoboz \u00fatj\u00e1t. <\/p>\n<p>&nbsp;<\/p>\n<p>M\u00e9g mindig k\u00e9rd\u00e9se van whisky k\u00f3stol\u00f3 el\u0151fizet\u00e9s\u00fcnkkel kapcsolatban? L\u00e1togasson el a GYIK oldalunkra, vagy k\u00fcldj\u00f6n nek\u00fcnk e-mailt. Igyeksz\u00fcnk id\u0151ben v\u00e1laszolni \u00d6nnek.  <\/p>\n","protected":false},"excerpt":{"rendered":"<p>A Whisky Flavour Whisky Tasting Box &#8211; 4 miniat\u0171r a vil\u00e1g minden t\u00e1j\u00e1r\u00f3l sz\u00e1rmaz\u00f3 lep\u00e1rl\u00f3\u00fczemekt\u0151l Ha szeretn\u00e9 megismerni a vil\u00e1g&#8230;<\/p>\n","protected":false},"featured_media":65831,"comment_status":"open","ping_status":"closed","template":"","meta":[],"product_brand":[],"product_cat":[],"product_tag":[],"class_list":{"0":"post-65953","1":"product","2":"type-product","3":"status-publish","4":"has-post-thumbnail","7":"first","8":"instock","9":"taxable","10":"shipping-taxable","11":"purchasable","12":"product-type-variable-subscription"},"_links":{"self":[{"href":"https:\/\/www.whiskyflavour.com\/hu\/wp-json\/wp\/v2\/product\/65953","targetHints":{"allow":["GET"]}}],"collection":[{"href":"https:\/\/www.whiskyflavour.com\/hu\/wp-json\/wp\/v2\/product"}],"about":[{"href":"https:\/\/www.whiskyflavour.com\/hu\/wp-json\/wp\/v2\/types\/product"}],"replies":[{"embeddable":true,"href":"https:\/\/www.whiskyflavour.com\/hu\/wp-json\/wp\/v2\/comments?post=65953"}],"wp:featuredmedia":[{"embeddable":true,"href":"https:\/\/www.whiskyflavour.com\/hu\/wp-json\/"}],"wp:attachment":[{"href":"https:\/\/www.whiskyflavour.com\/hu\/wp-json\/wp\/v2\/media?parent=65953"}],"wp:term":[{"taxonomy":"product_brand","embeddable":true,"href":"https:\/\/www.whiskyflavour.com\/hu\/wp-json\/wp\/v2\/product_brand?post=65953"},{"taxonomy":"product_cat","embeddable":true,"href":"https:\/\/www.whiskyflavour.com\/hu\/wp-json\/wp\/v2\/product_cat?post=65953"},{"taxonomy":"product_tag","embeddable":true,"href":"https:\/\/www.whiskyflavour.com\/hu\/wp-json\/wp\/v2\/product_tag?post=65953"}],"curies":[{"name":"wp","href":"https:\/\/api.w.org\/{rel}","templated":true}]}}