{"id":3753,"date":"2016-05-09T08:50:25","date_gmt":"2016-05-09T07:50:25","guid":{"rendered":"https:\/\/www.whiskyflavour.com\/privacy-policy-cookies-policy\/"},"modified":"2026-01-26T11:02:08","modified_gmt":"2026-01-26T11:02:08","slug":"privacy-policy","status":"publish","type":"page","link":"https:\/\/www.whiskyflavour.com\/it\/privacy-policy\/","title":{"rendered":"Informativa sulla privacy"},"content":{"rendered":"<div class=\"wpb-content-wrapper\"><p>[vc_row][vc_column][vc_column_text css=&#8221;&#8221;]<\/p>\n<h2>Informativa sulla privacy<\/h2>\n<p>La tua privacy \u00e8 importante per noi. La politica di <strong>WhiskyFlavour<\/strong> prevede il rispetto della tua privacy per quanto riguarda le informazioni che possiamo raccogliere da te attraverso il nostro sito web, <a href=\"https:\/\/www.whiskyflavour.com\/\">whiskyflavour.com<\/a>, e altri siti che possediamo e gestiamo. <\/p>\n<p>Chiediamo informazioni personali solo quando ne abbiamo veramente bisogno per fornirti un servizio. Li raccogliamo con mezzi corretti e leciti, con la tua consapevolezza e il tuo consenso. Ti informiamo anche sul motivo per cui li stiamo raccogliendo e su come verranno utilizzati.  <\/p>\n<p>Conserviamo le informazioni raccolte solo per il tempo necessario a fornirti il servizio richiesto. I dati che conserviamo saranno protetti con mezzi commercialmente accettabili per evitare perdite e furti, nonch\u00e9 accesso, divulgazione, copia, utilizzo o modifica non autorizzati. <\/p>\n<p>Non condividiamo alcuna informazione di identificazione personale pubblicamente o con terze parti, tranne quando richiesto dalla legge.<\/p>\n<p>Il nostro sito web pu\u00f2 collegarsi a siti esterni non gestiti da noi. Ti ricordiamo che non abbiamo alcun controllo sul contenuto e sulle pratiche di questi siti e non possiamo assumerci la responsabilit\u00e0 delle loro rispettive politiche sulla privacy. <\/p>\n<p>Sei libero di rifiutare la richiesta dei tuoi dati personali, fermo restando che potremmo non essere in grado di fornirti alcuni dei servizi che desideri.<\/p>\n<p>L&#8217;uso continuato del nostro sito web da parte dell&#8217;utente sar\u00e0 considerato come un&#8217;accettazione delle nostre pratiche in materia di privacy e informazioni personali. Se hai domande su come gestiamo i dati degli utenti e le informazioni personali, non esitare a contattarci. <\/p>\n<h2><strong>Informativa sui cookie<\/strong> per <strong>Whiskyflavour<\/strong><\/h2>\n<p>Questa \u00e8 la Cookie Policy di <strong>Whiskyflavour<\/strong>, accessibile dall&#8217;URL.<\/p>\n<h3>Cosa sono i cookie<\/h3>\n<p>Come avviene in quasi tutti i siti web professionali, questo sito utilizza i cookie, piccoli file che vengono scaricati sul tuo computer per migliorare la tua esperienza. Questa pagina descrive quali informazioni raccolgono, come le utilizziamo e perch\u00e9 a volte abbiamo bisogno di memorizzare questi cookie. Ti comunicheremo anche come puoi evitare che questi cookie vengano memorizzati; tuttavia, questo potrebbe ridurre o &#8220;interrompere&#8221; alcuni elementi della funzionalit\u00e0 del sito.  <\/p>\n<h3>Come utilizziamo i cookie<\/h3>\n<p>Utilizziamo i cookie per una serie di motivi illustrati di seguito. Purtroppo, nella maggior parte dei casi, non esistono opzioni standard per disabilitare i cookie senza disattivare completamente le funzionalit\u00e0 e le caratteristiche che essi aggiungono a questo sito. Si consiglia di lasciare attivi tutti i cookie se non si \u00e8 sicuri di averne bisogno o meno, nel caso in cui vengano utilizzati per fornire un servizio che si utilizza.  <\/p>\n<h3>Disabilitare i cookie<\/h3>\n<p>Puoi impedire l&#8217;impostazione dei cookie modificando le impostazioni del tuo browser (consulta la Guida del browser per sapere come fare). Tieni presente che la disabilitazione dei cookie influisce sulla funzionalit\u00e0 di questo e di molti altri siti web che visiti. La disabilitazione dei cookie di solito comporta anche la disabilitazione di alcune funzionalit\u00e0 e caratteristiche di questo sito. Pertanto, si consiglia di non disabilitare i cookie.   <\/p>\n<h3>I cookie che impostiamo<\/h3>\n<ul>\n<li>Cookie relativi all&#8217;account<\/li>\n<\/ul>\n<p>Se crei un account con noi, utilizzeremo dei cookie per la gestione del processo di iscrizione e per l&#8217;amministrazione generale. In genere questi cookie vengono eliminati al momento della disconnessione; tuttavia, in alcuni casi, possono rimanere in seguito per ricordare le tue preferenze sul sito quando ti sei disconnesso. <\/p>\n<ul>\n<li>Cookie relativi all&#8217;accesso<\/li>\n<\/ul>\n<p>Utilizziamo i cookie quando l&#8217;utente ha effettuato l&#8217;accesso in modo da poterlo ricordare. In questo modo eviti di dover effettuare il login ogni volta che visiti una nuova pagina. In genere questi cookie vengono rimossi o cancellati al momento della disconnessione per garantire l&#8217;accesso alle funzioni e alle aree riservate solo quando si effettua il login.  <\/p>\n<ul>\n<li>Cookie relativi alle newsletter via e-mail<\/li>\n<\/ul>\n<p>Questo sito offre servizi di iscrizione alla newsletter o alla posta elettronica e i cookie possono essere utilizzati per ricordare se l&#8217;utente \u00e8 gi\u00e0 registrato e se mostrare determinate notifiche che potrebbero essere valide solo per gli utenti iscritti\/non iscritti.<\/p>\n<ul>\n<li>Cookie relativi all&#8217;elaborazione degli ordini<\/li>\n<\/ul>\n<p>Questo sito offre servizi di e-commerce o di pagamento e alcuni cookie sono essenziali per garantire che il tuo ordine venga ricordato tra le varie pagine in modo da poterlo elaborare correttamente.<\/p>\n<ul>\n<li>Cookie relativi ai sondaggi<\/li>\n<\/ul>\n<p>Di tanto in tanto, offriamo sondaggi e questionari agli utenti per fornire loro spunti interessanti, strumenti utili o per comprendere meglio la nostra base di utenti. Questi sondaggi possono utilizzare i cookie per ricordare chi ha gi\u00e0 partecipato a un sondaggio o per fornire risultati accurati dopo aver cambiato pagina. <\/p>\n<ul>\n<li>Cookie relativi ai moduli<\/li>\n<\/ul>\n<p>Quando invii dati attraverso un modulo, come quelli presenti nelle pagine di contatto o nei moduli di commento, \u00e8 possibile che vengano impostati dei cookie per ricordare i tuoi dati utente per la corrispondenza futura.<\/p>\n<ul>\n<li>Cookie per le preferenze del sito<\/li>\n<\/ul>\n<p>Per offrirti un&#8217;ottima esperienza su questo sito, ti offriamo la possibilit\u00e0 di impostare le tue preferenze per il funzionamento del sito quando lo utilizzi. Per ricordare le tue preferenze, dobbiamo impostare dei cookie in modo che queste informazioni possano essere richiamate ogni volta che interagisci con una pagina interessata dalle tue preferenze. <\/p>\n<h3>Cookie di terze parti<\/h3>\n<p>In alcuni casi particolari, utilizziamo anche cookie forniti da terze parti fidate. La seguente sezione illustra in dettaglio i cookie di terze parti che potresti incontrare su questo sito. <\/p>\n<ul>\n<li>Questo sito utilizza Google Analytics, una delle soluzioni di analisi pi\u00f9 diffuse e affidabili del web, che ci aiuta a capire come utilizzi il sito e come possiamo migliorare la tua esperienza. Questi cookie possono tracciare elementi quali il tempo trascorso sul sito e le pagine visitate, in modo da permetterci di continuare a produrre contenuti coinvolgenti.  Per maggiori informazioni sui cookie di Google Analytics, consulta la pagina ufficiale di Google Analytics.<\/li>\n<li>I cookie analitici di terze parti sono utilizzati per tracciare e misurare l&#8217;utilizzo del sito in modo da poter continuare a produrre contenuti interessanti. Questi cookie possono tracciare elementi quali il tempo trascorso sul sito o le pagine visitate, aiutandoci a capire come migliorare il sito per gli utenti. <\/li>\n<li>Di tanto in tanto, testiamo nuove funzionalit\u00e0 e apportiamo lievi modifiche al modo in cui il sito viene fornito. Quando stiamo testando nuove funzionalit\u00e0, questi cookie possono essere utilizzati per garantire un&#8217;esperienza omogenea sul sito e per capire quali sono le ottimizzazioni pi\u00f9 apprezzate dagli utenti. <\/li>\n<li>Poich\u00e9 vendiamo prodotti, \u00e8 importante per noi capire le statistiche relative al numero di visitatori del nostro sito che effettuano un acquisto e quindi questo \u00e8 il tipo di dati che questi cookie tracceranno. Questo \u00e8 importante per te perch\u00e9 ci permette di fare previsioni commerciali accurate che ci consentono di monitorare i costi della pubblicit\u00e0 e dei prodotti per garantire il miglior prezzo possibile. <\/li>\n<li>Il servizio Google AdSense che utilizziamo per la pubblicit\u00e0 utilizza un cookie DoubleClick per pubblicare annunci pi\u00f9 pertinenti sul web e limitare il numero di volte in cui un determinato annuncio viene mostrato all&#8217;utente.<br \/>\nPer ulteriori informazioni su Google AdSense, consulta le FAQ ufficiali sulla privacy di Google AdSense.<\/li>\n<li>Utilizziamo le inserzioni pubblicitarie per compensare i costi di gestione del sito e per finanziare ulteriori sviluppi. I cookie di pubblicit\u00e0 comportamentale utilizzati da questo sito hanno lo scopo di garantire che ti vengano proposti gli annunci pi\u00f9 pertinenti possibile, tracciando in modo anonimo i tuoi interessi e presentandoti cose simili che potrebbero interessarti. <\/li>\n<li>Diversi partner fanno pubblicit\u00e0 per nostro conto e i cookie di tracciamento degli affiliati ci permettono semplicemente di vedere se i nostri clienti sono arrivati al sito attraverso uno dei nostri siti partner, in modo da poterli accreditare in modo appropriato e, se del caso, permettere ai nostri partner affiliati di fornire qualsiasi bonus che potrebbero offrirti per aver effettuato un acquisto.<\/li>\n<li>Su questo sito utilizziamo anche pulsanti e\/o plugin per i social media che ti permettono di connetterti con i tuoi social network in vari modi. Affinch\u00e9 questi funzionino, i seguenti siti di social media, tra cui Facebook, Instagram, Twitter, Pinterest, Tumblr, ecc. impostano dei cookie attraverso il nostro sito, che possono essere utilizzati per migliorare il tuo profilo sul loro sito o contribuire ai dati in loro possesso per vari scopi descritti nelle rispettive politiche sulla privacy. <\/li>\n<\/ul>\n<h2>Ulteriori informazioni<\/h2>\n<p>Speriamo che questo ti abbia chiarito le idee e, come gi\u00e0 detto, se c&#8217;\u00e8 qualcosa di cui non sei sicuro di aver bisogno o meno, di solito \u00e8 pi\u00f9 sicuro lasciare i cookie abilitati nel caso in cui interagiscano con una delle funzioni che utilizzi sul nostro sito.<\/p>\n<p>Questa politica \u00e8 in vigore da <strong>maggio<\/strong> <strong>2020<\/strong>.[\/vc_column_text][\/vc_column][\/vc_row]<\/p>\n<\/div>","protected":false},"excerpt":{"rendered":"<p>[vc_row][vc_column][vc_column_text css=&#8221;&#8221;] Informativa sulla privacy La tua privacy \u00e8 importante per noi. La politica di WhiskyFlavour prevede il rispetto della&#8230;<\/p>\n","protected":false},"author":1,"featured_media":0,"parent":0,"menu_order":8,"comment_status":"closed","ping_status":"closed","template":"","meta":{"footnotes":""},"class_list":["post-3753","page","type-page","status-publish","hentry"],"_links":{"self":[{"href":"https:\/\/www.whiskyflavour.com\/it\/wp-json\/wp\/v2\/pages\/3753","targetHints":{"allow":["GET"]}}],"collection":[{"href":"https:\/\/www.whiskyflavour.com\/it\/wp-json\/wp\/v2\/pages"}],"about":[{"href":"https:\/\/www.whiskyflavour.com\/it\/wp-json\/wp\/v2\/types\/page"}],"author":[{"embeddable":true,"href":"https:\/\/www.whiskyflavour.com\/it\/wp-json\/wp\/v2\/users\/1"}],"replies":[{"embeddable":true,"href":"https:\/\/www.whiskyflavour.com\/it\/wp-json\/wp\/v2\/comments?post=3753"}],"version-history":[{"count":0,"href":"https:\/\/www.whiskyflavour.com\/it\/wp-json\/wp\/v2\/pages\/3753\/revisions"}],"wp:attachment":[{"href":"https:\/\/www.whiskyflavour.com\/it\/wp-json\/wp\/v2\/media?parent=3753"}],"curies":[{"name":"wp","href":"https:\/\/api.w.org\/{rel}","templated":true}]}}