{"id":53268,"date":"2021-10-12T15:51:09","date_gmt":"2021-10-12T14:51:09","guid":{"rendered":"https:\/\/www.whiskyflavour.com\/about-2\/"},"modified":"2026-04-02T15:36:12","modified_gmt":"2026-04-02T14:36:12","slug":"about","status":"publish","type":"page","link":"https:\/\/www.whiskyflavour.com\/it\/about\/","title":{"rendered":"Informazioni su"},"content":{"rendered":"<div class=\"wpb-content-wrapper\"><p>[vc_row][vc_column][vc_custom_heading text=&#8221;ORIGINE&#8221; use_theme_fonts=&#8221;yes&#8221; css=&#8221;&#8221;][vc_column_text css=&#8221;&#8221;]Whisky Flavour \u00e8 stato creato da un appassionato di Whiskey, spinto dal desiderio di esplorare e assaporare diversi tipi di whisky nel modo pi\u00f9 comodo e conveniente.<\/p>\n<p>Spesso non \u00e8 pratico investire in un&#8217;intera bottiglia di whiskey che ti incuriosisce, soprattutto quando lo assaggi per la prima volta. Con le aspettative in gioco, molti appassionati di whiskey rinunciano ad acquistare una bottiglia intera. Per assaporare pi\u00f9 whiskey a un prezzo pi\u00f9 accessibile, abbiamo sviluppato questo abbonamento alla degustazione di whiskey.<\/p>\n<p>\u00c8 stato quindi sviluppato il servizio di abbonamento Whisky Flavour, pensando ai nostri colleghi amanti del whiskey, che amano assaggiare una variet\u00e0 di bottiglie, marche ed et\u00e0.<\/p>\n<p>Riteniamo che questa soluzione ti permetta di assaggiare una serie di whisky senza l&#8217;impegno a lungo termine di acquistare una bottiglia intera.<\/p>\n<p>Offriamo una scatola in abbonamento per la degustazione di whiskey singoli, con 4 miniature di whiskey originali di marca ogni mese. In questo modo potrai soddisfare la tua curiosit\u00e0 e ampliare il tuo repertorio di whiskey con facilit\u00e0.[\/vc_column_text][\/vc_column][\/vc_row][vc_row][vc_column][vc_custom_heading text=&#8221;MISSIONE&#8221; use_theme_fonts=&#8221;yes&#8221; css=&#8221;&#8221;][vc_column_text css=&#8221;&#8221;]La missione di Whisky Flavour \u00e8 quella di offrire agli appassionati di whisky l&#8217;opportunit\u00e0 di sperimentare un&#8217;ampia variet\u00e0 di marche e tipi di whisky. Rendendo accessibili e convenienti anche le marche pi\u00f9 costose con il nostro abbonamento alla degustazione di whiskey, ci proponiamo di garantire che sempre pi\u00f9 persone possano godere del variegato mondo del whiskey.[\/vc_column_text][\/vc_column][\/vc_row][vc_row][vc_column][vc_custom_heading text=&#8221;VISIONE&#8221; use_theme_fonts=&#8221;yes&#8221; css=&#8221;&#8221;][vc_column_text css=&#8221;&#8221;]Whisky Flavour intende diventare un punto di riferimento nel settore del whisky, rivoluzionando il modo in cui consumatori e marchi interagiscono. Offrendo opportunit\u00e0 uniche di degustazione del whiskey, puntiamo ad aumentare la consapevolezza dei consumatori sui diversi e straordinari marchi e processi di produzione disponibili. Allo stesso tempo, i marchi di whiskey avranno la possibilit\u00e0 di raggiungere un pubblico pi\u00f9 ampio, favorendo relazioni a lungo termine con un numero sempre maggiore di consumatori.[\/vc_column_text][\/vc_column][\/vc_row][vc_row][vc_column][vc_custom_heading text=&#8221;VALORI&#8221; use_theme_fonts=&#8221;yes&#8221; css=&#8221;&#8221;][vc_column_text css=&#8221;&#8221;]Trasparenza | Eleganza | Innovazione | Orientamento al cliente | Modernit\u00e0[\/vc_column_text][\/vc_column][\/vc_row]<\/p>\n<\/div>","protected":false},"excerpt":{"rendered":"<p>[vc_row][vc_column][vc_custom_heading text=&#8221;ORIGINE&#8221; use_theme_fonts=&#8221;yes&#8221; css=&#8221;&#8221;][vc_column_text css=&#8221;&#8221;]Whisky Flavour \u00e8 stato creato da un appassionato di Whiskey, spinto dal desiderio di esplorare e&#8230;<\/p>\n","protected":false},"author":1,"featured_media":0,"parent":0,"menu_order":0,"comment_status":"closed","ping_status":"closed","template":"","meta":{"footnotes":""},"class_list":["post-53268","page","type-page","status-publish","hentry"],"_links":{"self":[{"href":"https:\/\/www.whiskyflavour.com\/it\/wp-json\/wp\/v2\/pages\/53268","targetHints":{"allow":["GET"]}}],"collection":[{"href":"https:\/\/www.whiskyflavour.com\/it\/wp-json\/wp\/v2\/pages"}],"about":[{"href":"https:\/\/www.whiskyflavour.com\/it\/wp-json\/wp\/v2\/types\/page"}],"author":[{"embeddable":true,"href":"https:\/\/www.whiskyflavour.com\/it\/wp-json\/wp\/v2\/users\/1"}],"replies":[{"embeddable":true,"href":"https:\/\/www.whiskyflavour.com\/it\/wp-json\/wp\/v2\/comments?post=53268"}],"version-history":[{"count":0,"href":"https:\/\/www.whiskyflavour.com\/it\/wp-json\/wp\/v2\/pages\/53268\/revisions"}],"wp:attachment":[{"href":"https:\/\/www.whiskyflavour.com\/it\/wp-json\/wp\/v2\/media?parent=53268"}],"curies":[{"name":"wp","href":"https:\/\/api.w.org\/{rel}","templated":true}]}}