{"id":66159,"date":"2016-02-17T09:17:24","date_gmt":"2016-02-17T09:17:24","guid":{"rendered":"https:\/\/www.whiskyflavour.com\/hjem\/"},"modified":"2025-11-03T12:59:40","modified_gmt":"2025-11-03T12:59:40","slug":"hjem","status":"publish","type":"page","link":"https:\/\/www.whiskyflavour.com\/no\/","title":{"rendered":"Hjem"},"content":{"rendered":"<div class=\"wpb-content-wrapper\"><p>[vc_row full_width=&#8221;stretch_row&#8221; equal_height=&#8221;yes&#8221; content_placement=&#8221;middle&#8221; el_class=&#8221;hero&#8221; css=&#8221;.vc_custom_1715761599498{background-color: #000000 !important;}&#8221;][vc_column width=&#8221;1\/2&#8243;][vc_single_image image=&#8221;66180&#8243; img_size=&#8221;600&#215;400&#8243; alignment=&#8221;center&#8221; onclick=&#8221;custom_link&#8221; css=&#8221;&#8221; link=&#8221;https:\/\/www.whiskyflavour.com\/shop\/whisky-subscription-tasting-box\/&#8221;][\/vc_column][vc_column width=&#8221;1\/2&#8243;][vc_custom_heading text=&#8221;WHISKEY-ABONNEMENTSBOKS&#8221; font_container=&#8221;tag:h1|text_align:left|color:%23E6A425&#8243; use_theme_fonts=&#8221;yes&#8221; css=&#8221;&#8221;][vc_column_text css=&#8221;&#8221; el_class=&#8221;text-white&#8221;]Med Whiskey Flavour Tasting Box kan du utforske nye og unike whiskyuttrykk hver m\u00e5ned.[\/vc_column_text][vc_btn title=&#8221;Kom i gang&#8221; size=&#8221;lg&#8221; css=&#8221;.vc_custom_1715772076245{border-radius: 10px !important;border-color: #faaf40 !important;}&#8221; link=&#8221;url:https%3A%2F%2Fwww.whiskyflavour.com%2Fshop%2Fwhisky-subscription-tasting-box%2F|title:WhiskyAbonnementSmakingBox|&#8221; el_class=&#8221;btn_hero&#8221;][\/vc_column][\/vc_row][vc_row gap=&#8221;15&#8243; css=&#8221;.vc_custom_1715590584788{margin-top: 3rem !important;margin-bottom: 3rem !important;}&#8221;][vc_column][vc_custom_heading text=&#8221;F\u00e5 din Whiskey-abonnementsboks<br \/>\ni 3 raske og enkle trinn.&#8221; font_container=&#8221;tag:h2|text_align:center|color:%23111111&#8243; use_theme_fonts=&#8221;yes&#8221; css=&#8221;&#8221;][vc_row_inner equal_height=&#8221;yes&#8221; content_placement=&#8221;top&#8221; gap=&#8221;30&#8243; css=&#8221;.vc_custom_1715772966920{margin-top: 1.5rem !important;margin-bottom: 1.5rem !important;}&#8221;][vc_column_inner width=&#8221;1\/3&#8243;][vc_single_image image=&#8221;66178&#8243; img_size=&#8221;full&#8221; alignment=&#8221;center&#8221; css=&#8221;&#8221;][vc_custom_heading text=&#8221;Velg et abonnement&#8221; font_container=&#8221;tag:h4|text_align:center&#8221; use_theme_fonts=&#8221;yes&#8221; css=&#8221;&#8221;][vc_column_text css=&#8221;&#8221;]<\/p>\n<p style=\"text-align: center;\">Velg antall m\u00e5neder du \u00f8nsker \u00e5 motta whiskyabonnementet v\u00e5rt. Alternativene spenner fra 1 m\u00e5ned til 12 m\u00e5neder. <\/p>\n<p>[\/vc_column_text][\/vc_column_inner][vc_column_inner width=&#8221;1\/3&#8243;][vc_single_image image=&#8221;66179&#8243; img_size=&#8221;full&#8221; alignment=&#8221;center&#8221; css=&#8221;&#8221;][vc_custom_heading text=&#8221;Angi leveringssted&#8221; font_container=&#8221;tag:h4|text_align:center&#8221; use_theme_fonts=&#8221;yes&#8221; css=&#8221;&#8221;][vc_column_text css=&#8221;&#8221;]<\/p>\n<p style=\"text-align: center;\">Oppgi leveringsadressen din slik at vi kan sende abonnementsboksen din med Whiskey Flavour. Vi sender over hele verden, men fraktkostnadene kan variere avhengig av hvor du befinner deg. <\/p>\n<p>[\/vc_column_text][\/vc_column_inner][vc_column_inner width=&#8221;1\/3&#8243;][vc_single_image image=&#8221;66177&#8243; img_size=&#8221;full&#8221; alignment=&#8221;center&#8221; css=&#8221;&#8221;][vc_custom_heading text=&#8221;Ta imot og smak p\u00e5 den&#8221; font_container=&#8221;tag:h4|text_align:center&#8221; use_theme_fonts=&#8221;yes&#8221; css=&#8221;&#8221;][vc_column_text css=&#8221;&#8221;]<\/p>\n<p style=\"text-align: center;\">Nyt whiskyabonnementet ditt levert p\u00e5 d\u00f8ren. Nyt smakene selv eller del med venner og familie! <\/p>\n<p>[\/vc_column_text][\/vc_column_inner][\/vc_row_inner][\/vc_column][\/vc_row][vc_row full_width=&#8221;stretch_row&#8221; equal_height=&#8221;yes&#8221; content_placement=&#8221;middle&#8221; css=&#8221;.vc_custom_1715770025351{padding-top: 3rem !important;padding-bottom: 3rem !important;background-color: #000000 !important;}&#8221;][vc_column width=&#8221;2\/3&#8243; css=&#8221;.vc_custom_1715770088536{margin-top: 0px !important;margin-bottom: 0px !important;padding-top: 0px !important;padding-bottom: 0px !important;}&#8221;][vc_custom_heading text=&#8221;Det eneste som gjenst\u00e5r er \u00e5 nyte denne whisky-abonnementsboksen alene eller sammen med venner og familie.&#8221; font_container=&#8221;tag:h3|text_align:left|color:%23E6A425&#8243; use_theme_fonts=&#8221;yes&#8221; css=&#8221;&#8221;][\/vc_column][vc_column width=&#8221;1\/3&#8243; css=&#8221;.vc_custom_1715770097601{margin-top: 0px !important;margin-bottom: 0px !important;padding-top: 0px !important;padding-bottom: 0px !important;}&#8221;][vc_btn title=&#8221;Start smakingen&#8221; size=&#8221;lg&#8221; align=&#8221;center&#8221; css=&#8221;&#8221; link=&#8221;url:https%3A%2F%2Fwww.whiskyflavour.com%2Fshop%2F|title:Getyours|&#8221;][\/vc_column][\/vc_row][vc_row css=&#8221;.vc_custom_1715590210382{margin-top: 3rem !important;margin-bottom: 3rem !important;}&#8221;][vc_column][vc_column_text css=&#8221;&#8221;]<div class=\"container my-5 latest_posts\"><h2 class=\"section-title\">Whisky Blog<\/h2><div class=\"grid-container mb-4\"><div class=\"card mb-4\"><a href=\"https:\/\/www.whiskyflavour.com\/no\/blog\/whisky-make-fat\/\"><\/a><div class=\"card-body\"><h5 class=\"card-title\"><a href=\"https:\/\/www.whiskyflavour.com\/no\/blog\/whisky-make-fat\/\">Blir man tykk av whisky?<\/a><\/h5><p class=\"card-text\">Hvis du er en av dem som nyter en drink eller to hver kveld, lurer du kanskje p\u00e5 et eller annet tidspunkt p\u00e5 om whisky gj\u00f8r deg feit. De som unner seg flere pinner whisky hver kveld, er tvunget til \u00e5 tenke p\u00e5 om whisky gj\u00f8r deg feit <\/p><\/div><div class=\"card-footer\"><a href=\"https:\/\/www.whiskyflavour.com\/no\/blog\/whisky-make-fat\/\" class=\"btn btn-outline-primary\">Read More<\/a><\/div><\/div><div class=\"card mb-4\"><a href=\"https:\/\/www.whiskyflavour.com\/no\/blog\/typer-scotch-whisky-funksjoner\/\"><\/a><div class=\"card-body\"><h5 class=\"card-title\"><a href=\"https:\/\/www.whiskyflavour.com\/no\/blog\/typer-scotch-whisky-funksjoner\/\">Typer skotsk whisky &#8211; funksjoner og kategorier<\/a><\/h5><p class=\"card-text\">Skottland er et uunng\u00e5elig navn i den globale whiskyproduksjonen. Les mer om hva som gj\u00f8r skotsk whisky s\u00e5 popul\u00e6r. <\/p><\/div><div class=\"card-footer\"><a href=\"https:\/\/www.whiskyflavour.com\/no\/blog\/typer-scotch-whisky-funksjoner\/\" class=\"btn btn-outline-primary\">Read More<\/a><\/div><\/div><div class=\"card mb-4\"><a href=\"https:\/\/www.whiskyflavour.com\/no\/blog\/whiskyglass\/\"><\/a><div class=\"card-body\"><h5 class=\"card-title\"><a href=\"https:\/\/www.whiskyflavour.com\/no\/blog\/whiskyglass\/\">Betydningen av det rette glasset n\u00e5r du skal drikke whisky<\/a><\/h5><p class=\"card-text\">For \u00e5 nyte whisky fullt ut er det n\u00f8dvendig \u00e5 ta hensyn til visse detaljer - og en av de viktigste detaljene er det riktige whiskyglasset.\nLes mer for \u00e5 f\u00e5 vite v\u00e5r offisielle anbefaling. <\/p><\/div><div class=\"card-footer\"><a href=\"https:\/\/www.whiskyflavour.com\/no\/blog\/whiskyglass\/\" class=\"btn btn-outline-primary\">Read More<\/a><\/div><\/div><div class=\"card mb-4\"><a href=\"https:\/\/www.whiskyflavour.com\/no\/blog\/is-whisky-artificially-aged\/\"><\/a><div class=\"card-body\"><h5 class=\"card-title\"><a href=\"https:\/\/www.whiskyflavour.com\/no\/blog\/is-whisky-artificially-aged\/\">Er whisky kunstig lagret? Det ultimate svaret<\/a><\/h5><p class=\"card-text\"><!-- wp:paragraph -->\n<p>Er whisky kunstig lagret? Dette sp\u00f8rsm\u00e5let er dessverre vanskelig \u00e5 svare entydig p\u00e5. Noe whisky er kunstig lagret, mens annet ikke er det.  <\/p><\/div><div class=\"card-footer\"><a href=\"https:\/\/www.whiskyflavour.com\/no\/blog\/is-whisky-artificially-aged\/\" class=\"btn btn-outline-primary\">Read More<\/a><\/div><\/div><div class=\"card mb-4\"><a href=\"https:\/\/www.whiskyflavour.com\/no\/blog\/the-difference-between-scotch-and-other-whisky\/\"><\/a><div class=\"card-body\"><h5 class=\"card-title\"><a href=\"https:\/\/www.whiskyflavour.com\/no\/blog\/the-difference-between-scotch-and-other-whisky\/\">Hva er forskjellen mellom skotsk og annen whisky?<\/a><\/h5><p class=\"card-text\">La oss ta et dypdykk i whiskyens verden og oppdage hvordan ingredienser, opprinnelsessted og spesifikke krav skiller dem fra hverandre.\n\nS\u00e5 hva er forskjellen p\u00e5 skotsk whisky og annen whisky? F\u00f8rst og fremst er skotsk whisky en type whisky <\/p><\/div><div class=\"card-footer\"><a href=\"https:\/\/www.whiskyflavour.com\/no\/blog\/the-difference-between-scotch-and-other-whisky\/\" class=\"btn btn-outline-primary\">Read More<\/a><\/div><\/div><div class=\"card mb-4\"><a href=\"https:\/\/www.whiskyflavour.com\/no\/blog\/best-german-whiskey-9-expressions\/\"><\/a><div class=\"card-body\"><h5 class=\"card-title\"><a href=\"https:\/\/www.whiskyflavour.com\/no\/blog\/best-german-whiskey-9-expressions\/\">Beste tyske whisky &#8211; 9 uttrykk \u00e5 smake p\u00e5!<\/a><\/h5><p class=\"card-text\">Tyskland er et land som er mest kjent for sitt \u00f8l. Det mange ikke vet, er at Tyskland har nest flest whiskydestillerier av alle land i verden. <\/p><\/div><div class=\"card-footer\"><a href=\"https:\/\/www.whiskyflavour.com\/no\/blog\/best-german-whiskey-9-expressions\/\" class=\"btn btn-outline-primary\">Read More<\/a><\/div><\/div><\/div><div class=\"text-center mt-4\"><a href=\"https:\/\/www.whiskyflavour.com\/no\/blogg\/\" class=\"btn vc_general vc_btn3\">View All Posts<\/a><\/div><\/div>[\/vc_column_text][\/vc_column][\/vc_row]<\/p>\n<\/div>","protected":false},"excerpt":{"rendered":"<p>[vc_row full_width=&#8221;stretch_row&#8221; equal_height=&#8221;yes&#8221; content_placement=&#8221;middle&#8221; el_class=&#8221;hero&#8221; css=&#8221;.vc_custom_1715761599498{background-color: #000000 !important;}&#8221;][vc_column width=&#8221;1\/2&#8243;][vc_single_image image=&#8221;66180&#8243; img_size=&#8221;600&#215;400&#8243; alignment=&#8221;center&#8221; onclick=&#8221;custom_link&#8221; css=&#8221;&#8221; link=&#8221;https:\/\/www.whiskyflavour.com\/shop\/whisky-subscription-tasting-box\/&#8221;][\/vc_column][vc_column width=&#8221;1\/2&#8243;][vc_custom_heading text=&#8221;WHISKEY-ABONNEMENTSBOKS&#8221; font_container=&#8221;tag:h1|text_align:left|color:%23E6A425&#8243; use_theme_fonts=&#8221;yes&#8221; css=&#8221;&#8221;][vc_column_text&#8230;<\/p>\n","protected":false},"author":1,"featured_media":0,"parent":0,"menu_order":0,"comment_status":"closed","ping_status":"closed","template":"","meta":{"footnotes":""},"class_list":["post-66159","page","type-page","status-publish","hentry"],"_links":{"self":[{"href":"https:\/\/www.whiskyflavour.com\/no\/wp-json\/wp\/v2\/pages\/66159","targetHints":{"allow":["GET"]}}],"collection":[{"href":"https:\/\/www.whiskyflavour.com\/no\/wp-json\/wp\/v2\/pages"}],"about":[{"href":"https:\/\/www.whiskyflavour.com\/no\/wp-json\/wp\/v2\/types\/page"}],"author":[{"embeddable":true,"href":"https:\/\/www.whiskyflavour.com\/no\/wp-json\/wp\/v2\/users\/1"}],"replies":[{"embeddable":true,"href":"https:\/\/www.whiskyflavour.com\/no\/wp-json\/wp\/v2\/comments?post=66159"}],"version-history":[{"count":0,"href":"https:\/\/www.whiskyflavour.com\/no\/wp-json\/wp\/v2\/pages\/66159\/revisions"}],"wp:attachment":[{"href":"https:\/\/www.whiskyflavour.com\/no\/wp-json\/wp\/v2\/media?parent=66159"}],"curies":[{"name":"wp","href":"https:\/\/api.w.org\/{rel}","templated":true}]}}