{"id":66333,"date":"2016-05-09T08:50:25","date_gmt":"2016-05-09T07:50:25","guid":{"rendered":"https:\/\/www.whiskyflavour.com\/personvernerklaering-cookies-policy\/"},"modified":"2026-01-26T11:01:32","modified_gmt":"2026-01-26T11:01:32","slug":"privacy-policy","status":"publish","type":"page","link":"https:\/\/www.whiskyflavour.com\/no\/privacy-policy\/","title":{"rendered":"Retningslinjer for personvern"},"content":{"rendered":"<div class=\"wpb-content-wrapper\"><p>[vc_row][vc_column][vc_column_text css=&#8221;&#8221;]<\/p>\n<h2>Retningslinjer for personvern<\/h2>\n<p>Ditt personvern er viktig for oss. Det er <strong>WhiskyFlavours<\/strong> policy \u00e5 respektere personvernet ditt n\u00e5r det gjelder all informasjon vi samler inn fra deg p\u00e5 nettstedet v\u00e5rt, <a href=\"https:\/\/www.whiskyflavour.com\/no\/\">whiskyflavour.com,<\/a> og andre nettsteder vi eier og driver. <\/p>\n<p>Vi ber bare om personopplysninger n\u00e5r vi virkelig trenger dem for \u00e5 kunne levere en tjeneste til deg. Vi samler dem inn p\u00e5 en rettferdig og lovlig m\u00e5te, med din viten og ditt samtykke. Vi informerer deg ogs\u00e5 om hvorfor vi samler inn opplysningene og hvordan de vil bli brukt.  <\/p>\n<p>Vi lagrer kun innsamlet informasjon s\u00e5 lenge det er n\u00f8dvendig for \u00e5 kunne tilby deg den tjenesten du har bedt om. De opplysningene vi lagrer, beskytter vi p\u00e5 kommersielt akseptable m\u00e5ter for \u00e5 forhindre tap og tyveri, samt uautorisert tilgang, utlevering, kopiering, bruk eller endring. <\/p>\n<p>Vi deler ingen personlig identifiserende informasjon offentlig eller med tredjeparter, unntatt n\u00e5r det er lovp\u00e5lagt.<\/p>\n<p>Nettstedet v\u00e5rt kan lenke til eksterne nettsteder som ikke drives av oss. V\u00e6r oppmerksom p\u00e5 at vi ikke har noen kontroll over innholdet og praksisen p\u00e5 disse nettstedene, og at vi ikke kan p\u00e5ta oss ansvar for deres respektive retningslinjer for personvern. <\/p>\n<p>Du st\u00e5r fritt til \u00e5 avsl\u00e5 v\u00e5r foresp\u00f8rsel om dine personopplysninger, med den forst\u00e5else at vi kanskje ikke kan tilby deg noen av de tjenestene du \u00f8nsker.<\/p>\n<p>Din fortsatte bruk av nettstedet v\u00e5rt vil bli sett p\u00e5 som en aksept av v\u00e5r praksis rundt personvern og personopplysninger. Hvis du har sp\u00f8rsm\u00e5l om hvordan vi h\u00e5ndterer brukerdata og personopplysninger, er du velkommen til \u00e5 kontakte oss. <\/p>\n<h2><strong>Retningslinjer for informasjonskapsler<\/strong> for <strong>WhiskyFlavour<\/strong><\/h2>\n<p>Dette er retningslinjene for informasjonskapsler for <strong>WhiskyFlavour<\/strong>, tilgjengelig fra nettadressen.<\/p>\n<h3>Hva er informasjonskapsler?<\/h3>\n<p>Som det er vanlig praksis p\u00e5 nesten alle profesjonelle nettsteder, bruker dette nettstedet informasjonskapsler, som er sm\u00e5 filer som lastes ned til datamaskinen din, for \u00e5 forbedre opplevelsen din. Denne siden beskriver hvilken informasjon de samler inn, hvordan vi bruker den, og hvorfor vi noen ganger m\u00e5 lagre disse informasjonskapslene. Vi forteller ogs\u00e5 hvordan du kan forhindre at disse informasjonskapslene lagres, men dette kan f\u00f8re til at visse deler av nettstedets funksjonalitet blir nedgradert eller &#8220;\u00f8delagt&#8221;.  <\/p>\n<h3>Slik bruker vi informasjonskapsler<\/h3>\n<p>Vi bruker informasjonskapsler av en rekke \u00e5rsaker som er beskrevet nedenfor. Dessverre finnes det i de fleste tilfeller ingen industristandardalternativer for \u00e5 deaktivere informasjonskapsler uten \u00e5 deaktivere funksjonaliteten og funksjonene de tilf\u00f8rer dette nettstedet fullstendig. Det anbefales at du lar alle informasjonskapsler v\u00e6re p\u00e5 hvis du ikke er sikker p\u00e5 om du trenger dem eller ikke, i tilfelle de brukes til \u00e5 levere en tjeneste som du bruker.  <\/p>\n<h3>Deaktivering av informasjonskapsler<\/h3>\n<p>Du kan forhindre at informasjonskapsler lagres ved \u00e5 justere innstillingene i nettleseren din (se hjelpen til nettleseren din for \u00e5 finne ut hvordan du gj\u00f8r dette). V\u00e6r oppmerksom p\u00e5 at deaktivering av informasjonskapsler vil p\u00e5virke funksjonaliteten p\u00e5 dette og mange andre nettsteder du bes\u00f8ker. Deaktivering av informasjonskapsler vil vanligvis ogs\u00e5 f\u00f8re til at visse funksjoner og egenskaper p\u00e5 dette nettstedet deaktiveres. Derfor anbefales det at du ikke deaktiverer informasjonskapsler.   <\/p>\n<h3>Informasjonskapslene vi setter<\/h3>\n<ul>\n<li>Konto-relaterte informasjonskapsler<\/li>\n<\/ul>\n<p>Hvis du oppretter en konto hos oss, bruker vi informasjonskapsler for \u00e5 administrere registreringsprosessen og generell administrasjon. Disse informasjonskapslene slettes vanligvis n\u00e5r du logger deg ut, men i noen tilfeller kan de bli liggende igjen for \u00e5 huske preferansene dine n\u00e5r du er logget ut. <\/p>\n<ul>\n<li>P\u00e5loggingsrelaterte informasjonskapsler<\/li>\n<\/ul>\n<p>Vi bruker informasjonskapsler n\u00e5r du er innlogget, slik at vi kan huske dette. P\u00e5 den m\u00e5ten slipper du \u00e5 logge inn hver eneste gang du bes\u00f8ker en ny side. Disse informasjonskapslene fjernes eller slettes vanligvis n\u00e5r du logger ut for \u00e5 sikre at du bare f\u00e5r tilgang til begrensede funksjoner og omr\u00e5der n\u00e5r du er logget inn.  <\/p>\n<ul>\n<li>Informasjonskapsler relatert til nyhetsbrev<\/li>\n<\/ul>\n<p>Dette nettstedet tilbyr tjenester for abonnement p\u00e5 nyhetsbrev eller e-post, og informasjonskapsler kan brukes for \u00e5 huske om du allerede er registrert, og for \u00e5 vise visse varsler som kanskje bare er gyldige for brukere som abonnerer\/ikke abonnerer.<\/p>\n<ul>\n<li>Ordrebehandlingsrelaterte informasjonskapsler<\/li>\n<\/ul>\n<p>Dette nettstedet tilbyr e-handel eller betalingsl\u00f8sninger, og noen informasjonskapsler er avgj\u00f8rende for \u00e5 sikre at bestillingen din huskes mellom sidene, slik at vi kan behandle den p\u00e5 riktig m\u00e5te.<\/p>\n<ul>\n<li>Informasjonskapsler relatert til sp\u00f8rreunders\u00f8kelser<\/li>\n<\/ul>\n<p>Fra tid til annen tilbyr vi brukerunders\u00f8kelser og sp\u00f8rreskjemaer for \u00e5 gi deg interessant innsikt, nyttige verkt\u00f8y eller for \u00e5 forst\u00e5 brukerbasen v\u00e5r mer n\u00f8yaktig. Disse unders\u00f8kelsene kan bruke informasjonskapsler for \u00e5 huske hvem som allerede har deltatt i en unders\u00f8kelse, eller for \u00e5 gi deg n\u00f8yaktige resultater etter at du har byttet side. <\/p>\n<ul>\n<li>Skjemarelaterte informasjonskapsler<\/li>\n<\/ul>\n<p>N\u00e5r du sender inn data gjennom et skjema, for eksempel p\u00e5 kontaktsider eller kommentarskjemaer, kan det settes informasjonskapsler for \u00e5 huske brukeropplysningene dine for fremtidig korrespondanse.<\/p>\n<ul>\n<li>Informasjonskapsler for nettstedspreferanser<\/li>\n<\/ul>\n<p>For \u00e5 gi deg en god opplevelse p\u00e5 dette nettstedet, tilbyr vi funksjonalitet for \u00e5 angi dine preferanser for hvordan dette nettstedet kj\u00f8rer n\u00e5r du bruker det. For \u00e5 huske preferansene dine m\u00e5 vi sette informasjonskapsler, slik at denne informasjonen kan hentes frem hver gang du g\u00e5r inn p\u00e5 en side som p\u00e5virkes av dine preferanser. <\/p>\n<h3>Tredjeparts informasjonskapsler<\/h3>\n<p>I noen spesielle tilfeller bruker vi ogs\u00e5 informasjonskapsler fra betrodde tredjeparter. I det f\u00f8lgende beskrives hvilke tredjeparts informasjonskapsler du kan st\u00f8te p\u00e5 via dette nettstedet. <\/p>\n<ul>\n<li>Dette nettstedet bruker Google Analytics, som er en av de mest utbredte og p\u00e5litelige analysel\u00f8sningene p\u00e5 nettet for \u00e5 hjelpe oss med \u00e5 forst\u00e5 hvordan du bruker nettstedet og hvordan vi kan forbedre opplevelsen din. Disse informasjonskapslene kan spore ting som hvor lang tid du bruker p\u00e5 nettstedet og hvilke sider du bes\u00f8ker, slik at vi kan fortsette \u00e5 produsere engasjerende innhold.  For mer informasjon om Google Analytics-informasjonskapsler, se den offisielle Google Analytics-siden.<\/li>\n<li>Tredjepartsanalyseverkt\u00f8y brukes til \u00e5 spore og m\u00e5le bruken av dette nettstedet, slik at vi kan fortsette \u00e5 produsere engasjerende innhold. Disse informasjonskapslene kan spore ting som hvor lang tid du bruker p\u00e5 nettstedet eller sidene du bes\u00f8ker, noe som hjelper oss \u00e5 forst\u00e5 hvordan vi kan forbedre nettstedet for deg. <\/li>\n<li>Fra tid til annen tester vi nye funksjoner og gj\u00f8r sm\u00e5 endringer i m\u00e5ten nettstedet leveres p\u00e5. N\u00e5r vi fortsatt tester nye funksjoner, kan disse informasjonskapslene brukes for \u00e5 sikre at du f\u00e5r en konsekvent opplevelse mens du er p\u00e5 nettstedet, samtidig som vi sikrer at vi forst\u00e5r hvilke optimaliseringer brukerne v\u00e5re setter mest pris p\u00e5. <\/li>\n<li>Ettersom vi selger produkter, er det viktig for oss \u00e5 f\u00e5 statistikk over hvor mange av de bes\u00f8kende p\u00e5 nettstedet v\u00e5rt som gjennomf\u00f8rer et kj\u00f8p, og det er denne typen data som disse informasjonskapslene sporer. Dette er viktig for deg, ettersom det betyr at vi kan gj\u00f8re n\u00f8yaktige forretningsprognoser som gj\u00f8r det mulig for oss \u00e5 overv\u00e5ke annonserings- og produktkostnadene v\u00e5re for \u00e5 sikre best mulig pris. <\/li>\n<li>Google AdSense-tjenesten vi bruker til \u00e5 vise annonser, bruker en DoubleClick-informasjonskapsel for \u00e5 vise mer relevante annonser p\u00e5 nettet og begrense antall ganger en gitt annonse vises for deg.<br \/>\nHvis du vil ha mer informasjon om Google AdSense, kan du se de offisielle vanlige sp\u00f8rsm\u00e5lene om personvern for Google AdSense.<\/li>\n<li>Vi bruker annonser for \u00e5 kompensere for kostnadene ved \u00e5 drive dette nettstedet og skaffe midler til videreutvikling. Informasjonskapslene for atferdsbasert annonsering som brukes p\u00e5 dette nettstedet, er utformet for \u00e5 sikre at vi gir deg de mest relevante annonsene der det er mulig, ved anonymt \u00e5 spore interessene dine og presentere lignende ting som kan v\u00e6re av interesse. <\/li>\n<li>Flere partnere annonserer p\u00e5 v\u00e5re vegne, og informasjonskapsler for sporing av samarbeidspartnere gj\u00f8r det ganske enkelt mulig for oss \u00e5 se om kundene v\u00e5re har kommet til nettstedet via en av partnernettstedene v\u00e5re, slik at vi kan kreditere dem p\u00e5 riktig m\u00e5te og, der det er aktuelt, gi samarbeidspartnerne v\u00e5re mulighet til \u00e5 gi deg en eventuell bonus de kan gi deg for \u00e5 gj\u00f8re et kj\u00f8p.<\/li>\n<li>Vi bruker ogs\u00e5 knapper for sosiale medier og\/eller plugins p\u00e5 dette nettstedet som lar deg koble deg til ditt sosiale nettverk p\u00e5 ulike m\u00e5ter. For at disse skal fungere, vil f\u00f8lgende sosiale medier, inkludert Facebook, Instagram, Twitter, Pinterest, Tumblr osv., sette informasjonskapsler via nettstedet v\u00e5rt, som kan brukes til \u00e5 forbedre profilen din p\u00e5 nettstedet deres eller bidra til dataene de har for ulike form\u00e5l som er beskrevet i deres respektive personvernerkl\u00e6ringer. <\/li>\n<\/ul>\n<h2>Mer informasjon<\/h2>\n<p>Forh\u00e5pentligvis har dette oppklart ting for deg, og som tidligere nevnt, hvis det er noe du ikke er sikker p\u00e5 om du trenger eller ikke, er det vanligvis tryggere \u00e5 la informasjonskapsler v\u00e6re aktivert i tilfelle det interagerer med en av funksjonene du bruker p\u00e5 nettstedet v\u00e5rt.<\/p>\n<p>Disse retningslinjene gjelder fra og med <strong>mai<\/strong> <strong>2020<\/strong>.[\/vc_column_text][\/vc_column][\/vc_row]<\/p>\n<\/div>","protected":false},"excerpt":{"rendered":"<p>[vc_row][vc_column][vc_column_text css=&#8221;&#8221;] Retningslinjer for personvern Ditt personvern er viktig for oss. Det er WhiskyFlavours policy \u00e5 respektere personvernet ditt n\u00e5r&#8230;<\/p>\n","protected":false},"author":1,"featured_media":0,"parent":0,"menu_order":8,"comment_status":"closed","ping_status":"closed","template":"","meta":{"footnotes":""},"class_list":["post-66333","page","type-page","status-publish","hentry"],"_links":{"self":[{"href":"https:\/\/www.whiskyflavour.com\/no\/wp-json\/wp\/v2\/pages\/66333","targetHints":{"allow":["GET"]}}],"collection":[{"href":"https:\/\/www.whiskyflavour.com\/no\/wp-json\/wp\/v2\/pages"}],"about":[{"href":"https:\/\/www.whiskyflavour.com\/no\/wp-json\/wp\/v2\/types\/page"}],"author":[{"embeddable":true,"href":"https:\/\/www.whiskyflavour.com\/no\/wp-json\/wp\/v2\/users\/1"}],"replies":[{"embeddable":true,"href":"https:\/\/www.whiskyflavour.com\/no\/wp-json\/wp\/v2\/comments?post=66333"}],"version-history":[{"count":0,"href":"https:\/\/www.whiskyflavour.com\/no\/wp-json\/wp\/v2\/pages\/66333\/revisions"}],"wp:attachment":[{"href":"https:\/\/www.whiskyflavour.com\/no\/wp-json\/wp\/v2\/media?parent=66333"}],"curies":[{"name":"wp","href":"https:\/\/api.w.org\/{rel}","templated":true}]}}