{"id":66367,"date":"2021-10-12T15:51:09","date_gmt":"2021-10-12T14:51:09","guid":{"rendered":"https:\/\/www.whiskyflavour.com\/om\/"},"modified":"2026-04-02T17:01:52","modified_gmt":"2026-04-02T16:01:52","slug":"about","status":"publish","type":"page","link":"https:\/\/www.whiskyflavour.com\/no\/about\/","title":{"rendered":"Om"},"content":{"rendered":"<div class=\"wpb-content-wrapper\"><p>[vc_row][vc_column][vc_custom_heading text=&#8221;OPPRINNELSE&#8221; use_theme_fonts=&#8221;yes&#8221; css=&#8221;&#8221;][vc_column_text css=&#8221;&#8221;]Whisky Flavour ble skapt av en whiskyentusiast som er drevet av \u00f8nsket om \u00e5 utforske og smake p\u00e5 ulike typer whisky p\u00e5 en praktisk og rimelig m\u00e5te.<\/p>\n<p>Det er ofte upraktisk \u00e5 investere i en hel flaske whisky man har blitt nysgjerrig p\u00e5, spesielt n\u00e5r man skal smake den for aller f\u00f8rste gang. Mange whiskyentusiaster gir opp \u00e5 kj\u00f8pe en hel flaske p\u00e5 grunn av forventningene som st\u00e5r p\u00e5 spill. For \u00e5 kunne nyte mer whisky til en rimeligere pris, har vi utviklet dette whiskysmakingsabonnementet.<\/p>\n<p>Abonnementstjenesten Whisky Flavour ble deretter utviklet med tanke p\u00e5 andre whiskyelskere &#8211; de som liker \u00e5 smake p\u00e5 en rekke ulike flasker, merker og \u00e5rganger.<\/p>\n<p>Vi mener at denne l\u00f8sningen gir deg muligheten til \u00e5 smake p\u00e5 en rekke ulike whiskyer uten \u00e5 m\u00e5tte forplikte deg til \u00e5 kj\u00f8pe en helflaske.<\/p>\n<p>Vi tilbyr en abonnementsboks med whiskysmaking, med fire originale whiskyminiaturer hver m\u00e5ned. Slik kan du tilfredsstille nysgjerrigheten din og utvide whiskyrepertoaret ditt p\u00e5 en enkel m\u00e5te.[\/vc_column_text][\/vc_column][\/vc_row][vc_row][vc_column][vc_custom_heading text=&#8221;OPPDRAG&#8221; use_theme_fonts=&#8221;yes&#8221; css=&#8221;&#8221;][vc_column_text css=&#8221;&#8221;]Whisky Flavour har som m\u00e5l \u00e5 gi whiskyentusiaster muligheten til \u00e5 oppleve et bredt utvalg av merker og whiskytyper. Ved \u00e5 gj\u00f8re selv de dyreste merkene rimelige og tilgjengelige med v\u00e5rt whiskysmaking-abonnement, har vi som m\u00e5l \u00e5 sikre at flere kan nyte whiskyens mangfoldige verden.[\/vc_column_text][\/vc_column][\/vc_row][vc_row][vc_column][vc_custom_heading text=&#8221;VISJON&#8221; use_theme_fonts=&#8221;yes&#8221; css=&#8221;&#8221;][vc_column_text css=&#8221;&#8221;]Whisky Flavour ser for seg \u00e5 bli en ledende referanse i whiskyindustrien og revolusjonere m\u00e5ten forbrukere og merkevarer samhandler p\u00e5. Ved \u00e5 tilby unike muligheter for whiskysmaking tar vi sikte p\u00e5 \u00e5 \u00f8ke forbrukernes bevissthet om de ulike og bemerkelsesverdige merkevarene og produksjonsprosessene som er tilgjengelige. Samtidig vil whiskymerker f\u00e5 muligheten til \u00e5 n\u00e5 ut til et bredere publikum og skape langsiktige relasjoner med et \u00f8kende antall forbrukere.[\/vc_column_text][\/vc_column][\/vc_row][vc_row][vc_column][vc_custom_heading text=&#8221;VERDIER&#8221; use_theme_fonts=&#8221;yes&#8221; css=&#8221;&#8221;][vc_column_text css=&#8221;&#8221;]\u00c5penhet | Eleganse | Innovasjon | Kundeorientering | Modernitet[\/vc_column_text][\/vc_column][\/vc_row]<\/p>\n<\/div>","protected":false},"excerpt":{"rendered":"<p>[vc_row][vc_column][vc_custom_heading text=&#8221;OPPRINNELSE&#8221; use_theme_fonts=&#8221;yes&#8221; css=&#8221;&#8221;][vc_column_text css=&#8221;&#8221;]Whisky Flavour ble skapt av en whiskyentusiast som er drevet av \u00f8nsket om \u00e5 utforske og&#8230;<\/p>\n","protected":false},"author":1,"featured_media":0,"parent":0,"menu_order":0,"comment_status":"closed","ping_status":"closed","template":"","meta":{"footnotes":""},"class_list":["post-66367","page","type-page","status-publish","hentry"],"_links":{"self":[{"href":"https:\/\/www.whiskyflavour.com\/no\/wp-json\/wp\/v2\/pages\/66367","targetHints":{"allow":["GET"]}}],"collection":[{"href":"https:\/\/www.whiskyflavour.com\/no\/wp-json\/wp\/v2\/pages"}],"about":[{"href":"https:\/\/www.whiskyflavour.com\/no\/wp-json\/wp\/v2\/types\/page"}],"author":[{"embeddable":true,"href":"https:\/\/www.whiskyflavour.com\/no\/wp-json\/wp\/v2\/users\/1"}],"replies":[{"embeddable":true,"href":"https:\/\/www.whiskyflavour.com\/no\/wp-json\/wp\/v2\/comments?post=66367"}],"version-history":[{"count":0,"href":"https:\/\/www.whiskyflavour.com\/no\/wp-json\/wp\/v2\/pages\/66367\/revisions"}],"wp:attachment":[{"href":"https:\/\/www.whiskyflavour.com\/no\/wp-json\/wp\/v2\/media?parent=66367"}],"curies":[{"name":"wp","href":"https:\/\/api.w.org\/{rel}","templated":true}]}}