{"id":66456,"date":"2025-10-14T09:10:27","date_gmt":"2025-10-14T08:10:27","guid":{"rendered":"https:\/\/www.whiskyflavour.com\/faq\/"},"modified":"2026-01-26T10:56:37","modified_gmt":"2026-01-26T10:56:37","slug":"faq","status":"publish","type":"page","link":"https:\/\/www.whiskyflavour.com\/no\/faq\/","title":{"rendered":"VANLIGE SP\u00d8RSM\u00c5L"},"content":{"rendered":"<div class=\"wpb-content-wrapper\"><p>[vc_row][vc_column width=&#8221;1\/2&#8243;][vc_custom_heading text=&#8221;Hvordan fungerer Whisky Flavour-abonnementet?&#8221; font_container=&#8221;tag:h3|text_align:left&#8221; use_theme_fonts=&#8221;yes&#8221; css=&#8221;&#8221;][vc_column_text css=&#8221;&#8221;]Det er superenkelt. Slik gj\u00f8r du det: <\/p>\n<ol>\n<li><strong>Velg ditt <span data-sheets-root=\"1\">favorittabonnement p\u00e5 whiskyboks<\/span><\/strong>:\n<ul>\n<li>Bestem deg for hvilken alder p\u00e5 whiskyen du vil ha i miniatyrene dine.<\/li>\n<li>Velg den smaksboksen som passer best for deg.<\/li>\n<\/ul>\n<\/li>\n<li><strong>Legg inn bestillingen din<\/strong>:\n<ul>\n<li>Hver eske inneholder minst 4 miniatyrer.<\/li>\n<li>Fullf\u00f8r kj\u00f8pet og oppgi n\u00f8dvendig informasjon.<\/li>\n<\/ul>\n<\/li>\n<li><strong>Ta imot og nyt<\/strong>:\n<ul>\n<li>Du f\u00e5r utdelt en <span data-sheets-root=\"1\">whiskyboks <\/span>og f\u00e5r smake p\u00e5 de forskjellige whiskyene.<\/li>\n<li>Vi gjentar aldri de samme miniatyrflaskene, noe som sikrer en unik smaksopplevelse hver gang.<\/li>\n<\/ul>\n<\/li>\n<\/ol>\n<p>[\/vc_column_text][\/vc_column][vc_column width=&#8221;1\/2&#8243;][vc_custom_heading text=&#8221;Kan jeg gi bort et whiskyboksabonnement som gave?&#8221; font_container=&#8221;tag:h3|text_align:left&#8221; use_theme_fonts=&#8221;yes&#8221; css=&#8221;&#8221;][vc_column_text css=&#8221;&#8221;]Ja, absolutt! Ta kontakt med oss f\u00f8rst, slik at vi kan s\u00f8rge for at smaksesken blir levert som gave. <\/p>\n<p>Et abonnement fra Whisky Flavour vil garantert bli satt pris p\u00e5 av dine n\u00e6rmeste, venner eller kolleger. Vi tror det er en flott gave til whiskyelskere, og innpakningen er utmerket.[\/vc_column_text][\/vc_column][\/vc_row][vc_row][vc_column width=&#8221;1\/2&#8243;][vc_custom_heading text=&#8221;Hvor mange whiskyminiaturer vil jeg motta?&#8221; font_container=&#8221;tag:h3|text_align:left&#8221; use_theme_fonts=&#8221;yes&#8221; css=&#8221;&#8221;][vc_column_text css=&#8221;&#8221;]I hver <span data-sheets-root=\"1\">whisky-abonnementsboks<\/span> finner du minst 4 originale miniatyrflasker med whisky. Av og til kan du finne mer, avhengig av miniatyrflaskenes verdi.<\/p>\n<p>Noen ganger vil vi bare overraske deg![\/vc_column_text][\/vc_column][vc_column width=&#8221;1\/2&#8243;][vc_custom_heading text=&#8221;Hvordan kan jeg spore bestillingen min?&#8221; font_container=&#8221;tag:h3|text_align:left&#8221; use_theme_fonts=&#8221;yes&#8221; css=&#8221;&#8221;][vc_column_text css=&#8221;&#8221;]Siden alle bestillinger sendes rekommandert, vil du motta en e-post med n\u00f8dvendig informasjon for \u00e5 spore bestillingen din.<\/p>\n<p>Hvis du fortsatt har sp\u00f8rsm\u00e5l, ikke har mottatt e-posten eller ikke vet hvordan du skal g\u00e5 frem, kan du kontakte oss.[\/vc_column_text][\/vc_column][\/vc_row][vc_row][vc_column width=&#8221;1\/2&#8243;][vc_custom_heading text=&#8221;N\u00e5r vil jeg motta whisky-abonnementet mitt?&#8221; font_container=&#8221;tag:h3|text_align:left&#8221; use_theme_fonts=&#8221;yes&#8221; css=&#8221;&#8221;][vc_column_text css=&#8221;&#8221;]Avhengig av hvilket land du bor i, kan det ta fra 5 til 10 virkedager f\u00f8r du mottar whiskyboksabonnementet ditt.<\/p>\n<p>Du m\u00e5 legge inn bestillingen din innen den 24. i hver m\u00e5ned. Alle bestillinger sendes innen den 7. i p\u00e5f\u00f8lgende m\u00e5ned.[\/vc_column_text][\/vc_column][vc_column width=&#8221;1\/2&#8243;][vc_custom_heading text=&#8221;Hvilke fraktmetoder er tilgjengelige, og hvor mye koster frakten?&#8221; font_container=&#8221;tag:h3|text_align:left&#8221; use_theme_fonts=&#8221;yes&#8221; css=&#8221;&#8221;][vc_column_text css=&#8221;&#8221;]Vi sender over hele verden og behandler alltid pakken din med rekommandert post, slik at du kan spore bestillingen din. V\u00e6r oppmerksom p\u00e5 at fraktkostnadene kan variere, s\u00e5 du b\u00f8r sjekke den n\u00f8yaktige fraktkostnaden i kassen. <\/p>\n<p><strong>Viktig<\/strong>: Vi p\u00e5tar oss ikke ansvar dersom ditt land har strenge regler for transaksjoner med mat og alkoholholdige drikkevarer. S\u00f8rg for \u00e5 sjekke reglene i ditt land f\u00f8r du legger inn en bestilling.[\/vc_column_text][\/vc_column][\/vc_row][vc_row][vc_column width=&#8221;1\/2&#8243;][vc_custom_heading text=&#8221;Hva skal jeg gj\u00f8re hvis jeg ikke mottar bestillingen min?&#8221; font_container=&#8221;tag:h3|text_align:left&#8221; use_theme_fonts=&#8221;yes&#8221; css=&#8221;&#8221;][vc_column_text css=&#8221;&#8221;]Hvis du ikke mottar whiskeyboksabonnementet ditt, ber vi deg kontakte oss s\u00e5 snart som mulig. Vi vil verifisere hva som har skjedd og hjelpe deg med \u00e5 l\u00f8se problemet.[\/vc_column_text][\/vc_column][vc_column width=&#8221;1\/2&#8243;][\/vc_column][\/vc_row]<\/p>\n<\/div>","protected":false},"excerpt":{"rendered":"<p>[vc_row][vc_column width=&#8221;1\/2&#8243;][vc_custom_heading text=&#8221;Hvordan fungerer Whisky Flavour-abonnementet?&#8221; font_container=&#8221;tag:h3|text_align:left&#8221; use_theme_fonts=&#8221;yes&#8221; css=&#8221;&#8221;][vc_column_text css=&#8221;&#8221;]Det er superenkelt. Slik gj\u00f8r du det: Velg ditt favorittabonnement p\u00e5&#8230;<\/p>\n","protected":false},"author":1,"featured_media":66457,"parent":0,"menu_order":4,"comment_status":"closed","ping_status":"closed","template":"","meta":{"footnotes":""},"class_list":["post-66456","page","type-page","status-publish","has-post-thumbnail","hentry"],"_links":{"self":[{"href":"https:\/\/www.whiskyflavour.com\/no\/wp-json\/wp\/v2\/pages\/66456","targetHints":{"allow":["GET"]}}],"collection":[{"href":"https:\/\/www.whiskyflavour.com\/no\/wp-json\/wp\/v2\/pages"}],"about":[{"href":"https:\/\/www.whiskyflavour.com\/no\/wp-json\/wp\/v2\/types\/page"}],"author":[{"embeddable":true,"href":"https:\/\/www.whiskyflavour.com\/no\/wp-json\/wp\/v2\/users\/1"}],"replies":[{"embeddable":true,"href":"https:\/\/www.whiskyflavour.com\/no\/wp-json\/wp\/v2\/comments?post=66456"}],"version-history":[{"count":0,"href":"https:\/\/www.whiskyflavour.com\/no\/wp-json\/wp\/v2\/pages\/66456\/revisions"}],"wp:featuredmedia":[{"embeddable":true,"href":"https:\/\/www.whiskyflavour.com\/no\/wp-json\/"}],"wp:attachment":[{"href":"https:\/\/www.whiskyflavour.com\/no\/wp-json\/wp\/v2\/media?parent=66456"}],"curies":[{"name":"wp","href":"https:\/\/api.w.org\/{rel}","templated":true}]}}