{"id":66598,"date":"2016-05-01T21:20:50","date_gmt":"2016-05-01T20:20:50","guid":{"rendered":"https:\/\/www.whiskyflavour.com\/shop\/whisky-abonnement-smaksproveboks\/"},"modified":"2026-01-26T12:53:15","modified_gmt":"2026-01-26T12:53:15","slug":"whisky-subscription-box","status":"publish","type":"product","link":"https:\/\/www.whiskyflavour.com\/no\/shop\/whisky-subscription-box\/","title":{"rendered":"Whisky-abonnementsboks"},"content":{"rendered":"<h2>Whiskysmakingseske fra Whisky Flavour &#8211; 4 miniatyrer fra destillerier over hele verden<\/h2>\n<p>Hvis du \u00f8nsker \u00e5 oppleve verdens beste whiskyer, kan du abonnere p\u00e5 v\u00e5rt Whiskey Tasting Box-abonnement for \u00e5 oppdage eksklusive whiskyer fra verdens mest respekterte destillerier, inkludert skotske, irske, amerikanske og mange andre!<\/p>\n<p>Hos Whisky Flavour har vi laget et rimelig abonnementssystem som kunder fra hele verden har forelsket seg i! Denne abonnementstjenesten for whiskysmaking er perfekt for \u00e5 unne deg selv eller som en gjennomtenkt gave! Hvis du er en whiskykjenner eller en som alltid er ute etter \u00e5 smake p\u00e5 alle typer whisky, underjordiske whiskymerker, nye serier og gamle travere, kan v\u00e5r whiskysmakingsboks passe dine behov og ditt budsjett.  <\/p>\n<p>La oss n\u00e5 snakke om hva du f\u00e5r n\u00e5r du registrerer deg for denne praktiske tjenesten!<\/p>\n<p>&nbsp;<\/p>\n<h2>Bestill den bare \u00e9n gang, eller gj\u00f8r det til et whiskysmaking-abonnement<\/h2>\n<p>Til \u00e5 begynne med vil du f\u00e5 flotte whiskyuttrykk hver m\u00e5ned!<\/p>\n<p>I hver eske vil det v\u00e6re 4 originale whiskyminiaturer. De kan v\u00e6re et totalt mysterium, eller vi kan ha dine preferanser i tankene n\u00e5r vi velger ut whiskyminiaturene som skal leveres til deg. Du trenger bare \u00e5 sende oss en e-post med dine smakspreferanser eller hvilken type whisky du virkelig \u00f8nsker \u00e5 smake p\u00e5.  <\/p>\n<p>Blant v\u00e5re alternativer <strong>kan du velge hvor lenge du vil motta v\u00e5rt whiskysmaking-abonnement<\/strong>:<\/p>\n<ul>\n<li>Bare \u00e9n gang.<\/li>\n<li>En gang i m\u00e5neden i tre m\u00e5neder.<\/li>\n<li>En gang i m\u00e5neden i seks m\u00e5neder.<\/li>\n<li>En gang i m\u00e5neden i et \u00e5r.<\/li>\n<\/ul>\n<p>Det er ikke bare whiskyen som er ekstraordin\u00e6r, esken v\u00e5r er heller ikke hvilken som helst annen eske. Vi har samarbeidet med lokale produsenter og treh\u00e5ndverkere for \u00e5 skape en <strong>moderne og minimalistisk eske i tre.<\/strong> Den er motstandsdyktig slik at den beskytter whiskyminiatyrene dine under levering, og den kan gjenbrukes etterp\u00e5. Husk \u00e5 ta godt vare p\u00e5 den: det er et flott minne som er laget med omhu.   <\/p>\n<p>Denne <strong>whiskysmakingsboksen veier 1,5 kilo<\/strong>, og den vil bli sendt til deg i henhold til dine preferanser.<\/p>\n<p>Vi gir kundene v\u00e5re alle valgmulighetene slik at abonnementet passer til deres behov, ettersom vi vet at alle whiskykjennere er unike.<\/p>\n<p>&nbsp;<\/p>\n<h3>Tips om v\u00e5r whiskysmakingsboks<\/h3>\n<p>Hvis du ikke liker \u00e5 f\u00e5 noen spoilere, kan du hoppe over denne delen! Vi vil ikke avsl\u00f8re alt om whiskysmakingsboksen v\u00e5r, men vi legger igjen noen br\u00f8dsmuler slik at du ikke g\u00e5r glipp av denne muligheten helt. <\/p>\n<ul>\n<li>V\u00e5re whiskyminiatyrer er <strong>originalmerket og 5 cl (1,69 oz) flasker.<\/strong><\/li>\n<li>Vi liker \u00e5 tilby et bredt utvalg av whisky, og det inkluderer <strong>whiskymerker fra ulike deler av verden<\/strong> som g\u00e5r utover de tradisjonelle whiskytypene. Tidligere kunder har for eksempel f\u00e5tt whiskyuttrykk fra merker som Black Whiskey, Langatun og Armorik Whisky. <\/li>\n<li>Vi ser etter whiskyuttrykk som <strong>enten er klassikere eller f\u00f8rsteklasses<\/strong> whiskyer som alle b\u00f8r smake minst \u00e9n gang i livet.<\/li>\n<li>Vi holder oversikt over de tidligere boksene som er sendt til deg, slik at <strong>du ikke f\u00e5r samme whiskyuttrykk to ganger<\/strong> (med mindre du virkelig \u00f8nsker det).<\/li>\n<li><strong>Vi tar imot \u00f8nsker om type whisky, alder p\u00e5 whiskyene og smaker du liker best,<\/strong> slik at vi ikke sender deg whiskyminiaturer som du garantert ikke vil like.<\/li>\n<\/ul>\n<p>&nbsp;<\/p>\n<h3>Whiskysmakingsboks &#8211; Gi den bort i gave!<\/h3>\n<p>Et whiskysmaking-abonnement er en fantastisk gaveid\u00e9 til alle som virkelig liker whisky. Vi sier selvf\u00f8lgelig ikke noe annet, men <strong>vi kan sende whiskysmakingsboksen &#8211; eller boksene &#8211; til den adressen du oppgir<\/strong> ved kj\u00f8pet. Og vi kan ogs\u00e5 legge ved en enkel lapp i pakken for \u00e5 gj\u00f8re den mer personlig.  <\/p>\n<p>Whiskyabonnementet v\u00e5rt kan tilbys b\u00e5de til whiskykjennere og folk som begynner \u00e5 f\u00e5 sansen for denne brennevinen. Fordi <strong>v\u00e5rt utvalg av whiskyminiaturer er helt unikt<\/strong>, kan de f\u00e5 klassiske uttrykk og whisky laget p\u00e5 destillerier fra land som vanligvis ikke forbindes med whisky. <\/p>\n<p>I tillegg til all whiskyen din kj\u00e6re, venn eller kollega vil smake p\u00e5,<strong> er treboksen perfekt til gjenbruk<\/strong> og til \u00e5 oppbevare deres personlige whiskysmakingssett.<\/p>\n<p>Hvis du ikke \u00f8nsker \u00e5 <strong>tegne et abonnement<\/strong>, kan du<strong> bestille bare \u00e9n whiskysmakingsboks<\/strong> som gave til en whiskyelsker!<\/p>\n<p>&nbsp;<\/p>\n<h2>Whiskysmaking Abonnement &#8211; Av whiskyelskere til whiskyelskere<\/h2>\n<p>Whisky Flavour-teamet er opptatt av \u00e5 levere verdens fineste whiskyuttrykk fra merker som det ikke er s\u00e5 lett \u00e5 finne, og vi gj\u00f8r alt vi kan for \u00e5 tilby kundene v\u00e5re et utvalg av whiskyminiaturer som vi tror du vil bli begeistret for.<\/p>\n<p>Vi er stolte av whiskyabonnementstjenesten v\u00e5r og whiskysmakingsboksen v\u00e5r, fordi den gir folk fra alle bakgrunner tilgang til eksepsjonelle whiskyer som de ellers kanskje ikke ville hatt mulighet til \u00e5 smake.<\/p>\n<p>&nbsp;<\/p>\n<h3 style=\"text-align: center;\">Registrer deg n\u00e5 for et abonnement p\u00e5 en Whisky Tasting Box fra Whisky Flavour!<\/h3>\n<p>&nbsp;<\/p>\n<p>&nbsp;<\/p>\n<h2>Vanlige sp\u00f8rsm\u00e5l om v\u00e5r whiskysmakingsboks<\/h2>\n<p>&nbsp;<\/p>\n<h3>Til hvilke land sender dere den? Og n\u00e5r vil jeg motta min Whiskey Tasting Box? <\/h3>\n<p>Vi sender over hele verden! S\u00e5 leveringstiden vil endres i henhold til adressen du har oppgitt. Vi sender fra Portugal, og det tar vanligvis mellom 5 og 10 virkedager \u00e5 komme til deg!  <\/p>\n<p>Vi anbefaler deg \u00e5 legge inn bestillingen f\u00f8r den 24. i hver m\u00e5ned, siden vi sender ut alle bestillinger innen den 7. i p\u00e5f\u00f8lgende m\u00e5ned.<\/p>\n<p>&nbsp;<\/p>\n<h3>Kan jeg spore bestillingen min?<\/h3>\n<p>Ja, det gj\u00f8r vi! Vi sender whiskysmakingsboksen din med rekommandert post, og du vil motta en e-post med den n\u00f8dvendige lenken og koden for \u00e5 f\u00f8lge reisen til whiskyboksen din. <\/p>\n<p>&nbsp;<\/p>\n<p>Har du fortsatt sp\u00f8rsm\u00e5l om v\u00e5rt whiskysmaking-abonnement? Bes\u00f8k v\u00e5r FAQ-side eller send oss en e-post. Vi skal s\u00f8rge for \u00e5 svare deg i god tid.  <\/p>\n","protected":false},"excerpt":{"rendered":"<p>Whiskysmakingseske fra Whisky Flavour &#8211; 4 miniatyrer fra destillerier over hele verden Hvis du \u00f8nsker \u00e5 oppleve verdens beste whiskyer,&#8230;<\/p>\n","protected":false},"featured_media":66180,"comment_status":"open","ping_status":"closed","template":"","meta":[],"product_brand":[],"product_cat":[],"product_tag":[],"class_list":{"0":"post-66598","1":"product","2":"type-product","3":"status-publish","4":"has-post-thumbnail","7":"first","8":"instock","9":"taxable","10":"shipping-taxable","11":"purchasable","12":"product-type-variable-subscription"},"_links":{"self":[{"href":"https:\/\/www.whiskyflavour.com\/no\/wp-json\/wp\/v2\/product\/66598","targetHints":{"allow":["GET"]}}],"collection":[{"href":"https:\/\/www.whiskyflavour.com\/no\/wp-json\/wp\/v2\/product"}],"about":[{"href":"https:\/\/www.whiskyflavour.com\/no\/wp-json\/wp\/v2\/types\/product"}],"replies":[{"embeddable":true,"href":"https:\/\/www.whiskyflavour.com\/no\/wp-json\/wp\/v2\/comments?post=66598"}],"wp:featuredmedia":[{"embeddable":true,"href":"https:\/\/www.whiskyflavour.com\/no\/wp-json\/"}],"wp:attachment":[{"href":"https:\/\/www.whiskyflavour.com\/no\/wp-json\/wp\/v2\/media?parent=66598"}],"wp:term":[{"taxonomy":"product_brand","embeddable":true,"href":"https:\/\/www.whiskyflavour.com\/no\/wp-json\/wp\/v2\/product_brand?post=66598"},{"taxonomy":"product_cat","embeddable":true,"href":"https:\/\/www.whiskyflavour.com\/no\/wp-json\/wp\/v2\/product_cat?post=66598"},{"taxonomy":"product_tag","embeddable":true,"href":"https:\/\/www.whiskyflavour.com\/no\/wp-json\/wp\/v2\/product_tag?post=66598"}],"curies":[{"name":"wp","href":"https:\/\/api.w.org\/{rel}","templated":true}]}}