{"id":66615,"date":"2025-10-14T16:35:20","date_gmt":"2025-10-14T15:35:20","guid":{"rendered":"https:\/\/www.whiskyflavour.com\/shop\/whisky-advent-kalender\/"},"modified":"2026-01-26T12:38:41","modified_gmt":"2026-01-26T12:38:41","slug":"whisky-advent-kalender","status":"publish","type":"product","link":"https:\/\/www.whiskyflavour.com\/no\/shop\/whisky-advent-kalender\/","title":{"rendered":"Whisky-adventskalender"},"content":{"rendered":"<h2>Whiskyadventskalender fra WhiskyFlavour &#8211; 2025-utgaven<\/h2>\n<p>WhiskyFlavour Whisky Advent Calendar vil definitivt bringe mer glede til h\u00f8ytiden din. Husker du ukene f\u00f8r jul, da du telte dagene med en sjokoladeadventskalender? Vi tok en liten sving p\u00e5 Dram Street for \u00e5 lansere en kalender som alle whiskyelskere fortjener \u00e5 ha!  <\/p>\n<p>Hver eneste dag, i hele desember m\u00e5ned, pakker du opp en unik gjenstand&#8230; I beste WhiskyFlavour-stil! Enten du tar av deg esken og finner originale whiskyminiatyrer, et whiskysmakebrett eller en korkunderlegger.  <\/p>\n<p>Selv om det ikke er jul, kan v\u00e5r miniatyr-whiskyadventskalender v\u00e6re den perfekte gaven til en whiskyentusiast, for \u00e5 samle 24 miniatyrer p\u00e5 bare ett kj\u00f8p, eller som en mulighet til \u00e5 smake whisky fra destillerier fra hele verden. Julen er tross alt n\u00e5r man \u00f8nsker at den skal v\u00e6re! <\/p>\n<p>&nbsp;<\/p>\n<h2>I denne adventskalenderen med whiskysmaking<\/h2>\n<p>V\u00e5r whiskyadventskalender er mer enn en nedtelling til jul med miniatyrflasker med whisky. I likhet med tradisjonelle adventskalendere, spesielt de med sjokolade, vil denne whiskysmakingskalenderen gi deg mer glede i h\u00f8ytiden &#8211; eller p\u00e5 andre vanlige dager. <\/p>\n<p>I de tradisjonelle adventskalenderne \u00e5pner man et vindu eller en luke for \u00e5 oppdage en ny godbit, \u00e9n for hver dag frem til julaften i desember. Med v\u00e5r kalender kan du hver dag i 25 dager \u00e5pne en original og merket whiskyminiatyr og en flaske i full st\u00f8rrelse. <\/p>\n<p>Denne whiskyjulekalenderen byr imidlertid p\u00e5 mer enn bare whisky.<\/p>\n<p>&nbsp;<\/p>\n<h3>Hva inneholder denne gledelige whisky-adventskalenderen?<\/h3>\n<p>Selv om det ikke er jul, kommer v\u00e5r whiskyadventskalender med whiskyminiaturer og whiskyrelatert tilbeh\u00f8r av h\u00f8y kvalitet.<\/p>\n<p>Du kan forvente at dette utvalget av unike whiskyuttrykk vil f\u00e5 deg til \u00e5 sprenge whiskygleden hver gang du tar et eksemplar ut av kalenderen.<\/p>\n<p>Her er hva du f\u00e5r med denne adventskalenderen med whisky:<\/p>\n<ul>\n<li><strong>24 originale whiskyminiaturer<\/strong> fra destillerier over hele verden.<\/li>\n<li><strong>1 whiskyflaske i full st\u00f8rrelse,<\/strong> n\u00f8ye utvalgt for \u00e5 gj\u00f8re dagene dine enda bedre.<\/li>\n<li><strong>2 korkunderlegg <\/strong>, for \u00e5 beskytte m\u00f8blene med stil.<\/li>\n<li><strong>1 whiskysmakebrett<\/strong>, som gj\u00f8r det lettere \u00e5 identifisere smaksnotater og aromaer i hver miniatyr.<\/li>\n<\/ul>\n<p><em>*Bildet er kun illustrativt. Det er ikke sikkert at miniatyrwhiskyflaskene p\u00e5 bildet er de samme som vi velger \u00e5 sende. <\/em><\/p>\n<p>&nbsp;<\/p>\n<h3>Verdens whiskey-adventskalender<\/h3>\n<p>I v\u00e5r Whisky-adventskalender kan du finne miniatyrflasker fra destillerier fra hele verden. Vi har n\u00f8ye kuratert utvalget v\u00e5rt fra flere whiskyproduserende land, slik at du f\u00e5r smake p\u00e5 s\u00e5 mange uttrykk som mulig. <\/p>\n<p>Fra velrenommerte destillerier med flere prisbel\u00f8nte uttrykk til uttrykk laget i nye destillerier, og n\u00e5r det gjelder whiskytyper etter verdensregion, kan du motta uttrykk fra Skottland og Irland (selvsagt), USA (representert ved Bourbon og Tennessee), Japan, India, Peru, Frankrike, Tyskland og mange andre!<\/p>\n<p>Alt etter produksjon kan du f\u00e5 rye whisky, single grain, single malt eller blended whisky, trippeldestillert whisky, single barrel, small batch eller ren bourbon. Alle uttrykkene kommer i merkede miniatyrflasker &#8211; med 5 cl (1,69 oz), litt mer enn whiskypr\u00f8ver. <\/p>\n<p>&nbsp;<\/p>\n<h3>Lag en DIY whisky-adventskalender, hvis du vil!<\/h3>\n<p>V\u00e5r whiskykalender leder deg til jul som ingen andre gj\u00f8r. I tillegg til alle de unike whiskyuttrykkene og whiskytilbeh\u00f8ret, kan denne whiskysmakingskalenderen v\u00e6re startskuddet for \u00e5 lage en egen whiskyadventskalender&#8230; Eller i hvert fall halvparten av den! To ting er sikkert: Vi finner 24 miniatyrflasker for deg, og vi sender deg trekonstruksjonen.   <\/p>\n<p><em><strong>P\u00e5 grunn av fraktforholdene kan ikke trekonstruksjonen sendes ferdig montert.<\/strong><\/em>  F\u00f8r du setter sammen strukturen, kan du planlegge hvordan du vil gj\u00f8re den til en DIY Whiskey adventskalender. Hele strukturen er laget av tre, som er et fantastisk materiale \u00e5 male eller decoupere (en teknikk for \u00e5 lime papir p\u00e5 et treverk og f\u00e5 det til \u00e5 se naturlig ut). <\/p>\n<p>Du kan ogs\u00e5 gravere inn tallene for \u00e5 angi adventsdagene eller bare legge dem til med klistremerker, tagger eller skrapelapper.<\/p>\n<p><em>*Til tross for at vi gir disse ideene til en DIY whisky adventskalender, har vi ikke noe ansvar for skader som er gjort p\u00e5 Whiskey Advent Calendar etter levering.<\/em><\/p>\n<p>&nbsp;<\/p>\n<h4>Dette er mer enn en whiskyadventskalender, det er en uts\u00f8kt opplevelse til h\u00f8ytiden &#8211; eller en hvilken som helst annen vanlig dag!<\/h4>\n","protected":false},"excerpt":{"rendered":"<p>Whiskyadventskalender fra WhiskyFlavour &#8211; 2025-utgaven WhiskyFlavour Whisky Advent Calendar vil definitivt bringe mer glede til h\u00f8ytiden din. Husker du ukene&#8230;<\/p>\n","protected":false},"featured_media":66627,"comment_status":"open","ping_status":"closed","template":"","meta":[],"product_brand":[],"product_cat":[],"product_tag":[],"class_list":{"0":"post-66615","1":"product","2":"type-product","3":"status-publish","4":"has-post-thumbnail","7":"first","8":"instock","9":"taxable","10":"shipping-taxable","11":"purchasable","12":"product-type-simple"},"_links":{"self":[{"href":"https:\/\/www.whiskyflavour.com\/no\/wp-json\/wp\/v2\/product\/66615","targetHints":{"allow":["GET"]}}],"collection":[{"href":"https:\/\/www.whiskyflavour.com\/no\/wp-json\/wp\/v2\/product"}],"about":[{"href":"https:\/\/www.whiskyflavour.com\/no\/wp-json\/wp\/v2\/types\/product"}],"replies":[{"embeddable":true,"href":"https:\/\/www.whiskyflavour.com\/no\/wp-json\/wp\/v2\/comments?post=66615"}],"wp:featuredmedia":[{"embeddable":true,"href":"https:\/\/www.whiskyflavour.com\/no\/wp-json\/"}],"wp:attachment":[{"href":"https:\/\/www.whiskyflavour.com\/no\/wp-json\/wp\/v2\/media?parent=66615"}],"wp:term":[{"taxonomy":"product_brand","embeddable":true,"href":"https:\/\/www.whiskyflavour.com\/no\/wp-json\/wp\/v2\/product_brand?post=66615"},{"taxonomy":"product_cat","embeddable":true,"href":"https:\/\/www.whiskyflavour.com\/no\/wp-json\/wp\/v2\/product_cat?post=66615"},{"taxonomy":"product_tag","embeddable":true,"href":"https:\/\/www.whiskyflavour.com\/no\/wp-json\/wp\/v2\/product_tag?post=66615"}],"curies":[{"name":"wp","href":"https:\/\/api.w.org\/{rel}","templated":true}]}}