{"id":25456,"date":"2016-05-09T08:50:44","date_gmt":"2016-05-09T07:50:44","guid":{"rendered":"https:\/\/www.whiskyflavour.com\/zasady-i-warunki\/"},"modified":"2025-08-11T14:34:47","modified_gmt":"2025-08-11T13:34:47","slug":"zasady-i-warunki","status":"publish","type":"page","link":"https:\/\/www.whiskyflavour.com\/pl\/zasady-i-warunki\/","title":{"rendered":"Zasady i warunki"},"content":{"rendered":"<div class=\"wpb-content-wrapper\"><p>[vc_row][vc_column][vc_column_text css=&#8221;&#8221;]Zakup produkt\u00f3w w sklepie internetowym Whiskyflavour podlega nast\u0119puj\u0105cym warunkom:<\/p>\n<h2>Obiekt<\/h2>\n<ol>\n<li>Niniejszy &#8220;Regulamin&#8221; ma na celu uregulowanie zasad i warunk\u00f3w \u015bwiadczenia us\u0142ug w Sklepie Internetowym Whiskyflavour.<\/li>\n<li>Zakup jakiegokolwiek produktu w Sklepie Internetowym Whiskyflavour oznacza akceptacj\u0119 niniejszych Og\u00f3lnych Warunk\u00f3w Sprzeda\u017cy Online.<\/li>\n<li>Dokonuj\u0105c zakupu w Sklepie Internetowym Whiskyflavour U\u017cytkownik o\u015bwiadcza, \u017ce uko\u0144czy\u0142 18 lat i nie posiada \u017cadnych przeszk\u00f3d ani ogranicze\u0144 prawnych uniemo\u017cliwiaj\u0105cych mu zakup napoj\u00f3w alkoholowych.<\/li>\n<li>W przypadku u\u017cytkownik\u00f3w zamieszka\u0142ych poza terytorium kraju, napoje alkoholowe dost\u0119pne w sprzeda\u017cy mog\u0105 by\u0107 nabywane wy\u0142\u0105cznie przez osoby pe\u0142noletnie w kraju zamieszkania.<\/li>\n<\/ol>\n<h2>Informacje o produkcie, cenie i zawarto\u015bci<\/h2>\n<ol>\n<li>Whiskyflavour zastrzega sobie prawo do zmiany, bez uprzedzenia i w dowolnym czasie, przedstawionych informacji i oferty handlowej dotycz\u0105cej produkt\u00f3w, cen, promocji, warunk\u00f3w handlowych i us\u0142ug.<\/li>\n<li>Produkty sprzedawane w Sklepie Internetowym s\u0105 dost\u0119pne w zale\u017cno\u015bci od stanu magazynowego, a zam\u00f3wienia b\u0119d\u0105 realizowane wed\u0142ug kolejno\u015bci zg\u0142osze\u0144. W przypadku tymczasowego lub sta\u0142ego braku w magazynie, klient zostanie nale\u017cycie poinformowany i zostanie mu zaproponowana alternatywa w postaci produkt\u00f3w o podobnych w\u0142a\u015bciwo\u015bciach.<\/li>\n<li>Ceny produkt\u00f3w podane s\u0105 w euro (\u20ac) i nie zawieraj\u0105 podatku VAT wed\u0142ug obowi\u0105zuj\u0105cej stawki ustawowej, jak r\u00f3wnie\u017c koszt\u00f3w opakowania.<\/li>\n<li>Koszt transportu dla klienta jest wy\u0142\u0105czony z ceny, o kt\u00f3rej mowa w poprzednim numerze.<\/li>\n<li>Whiskyflavour nie ponosi odpowiedzialno\u015bci za uiszczenie op\u0142at celnych, kt\u00f3re mog\u0105 istnie\u0107 w kraju przeznaczenia, za co wy\u0142\u0105czn\u0105 odpowiedzialno\u015b\u0107 ponosi klient.<\/li>\n<li>Zdj\u0119cia ilustruj\u0105ce produkty w sklepie internetowym Whiskyflavour mog\u0105 r\u00f3\u017cni\u0107 si\u0119 od dostarczonego produktu.<\/li>\n<\/ol>\n<h2>Zam\u00f3wienie i p\u0142atno\u015b\u0107<\/h2>\n<ol>\n<li>Aby dokona\u0107 zakupu w sklepie internetowym Whiskyflavour, klient musi zarejestrowa\u0107 si\u0119 jako u\u017cytkownik. Po rejestracji u\u017cytkownik b\u0119dzie m\u00f3g\u0142 z\u0142o\u017cy\u0107 zam\u00f3wienie, wybieraj\u0105c \u017c\u0105dane produkty i post\u0119puj\u0105c zgodnie z opisanymi tam krokami, aby zam\u00f3wienie zosta\u0142o pomy\u015blnie zrealizowane. <\/li>\n<li>Po potwierdzeniu zam\u00f3wienia w Sklepie Internetowym Whiskyflavour, na adres kontaktowy zarejestrowany przez klienta w momencie formalizacji zostanie wys\u0142ana wiadomo\u015b\u0107 e-mail zawieraj\u0105ca wszystkie szczeg\u00f3\u0142y dotycz\u0105ce dostawy, rozlicze\u0144 i informacji o p\u0142atno\u015bci. Je\u015bli klient nie otrzyma wiadomo\u015bci e-mail z potwierdzeniem zam\u00f3wienia, proszony jest o kontakt z Whiskyflavour, dzwoni\u0105c pod numer +351 963 112 299 lub wysy\u0142aj\u0105c wiadomo\u015b\u0107 e-mail na adres info@whiskyflavour.com. Wa\u017cne jest, aby klient wcze\u015bniej sprawdzi\u0142 &#8220;Spam&#8221;.<\/li>\n<li>Zam\u00f3wienia b\u0119d\u0105 wysy\u0142ane wy\u0142\u0105cznie po potwierdzeniu stanu magazynowego i p\u0142atno\u015bci i b\u0119d\u0105 realizowane na zasadzie &#8220;kto pierwszy, ten lepszy&#8221;.<\/li>\n<li>Je\u015bli zam\u00f3wienie nie mo\u017ce zosta\u0107 zrealizowane w cz\u0119\u015bci lub w ca\u0142o\u015bci, klient zostanie o tym poinformowany przez Whiskyflavour.<\/li>\n<li>Po otrzymaniu danych zam\u00f3wienia u\u017cytkownik ma 2 dni robocze na dokonanie p\u0142atno\u015bci. Je\u015bli p\u0142atno\u015b\u0107 nie zostanie dokonana w wy\u017cej wymienionym terminie, zam\u00f3wienie zostanie automatycznie anulowane i uznane za nieskuteczne.<\/li>\n<li>P\u0142atno\u015bci nale\u017cy dokona\u0107 kart\u0105 kredytow\u0105 lub przez PayPal.<\/li>\n<li>P\u0142atno\u015bci otrzymywane s\u0105 w euro (\u20ac), niezale\u017cnie od waluty, w kt\u00f3rej dokonywana jest transakcja. Klient ponosi koszty przewalutowania p\u0142atno\u015bci dokonywanych w innych walutach.<\/li>\n<\/ol>\n<h2>Koszty wysy\u0142ki<\/h2>\n<ol>\n<li>Koszt wysy\u0142ki jest obliczany na podstawie wagi produkt\u00f3w, miejsca docelowego i ca\u0142kowitej warto\u015bci zam\u00f3wienia.<\/li>\n<li>Koszt wysy\u0142ki jest wskazany w &#8220;koszyku&#8221; przed ostatecznym zatwierdzeniem zam\u00f3wienia.<\/li>\n<\/ol>\n<h2>Dostawa<\/h2>\n<ol>\n<li>Zam\u00f3wienia zostan\u0105 wys\u0142ane dopiero po potwierdzeniu stanu magazynowego i p\u0142atno\u015bci.<\/li>\n<li>Czas dostawy produkt\u00f3w waha si\u0119 od 1-2 dni roboczych dla Europy do 3-5 dni roboczych dla reszty \u015bwiata.<\/li>\n<li>Produkty b\u0119d\u0105 wysy\u0142ane za po\u015brednictwem DHL Express do Europy i CTT Expresso do reszty \u015bwiata.<\/li>\n<li>Dostawa zam\u00f3wie\u0144 b\u0119dzie realizowana na adres wskazany przez klienta i zgodnie z czasem dostawy CTT Expresso lub DHL Express. Dostawa do domu nie mo\u017ce by\u0107 realizowana do skrytek pocztowych. <\/li>\n<li>Ewentualne op\u00f3\u017anienia w dostawie nie mog\u0105 by\u0107 rozwi\u0105zywane przez Whiskyflavour i w takich przypadkach nie jest mo\u017cliwe zagwarantowanie dok\u0142adnych czas\u00f3w dostawy, poniewa\u017c s\u0105 one wysy\u0142ane za po\u015brednictwem CTT Expresso i DHL Express i zale\u017c\u0105 od ich dzia\u0142ania i harmonogram\u00f3w.<\/li>\n<li>Termin ten mo\u017ce r\u00f3wnie\u017c r\u00f3\u017cni\u0107 si\u0119 w zale\u017cno\u015bci od kraju docelowego i odpowiednich przepis\u00f3w.<\/li>\n<li>Je\u015bli po dostawie klient stwierdzi, \u017ce kt\u00f3rykolwiek z artyku\u0142\u00f3w jest niezgodny z zam\u00f3wieniem, proszony jest o niezw\u0142oczny kontakt z Whiskyflavour za po\u015brednictwem poczty elektronicznej info@whiskyflavour.com, podaj\u0105c numer zam\u00f3wienia lub numer dokumentu towarzysz\u0105cego zam\u00f3wieniu, za\u0142\u0105czaj\u0105c zdj\u0119cia otrzymanego opakowania i wszystkich artyku\u0142\u00f3w, aby sytuacja mog\u0142a zosta\u0107 rozwi\u0105zana tak szybko, jak to mo\u017cliwe.<\/li>\n<\/ol>\n<h2>Polityka zwrot\u00f3w<\/h2>\n<ol>\n<li>Sklep internetowy Whiskyflavour nie przyjmuje zwrot\u00f3w zakupionych produkt\u00f3w, ze wzgl\u0119du na ich charakter.<\/li>\n<li>Przyjmowane s\u0105 wy\u0142\u0105cznie zwroty produkt\u00f3w, kt\u00f3rych przesy\u0142ka by\u0142a nieprawid\u0142owa, za co odpowiada Whiskyflavour, podobnie jak za koszty wysy\u0142ki i odbioru, gdy klient zg\u0142osi tak\u0105 sytuacj\u0119 w ci\u0105gu 5 (pi\u0119ciu) dni od daty otrzymania produktu. Po otrzymaniu produktu przez Whiskyflavour i odpowiednim zweryfikowaniu jego statusu, w\u0142a\u015bciwy produkt zostanie wys\u0142any.<\/li>\n<\/ol>\n<h2>Roszczenia<\/h2>\n<p>Whiskyflavour nie ponosi odpowiedzialno\u015bci za braki wynikaj\u0105ce z niew\u0142a\u015bciwego u\u017cytkowania, zaniedbania i z\u0142ych warunk\u00f3w przechowywania przez Klienta.<\/p>\n<h2>Zmiana &#8220;Warunk\u00f3w i postanowie\u0144&#8221;<\/h2>\n<p>Niniejsze Og\u00f3lne Warunki zawarte w &#8220;Regulaminie&#8221; sprzeda\u017cy internetowej mog\u0105 zosta\u0107 zmienione przez Whiskyflavour bez wcze\u015bniejszego powiadomienia, w zwi\u0105zku z czym nale\u017cy si\u0119 z nimi zapozna\u0107 przed z\u0142o\u017ceniem jakiegokolwiek zam\u00f3wienia.<\/p>\n<h2>Polityka ochrony danych<\/h2>\n<p>Klient musi wyra\u017anie o\u015bwiadczy\u0107, \u017ce zezwala na gromadzenie lub aktualizacj\u0119 swoich danych kontaktowych w celu ich integracji w plikach Whiskyflavour do cel\u00f3w zarz\u0105dzania klientami, relacji handlowych, a tak\u017ce wysy\u0142ania produkt\u00f3w i reklam dotycz\u0105cych produkt\u00f3w i us\u0142ug zgodnie z warunkami obowi\u0105zuj\u0105cego &#8220;RODO&#8221;, poprzez zautomatyzowane przetwarzanie i definiowanie profilu, za po\u015brednictwem wszystkich dost\u0119pnych kana\u0142\u00f3w komunikacji, w tym \u015brodk\u00f3w elektronicznych.<\/p>\n<p>Wyra\u017anej zgody nale\u017cy udzieli\u0107 podczas rejestracji w Sklepie Internetowym, korzystaj\u0105c ze wskazanej tam w tym celu opcji.<br \/>\nZebrane dane kontaktowe b\u0119d\u0105 przechowywane tak d\u0142ugo, jak d\u0142ugo weryfikowany b\u0119dzie cel, dla kt\u00f3rego udzielono zgody, lub do momentu skorzystania z prawa do sprzeciwu, sprostowania i usuni\u0119cia tych danych.<\/p>\n<p>Osoba, kt\u00f3rej dane dotycz\u0105, ma prawo do bezp\u0142atnego dost\u0119pu do zachowanych danych, a tak\u017ce do \u017c\u0105dania ich ograniczenia, sprostowania, sprzeciwu lub usuni\u0119cia, gdy mi\u0119dzy innymi dane kontaktowe s\u0105 niedok\u0142adne lub nie s\u0105 ju\u017c potrzebne do celu, dla kt\u00f3rego zosta\u0142y zebrane.<\/p>\n<p>Posiadacz ma r\u00f3wnie\u017c prawo do wycofania swojej zgody w dowolnym momencie, bez uszczerbku dla zgodno\u015bci z prawem leczenia przeprowadzonego na podstawie uprzednio udzielonej zgody.<\/p>\n<p>Korzystaj\u0105c z niekt\u00f3rych z powy\u017cszych praw, zastrzegamy sobie prawo do przechowywania danych wy\u0142\u0105cznie w celu zadeklarowania, wykonania lub obrony prawa b\u0119d\u0105cego przedmiotem sporu.<\/p>\n<p>Aby skorzysta\u0107 z tych praw lub innych dodatkowych pyta\u0144 dotycz\u0105cych ochrony danych, mo\u017cesz skontaktowa\u0107 si\u0119 z Whiskyflavour na pi\u015bmie za po\u015brednictwem poczty elektronicznej info@whiskyflavour.com i musisz uwierzytelni\u0107 i udowodni\u0107 to\u017csamo\u015b\u0107 osoby, kt\u00f3rej dane dotycz\u0105.<\/p>\n<p>Whiskyflavour nie przekazuje zebranych danych kontaktowych osobom trzecim. Je\u015bli istnieje uzasadniony pow\u00f3d przekazania danych, klient zostanie o tym uprzednio poinformowany, a to\u017csamo\u015b\u0107 odbiorc\u00f3w i cel przetwarzania przekazanych danych zostan\u0105 im ujawnione.<\/p>\n<p>Przekazanie nast\u0119puje tylko wtedy, gdy strony trzecie przedstawi\u0105 wystarczaj\u0105ce gwarancje wykonania odpowiednich \u015brodk\u00f3w technicznych i organizacyjnych, tak aby przetwarzanie spe\u0142nia\u0142o wymogi i obowi\u0105zki wynikaj\u0105ce z obowi\u0105zuj\u0105cych przepis\u00f3w o ochronie danych i zapewnia\u0142o obron\u0119 praw osoby, kt\u00f3rej dane dotycz\u0105.<\/p>\n<h2>Deklaracja odpowiedzialno\u015bci<\/h2>\n<p>Whiskyflavour wyra\u017anie o\u015bwiadcza i gwarantuje, \u017ce:<\/p>\n<ul>\n<li>B\u0119dzie odpowiednio post\u0119powa\u0107 z danymi osobowymi, kt\u00f3re zbiera od swoich klient\u00f3w w kontek\u015bcie \u015bwiadczenia us\u0142ugi Sklepu internetowego;<\/li>\n<li>Dane osobowe b\u0119d\u0105 traktowane w spos\u00f3b zgodny z prawem i poufny, lojalny, przejrzysty i w spos\u00f3b gwarantuj\u0105cy ich bezpiecze\u0144stwo, a mianowicie poprzez zmuszenie si\u0119 do ochrony takich danych osobowych;<\/li>\n<li>Jest w stanie zapewni\u0107 wszelkie odpowiednie \u015brodki techniczne i organizacyjne, aby przetwarzanie danych osobowych spe\u0142nia\u0142o wymogi obowi\u0105zuj\u0105cego prawa krajowego, Rozporz\u0105dzenia Parlamentu Europejskiego i Rady (UE) 2016\/679 z dnia 27.04.2016 r. (&#8220;RODO&#8221;), kt\u00f3re obowi\u0105zuje.<\/li>\n<li>Dane osobowe s\u0105 przeznaczone wy\u0142\u0105cznie do realizacji zam\u00f3wie\u0144 sk\u0142adanych w Sklepie Internetowym, przy czym zbierane s\u0105 wy\u0142\u0105cznie dane niezb\u0119dne, adekwatne, stosowne i ograniczone do tego celu;<br \/>\noraz. Twoje dane osobowe b\u0119d\u0105 dok\u0142adne i aktualne;<\/li>\n<li>U\u017cytkownik nie b\u0119dzie wykorzystywa\u0142 danych osobowych, do kt\u00f3rych ma dost\u0119p, do cel\u00f3w innych ni\u017c okre\u015blone w niniejszych &#8220;Warunkach&#8221;;<\/li>\n<li>Na \u017c\u0105danie klienta niezw\u0142ocznie i skutecznie usunie wspomniane dane osobowe.<\/li>\n<\/ul>\n<p>Niniejsza polityka obowi\u0105zuje od <strong>maja<\/strong> <strong>2020 r.<\/strong>[\/vc_column_text][\/vc_column][\/vc_row]<\/p>\n<\/div>","protected":false},"excerpt":{"rendered":"<p>[vc_row][vc_column][vc_column_text css=&#8221;&#8221;]Zakup produkt\u00f3w w sklepie internetowym Whiskyflavour podlega nast\u0119puj\u0105cym warunkom: Obiekt Niniejszy &#8220;Regulamin&#8221; ma na celu uregulowanie zasad i warunk\u00f3w&#8230;<\/p>\n","protected":false},"author":1,"featured_media":0,"parent":0,"menu_order":7,"comment_status":"closed","ping_status":"closed","template":"","meta":{"footnotes":""},"class_list":["post-25456","page","type-page","status-publish","hentry"],"_links":{"self":[{"href":"https:\/\/www.whiskyflavour.com\/pl\/wp-json\/wp\/v2\/pages\/25456","targetHints":{"allow":["GET"]}}],"collection":[{"href":"https:\/\/www.whiskyflavour.com\/pl\/wp-json\/wp\/v2\/pages"}],"about":[{"href":"https:\/\/www.whiskyflavour.com\/pl\/wp-json\/wp\/v2\/types\/page"}],"author":[{"embeddable":true,"href":"https:\/\/www.whiskyflavour.com\/pl\/wp-json\/wp\/v2\/users\/1"}],"replies":[{"embeddable":true,"href":"https:\/\/www.whiskyflavour.com\/pl\/wp-json\/wp\/v2\/comments?post=25456"}],"version-history":[{"count":0,"href":"https:\/\/www.whiskyflavour.com\/pl\/wp-json\/wp\/v2\/pages\/25456\/revisions"}],"wp:attachment":[{"href":"https:\/\/www.whiskyflavour.com\/pl\/wp-json\/wp\/v2\/media?parent=25456"}],"curies":[{"name":"wp","href":"https:\/\/api.w.org\/{rel}","templated":true}]}}