{"id":25480,"date":"2016-05-09T08:50:25","date_gmt":"2016-05-09T07:50:25","guid":{"rendered":"https:\/\/www.whiskyflavour.com\/polityka-prywatnosci-oraz-polityka-plikow-cookie\/"},"modified":"2026-01-26T11:01:31","modified_gmt":"2026-01-26T11:01:31","slug":"privacy-policy","status":"publish","type":"page","link":"https:\/\/www.whiskyflavour.com\/pl\/privacy-policy\/","title":{"rendered":"Polityka prywatno\u015bci"},"content":{"rendered":"<div class=\"wpb-content-wrapper\"><p>[vc_row][vc_column][vc_column_text css=&#8221;&#8221;]<\/p>\n<h2>Polityka prywatno\u015bci<\/h2>\n<p>Twoja prywatno\u015b\u0107 jest dla nas wa\u017cna. Polityk\u0105 <strong>Whiskyflavour<\/strong> jest poszanowanie prywatno\u015bci u\u017cytkownika w odniesieniu do wszelkich informacji, kt\u00f3re mo\u017cemy gromadzi\u0107 od u\u017cytkownika za po\u015brednictwem naszej witryny internetowej <a href=\"https:\/\/www.whiskyflavour.com\/pl\/\">whiskyflavour.com<\/a> oraz innych witryn, kt\u00f3rych jeste\u015bmy w\u0142a\u015bcicielem i kt\u00f3re obs\u0142ugujemy. <\/p>\n<p>Prosimy o podanie danych osobowych tylko wtedy, gdy naprawd\u0119 potrzebujemy ich do \u015bwiadczenia us\u0142ug na Twoj\u0105 rzecz. Gromadzimy je za pomoc\u0105 uczciwych i zgodnych z prawem \u015brodk\u00f3w, za Twoj\u0105 wiedz\u0105 i zgod\u0105. Informujemy r\u00f3wnie\u017c, dlaczego gromadzimy dane i w jaki spos\u00f3b b\u0119d\u0105 one wykorzystywane.  <\/p>\n<p>Przechowujemy zebrane informacje tylko tak d\u0142ugo, jak jest to konieczne do zapewnienia Ci \u017c\u0105danej us\u0142ugi. Przechowywane przez nas dane b\u0119dziemy chroni\u0107 za pomoc\u0105 komercyjnie akceptowalnych \u015brodk\u00f3w, aby zapobiec ich utracie i kradzie\u017cy, a tak\u017ce nieautoryzowanemu dost\u0119powi, ujawnieniu, kopiowaniu, wykorzystaniu lub modyfikacji. <\/p>\n<p>Nie udost\u0119pniamy \u017cadnych danych osobowych publicznie ani stronom trzecim, chyba \u017ce jest to wymagane przez prawo.<\/p>\n<p>Nasza strona internetowa mo\u017ce zawiera\u0107 \u0142\u0105cza do stron zewn\u0119trznych, kt\u00f3re nie s\u0105 przez nas obs\u0142ugiwane. Pami\u0119taj, \u017ce nie mamy kontroli nad tre\u015bci\u0105 i praktykami tych witryn i nie mo\u017cemy przyj\u0105\u0107 odpowiedzialno\u015bci za ich polityk\u0119 prywatno\u015bci. <\/p>\n<p>Mo\u017cesz odrzuci\u0107 nasz\u0105 pro\u015bb\u0119 o podanie Twoich danych osobowych, maj\u0105c \u015bwiadomo\u015b\u0107, \u017ce mo\u017cemy nie by\u0107 w stanie zapewni\u0107 Ci niekt\u00f3rych po\u017c\u0105danych przez Ciebie us\u0142ug.<\/p>\n<p>Dalsze korzystanie z naszej strony internetowej b\u0119dzie traktowane jako akceptacja naszych praktyk dotycz\u0105cych prywatno\u015bci i danych osobowych. Je\u015bli masz jakiekolwiek pytania dotycz\u0105ce sposobu, w jaki post\u0119pujemy z danymi u\u017cytkownik\u00f3w i danymi osobowymi, skontaktuj si\u0119 z nami. <\/p>\n<h2><strong>Polityka plik\u00f3w cookie<\/strong> dla <strong>Whiskyflavour<\/strong><\/h2>\n<p>To jest polityka plik\u00f3w cookie dla <strong>Whiskyflavour<\/strong>, dost\u0119pna pod adresem URL.<\/p>\n<h3>Czym s\u0105 pliki cookie?<\/h3>\n<p>Podobnie jak w przypadku prawie wszystkich profesjonalnych witryn internetowych, niniejsza witryna wykorzystuje pliki cookie, kt\u00f3re s\u0105 ma\u0142ymi plikami pobieranymi na komputer u\u017cytkownika w celu poprawy komfortu korzystania z witryny. Na tej stronie opisano, jakie informacje gromadz\u0105, w jaki spos\u00f3b je wykorzystujemy i dlaczego czasami musimy przechowywa\u0107 te pliki cookie. Udost\u0119pnimy r\u00f3wnie\u017c spos\u00f3b, w jaki mo\u017cna zapobiec przechowywaniu tych plik\u00f3w cookie; mo\u017ce to jednak obni\u017cy\u0107 lub &#8220;zepsu\u0107&#8221; niekt\u00f3re elementy funkcjonalno\u015bci witryny.  <\/p>\n<h3>Jak wykorzystujemy pliki cookie<\/h3>\n<p>U\u017cywamy plik\u00f3w cookie z r\u00f3\u017cnych powod\u00f3w opisanych poni\u017cej. Niestety, w wi\u0119kszo\u015bci przypadk\u00f3w nie ma standardowych opcji wy\u0142\u0105czenia plik\u00f3w cookie bez ca\u0142kowitego wy\u0142\u0105czenia funkcjonalno\u015bci i funkcji, kt\u00f3re dodaj\u0105 do tej witryny. Zaleca si\u0119 pozostawienie wszystkich plik\u00f3w cookie, je\u015bli nie masz pewno\u015bci, czy ich potrzebujesz, czy nie, w przypadku, gdy s\u0105 one u\u017cywane do \u015bwiadczenia us\u0142ug, z kt\u00f3rych korzystasz.  <\/p>\n<h3>Wy\u0142\u0105czanie plik\u00f3w cookie<\/h3>\n<p>U\u017cytkownik mo\u017ce zapobiec ustawianiu plik\u00f3w cookie, dostosowuj\u0105c ustawienia przegl\u0105darki (aby dowiedzie\u0107 si\u0119, jak to zrobi\u0107, zapoznaj si\u0119 z pomoc\u0105 przegl\u0105darki). Nale\u017cy pami\u0119ta\u0107, \u017ce wy\u0142\u0105czenie plik\u00f3w cookie wp\u0142ynie na funkcjonalno\u015b\u0107 tej i wielu innych odwiedzanych witryn internetowych. Wy\u0142\u0105czenie plik\u00f3w cookie zwykle powoduje r\u00f3wnie\u017c wy\u0142\u0105czenie niekt\u00f3rych funkcji i funkcji tej witryny. Dlatego zaleca si\u0119, aby nie wy\u0142\u0105cza\u0107 plik\u00f3w cookie.   <\/p>\n<h3>Ustawiane przez nas pliki cookie<\/h3>\n<ul>\n<li>Pliki cookie zwi\u0105zane z kontem<\/li>\n<\/ul>\n<p>Je\u015bli u\u017cytkownik utworzy u nas konto, b\u0119dziemy u\u017cywa\u0107 plik\u00f3w cookie do zarz\u0105dzania procesem rejestracji i og\u00f3ln\u0105 administracj\u0105. Te pliki cookie s\u0105 zazwyczaj usuwane po wylogowaniu u\u017cytkownika, jednak w niekt\u00f3rych przypadkach mog\u0105 pozosta\u0107 w celu zapami\u0119tania preferencji u\u017cytkownika na stronie po wylogowaniu. <\/p>\n<ul>\n<li>Pliki cookie zwi\u0105zane z logowaniem<\/li>\n<\/ul>\n<p>U\u017cywamy plik\u00f3w cookie, gdy jeste\u015b zalogowany, aby\u015bmy mogli zapami\u0119ta\u0107 ten fakt. Dzi\u0119ki temu nie musisz logowa\u0107 si\u0119 za ka\u017cdym razem, gdy odwiedzasz now\u0105 stron\u0119. Te pliki cookie s\u0105 zazwyczaj usuwane lub czyszczone po wylogowaniu, aby zapewni\u0107, \u017ce dost\u0119p do zastrze\u017conych funkcji i obszar\u00f3w mo\u017cna uzyska\u0107 tylko po zalogowaniu.  <\/p>\n<ul>\n<li>Pliki cookie zwi\u0105zane z biuletynami e-mail<\/li>\n<\/ul>\n<p>Ta witryna oferuje us\u0142ugi subskrypcji biuletynu lub wiadomo\u015bci e-mail, a pliki cookie mog\u0105 by\u0107 u\u017cywane do zapami\u0119tywania, czy u\u017cytkownik jest ju\u017c zarejestrowany i czy wy\u015bwietla\u0107 okre\u015blone powiadomienia, kt\u00f3re mog\u0105 by\u0107 wa\u017cne tylko dla subskrybowanych\/nie subskrybowanych u\u017cytkownik\u00f3w.<\/p>\n<ul>\n<li>Pliki cookie zwi\u0105zane z przetwarzaniem zam\u00f3wie\u0144<\/li>\n<\/ul>\n<p>Ta witryna oferuje funkcje handlu elektronicznego lub p\u0142atno\u015bci, a niekt\u00f3re pliki cookie s\u0105 niezb\u0119dne do zapewnienia, \u017ce zam\u00f3wienie jest zapami\u0119tywane mi\u0119dzy stronami, aby\u015bmy mogli je prawid\u0142owo przetworzy\u0107.<\/p>\n<ul>\n<li>Pliki cookie zwi\u0105zane z ankietami<\/li>\n<\/ul>\n<p>Od czasu do czasu oferujemy ankiety i kwestionariusze dla u\u017cytkownik\u00f3w, aby zapewni\u0107 interesuj\u0105ce spostrze\u017cenia, pomocne narz\u0119dzia lub dok\u0142adniej zrozumie\u0107 nasz\u0105 baz\u0119 u\u017cytkownik\u00f3w. Ankiety te mog\u0105 wykorzystywa\u0107 pliki cookie, aby zapami\u0119ta\u0107, kto ju\u017c wzi\u0105\u0142 udzia\u0142 w ankiecie lub aby zapewni\u0107 Ci dok\u0142adne wyniki po zmianie strony. <\/p>\n<ul>\n<li>Pliki cookie zwi\u0105zane z formularzami<\/li>\n<\/ul>\n<p>Gdy u\u017cytkownik przesy\u0142a dane za po\u015brednictwem formularza, takiego jak te znajduj\u0105ce si\u0119 na stronach kontaktowych lub formularzach komentarzy, pliki cookie mog\u0105 zosta\u0107 ustawione w celu zapami\u0119tania danych u\u017cytkownika na potrzeby przysz\u0142ej korespondencji.<\/p>\n<ul>\n<li>Pliki cookie preferencji witryny<\/li>\n<\/ul>\n<p>Aby zapewni\u0107 u\u017cytkownikom jak najlepsze wra\u017cenia z korzystania z tej witryny, udost\u0119pniamy funkcj\u0119 ustawiania preferencji dotycz\u0105cych sposobu jej dzia\u0142ania podczas korzystania z niej. Aby zapami\u0119ta\u0107 preferencje u\u017cytkownika, musimy ustawi\u0107 pliki cookie, aby informacje te mog\u0142y by\u0107 wywo\u0142ywane za ka\u017cdym razem, gdy u\u017cytkownik wchodzi w interakcj\u0119 ze stron\u0105, na kt\u00f3r\u0105 maj\u0105 wp\u0142yw jego preferencje. <\/p>\n<h3>Pliki cookie stron trzecich<\/h3>\n<p>W niekt\u00f3rych szczeg\u00f3lnych przypadkach korzystamy r\u00f3wnie\u017c z plik\u00f3w cookie dostarczanych przez zaufane strony trzecie. Poni\u017csza sekcja zawiera szczeg\u00f3\u0142owe informacje na temat plik\u00f3w cookie stron trzecich, kt\u00f3re mo\u017cna napotka\u0107 za po\u015brednictwem tej witryny. <\/p>\n<ul>\n<li>Ta witryna korzysta z Google Analytics, kt\u00f3re jest jednym z najbardziej rozpowszechnionych i zaufanych rozwi\u0105za\u0144 analitycznych w Internecie, pomagaj\u0105cym nam zrozumie\u0107, w jaki spos\u00f3b korzystasz z witryny i w jaki spos\u00f3b mo\u017cemy poprawi\u0107 Twoje wra\u017cenia. Te pliki cookie mog\u0105 \u015bledzi\u0107 takie rzeczy, jak czas sp\u0119dzony w witrynie i odwiedzane strony, dzi\u0119ki czemu mo\u017cemy nadal tworzy\u0107 anga\u017cuj\u0105ce tre\u015bci.  Wi\u0119cej informacji na temat plik\u00f3w cookie Google Analytics znajdziesz na oficjalnej stronie Google Analytics.<\/li>\n<li>Zewn\u0119trzne narz\u0119dzia analityczne s\u0105 wykorzystywane do \u015bledzenia i mierzenia korzystania z tej witryny, aby\u015bmy mogli nadal tworzy\u0107 interesuj\u0105ce tre\u015bci. Te pliki cookie mog\u0105 \u015bledzi\u0107 takie rzeczy, jak czas sp\u0119dzony w witrynie lub odwiedzane strony, co pomaga nam zrozumie\u0107, w jaki spos\u00f3b mo\u017cemy ulepszy\u0107 witryn\u0119 dla Ciebie. <\/li>\n<li>Od czasu do czasu testujemy nowe funkcje i wprowadzamy subtelne zmiany w sposobie dostarczania witryny. Kiedy nadal testujemy nowe funkcje, te pliki cookie mog\u0105 by\u0107 u\u017cywane w celu zapewnienia sp\u00f3jnego do\u015bwiadczenia podczas korzystania z witryny, jednocze\u015bnie zapewniaj\u0105c, \u017ce rozumiemy, kt\u00f3re optymalizacje nasi u\u017cytkownicy doceniaj\u0105 najbardziej. <\/li>\n<li>Poniewa\u017c sprzedajemy produkty, wa\u017cne jest dla nas zrozumienie statystyk dotycz\u0105cych tego, ilu odwiedzaj\u0105cych nasz\u0105 witryn\u0119 dokonuje zakupu, a zatem jest to rodzaj danych, kt\u00f3re te pliki cookie b\u0119d\u0105 \u015bledzi\u0107. Jest to dla Ciebie wa\u017cne, poniewa\u017c oznacza to, \u017ce mo\u017cemy dok\u0142adnie prognozowa\u0107 biznes, co pozwala nam monitorowa\u0107 nasze koszty reklamy i produkt\u00f3w, aby zapewni\u0107 najlepsz\u0105 mo\u017cliw\u0105 cen\u0119. <\/li>\n<li>Us\u0142uga Google AdSense, kt\u00f3rej u\u017cywamy do wy\u015bwietlania reklam, wykorzystuje plik cookie DoubleClick, aby wy\u015bwietla\u0107 bardziej trafne reklamy w Internecie i ogranicza\u0107 liczb\u0119 wy\u015bwietle\u0144 danej reklamy.<br \/>\nWi\u0119cej informacji na temat Google AdSense mo\u017cna znale\u017a\u0107 w oficjalnym cz\u0119sto zadawanym pytaniu dotycz\u0105cym prywatno\u015bci Google AdSense.<\/li>\n<li>U\u017cywamy reklam, aby zr\u00f3wnowa\u017cy\u0107 koszty prowadzenia tej strony i zapewni\u0107 fundusze na dalszy rozw\u00f3j. Pliki cookie reklamy behawioralnej u\u017cywane przez t\u0119 witryn\u0119 maj\u0105 na celu zapewnienie, \u017ce dostarczamy Ci najbardziej odpowiednie reklamy, je\u015bli to mo\u017cliwe, poprzez anonimowe \u015bledzenie Twoich zainteresowa\u0144 i prezentowanie podobnych rzeczy, kt\u00f3re mog\u0105 Ci\u0119 zainteresowa\u0107. <\/li>\n<li>Kilku partner\u00f3w reklamuje si\u0119 w naszym imieniu, a \u015bledz\u0105ce pliki cookie partner\u00f3w pozwalaj\u0105 nam po prostu sprawdzi\u0107, czy nasi klienci odwiedzili witryn\u0119 za po\u015brednictwem jednej z naszych witryn partnerskich, aby\u015bmy mogli odpowiednio je zaksi\u0119gowa\u0107 i, w stosownych przypadkach, umo\u017cliwi\u0107 naszym partnerom partnerskim zapewnienie wszelkich premii, kt\u00f3re mog\u0105 zapewni\u0107 u\u017cytkownikowi za dokonanie zakupu.<\/li>\n<li>U\u017cywamy r\u00f3wnie\u017c przycisk\u00f3w medi\u00f3w spo\u0142eczno\u015bciowych i\/lub wtyczek na tej stronie, kt\u00f3re umo\u017cliwiaj\u0105 \u0142\u0105czenie si\u0119 z sieci\u0105 spo\u0142eczno\u015bciow\u0105 na r\u00f3\u017cne sposoby. Aby dzia\u0142a\u0142y, nast\u0119puj\u0105ce serwisy spo\u0142eczno\u015bciowe, w tym Facebook, Instagram, Twitter, Pinterest, Tumblr itp., b\u0119d\u0105 ustawia\u0107 pliki cookie za po\u015brednictwem naszej witryny, kt\u00f3re mog\u0105 by\u0107 wykorzystywane do ulepszania profilu u\u017cytkownika na ich stronie lub przyczynia\u0107 si\u0119 do przechowywania danych w r\u00f3\u017cnych celach okre\u015blonych w ich odpowiednich politykach prywatno\u015bci. <\/li>\n<\/ul>\n<h2>Wi\u0119cej informacji<\/h2>\n<p>Mamy nadziej\u0119, \u017ce to wszystko wyja\u015bni\u0142o, a jak wspomniano wcze\u015bniej, je\u015bli jest co\u015b, czego nie jeste\u015b pewien, czy potrzebujesz, czy nie, zwykle bezpieczniej jest pozostawi\u0107 w\u0142\u0105czone pliki cookie na wypadek, gdyby wchodzi\u0142y one w interakcj\u0119 z jedn\u0105 z funkcji u\u017cywanych w naszej witrynie.<\/p>\n<p>Niniejsza polityka obowi\u0105zuje od <strong>maja<\/strong> <strong>2020 r.<\/strong>[\/vc_column_text][\/vc_column][\/vc_row]<\/p>\n<\/div>","protected":false},"excerpt":{"rendered":"<p>[vc_row][vc_column][vc_column_text css=&#8221;&#8221;] Polityka prywatno\u015bci Twoja prywatno\u015b\u0107 jest dla nas wa\u017cna. Polityk\u0105 Whiskyflavour jest poszanowanie prywatno\u015bci u\u017cytkownika w odniesieniu do wszelkich&#8230;<\/p>\n","protected":false},"author":1,"featured_media":0,"parent":0,"menu_order":8,"comment_status":"closed","ping_status":"closed","template":"","meta":{"footnotes":""},"class_list":["post-25480","page","type-page","status-publish","hentry"],"_links":{"self":[{"href":"https:\/\/www.whiskyflavour.com\/pl\/wp-json\/wp\/v2\/pages\/25480","targetHints":{"allow":["GET"]}}],"collection":[{"href":"https:\/\/www.whiskyflavour.com\/pl\/wp-json\/wp\/v2\/pages"}],"about":[{"href":"https:\/\/www.whiskyflavour.com\/pl\/wp-json\/wp\/v2\/types\/page"}],"author":[{"embeddable":true,"href":"https:\/\/www.whiskyflavour.com\/pl\/wp-json\/wp\/v2\/users\/1"}],"replies":[{"embeddable":true,"href":"https:\/\/www.whiskyflavour.com\/pl\/wp-json\/wp\/v2\/comments?post=25480"}],"version-history":[{"count":0,"href":"https:\/\/www.whiskyflavour.com\/pl\/wp-json\/wp\/v2\/pages\/25480\/revisions"}],"wp:attachment":[{"href":"https:\/\/www.whiskyflavour.com\/pl\/wp-json\/wp\/v2\/media?parent=25480"}],"curies":[{"name":"wp","href":"https:\/\/api.w.org\/{rel}","templated":true}]}}