{"id":53270,"date":"2021-10-12T15:51:09","date_gmt":"2021-10-12T14:51:09","guid":{"rendered":"https:\/\/www.whiskyflavour.com\/about-2\/"},"modified":"2026-04-02T15:38:09","modified_gmt":"2026-04-02T14:38:09","slug":"about","status":"publish","type":"page","link":"https:\/\/www.whiskyflavour.com\/pl\/about\/","title":{"rendered":"O"},"content":{"rendered":"<div class=\"wpb-content-wrapper\"><p>[vc_row][vc_column][vc_custom_heading text=&#8221;POCHODZENIE&#8221; use_theme_fonts=&#8221;yes&#8221; css=&#8221;&#8221;][vc_column_text css=&#8221;&#8221;]Whisky Flavour zosta\u0142a stworzona przez entuzjast\u0119 whisky, kt\u00f3ry kieruje si\u0119 ch\u0119ci\u0105 odkrywania i delektowania si\u0119 r\u00f3\u017cnymi rodzajami whisky w najwygodniejszy i najta\u0144szy spos\u00f3b.<\/p>\n<p>Inwestycja w pe\u0142n\u0105 butelk\u0119 whiskey, kt\u00f3rej jeste\u015bmy ciekawi, jest cz\u0119sto niepraktyczna, zw\u0142aszcza gdy degustujemy j\u0105 po raz pierwszy. Maj\u0105c na uwadze oczekiwania, wielu mi\u0142o\u015bnik\u00f3w whiskey rezygnuje z zakupu ca\u0142ej butelki. Aby cieszy\u0107 si\u0119 wi\u0119ksz\u0105 ilo\u015bci\u0105 whiskey w bardziej przyst\u0119pnej cenie, opracowali\u015bmy subskrypcj\u0119 degustacji whiskey.<\/p>\n<p>Us\u0142uga subskrypcji Whisky Flavour zosta\u0142a nast\u0119pnie opracowana z my\u015bl\u0105 o innych mi\u0142o\u015bnikach whisky &#8211; tych, kt\u00f3rzy lubi\u0105 pr\u00f3bowa\u0107 r\u00f3\u017cnych butelek, marek i wiek\u00f3w.<\/p>\n<p>Wierzymy, \u017ce to rozwi\u0105zanie pozwoli Ci skosztowa\u0107 r\u00f3\u017cnych rodzaj\u00f3w Whisky bez d\u0142ugoterminowego zobowi\u0105zania zwi\u0105zanego z zakupem pe\u0142nej butelki.<\/p>\n<p>Oferujemy subskrypcj\u0119 pojedynczej degustacji whiskey, zawieraj\u0105c\u0105 4 oryginalne miniaturki whiskey w ka\u017cdym miesi\u0105cu. Pozwala to z \u0142atwo\u015bci\u0105 zaspokoi\u0107 ciekawo\u015b\u0107 i poszerzy\u0107 repertuar whiskey.[\/vc_column_text][\/vc_column][\/vc_row][vc_row][vc_column][vc_custom_heading text=&#8221;MISJA&#8221; use_theme_fonts=&#8221;yes&#8221; css=&#8221;&#8221;][vc_column_text css=&#8221;&#8221;]Misj\u0105 Whisky Flavour jest zapewnienie entuzjastom whisky mo\u017cliwo\u015bci poznania szerokiej gamy marek i rodzaj\u00f3w whisky. Sprawiaj\u0105c, \u017ce nawet najdro\u017csze marki s\u0105 przyst\u0119pne cenowo i dost\u0119pne dzi\u0119ki naszej subskrypcji degustacji whisky, staramy si\u0119 zapewni\u0107, aby wi\u0119cej os\u00f3b mog\u0142o cieszy\u0107 si\u0119 r\u00f3\u017cnorodnym \u015bwiatem whisky.[\/vc_column_text][\/vc_column][\/vc_row][vc_row][vc_column][vc_custom_heading text=&#8221;WIZJA&#8221; use_theme_fonts=&#8221;yes&#8221; css=&#8221;&#8221;][vc_column_text css=&#8221;&#8221;]Whisky Flavour zamierza sta\u0107 si\u0119 wiod\u0105cym punktem odniesienia w bran\u017cy Whiskey, rewolucjonizuj\u0105c spos\u00f3b interakcji mi\u0119dzy konsumentami a markami. Oferuj\u0105c wyj\u0105tkowe mo\u017cliwo\u015bci degustacji whiskey, chcemy zwi\u0119kszy\u0107 \u015bwiadomo\u015b\u0107 konsument\u00f3w na temat r\u00f3\u017cnorodnych i niezwyk\u0142ych marek oraz dost\u0119pnych proces\u00f3w produkcyjnych. Jednocze\u015bnie marki whiskey b\u0119d\u0105 mia\u0142y szans\u0119 dotrze\u0107 do szerszego grona odbiorc\u00f3w, buduj\u0105c d\u0142ugoterminowe relacje z coraz wi\u0119ksz\u0105 liczb\u0105 konsument\u00f3w.[\/vc_column_text][\/vc_column][\/vc_row][vc_row][vc_column][vc_custom_heading text=&#8221;WARTO\u015aCI&#8221; use_theme_fonts=&#8221;yes&#8221; css=&#8221;&#8221;][vc_column_text css=&#8221;&#8221;]Przejrzysto\u015b\u0107 | Elegancja | Innowacyjno\u015b\u0107 | Orientacja na klienta | Nowoczesno\u015b\u0107[\/vc_column_text][\/vc_column][\/vc_row]<\/p>\n<\/div>","protected":false},"excerpt":{"rendered":"<p>[vc_row][vc_column][vc_custom_heading text=&#8221;POCHODZENIE&#8221; use_theme_fonts=&#8221;yes&#8221; css=&#8221;&#8221;][vc_column_text css=&#8221;&#8221;]Whisky Flavour zosta\u0142a stworzona przez entuzjast\u0119 whisky, kt\u00f3ry kieruje si\u0119 ch\u0119ci\u0105 odkrywania i delektowania si\u0119 r\u00f3\u017cnymi&#8230;<\/p>\n","protected":false},"author":1,"featured_media":0,"parent":0,"menu_order":0,"comment_status":"closed","ping_status":"closed","template":"","meta":{"footnotes":""},"class_list":["post-53270","page","type-page","status-publish","hentry"],"_links":{"self":[{"href":"https:\/\/www.whiskyflavour.com\/pl\/wp-json\/wp\/v2\/pages\/53270","targetHints":{"allow":["GET"]}}],"collection":[{"href":"https:\/\/www.whiskyflavour.com\/pl\/wp-json\/wp\/v2\/pages"}],"about":[{"href":"https:\/\/www.whiskyflavour.com\/pl\/wp-json\/wp\/v2\/types\/page"}],"author":[{"embeddable":true,"href":"https:\/\/www.whiskyflavour.com\/pl\/wp-json\/wp\/v2\/users\/1"}],"replies":[{"embeddable":true,"href":"https:\/\/www.whiskyflavour.com\/pl\/wp-json\/wp\/v2\/comments?post=53270"}],"version-history":[{"count":0,"href":"https:\/\/www.whiskyflavour.com\/pl\/wp-json\/wp\/v2\/pages\/53270\/revisions"}],"wp:attachment":[{"href":"https:\/\/www.whiskyflavour.com\/pl\/wp-json\/wp\/v2\/media?parent=53270"}],"curies":[{"name":"wp","href":"https:\/\/api.w.org\/{rel}","templated":true}]}}