{"id":25458,"date":"2016-05-01T21:20:50","date_gmt":"2016-05-01T20:20:50","guid":{"rendered":"https:\/\/www.whiskyflavour.com\/shop\/subskrypcja-na-zestaw-degustacyjny-whisky\/"},"modified":"2026-01-26T12:54:43","modified_gmt":"2026-01-26T12:54:43","slug":"whisky-subscription-box","status":"publish","type":"product","link":"https:\/\/www.whiskyflavour.com\/pl\/shop\/whisky-subscription-box\/","title":{"rendered":"Whisky Subscription Box"},"content":{"rendered":"<h2>The Whisky Tasting Box by Whisky Flavour &#8211; 4 miniaturki z destylarni z ca\u0142ego \u015bwiata<\/h2>\n<p>Je\u015bli chcesz pozna\u0107 najlepsze whisky na \u015bwiecie, zapisanie si\u0119 do naszej subskrypcji Whisky Tasting Box b\u0119dzie najlepszym sposobem na odkrycie ekskluzywnych whisky z najbardziej szanowanych destylarni na \u015bwiecie, w tym szkockich, irlandzkich, ameryka\u0144skich i wielu innych!<\/p>\n<p>W Whisky Flavour stworzyli\u015bmy przyst\u0119pny cenowo system subskrypcji, kt\u00f3ry pokochali nasi klienci z ca\u0142ego \u015bwiata! Ta us\u0142uga subskrypcji degustacji whiskey jest idealna do zafundowania sobie przyjemno\u015bci lub jako przemy\u015blany prezent! B\u0119d\u0105c koneserem whiskey lub kim\u015b, kto zawsze chce spr\u00f3bowa\u0107 wszystkich rodzaj\u00f3w whiskey, podziemnych marek whiskey, nowych serii i starych wyjadaczy, nasza skrzynka do degustacji whiskey mo\u017ce pasowa\u0107 do Twoich potrzeb i bud\u017cetu.  <\/p>\n<p>Porozmawiajmy teraz o tym, co otrzymasz, rejestruj\u0105c si\u0119 w tej praktycznej us\u0142udze!<\/p>\n<p>&nbsp;<\/p>\n<h2>Zam\u00f3w tylko raz lub zr\u00f3b subskrypcj\u0119 degustacji Whiskey<\/h2>\n<p>Na pocz\u0105tek, co miesi\u0105c otrzymasz wspania\u0142e ekspresje Whiskey!<\/p>\n<p>W ka\u017cdym pude\u0142ku znajd\u0105 si\u0119 4 oryginalne, markowe miniaturki whiskey. Mog\u0105 one by\u0107 ca\u0142kowit\u0105 tajemnic\u0105 lub mo\u017cemy mie\u0107 na uwadze Twoje preferencje przy wyborze miniaturek Whiskey, kt\u00f3re zostan\u0105 do Ciebie dostarczone. Wystarczy, \u017ce wy\u015blesz nam wiadomo\u015b\u0107 e-mail z preferencjami smakowymi lub rodzajem whiskey, kt\u00f3rego naprawd\u0119 chcesz spr\u00f3bowa\u0107.  <\/p>\n<p>W\u015br\u00f3d naszych opcji <strong>mo\u017cesz wybra\u0107, jak d\u0142ugo b\u0119dziesz otrzymywa\u0107 nasz\u0105 subskrypcj\u0119 degustacji whiskey<\/strong>:<\/p>\n<ul>\n<li>Tylko raz.<\/li>\n<li>Raz w miesi\u0105cu przez trzy miesi\u0105ce.<\/li>\n<li>Raz w miesi\u0105cu przez sze\u015b\u0107 miesi\u0119cy.<\/li>\n<li>Raz w miesi\u0105cu przez rok.<\/li>\n<\/ul>\n<p>Nie tylko whiskey jest niezwyk\u0142a; nasza skrzynka r\u00f3wnie\u017c nie jest zwyk\u0142\u0105 skrzynk\u0105. Nawi\u0105zali\u015bmy wsp\u00f3\u0142prac\u0119 z lokalnymi producentami i rzemie\u015blnikami, aby stworzy\u0107 <strong>nowoczesn\u0105 i minimalistyczn\u0105 drewnian\u0105 skrzynk\u0119<\/strong>. Jest ona wytrzyma\u0142a, dzi\u0119ki czemu chroni miniaturki whiskey podczas dostawy i mo\u017ce by\u0107 ponownie wykorzystana po jej zako\u0144czeniu. Zachowaj j\u0105: to wspania\u0142a pami\u0105tka, kt\u00f3ra zosta\u0142a wykonana z dba\u0142o\u015bci\u0105.   <\/p>\n<p>Ta <strong>skrzynka degustacyjna Whiskey b\u0119dzie wa\u017cy\u0107 1,5 kg<\/strong> i zostanie wys\u0142ana zgodnie z Twoimi preferencjami.<\/p>\n<p>Dajemy naszym klientom wszystkie opcje, aby subskrypcja pasowa\u0142a do ich potrzeb, poniewa\u017c wiemy, \u017ce ka\u017cdy koneser whiskey jest wyj\u0105tkowy.<\/p>\n<p>&nbsp;<\/p>\n<h3>Wskaz\u00f3wki dotycz\u0105ce naszej skrzynki degustacyjnej Whiskey<\/h3>\n<p>Je\u015bli nie przepadasz za spoilerami, omi\u0144 t\u0119 cz\u0119\u015b\u0107! Nie ujawnimy wszystkiego na temat naszej skrzynki degustacyjnej Whiskey, ale zostawimy kilka okruch\u00f3w chleba, aby\u015b nie przegapi\u0142 tej okazji. <\/p>\n<ul>\n<li>Nasze miniaturki whiskey to <strong>butelki o oryginalnej marce i pojemno\u015bci 5 cl (1,69 uncji)<\/strong>.<\/li>\n<li>Lubimy oferowa\u0107 szerok\u0105 gam\u0119 whisky, kt\u00f3ra obejmuje <strong>marki whisky z r\u00f3\u017cnych cz\u0119\u015bci \u015bwiata<\/strong>, kt\u00f3re wykraczaj\u0105 poza tradycyjne rodzaje whisky. Dotychczasowi klienci otrzymali na przyk\u0142ad whisky takich marek jak Black Whiskey, Langatun i Armorik Whisky. <\/li>\n<li>Szukamy whiskey, kt\u00f3re s\u0105 <strong>klasykami lub najlepszymi whiskey<\/strong>, kt\u00f3rych ka\u017cdy powinien spr\u00f3bowa\u0107 przynajmniej raz w \u017cyciu.<\/li>\n<li>\u015aledzimy poprzednie wys\u0142ane do Ciebie skrzynki, wi\u0119c nie <strong>otrzymasz dwa razy tej samej whiskey<\/strong> (chyba \u017ce naprawd\u0119 tego chcesz).<\/li>\n<li>Przyjmujemy <strong>zapytania dotycz\u0105ce rodzaju whiskey, wieku ekspresji i smak\u00f3w, kt\u00f3re lubisz najbardziej<\/strong>, aby nie wysy\u0142a\u0107 Ci miniaturek whiskey, kt\u00f3re na pewno nie przypadn\u0105 Ci do gustu.<\/li>\n<\/ul>\n<p>&nbsp;<\/p>\n<h3>Whiskey Tasting Box &#8211; zr\u00f3b z niego prezent!<\/h3>\n<p>Subskrypcja degustacji whiskey to wspania\u0142y pomys\u0142 na prezent dla ka\u017cdego, kto naprawd\u0119 lubi whiskey. Oczywi\u015bcie nie powiedzieliby\u015bmy inaczej, ale <strong>mo\u017cemy wys\u0142a\u0107 pude\u0142ko lub pude\u0142ka z degustacj\u0105 whiskey na dowolny adres podany<\/strong> podczas dokonywania zakupu. Mo\u017cemy r\u00f3wnie\u017c doda\u0107 prost\u0105 notatk\u0119 do paczki, aby uczyni\u0107 j\u0105 bardziej osobist\u0105.  <\/p>\n<p>Nasza skrzynka subskrypcyjna whiskey mo\u017ce by\u0107 oferowana zar\u00f3wno koneserom whiskey, jak i osobom, kt\u00f3re zaczynaj\u0105 rozwija\u0107 smak tego alkoholu. Poniewa\u017c <strong>nasz wyb\u00f3r miniaturek whisky jest naprawd\u0119 wyj\u0105tkowy<\/strong>, mog\u0105 oni otrzyma\u0107 klasyczne ekspresje i whisky wyprodukowane w destylarniach z kraj\u00f3w zwykle nie kojarzonych z whisky. <\/p>\n<p>Opr\u00f3cz whiskey, kt\u00f3rej skosztuje ukochana osoba, przyjaciel lub wsp\u00f3\u0142pracownik,<strong> drewniane pude\u0142ko jest idealne do ponownego wykorzystania<\/strong> i przechowywania osobistego zestawu do degustacji whiskey.<\/p>\n<p>Je\u015bli nie chcesz zapisywa\u0107 si\u0119 <strong>na subskrypcj\u0119<\/strong>, mo\u017cesz<strong> zam\u00f3wi\u0107 tylko jedn\u0105 skrzynk\u0119 degustacyjn\u0105 whiskey<\/strong>, aby podarowa\u0107 j\u0105 mi\u0142o\u015bnikowi whiskey!<\/p>\n<p>&nbsp;<\/p>\n<h2>Subskrypcja degustacji whiskey &#8211; przez mi\u0142o\u015bnik\u00f3w whiskey dla mi\u0142o\u015bnik\u00f3w whiskey<\/h2>\n<p>Zesp\u00f3\u0142 Whisky Flavour jest zaanga\u017cowany w dostarczanie najlepszych na \u015bwiecie wyra\u017ce\u0144 whisky od marek, kt\u00f3re nie s\u0105 \u0142atwe do znalezienia, i dok\u0142adamy wszelkich stara\u0144, aby zaoferowa\u0107 naszym klientom wyb\u00f3r miniaturek whisky, kt\u00f3re naszym zdaniem b\u0119d\u0105 zachwyceni.<\/p>\n<p>Jeste\u015bmy dumni z naszej us\u0142ugi subskrypcji whiskey i naszej skrzynki degustacyjnej whiskey, poniewa\u017c daje ona ludziom ze wszystkich \u015brodowisk dost\u0119p do wyj\u0105tkowych whiskey, kt\u00f3rych inaczej nie mogliby spr\u00f3bowa\u0107.<\/p>\n<p>&nbsp;<\/p>\n<h3 style=\"text-align: center;\">Zapisz si\u0119 ju\u017c teraz na subskrypcj\u0119 Whisky Tasting Box by Whisky Flavour!<\/h3>\n<p>&nbsp;<\/p>\n<p>&nbsp;<\/p>\n<h2>Najcz\u0119\u015bciej zadawane pytania dotycz\u0105ce naszej skrzynki degustacyjnej Whiskey<\/h2>\n<p>&nbsp;<\/p>\n<h3>Do jakich kraj\u00f3w jest wysy\u0142any? Kiedy otrzymam skrzynk\u0119 degustacyjn\u0105 Whiskey? <\/h3>\n<p>Wysy\u0142amy na ca\u0142y \u015bwiat! W zwi\u0105zku z tym czas dostawy zmieni si\u0119 w zale\u017cno\u015bci od podanego adresu. Wysy\u0142amy z Portugalii, a dotarcie do Ciebie zajmuje zwykle od 5 do 10 dni roboczych!  <\/p>\n<p>Zalecamy z\u0142o\u017cenie zam\u00f3wienia przed 24 dniem ka\u017cdego miesi\u0105ca, poniewa\u017c wszystkie zam\u00f3wienia wysy\u0142amy do 7 dnia nast\u0119pnego miesi\u0105ca.<\/p>\n<p>&nbsp;<\/p>\n<h3>Czy mog\u0119 \u015bledzi\u0107 moje zam\u00f3wienie?<\/h3>\n<p>Tak! Wy\u015blemy Twoj\u0105 skrzynk\u0119 degustacyjn\u0105 whiskey listem poleconym, a Ty otrzymasz wiadomo\u015b\u0107 e-mail z niezb\u0119dnym linkiem i kodem do \u015bledzenia podr\u00f3\u017cy Twojej skrzynki whiskey. <\/p>\n<p>&nbsp;<\/p>\n<p>Nadal masz pytania dotycz\u0105ce naszej subskrypcji degustacji whiskey? Odwied\u017a nasz\u0105 stron\u0119 FAQ lub wy\u015blij nam wiadomo\u015b\u0107 e-mail. Postaramy si\u0119 odpowiedzie\u0107 w odpowiednim czasie.  <\/p>\n","protected":false},"excerpt":{"rendered":"<p>The Whisky Tasting Box by Whisky Flavour &#8211; 4 miniaturki z destylarni z ca\u0142ego \u015bwiata Je\u015bli chcesz pozna\u0107 najlepsze whisky&#8230;<\/p>\n","protected":false},"featured_media":25471,"comment_status":"open","ping_status":"closed","template":"","meta":[],"product_brand":[],"product_cat":[14334,14335,5403],"product_tag":[],"class_list":{"0":"post-25458","1":"product","2":"type-product","3":"status-publish","4":"has-post-thumbnail","6":"product_cat-subskrypcja-whisky","7":"product_cat-degustacja-whiskey","8":"product_cat-prezent-z-whisky","10":"first","11":"instock","12":"taxable","13":"shipping-taxable","14":"purchasable","15":"product-type-variable-subscription"},"_links":{"self":[{"href":"https:\/\/www.whiskyflavour.com\/pl\/wp-json\/wp\/v2\/product\/25458","targetHints":{"allow":["GET"]}}],"collection":[{"href":"https:\/\/www.whiskyflavour.com\/pl\/wp-json\/wp\/v2\/product"}],"about":[{"href":"https:\/\/www.whiskyflavour.com\/pl\/wp-json\/wp\/v2\/types\/product"}],"replies":[{"embeddable":true,"href":"https:\/\/www.whiskyflavour.com\/pl\/wp-json\/wp\/v2\/comments?post=25458"}],"wp:featuredmedia":[{"embeddable":true,"href":"https:\/\/www.whiskyflavour.com\/pl\/wp-json\/wp\/v2\/media\/25471"}],"wp:attachment":[{"href":"https:\/\/www.whiskyflavour.com\/pl\/wp-json\/wp\/v2\/media?parent=25458"}],"wp:term":[{"taxonomy":"product_brand","embeddable":true,"href":"https:\/\/www.whiskyflavour.com\/pl\/wp-json\/wp\/v2\/product_brand?post=25458"},{"taxonomy":"product_cat","embeddable":true,"href":"https:\/\/www.whiskyflavour.com\/pl\/wp-json\/wp\/v2\/product_cat?post=25458"},{"taxonomy":"product_tag","embeddable":true,"href":"https:\/\/www.whiskyflavour.com\/pl\/wp-json\/wp\/v2\/product_tag?post=25458"}],"curies":[{"name":"wp","href":"https:\/\/api.w.org\/{rel}","templated":true}]}}