{"id":19823,"date":"2016-05-09T08:50:25","date_gmt":"2016-05-09T07:50:25","guid":{"rendered":"https:\/\/www.whiskyflavour.com\/politica-de-privacidade-e-politica-de-cookies\/"},"modified":"2026-01-26T11:01:30","modified_gmt":"2026-01-26T11:01:30","slug":"privacy-policy","status":"publish","type":"page","link":"https:\/\/www.whiskyflavour.com\/pt-pt\/privacy-policy\/","title":{"rendered":"Pol\u00edtica de privacidade"},"content":{"rendered":"<div class=\"wpb-content-wrapper\"><p>[vc_row][vc_column][vc_column_text css=&#8221;&#8221;]<\/p>\n<h2>Pol\u00edtica de privacidade<\/h2>\n<p>A tua privacidade \u00e9 importante para n\u00f3s. \u00c9 pol\u00edtica <strong>da Whiskyflavour<\/strong> respeitar a tua privacidade em rela\u00e7\u00e3o a qualquer informa\u00e7\u00e3o que possamos recolher de ti atrav\u00e9s do nosso site, <a href=\"https:\/\/www.whiskyflavour.com\/pt-pt\/\">whiskyflavour.com<\/a>, e outros sites que possu\u00edmos e operamos. <\/p>\n<p>S\u00f3 pedimos informa\u00e7\u00f5es pessoais quando realmente precisamos delas para te prestar um servi\u00e7o. Recolhemo-lo por meios justos e legais, com o teu conhecimento e consentimento. Tamb\u00e9m te informamos por que raz\u00e3o estamos a recolher esses dados e como ser\u00e3o utilizados.  <\/p>\n<p>Apenas conservamos as informa\u00e7\u00f5es recolhidas durante o tempo necess\u00e1rio para te fornecer o servi\u00e7o solicitado. Protegemos os dados que armazenamos com meios comercialmente aceit\u00e1veis para evitar perdas e roubos, bem como o acesso n\u00e3o autorizado, a divulga\u00e7\u00e3o, a c\u00f3pia, a utiliza\u00e7\u00e3o ou a modifica\u00e7\u00e3o. <\/p>\n<p>N\u00e3o partilhamos quaisquer informa\u00e7\u00f5es de identifica\u00e7\u00e3o pessoal publicamente ou com terceiros, exceto quando exigido por lei.<\/p>\n<p>O nosso s\u00edtio Web pode ter liga\u00e7\u00f5es a s\u00edtios externos que n\u00e3o s\u00e3o geridos por n\u00f3s. Tem em aten\u00e7\u00e3o que n\u00e3o temos qualquer controlo sobre o conte\u00fado e as pr\u00e1ticas desses sites e n\u00e3o podemos aceitar responsabilidade ou obriga\u00e7\u00e3o pelas respectivas pol\u00edticas de privacidade. <\/p>\n<p>Tens a liberdade de recusar o nosso pedido de informa\u00e7\u00f5es pessoais, tendo em conta que poderemos n\u00e3o conseguir fornecer-te alguns dos servi\u00e7os que desejas.<\/p>\n<p>A tua utiliza\u00e7\u00e3o continuada do nosso s\u00edtio Web ser\u00e1 considerada como aceita\u00e7\u00e3o das nossas pr\u00e1ticas em mat\u00e9ria de privacidade e informa\u00e7\u00f5es pessoais. Se tiveres alguma d\u00favida sobre a forma como tratamos os dados dos utilizadores e as informa\u00e7\u00f5es pessoais, n\u00e3o hesites em contactar-nos. <\/p>\n<h2><strong>Pol\u00edtica de cookies<\/strong> para <strong>Whiskyflavour<\/strong><\/h2>\n<p>Esta \u00e9 a Pol\u00edtica de Cookies do <strong>Whiskyflavour<\/strong>, acess\u00edvel a partir do URL.<\/p>\n<h3>O que s\u00e3o cookies<\/h3>\n<p>Como \u00e9 pr\u00e1tica comum em quase todos os s\u00edtios Web profissionais, este s\u00edtio utiliza cookies, que s\u00e3o pequenos ficheiros que s\u00e3o descarregados para o teu computador, para melhorar a tua experi\u00eancia. Esta p\u00e1gina descreve as informa\u00e7\u00f5es que recolhem, como as utilizamos e porque \u00e9 que por vezes precisamos de armazenar estes cookies. Tamb\u00e9m partilharemos a forma como podes impedir que estes cookies sejam armazenados; no entanto, isto pode degradar ou &#8220;quebrar&#8221; certos elementos da funcionalidade do s\u00edtio.  <\/p>\n<h3>Como utilizamos os cookies<\/h3>\n<p>Utilizamos cookies por uma s\u00e9rie de raz\u00f5es, descritas abaixo. Infelizmente, na maioria dos casos, n\u00e3o existem op\u00e7\u00f5es padr\u00e3o da ind\u00fastria para desativar os cookies sem desativar completamente a funcionalidade e as carater\u00edsticas que acrescentam a este s\u00edtio. Recomenda-se que deixes todos os cookies activados se n\u00e3o tiveres a certeza se precisas deles ou n\u00e3o, caso sejam utilizados para fornecer um servi\u00e7o que utilizes.  <\/p>\n<h3>Desativar cookies<\/h3>\n<p>Podes impedir a defini\u00e7\u00e3o de cookies ajustando as defini\u00e7\u00f5es do teu browser (consulta a Ajuda do teu browser para saberes como o fazer). Tem em aten\u00e7\u00e3o que a desativa\u00e7\u00e3o dos cookies afectar\u00e1 a funcionalidade deste e de muitos outros s\u00edtios Web que visitas. Se desactivares os cookies, normalmente tamb\u00e9m desactivar\u00e1s certas funcionalidades e carater\u00edsticas deste s\u00edtio. Por isso, recomenda-se que n\u00e3o desactives os cookies.   <\/p>\n<h3>Os cookies que instalamos<\/h3>\n<ul>\n<li>Cookies relacionados com a conta<\/li>\n<\/ul>\n<p>Se criares uma conta connosco, utilizaremos cookies para a gest\u00e3o do processo de inscri\u00e7\u00e3o e administra\u00e7\u00e3o geral. Estes cookies ser\u00e3o normalmente eliminados quando terminares a sess\u00e3o; no entanto, em alguns casos, podem permanecer para recordar as tuas prefer\u00eancias do site quando terminares a sess\u00e3o. <\/p>\n<ul>\n<li>Cookies relacionados com o in\u00edcio de sess\u00e3o<\/li>\n<\/ul>\n<p>Utilizamos cookies quando tens sess\u00e3o iniciada para que nos possamos lembrar deste facto. Isto evita que tenhas de iniciar sess\u00e3o de cada vez que visitas uma nova p\u00e1gina. Estes cookies s\u00e3o normalmente removidos ou limpos quando terminas a sess\u00e3o para garantir que s\u00f3 podes aceder a funcionalidades e \u00e1reas restritas quando inicias a sess\u00e3o.  <\/p>\n<ul>\n<li>Cookies relacionados com boletins informativos por correio eletr\u00f3nico<\/li>\n<\/ul>\n<p>Este s\u00edtio oferece servi\u00e7os de subscri\u00e7\u00e3o de boletins informativos ou de correio eletr\u00f3nico e os cookies podem ser utilizados para recordar se j\u00e1 est\u00e1s registado e para mostrar certas notifica\u00e7\u00f5es que podem ser v\u00e1lidas apenas para utilizadores subscritos\/n\u00e3o subscritos.<\/p>\n<ul>\n<li>Cookies relacionados com o processamento de encomendas<\/li>\n<\/ul>\n<p>Este s\u00edtio oferece facilidades de com\u00e9rcio eletr\u00f3nico ou de pagamento e alguns cookies s\u00e3o essenciais para garantir que a tua encomenda \u00e9 recordada entre p\u00e1ginas, de modo a podermos process\u00e1-la corretamente.<\/p>\n<ul>\n<li>Cookies relacionados com inqu\u00e9ritos<\/li>\n<\/ul>\n<p>De vez em quando, oferecemos inqu\u00e9ritos e question\u00e1rios aos utilizadores para te fornecer informa\u00e7\u00f5es interessantes, ferramentas \u00fateis ou para compreender a nossa base de utilizadores com mais precis\u00e3o. Estes inqu\u00e9ritos podem utilizar cookies para recordar quem j\u00e1 participou num inqu\u00e9rito ou para te fornecer resultados exactos depois de mudares de p\u00e1gina. <\/p>\n<ul>\n<li>Cookies relacionados com formul\u00e1rios<\/li>\n<\/ul>\n<p>Quando envias dados atrav\u00e9s de um formul\u00e1rio, como os que se encontram nas p\u00e1ginas de contacto ou nos formul\u00e1rios de coment\u00e1rios, podem ser definidos cookies para recordar os teus dados de utilizador para correspond\u00eancia futura.<\/p>\n<ul>\n<li>Cookies de prefer\u00eancias do s\u00edtio<\/li>\n<\/ul>\n<p>Para te proporcionar uma excelente experi\u00eancia neste s\u00edtio, fornecemos a funcionalidade para definires as tuas prefer\u00eancias relativamente \u00e0 forma como este s\u00edtio funciona quando o utilizas. Para recordar as tuas prefer\u00eancias, precisamos de definir cookies para que esta informa\u00e7\u00e3o possa ser chamada sempre que interages com uma p\u00e1gina que \u00e9 afetada pelas tuas prefer\u00eancias. <\/p>\n<h3>Cookies de terceiros<\/h3>\n<p>Em alguns casos especiais, tamb\u00e9m utilizamos cookies fornecidos por terceiros de confian\u00e7a. A sec\u00e7\u00e3o seguinte indica quais os cookies de terceiros que poder\u00e1s encontrar neste s\u00edtio. <\/p>\n<ul>\n<li>Este s\u00edtio utiliza o Google Analytics, que \u00e9 uma das solu\u00e7\u00f5es de an\u00e1lise mais difundidas e fi\u00e1veis na Web para nos ajudar a compreender como utilizas o s\u00edtio e como podemos melhorar a tua experi\u00eancia. Estes cookies podem registar coisas como o tempo que passas no s\u00edtio e as p\u00e1ginas que visitas, para que possamos continuar a produzir conte\u00fados interessantes.  Para mais informa\u00e7\u00f5es sobre os cookies do Google Analytics, consulta a p\u00e1gina oficial do Google Analytics.<\/li>\n<li>A an\u00e1lise de terceiros \u00e9 utilizada para acompanhar e medir a utiliza\u00e7\u00e3o deste s\u00edtio, para que possamos continuar a produzir conte\u00fados interessantes. Estes cookies podem registar aspectos como o tempo que passas no s\u00edtio ou as p\u00e1ginas que visitas, o que nos ajuda a compreender como podemos melhorar o s\u00edtio para ti. <\/li>\n<li>De tempos a tempos, testamos novas funcionalidades e fazemos altera\u00e7\u00f5es subtis \u00e0 forma como o s\u00edtio \u00e9 apresentado. Quando ainda estamos a testar novas funcionalidades, estes cookies podem ser utilizados para garantir que recebes uma experi\u00eancia consistente enquanto est\u00e1s no site, ao mesmo tempo que garantimos que compreendemos quais as optimiza\u00e7\u00f5es que os nossos utilizadores mais apreciam. <\/li>\n<li>Como vendemos produtos, \u00e9 importante para n\u00f3s compreendermos as estat\u00edsticas sobre quantos visitantes do nosso site efectuam uma compra e, como tal, este \u00e9 o tipo de dados que estes cookies ir\u00e3o rastrear. Isto \u00e9 importante para ti, pois significa que podemos fazer previs\u00f5es comerciais precisas que nos permitem monitorizar os nossos custos de publicidade e de produtos para garantir o melhor pre\u00e7o poss\u00edvel. <\/li>\n<li>O servi\u00e7o Google AdSense que utilizamos para apresentar publicidade utiliza um cookie DoubleClick para apresentar an\u00fancios mais relevantes na Web e limitar o n\u00famero de vezes que um determinado an\u00fancio te \u00e9 apresentado.<br \/>\nPara obter mais informa\u00e7\u00f5es sobre o Google AdSense, consulta as FAQ oficiais sobre privacidade do Google AdSense.<\/li>\n<li>Utilizamos an\u00fancios para compensar os custos de funcionamento deste s\u00edtio e para financiar o seu desenvolvimento. Os cookies de publicidade comportamental utilizados por este s\u00edtio foram concebidos para garantir que te fornecemos os an\u00fancios mais relevantes sempre que poss\u00edvel, seguindo anonimamente os teus interesses e apresentando coisas semelhantes que possam ser do teu interesse. <\/li>\n<li>V\u00e1rios parceiros anunciam em nosso nome e os cookies de rastreio de afiliados permitem-nos simplesmente ver se os nossos clientes chegaram ao site atrav\u00e9s de um dos sites dos nossos parceiros, de modo a podermos atribuir-lhes os devidos cr\u00e9ditos e, se for caso disso, permitir que os nossos parceiros afiliados te ofere\u00e7am qualquer b\u00f3nus que te possam dar por fazeres uma compra.<\/li>\n<li>Tamb\u00e9m utilizamos bot\u00f5es e\/ou plug-ins de redes sociais neste s\u00edtio que te permitem ligar-te \u00e0 tua rede social de v\u00e1rias formas. Para que estes funcionem, os seguintes sites de redes sociais, incluindo o Facebook, Instagram, Twitter, Pinterest, Tumblr, etc., definir\u00e3o cookies atrav\u00e9s do nosso site, que podem ser utilizados para melhorar o teu perfil no site deles ou contribuir para os dados que det\u00eam para v\u00e1rios fins descritos nas respectivas pol\u00edticas de privacidade. <\/li>\n<\/ul>\n<h2>Mais informa\u00e7\u00f5es<\/h2>\n<p>Esperamos que isto tenha esclarecido as coisas para ti e, como foi mencionado anteriormente, se houver algo que n\u00e3o tenhas a certeza se precisas ou n\u00e3o, normalmente \u00e9 mais seguro deixar os cookies activados no caso de interagirem com uma das funcionalidades que utilizas no nosso site.<\/p>\n<p>Esta pol\u00edtica entra em vigor a partir de <strong>maio<\/strong> <strong>de 2020<\/strong>.[\/vc_column_text][\/vc_column][\/vc_row]<\/p>\n<\/div>","protected":false},"excerpt":{"rendered":"<p>[vc_row][vc_column][vc_column_text css=&#8221;&#8221;] Pol\u00edtica de privacidade A tua privacidade \u00e9 importante para n\u00f3s. \u00c9 pol\u00edtica da Whiskyflavour respeitar a tua privacidade&#8230;<\/p>\n","protected":false},"author":1,"featured_media":0,"parent":0,"menu_order":8,"comment_status":"closed","ping_status":"closed","template":"","meta":{"footnotes":""},"class_list":["post-19823","page","type-page","status-publish","hentry"],"_links":{"self":[{"href":"https:\/\/www.whiskyflavour.com\/pt-pt\/wp-json\/wp\/v2\/pages\/19823","targetHints":{"allow":["GET"]}}],"collection":[{"href":"https:\/\/www.whiskyflavour.com\/pt-pt\/wp-json\/wp\/v2\/pages"}],"about":[{"href":"https:\/\/www.whiskyflavour.com\/pt-pt\/wp-json\/wp\/v2\/types\/page"}],"author":[{"embeddable":true,"href":"https:\/\/www.whiskyflavour.com\/pt-pt\/wp-json\/wp\/v2\/users\/1"}],"replies":[{"embeddable":true,"href":"https:\/\/www.whiskyflavour.com\/pt-pt\/wp-json\/wp\/v2\/comments?post=19823"}],"version-history":[{"count":0,"href":"https:\/\/www.whiskyflavour.com\/pt-pt\/wp-json\/wp\/v2\/pages\/19823\/revisions"}],"wp:attachment":[{"href":"https:\/\/www.whiskyflavour.com\/pt-pt\/wp-json\/wp\/v2\/media?parent=19823"}],"curies":[{"name":"wp","href":"https:\/\/api.w.org\/{rel}","templated":true}]}}