{"id":53272,"date":"2021-10-12T15:51:09","date_gmt":"2021-10-12T14:51:09","guid":{"rendered":"https:\/\/www.whiskyflavour.com\/about-2\/"},"modified":"2026-04-02T15:41:19","modified_gmt":"2026-04-02T14:41:19","slug":"about","status":"publish","type":"page","link":"https:\/\/www.whiskyflavour.com\/pt-pt\/about\/","title":{"rendered":"Sobre"},"content":{"rendered":"<div class=\"wpb-content-wrapper\"><p>[vc_row][vc_column][vc_custom_heading text=&#8221;ORIGEM&#8221; use_theme_fonts=&#8221;yes&#8221; css=&#8221;&#8221;][vc_column_text css=&#8221;&#8221;]Whisky Flavour foi criado por um entusiasta de Whiskey que \u00e9 movido pelo desejo de explorar e saborear diferentes tipos de Whiskey da forma mais conveniente e acess\u00edvel.<\/p>\n<p>Muitas vezes, n\u00e3o \u00e9 pr\u00e1tico investir numa garrafa completa de Whiskey que te desperta curiosidade, especialmente quando o est\u00e1s a provar pela primeira vez. Com as expectativas em jogo, muitos aficionados do whiskey desistem de comprar uma garrafa inteira. Para desfrutares de mais whiskey a um pre\u00e7o mais acess\u00edvel, desenvolvemos esta assinatura de degusta\u00e7\u00e3o de whiskey.<\/p>\n<p>O servi\u00e7o de subscri\u00e7\u00e3o Whisky Flavour foi ent\u00e3o desenvolvido, tendo em mente os nossos colegas amantes de Whiskey &#8211; aqueles que gostam de experimentar uma variedade de garrafas, marcas e idades.<\/p>\n<p>Acreditamos que esta solu\u00e7\u00e3o te permite provar uma gama de whiskies sem o compromisso a longo prazo de comprar uma garrafa completa.<\/p>\n<p>Oferecemos-te uma caixa de assinatura de degusta\u00e7\u00e3o de u\u00edsque \u00fanico, com 4 miniaturas de u\u00edsque de marca original todos os meses. Isto permite-te satisfazer a tua curiosidade e expandir o teu repert\u00f3rio de whiskey com facilidade.[\/vc_column_text][\/vc_column][\/vc_row][vc_row][vc_column][vc_custom_heading text=&#8221;MISS\u00c3O&#8221; use_theme_fonts=&#8221;yes&#8221; css=&#8221;&#8221;][vc_column_text css=&#8221;&#8221;]A miss\u00e3o da Whisky Flavour \u00e9 proporcionar aos entusiastas do whiskey a oportunidade de experimentar uma grande variedade de marcas e tipos de whiskey. Ao tornar as marcas mais caras acess\u00edveis e econ\u00f3micas com a nossa subscri\u00e7\u00e3o de degusta\u00e7\u00e3o de whisky, pretendemos garantir que mais pessoas possam desfrutar do mundo diversificado do whiskey.[\/vc_column_text][\/vc_column][\/vc_row][vc_row][vc_column][vc_custom_heading text=&#8221;VIS\u00c3O&#8221; use_theme_fonts=&#8221;yes&#8221; css=&#8221;&#8221;][vc_column_text css=&#8221;&#8221;]A Whisky Flavour pretende ser uma refer\u00eancia na ind\u00fastria do Whiskey, revolucionando a forma como os consumidores e as marcas interagem. Ao oferecer oportunidades \u00fanicas de degusta\u00e7\u00e3o de Whiskey, pretendemos aumentar o conhecimento dos consumidores sobre as diversas e not\u00e1veis marcas e processos de fabrico dispon\u00edveis. Simultaneamente, as marcas de Whiskey ter\u00e3o a oportunidade de chegar a um p\u00fablico mais alargado, fomentando rela\u00e7\u00f5es duradouras com um n\u00famero crescente de consumidores.[\/vc_column_text][\/vc_column][\/vc_row][vc_row][vc_column][vc_custom_heading text=&#8221;VALORES&#8221; use_theme_fonts=&#8221;yes&#8221; css=&#8221;&#8221;][vc_column_text css=&#8221;&#8221;]Transpar\u00eancia | Eleg\u00e2ncia | Inova\u00e7\u00e3o | Orienta\u00e7\u00e3o para o cliente | Modernidade[\/vc_column_text][\/vc_column][\/vc_row]<\/p>\n<\/div>","protected":false},"excerpt":{"rendered":"<p>[vc_row][vc_column][vc_custom_heading text=&#8221;ORIGEM&#8221; use_theme_fonts=&#8221;yes&#8221; css=&#8221;&#8221;][vc_column_text css=&#8221;&#8221;]Whisky Flavour foi criado por um entusiasta de Whiskey que \u00e9 movido pelo desejo de explorar&#8230;<\/p>\n","protected":false},"author":1,"featured_media":0,"parent":0,"menu_order":0,"comment_status":"closed","ping_status":"closed","template":"","meta":{"footnotes":""},"class_list":["post-53272","page","type-page","status-publish","hentry"],"_links":{"self":[{"href":"https:\/\/www.whiskyflavour.com\/pt-pt\/wp-json\/wp\/v2\/pages\/53272","targetHints":{"allow":["GET"]}}],"collection":[{"href":"https:\/\/www.whiskyflavour.com\/pt-pt\/wp-json\/wp\/v2\/pages"}],"about":[{"href":"https:\/\/www.whiskyflavour.com\/pt-pt\/wp-json\/wp\/v2\/types\/page"}],"author":[{"embeddable":true,"href":"https:\/\/www.whiskyflavour.com\/pt-pt\/wp-json\/wp\/v2\/users\/1"}],"replies":[{"embeddable":true,"href":"https:\/\/www.whiskyflavour.com\/pt-pt\/wp-json\/wp\/v2\/comments?post=53272"}],"version-history":[{"count":0,"href":"https:\/\/www.whiskyflavour.com\/pt-pt\/wp-json\/wp\/v2\/pages\/53272\/revisions"}],"wp:attachment":[{"href":"https:\/\/www.whiskyflavour.com\/pt-pt\/wp-json\/wp\/v2\/media?parent=53272"}],"curies":[{"name":"wp","href":"https:\/\/api.w.org\/{rel}","templated":true}]}}