{"id":53301,"date":"2025-10-14T09:10:27","date_gmt":"2025-10-14T08:10:27","guid":{"rendered":"https:\/\/www.whiskyflavour.com\/faq\/"},"modified":"2026-01-26T11:01:31","modified_gmt":"2026-01-26T11:01:31","slug":"faq","status":"publish","type":"page","link":"https:\/\/www.whiskyflavour.com\/pt-pt\/faq\/","title":{"rendered":"FAQ"},"content":{"rendered":"<div class=\"wpb-content-wrapper\"><p>[vc_row][vc_column width=&#8221;1\/2&#8243;][vc_custom_heading text=&#8221;Como funciona a subscri\u00e7\u00e3o do Whisky Flavour?&#8221; font_container=&#8221;tag:h3|text_align:left&#8221; use_theme_fonts=&#8221;yes&#8221; css=&#8221;&#8221;][vc_column_text css=&#8221;&#8221;]\u00c9 muito f\u00e1cil. V\u00ea como: <\/p>\n<ol>\n<li><strong>Seleciona a tua <span data-sheets-root=\"1\">subscri\u00e7\u00e3o<\/span> favorita <span data-sheets-root=\"1\">da caixa Whiskey<\/span><\/strong>:\n<ul>\n<li>Decide quais as idades de Whiskey que queres nas tuas miniaturas.<\/li>\n<li>Selecciona a caixa de degusta\u00e7\u00e3o que corresponde \u00e0 tua prefer\u00eancia.<\/li>\n<\/ul>\n<\/li>\n<li><strong>Faz a tua encomenda<\/strong>:\n<ul>\n<li>Cada caixa cont\u00e9m pelo menos 4 miniaturas.<\/li>\n<li>Conclui a tua compra e fornece as informa\u00e7\u00f5es necess\u00e1rias.<\/li>\n<\/ul>\n<\/li>\n<li>Recebe <strong>e desfruta<\/strong>:\n<ul>\n<li>Receber\u00e1s a tua <span data-sheets-root=\"1\">caixa de whisky <\/span>e poder\u00e1s provar os diferentes whiskies.<\/li>\n<li>Nunca repetimos as mesmas garrafas em miniatura, garantindo uma experi\u00eancia de degusta\u00e7\u00e3o \u00fanica em cada ocasi\u00e3o.<\/li>\n<\/ul>\n<\/li>\n<\/ol>\n<p>[\/vc_column_text][\/vc_column][vc_column width=&#8221;1\/2&#8243;][vc_custom_heading text=&#8221;Posso oferecer uma subscri\u00e7\u00e3o da caixa Whiskey como presente?&#8221; font_container=&#8221;tag:h3|text_align:left&#8221; use_theme_fonts=&#8221;yes&#8221; css=&#8221;&#8221;][vc_column_text css=&#8221;&#8221;]Podes crer! Por favor, contacta-nos primeiro para que possamos garantir que a caixa de degusta\u00e7\u00e3o \u00e9 entregue como presente. <\/p>\n<p>Uma assinatura da Whisky Flavour ser\u00e1 certamente apreciada pelos teus entes queridos, amigos ou colegas. Acreditamos que \u00e9 um \u00f3timo presente para os amantes do Whiskey e a embalagem \u00e9 excelente.[\/vc_column_text][\/vc_column][\/vc_row][vc_row][vc_column width=&#8221;1\/2&#8243;][vc_custom_heading text=&#8221;Quantas miniaturas de Whiskey vou receber?&#8221; font_container=&#8221;tag:h3|text_align:left&#8221; use_theme_fonts=&#8221;yes&#8221; css=&#8221;&#8221;][vc_column_text css=&#8221;&#8221;]Dentro de cada <span data-sheets-root=\"1\">caixa de assinatura de whiskey<\/span>, encontrar\u00e1s pelo menos 4 garrafas originais de whiskey em miniatura. Ocasionalmente, poder\u00e1s encontrar mais, dependendo do valor das garrafas em miniatura.<\/p>\n<p>Por vezes, queremos apenas surpreender-te![\/vc_column_text][\/vc_column][vc_column width=&#8221;1\/2&#8243;][vc_custom_heading text=&#8221;Como posso seguir a minha encomenda?&#8221; font_container=&#8221;tag:h3|text_align:left&#8221; use_theme_fonts=&#8221;yes&#8221; css=&#8221;&#8221;][vc_column_text css=&#8221;&#8221;]Uma vez que todas as encomendas s\u00e3o enviadas por correio registado, receber\u00e1s um e-mail com as informa\u00e7\u00f5es necess\u00e1rias para seguires a tua encomenda.<\/p>\n<p>Se ainda tiveres d\u00favidas, n\u00e3o tiveres recebido o e-mail ou n\u00e3o souberes como proceder, contacta-nos.[\/vc_column_text][\/vc_column][\/vc_row][vc_row][vc_column width=&#8221;1\/2&#8243;][vc_custom_heading text=&#8221;Quando \u00e9 que recebo a minha caixa de subscri\u00e7\u00e3o Whiskey?&#8221; font_container=&#8221;tag:h3|text_align:left&#8221; use_theme_fonts=&#8221;yes&#8221; css=&#8221;&#8221;][vc_column_text css=&#8221;&#8221;]Dependendo do teu pa\u00eds, pode demorar entre 5 a 10 dias \u00fateis para receberes a tua subscri\u00e7\u00e3o da caixa Whiskey.<\/p>\n<p>Tens de fazer a tua encomenda at\u00e9 ao dia 24 de cada m\u00eas. Todas as encomendas s\u00e3o enviadas at\u00e9 ao dia 7 do m\u00eas seguinte.[\/vc_column_text][\/vc_column][vc_column width=&#8221;1\/2&#8243;][vc_custom_heading text=&#8221;Quais s\u00e3o os m\u00e9todos de envio dispon\u00edveis e quais s\u00e3o os custos de envio?&#8221; font_container=&#8221;tag:h3|text_align:left&#8221; use_theme_fonts=&#8221;yes&#8221; css=&#8221;&#8221;][vc_column_text css=&#8221;&#8221;]Enviamos para todo o mundo e processamos sempre a tua encomenda com correio registado para que possas acompanhar a tua encomenda. Tem em aten\u00e7\u00e3o que os custos de envio podem variar, pelo que deves verificar o custo exato de envio no momento do checkout. <\/p>\n<p><strong>Importante<\/strong>: N\u00e3o assumimos qualquer responsabilidade se o teu pa\u00eds tiver pol\u00edticas rigorosas relativamente a transac\u00e7\u00f5es de alimentos e bebidas alco\u00f3licas. Certifica-te de que verificas os regulamentos do teu pa\u00eds antes de fazeres uma encomenda.[\/vc_column_text][\/vc_column][\/vc_row][vc_row][vc_column width=&#8221;1\/2&#8243;][vc_custom_heading text=&#8221;O que devo fazer se n\u00e3o receber a minha encomenda?&#8221; font_container=&#8221;tag:h3|text_align:left&#8221; use_theme_fonts=&#8221;yes&#8221; css=&#8221;&#8221;][vc_column_text css=&#8221;&#8221;]Se n\u00e3o receberes a tua subscri\u00e7\u00e3o da caixa Whiskey, contacta-nos o mais rapidamente poss\u00edvel. Verificaremos o que aconteceu e ajudar-te-emos a resolver o problema.[\/vc_column_text][\/vc_column][vc_column width=&#8221;1\/2&#8243;][\/vc_column][\/vc_row]<\/p>\n<\/div>","protected":false},"excerpt":{"rendered":"<p>[vc_row][vc_column width=&#8221;1\/2&#8243;][vc_custom_heading text=&#8221;Como funciona a subscri\u00e7\u00e3o do Whisky Flavour?&#8221; font_container=&#8221;tag:h3|text_align:left&#8221; use_theme_fonts=&#8221;yes&#8221; css=&#8221;&#8221;][vc_column_text css=&#8221;&#8221;]\u00c9 muito f\u00e1cil. V\u00ea como: Seleciona a tua&#8230;<\/p>\n","protected":false},"author":1,"featured_media":37771,"parent":0,"menu_order":4,"comment_status":"closed","ping_status":"closed","template":"","meta":{"footnotes":""},"class_list":["post-53301","page","type-page","status-publish","has-post-thumbnail","hentry"],"_links":{"self":[{"href":"https:\/\/www.whiskyflavour.com\/pt-pt\/wp-json\/wp\/v2\/pages\/53301","targetHints":{"allow":["GET"]}}],"collection":[{"href":"https:\/\/www.whiskyflavour.com\/pt-pt\/wp-json\/wp\/v2\/pages"}],"about":[{"href":"https:\/\/www.whiskyflavour.com\/pt-pt\/wp-json\/wp\/v2\/types\/page"}],"author":[{"embeddable":true,"href":"https:\/\/www.whiskyflavour.com\/pt-pt\/wp-json\/wp\/v2\/users\/1"}],"replies":[{"embeddable":true,"href":"https:\/\/www.whiskyflavour.com\/pt-pt\/wp-json\/wp\/v2\/comments?post=53301"}],"version-history":[{"count":0,"href":"https:\/\/www.whiskyflavour.com\/pt-pt\/wp-json\/wp\/v2\/pages\/53301\/revisions"}],"wp:featuredmedia":[{"embeddable":true,"href":"https:\/\/www.whiskyflavour.com\/pt-pt\/wp-json\/wp\/v2\/media\/37771"}],"wp:attachment":[{"href":"https:\/\/www.whiskyflavour.com\/pt-pt\/wp-json\/wp\/v2\/media?parent=53301"}],"curies":[{"name":"wp","href":"https:\/\/api.w.org\/{rel}","templated":true}]}}