{"id":21372,"date":"2025-10-14T16:35:20","date_gmt":"2025-10-14T15:35:20","guid":{"rendered":"https:\/\/www.whiskyflavour.com\/shop\/whiskyflavour-advent-calendar\/"},"modified":"2026-01-26T12:38:38","modified_gmt":"2026-01-26T12:38:38","slug":"calendario-de-eventos-de-whisky","status":"publish","type":"product","link":"https:\/\/www.whiskyflavour.com\/pt-pt\/shop\/calendario-de-eventos-de-whisky\/","title":{"rendered":"Calend\u00e1rio do Advento do Whisky"},"content":{"rendered":"<h2>Calend\u00e1rio do Advento do Whiskey por Whiskyflavour &#8211; Edi\u00e7\u00e3o 2025<\/h2>\n<p>O Calend\u00e1rio do Advento Whiskyflavour vai definitivamente trazer mais alegria \u00e0s tuas f\u00e9rias. Lembras-te das semanas antes do Natal, quando contavas os dias com um calend\u00e1rio do Advento de chocolate? Pois bem, demos uma pequena volta \u00e0 dram Street para lan\u00e7ar um calend\u00e1rio que todos os amantes do Whisky merecem ter!  <\/p>\n<p>Todos os dias, durante todo o m\u00eas de dezembro, vai desembrulhar um objeto \u00fanico&#8230; Estilo WhiskyFlavour! Ou tiras a caixa e encontras miniaturas originais de Whisky, uma bandeja de degusta\u00e7\u00e3o de Whisky ou uma base para copos de corti\u00e7a.  <\/p>\n<p>Mesmo que n\u00e3o seja Natal, o nosso calend\u00e1rio do advento do whisky em miniatura pode ser o presente perfeito para um aficionado do whisky, para colecionar 24 miniaturas numa s\u00f3 compra, ou como uma oportunidade para provar whisky de destilarias de todo o mundo. Afinal, o Natal \u00e9 quando quiseres! <\/p>\n<p>&nbsp;<\/p>\n<h2>Neste Calend\u00e1rio do Advento de Provas de Whiskey<\/h2>\n<p>O nosso calend\u00e1rio do advento do whiskey \u00e9 mais do que uma contagem decrescente para o Natal com garrafas de whiskey em miniatura. Seguindo o conceito dos calend\u00e1rios do advento tradicionais, especialmente os com chocolate, este calend\u00e1rio do advento com degusta\u00e7\u00e3o de whiskey vai trazer-te mais alegria \u00e0s tuas f\u00e9rias &#8211; ou a quaisquer outros dias normais. <\/p>\n<p>Nos calend\u00e1rios tradicionais do Advento, as pessoas abrem uma janela ou uma porta para descobrir uma nova guloseima, uma por cada dia que antecede a v\u00e9spera de Natal em dezembro. Com o nosso calend\u00e1rio, em cada dia, durante 25 dias, poder\u00e1s abrir uma miniatura de Whiskey original e de marca e uma garrafa de tamanho normal. <\/p>\n<p>No entanto, este calend\u00e1rio do advento do whiskey oferece-te mais do que apenas whiskey.<\/p>\n<p>&nbsp;<\/p>\n<h3>O que tens neste alegre Calend\u00e1rio do Advento Whiskey?<\/h3>\n<p>Mesmo que n\u00e3o seja \u00e9poca de Natal, o nosso calend\u00e1rio do advento do whiskey inclui miniaturas de whiskey de alta qualidade e acess\u00f3rios relacionados com o whiskey.<\/p>\n<p>Podes esperar que esta sele\u00e7\u00e3o de express\u00f5es \u00fanicas de Whiskey fa\u00e7a explodir a tua mente de amante de Whiskey sempre que tirares um item do calend\u00e1rio.<\/p>\n<p>Eis o que recebes com este calend\u00e1rio do advento do Whiskey:<\/p>\n<ul>\n<li><strong>24 miniaturas originais<\/strong> de <strong>whiskey<\/strong> de <strong>marca<\/strong>, de destilarias de todo o mundo.<\/li>\n<li><strong>1 garrafa de Whiskey de tamanho normal,<\/strong> cuidadosamente selecionada para tornar os teus dias ainda melhores.<\/li>\n<li><strong>2 bases <\/strong>para <strong>copos em corti\u00e7a, <\/strong>para protegeres os m\u00f3veis com estilo.<\/li>\n<li><strong>1 tabuleiro de degusta\u00e7\u00e3o de Whiskey<\/strong>, para que possas identificar mais facilmente as notas de sabor e os aromas de cada miniatura.<\/li>\n<\/ul>\n<p><em>*A imagem \u00e9 meramente ilustrativa. As garrafas de Whisky em miniatura na imagem podem n\u00e3o ser as que ser\u00e3o selecionadas para envio. <\/em><\/p>\n<p>&nbsp;<\/p>\n<h3>Calend\u00e1rio do Advento Mundial do Whiskey<\/h3>\n<p>No nosso Calend\u00e1rio do Advento Whiskey, podes encontrar garrafas em miniatura de destilarias de todo o mundo. Seleccionamos cuidadosamente a nossa sele\u00e7\u00e3o de v\u00e1rios pa\u00edses produtores de Whiskey para que possas provar o maior n\u00famero poss\u00edvel de express\u00f5es. <\/p>\n<p>Desde destilarias de grande reputa\u00e7\u00e3o com v\u00e1rias express\u00f5es premiadas a express\u00f5es feitas em destilarias emergentes, e no que diz respeito a tipos de Whiskey por regi\u00e3o do mundo, podes receber express\u00f5es da Esc\u00f3cia e Irlanda (obviamente), dos EUA (representados por Bourbon e Tennessee), Jap\u00e3o, \u00cdndia, Peru, Fran\u00e7a, Alemanha e muitos outros!<\/p>\n<p>De acordo com a produ\u00e7\u00e3o, podes receber rye whiskey, single grain, single malt ou Blended whisky, triple distilled whiskey, single barrel, small batch ou straight bourbon. Todas as express\u00f5es v\u00eam em garrafas miniatura de marca &#8211; com 5cl (1,69 oz), um pouco mais do que as amostras de Whiskey. <\/p>\n<p>&nbsp;<\/p>\n<h3>Faz um calend\u00e1rio do Advento do Whiskey, se quiseres!<\/h3>\n<p>O nosso calend\u00e1rio do whiskey leva-te ao Natal como nenhum outro. Para al\u00e9m de todas as express\u00f5es \u00fanicas e acess\u00f3rios de whiskey, este calend\u00e1rio do advento de degusta\u00e7\u00e3o de whiskey pode ser o pontap\u00e9 de sa\u00edda para fazeres um calend\u00e1rio do advento do whiskey DIY&#8230; Ou pelo menos metade dele! Duas coisas s\u00e3o certas: encontrar 24 garrafas em miniatura \u00e9 uma tarefa que fazemos por ti, e enviamos-te a estrutura de madeira.   <\/p>\n<p><em><strong>Devido \u00e0s condi\u00e7\u00f5es de envio, a estrutura de madeira n\u00e3o pode ser enviada j\u00e1 montada.<\/strong><\/em>  Antes de montares a estrutura, podes planear como vais fazer um Calend\u00e1rio do Advento DIY Whiskey. Toda a estrutura \u00e9 feita de madeira, que \u00e9 um material maravilhoso para pintar ou fazer decoupage (uma t\u00e9cnica para colar papel numa madeira e dar-lhe um aspeto natural). <\/p>\n<p>Tamb\u00e9m podes gravar os n\u00fameros para indicar os dias do Advento ou simplesmente acrescent\u00e1-los com autocolantes, etiquetas ou revela\u00e7\u00f5es de raspadinha.<\/p>\n<p><em>*Apesar de dares estas ideias para um calend\u00e1rio do Advento do Whiskey DIY, n\u00e3o nos responsabilizamos por danos causados ao calend\u00e1rio do Advento do Whiskey ap\u00f3s a entrega.<\/em><\/p>\n<p>&nbsp;<\/p>\n<h4>Mais do que um calend\u00e1rio mundial do advento do Whiskey, esta \u00e9 uma experi\u00eancia requintada para as f\u00e9rias &#8211; ou para qualquer outro dia normal!<\/h4>\n","protected":false},"excerpt":{"rendered":"<p>Calend\u00e1rio do Advento do Whiskey por Whiskyflavour &#8211; Edi\u00e7\u00e3o 2025 O Calend\u00e1rio do Advento Whiskyflavour vai definitivamente trazer mais alegria&#8230;<\/p>\n","protected":false},"featured_media":33694,"comment_status":"open","ping_status":"closed","template":"","meta":[],"product_brand":[],"product_cat":[14372,14327,4804],"product_tag":[],"class_list":{"0":"post-21372","1":"product","2":"type-product","3":"status-publish","4":"has-post-thumbnail","6":"product_cat-calendario-whiskey","7":"product_cat-prova-de-whiskey","8":"product_cat-whisky-gift-pt-pt","9":"product_shipping_class-advent-calendar-pt-pt","11":"first","12":"instock","13":"taxable","14":"shipping-taxable","15":"purchasable","16":"product-type-simple"},"_links":{"self":[{"href":"https:\/\/www.whiskyflavour.com\/pt-pt\/wp-json\/wp\/v2\/product\/21372","targetHints":{"allow":["GET"]}}],"collection":[{"href":"https:\/\/www.whiskyflavour.com\/pt-pt\/wp-json\/wp\/v2\/product"}],"about":[{"href":"https:\/\/www.whiskyflavour.com\/pt-pt\/wp-json\/wp\/v2\/types\/product"}],"replies":[{"embeddable":true,"href":"https:\/\/www.whiskyflavour.com\/pt-pt\/wp-json\/wp\/v2\/comments?post=21372"}],"wp:featuredmedia":[{"embeddable":true,"href":"https:\/\/www.whiskyflavour.com\/pt-pt\/wp-json\/wp\/v2\/media\/33694"}],"wp:attachment":[{"href":"https:\/\/www.whiskyflavour.com\/pt-pt\/wp-json\/wp\/v2\/media?parent=21372"}],"wp:term":[{"taxonomy":"product_brand","embeddable":true,"href":"https:\/\/www.whiskyflavour.com\/pt-pt\/wp-json\/wp\/v2\/product_brand?post=21372"},{"taxonomy":"product_cat","embeddable":true,"href":"https:\/\/www.whiskyflavour.com\/pt-pt\/wp-json\/wp\/v2\/product_cat?post=21372"},{"taxonomy":"product_tag","embeddable":true,"href":"https:\/\/www.whiskyflavour.com\/pt-pt\/wp-json\/wp\/v2\/product_tag?post=21372"}],"curies":[{"name":"wp","href":"https:\/\/api.w.org\/{rel}","templated":true}]}}