{"id":26137,"date":"2016-05-09T08:50:25","date_gmt":"2016-05-09T07:50:25","guid":{"rendered":"https:\/\/www.whiskyflavour.com\/politica-de-confidentialitate-si-politica-cookie-urilor\/"},"modified":"2026-01-26T11:01:29","modified_gmt":"2026-01-26T11:01:29","slug":"privacy-policy","status":"publish","type":"page","link":"https:\/\/www.whiskyflavour.com\/ro\/privacy-policy\/","title":{"rendered":"Politica de confiden\u021bialitate"},"content":{"rendered":"<div class=\"wpb-content-wrapper\"><p>[vc_row][vc_column][vc_column_text css=&#8221;&#8221;]<\/p>\n<h2>Politica de confiden\u021bialitate<\/h2>\n<p>Confiden\u021bialitatea dumneavoastr\u0103 este important\u0103 pentru noi. Politica <strong>Whiskyflavour<\/strong> este de a v\u0103 respecta confiden\u021bialitatea cu privire la orice informa\u021bii pe care le putem colecta de la dvs. pe site-ul nostru, <a href=\"https:\/\/www.whiskyflavour.com\/ro\/\">Whiskyflavour.com<\/a>, \u0219i pe alte site-uri pe care le de\u021binem \u0219i oper\u0103m. <\/p>\n<p>Solicit\u0103m informa\u021bii personale numai atunci c\u00e2nd avem cu adev\u0103rat nevoie de ele pentru a v\u0103 oferi un serviciu. Le colect\u0103m prin mijloace corecte \u0219i legale, cu \u0219tiin\u021ba \u0219i consim\u021b\u0103m\u00e2ntul dumneavoastr\u0103. De asemenea, v\u0103 inform\u0103m de ce le colect\u0103m \u0219i cum vor fi utilizate.  <\/p>\n<p>P\u0103str\u0103m informa\u021biile colectate doar at\u00e2t timp c\u00e2t este necesar pentru a v\u0103 furniza serviciul solicitat. Datele pe care le stoc\u0103m vor fi protejate prin mijloace acceptabile din punct de vedere comercial pentru a preveni pierderea \u0219i furtul, precum \u0219i accesul, divulgarea, copierea, utilizarea sau modificarea neautorizate. <\/p>\n<p>Nu \u00eemp\u0103rt\u0103\u0219im nicio informa\u021bie de identificare personal\u0103 public sau cu ter\u021bi, cu excep\u021bia cazurilor \u00een care legea ne oblig\u0103.<\/p>\n<p>Site-ul nostru poate avea leg\u0103turi c\u0103tre site-uri externe care nu sunt operate de noi. V\u0103 rug\u0103m s\u0103 fi\u021bi con\u0219tien\u021bi de faptul c\u0103 nu avem niciun control asupra con\u021binutului \u0219i practicilor acestor site-uri \u0219i nu putem accepta responsabilitatea sau r\u0103spunderea pentru politicile lor respective de confiden\u021bialitate. <\/p>\n<p>Sunte\u021bi liber s\u0103 refuza\u021bi solicitarea noastr\u0103 de informa\u021bii personale, cu \u00een\u021belegerea c\u0103 este posibil s\u0103 nu v\u0103 putem furniza unele dintre serviciile dorite.<\/p>\n<p>Utilizarea \u00een continuare a site-ului nostru va fi considerat\u0103 drept acceptare a practicilor noastre privind confiden\u021bialitatea \u0219i informa\u021biile personale. Dac\u0103 ave\u021bi \u00eentreb\u0103ri cu privire la modul \u00een care gestion\u0103m datele utilizatorilor \u0219i informa\u021biile personale, nu ezita\u021bi s\u0103 ne contacta\u021bi. <\/p>\n<h2><strong>Politica privind cookie-urile<\/strong> pentru <strong>WhiskyFlavour<\/strong><\/h2>\n<p>Aceasta este politica privind cookie-urile pentru <strong>Whiskyflavour<\/strong>, accesibil\u0103 de la adresa URL.<\/p>\n<h3>Ce sunt modulele cookie<\/h3>\n<p>Ca o practic\u0103 obi\u0219nuit\u0103 pentru aproape toate site-urile web profesionale, acest site utilizeaz\u0103 module cookie, care sunt fi\u0219iere mici care sunt desc\u0103rcate pe computerul dvs., pentru a v\u0103 \u00eembun\u0103t\u0103\u021bi experien\u021ba. Aceast\u0103 pagin\u0103 descrie ce informa\u021bii colecteaz\u0103 acestea, cum le folosim \u0219i de ce uneori trebuie s\u0103 stoc\u0103m aceste module cookie. De asemenea, v\u0103 vom \u00eemp\u0103rt\u0103\u0219i modul \u00een care pute\u021bi \u00eempiedica stocarea acestor module cookie; cu toate acestea, este posibil ca anumite elemente ale func\u021bionalit\u0103\u021bii site-ului s\u0103 fie degradate sau &#8220;\u00eentrerupte&#8221;.  <\/p>\n<h3>Cum folosim modulele cookie<\/h3>\n<p>Utiliz\u0103m module cookie pentru o serie de motive detaliate mai jos. Din p\u0103cate, \u00een majoritatea cazurilor, nu exist\u0103 op\u021biuni standard din industrie pentru dezactivarea cookie-urilor f\u0103r\u0103 a dezactiva complet func\u021bionalitatea \u0219i caracteristicile pe care le adaug\u0103 acestui site. Este recomandat s\u0103 l\u0103sa\u021bi activate toate modulele cookie dac\u0103 nu sunte\u021bi sigur dac\u0103 ave\u021bi nevoie de ele sau nu, \u00een cazul \u00een care acestea sunt utilizate pentru a furniza un serviciu pe care \u00eel utiliza\u021bi.  <\/p>\n<h3>Dezactivarea modulelor cookie<\/h3>\n<p>Pute\u021bi preveni setarea modulelor cookie prin ajustarea set\u0103rilor browserului dvs. (consulta\u021bi Ajutorul browserului dvs. pentru a afla cum s\u0103 face\u021bi acest lucru). Re\u021bine\u021bi c\u0103 dezactivarea modulelor cookie va afecta func\u021bionalitatea acestui site \u0219i a multor alte site-uri pe care le vizita\u021bi. Dezactivarea modulelor cookie va duce, de obicei, \u0219i la dezactivarea anumitor func\u021bionalit\u0103\u021bi \u0219i caracteristici ale acestui site. Prin urmare, este recomandat s\u0103 nu dezactiva\u021bi modulele cookie.   <\/p>\n<h3>Modulele cookie pe care le set\u0103m<\/h3>\n<ul>\n<li>Cookie-uri legate de cont<\/li>\n<\/ul>\n<p>Dac\u0103 v\u0103 crea\u021bi un cont la noi, vom utiliza module cookie pentru gestionarea procesului de \u00eenscriere \u0219i pentru administrarea general\u0103. Aceste module cookie vor fi, de obicei, \u0219terse atunci c\u00e2nd v\u0103 deconecta\u021bi; cu toate acestea, \u00een unele cazuri, ele pot r\u0103m\u00e2ne ulterior pentru a v\u0103 re\u021bine preferin\u021bele site-ului atunci c\u00e2nd v\u0103 deconecta\u021bi. <\/p>\n<ul>\n<li>Cookie-uri legate de autentificare<\/li>\n<\/ul>\n<p>Utiliz\u0103m module cookie atunci c\u00e2nd sunte\u021bi conectat, astfel \u00eenc\u00e2t s\u0103 ne putem aminti acest fapt. Acest lucru v\u0103 \u00eempiedic\u0103 s\u0103 v\u0103 conecta\u021bi de fiecare dat\u0103 c\u00e2nd vizita\u021bi o pagin\u0103 nou\u0103. Aceste module cookie sunt de obicei eliminate sau \u0219terse atunci c\u00e2nd v\u0103 deconecta\u021bi pentru a v\u0103 asigura c\u0103 pute\u021bi accesa func\u021bii \u0219i zone restric\u021bionate numai atunci c\u00e2nd sunte\u021bi conectat.  <\/p>\n<ul>\n<li>Cookie-uri legate de buletinele de \u0219tiri prin e-mail<\/li>\n<\/ul>\n<p>Acest site ofer\u0103 servicii de newsletter sau abonare prin e-mail, iar modulele cookie pot fi utilizate pentru a re\u021bine dac\u0103 sunte\u021bi deja \u00eenregistrat \u0219i pentru a afi\u0219a anumite notific\u0103ri care ar putea fi valabile numai pentru utilizatorii abona\u021bi\/neabona\u021bi.<\/p>\n<ul>\n<li>Cookie-uri legate de procesarea comenzilor<\/li>\n<\/ul>\n<p>Acest site ofer\u0103 facilit\u0103\u021bi de comer\u021b electronic sau de plat\u0103, iar unele module cookie sunt esen\u021biale pentru a se asigura c\u0103 comanda dvs. este re\u021binut\u0103 \u00eentre pagini, astfel \u00eenc\u00e2t s\u0103 o putem procesa corect.<\/p>\n<ul>\n<li>Cookie-uri legate de sondaje<\/li>\n<\/ul>\n<p>Din c\u00e2nd \u00een c\u00e2nd, oferim sondaje \u0219i chestionare utilizatorilor pentru a v\u0103 oferi informa\u021bii interesante, instrumente utile sau pentru a \u00een\u021belege mai bine baza noastr\u0103 de utilizatori. Aceste sondaje pot utiliza module cookie pentru a re\u021bine cine a luat deja parte la un sondaj sau pentru a v\u0103 oferi rezultate exacte dup\u0103 ce schimba\u021bi pagina. <\/p>\n<ul>\n<li>Module cookie legate de formulare<\/li>\n<\/ul>\n<p>Atunci c\u00e2nd trimite\u021bi date prin intermediul unui formular, cum ar fi cele g\u0103site pe paginile de contact sau formularele de comentarii, cookie-urile pot fi setate pentru a re\u021bine detaliile dvs. de utilizator pentru coresponden\u021ba viitoare.<\/p>\n<ul>\n<li>Cookie-uri pentru preferin\u021bele site-ului<\/li>\n<\/ul>\n<p>Pentru a v\u0103 oferi o experien\u021b\u0103 excelent\u0103 pe acest site, v\u0103 oferim func\u021bionalitatea de a v\u0103 seta preferin\u021bele pentru modul \u00een care func\u021bioneaz\u0103 acest site atunci c\u00e2nd \u00eel utiliza\u021bi. Pentru a v\u0103 re\u021bine preferin\u021bele, trebuie s\u0103 set\u0103m module cookie, astfel \u00eenc\u00e2t aceste informa\u021bii s\u0103 poat\u0103 fi apelate ori de c\u00e2te ori interac\u021biona\u021bi cu o pagin\u0103 care este afectat\u0103 de preferin\u021bele dumneavoastr\u0103. <\/p>\n<h3>Module cookie ter\u021b\u0103 parte<\/h3>\n<p>\u00cen unele cazuri speciale, utiliz\u0103m, de asemenea, module cookie furnizate de ter\u021bi de \u00eencredere. Urm\u0103toarea sec\u021biune detaliaz\u0103 cookie-urile ter\u021b\u0103 parte pe care le-a\u021bi putea \u00eent\u00e2lni prin intermediul acestui site. <\/p>\n<ul>\n<li>Acest site utilizeaz\u0103 Google Analytics, care este una dintre cele mai r\u0103sp\u00e2ndite \u0219i de \u00eencredere solu\u021bii de analiz\u0103 de pe web pentru a ne ajuta s\u0103 \u00een\u021belegem modul \u00een care utiliza\u021bi site-ul \u0219i modalit\u0103\u021bile prin care v\u0103 putem \u00eembun\u0103t\u0103\u021bi experien\u021ba. Aceste module cookie pot urm\u0103ri lucruri precum timpul pe care \u00eel petrece\u021bi pe site \u0219i paginile pe care le vizita\u021bi, astfel \u00eenc\u00e2t s\u0103 putem continua s\u0103 producem con\u021binut atractiv.  Pentru mai multe informa\u021bii despre modulele cookie Google Analytics, consulta\u021bi pagina oficial\u0103 Google Analytics.<\/li>\n<li>Analizele ter\u021bilor sunt utilizate pentru a urm\u0103ri \u0219i m\u0103sura utilizarea acestui site, astfel \u00eenc\u00e2t s\u0103 putem continua s\u0103 producem con\u021binut atractiv. Aceste module cookie pot urm\u0103ri lucruri precum timpul pe care \u00eel petrece\u021bi pe site sau paginile pe care le vizita\u021bi, ceea ce ne ajut\u0103 s\u0103 \u00een\u021belegem cum putem \u00eembun\u0103t\u0103\u021bi site-ul pentru dvs. <\/li>\n<li>Din c\u00e2nd \u00een c\u00e2nd, test\u0103m noi caracteristici \u0219i facem schimb\u0103ri subtile \u00een modul \u00een care site-ul este livrat. Atunci c\u00e2nd \u00eenc\u0103 test\u0103m noi caracteristici, aceste module cookie pot fi utilizate pentru a ne asigura c\u0103 beneficia\u021bi de o experien\u021b\u0103 consecvent\u0103 pe site, asigur\u00e2ndu-ne \u00een acela\u0219i timp c\u0103 \u00een\u021belegem ce optimiz\u0103ri apreciaz\u0103 cel mai mult utilizatorii no\u0219tri. <\/li>\n<li>Deoarece vindem produse, este important pentru noi s\u0103 \u00een\u021belegem statisticile despre c\u00e2\u021bi dintre vizitatorii site-ului nostru fac o achizi\u021bie \u0219i, ca atare, acesta este tipul de date pe care aceste module cookie le vor urm\u0103ri. Acest lucru este important pentru dvs., deoarece \u00eenseamn\u0103 c\u0103 putem face previziuni de afaceri exacte care ne permit s\u0103 monitoriz\u0103m publicitatea \u0219i costurile produselor noastre pentru a asigura cel mai bun pre\u021b posibil. <\/li>\n<li>Serviciul Google AdSense pe care \u00eel folosim pentru a difuza publicitate utilizeaz\u0103 un cookie DoubleClick pentru a difuza anun\u021buri mai relevante pe web \u0219i pentru a limita num\u0103rul de ori \u00een care v\u0103 este afi\u0219at un anumit anun\u021b.<br \/>\nPentru mai multe informa\u021bii despre Google AdSense, consulta\u021bi \u00eentreb\u0103rile frecvente oficiale privind confiden\u021bialitatea Google AdSense.<\/li>\n<li>Utiliz\u0103m reclame pentru a compensa costurile de func\u021bionare a acestui site \u0219i pentru a furniza fonduri pentru dezvoltarea ulterioar\u0103. Modulele cookie de publicitate comportamental\u0103 utilizate de acest site sunt concepute pentru a ne asigura c\u0103 v\u0103 oferim cele mai relevante anun\u021buri, acolo unde este posibil, prin urm\u0103rirea anonim\u0103 a intereselor dvs. \u0219i prezentarea de lucruri similare care ar putea fi de interes. <\/li>\n<li>Mai mul\u021bi parteneri fac publicitate \u00een numele nostru, iar cookie-urile de urm\u0103rire a afilia\u021bilor ne permit pur \u0219i simplu s\u0103 vedem dac\u0103 clien\u021bii no\u0219tri au ajuns pe site prin intermediul unuia dintre site-urile noastre partenere, astfel \u00eenc\u00e2t s\u0103 le putem acorda creditul corespunz\u0103tor \u0219i, dup\u0103 caz, s\u0103 le permitem partenerilor no\u0219tri afilia\u021bi s\u0103 ofere orice bonus pe care vi-l pot oferi pentru efectuarea unei achizi\u021bii.<\/li>\n<li>De asemenea, pe acest site folosim butoane \u0219i\/sau plugin-uri pentru re\u021belele sociale care v\u0103 permit s\u0103 v\u0103 conecta\u021bi cu re\u021beaua dvs. social\u0103 \u00een diverse moduri. Pentru ca acestea s\u0103 func\u021bioneze, urm\u0103toarele site-uri de social media, inclusiv Facebook, Instagram, Twitter, Pinterest, Tumblr etc., vor seta module cookie prin intermediul site-ului nostru, care pot fi utilizate pentru a v\u0103 \u00eembun\u0103t\u0103\u021bi profilul pe site-ul lor sau pentru a contribui la datele pe care le de\u021bin \u00een diverse scopuri descrise \u00een politicile lor de confiden\u021bialitate respective. <\/li>\n<\/ul>\n<h2>Mai multe informa\u021bii<\/h2>\n<p>Sper\u0103m c\u0103 v-am clarificat lucrurile \u0219i, dup\u0103 cum s-a men\u021bionat anterior, dac\u0103 exist\u0103 ceva de care nu sunte\u021bi sigur dac\u0103 ave\u021bi nevoie sau nu, de obicei este mai sigur s\u0103 l\u0103sa\u021bi cookie-urile activate \u00een cazul \u00een care interac\u021bioneaz\u0103 cu una dintre caracteristicile pe care le utiliza\u021bi pe site-ul nostru.<\/p>\n<p>Prezenta politic\u0103 intr\u0103 \u00een vigoare \u00een <strong>mai<\/strong> <strong>2020<\/strong>.[\/vc_column_text][\/vc_column][\/vc_row]<\/p>\n<\/div>","protected":false},"excerpt":{"rendered":"<p>[vc_row][vc_column][vc_column_text css=&#8221;&#8221;] Politica de confiden\u021bialitate Confiden\u021bialitatea dumneavoastr\u0103 este important\u0103 pentru noi. Politica Whiskyflavour este de a v\u0103 respecta confiden\u021bialitatea cu&#8230;<\/p>\n","protected":false},"author":1,"featured_media":0,"parent":0,"menu_order":8,"comment_status":"closed","ping_status":"closed","template":"","meta":{"footnotes":""},"class_list":["post-26137","page","type-page","status-publish","hentry"],"_links":{"self":[{"href":"https:\/\/www.whiskyflavour.com\/ro\/wp-json\/wp\/v2\/pages\/26137","targetHints":{"allow":["GET"]}}],"collection":[{"href":"https:\/\/www.whiskyflavour.com\/ro\/wp-json\/wp\/v2\/pages"}],"about":[{"href":"https:\/\/www.whiskyflavour.com\/ro\/wp-json\/wp\/v2\/types\/page"}],"author":[{"embeddable":true,"href":"https:\/\/www.whiskyflavour.com\/ro\/wp-json\/wp\/v2\/users\/1"}],"replies":[{"embeddable":true,"href":"https:\/\/www.whiskyflavour.com\/ro\/wp-json\/wp\/v2\/comments?post=26137"}],"version-history":[{"count":0,"href":"https:\/\/www.whiskyflavour.com\/ro\/wp-json\/wp\/v2\/pages\/26137\/revisions"}],"wp:attachment":[{"href":"https:\/\/www.whiskyflavour.com\/ro\/wp-json\/wp\/v2\/media?parent=26137"}],"curies":[{"name":"wp","href":"https:\/\/api.w.org\/{rel}","templated":true}]}}