{"id":53273,"date":"2021-10-12T15:51:09","date_gmt":"2021-10-12T14:51:09","guid":{"rendered":"https:\/\/www.whiskyflavour.com\/about-2\/"},"modified":"2026-04-02T17:00:24","modified_gmt":"2026-04-02T16:00:24","slug":"about","status":"publish","type":"page","link":"https:\/\/www.whiskyflavour.com\/ro\/about\/","title":{"rendered":"Despre"},"content":{"rendered":"<div class=\"wpb-content-wrapper\"><p>[vc_row][vc_column][vc_custom_heading text=&#8221;ORIGINE&#8221; use_theme_fonts=&#8221;yes&#8221; css=&#8221;&#8221;][vc_column_text css=&#8221;&#8221;]Whisky Flavour a fost creat de un entuziast al whisky-ului, m\u00e2nat de dorin\u021ba de a explora \u0219i de a savura diferite tipuri de whisky \u00een mod convenabil \u0219i accesibil.<\/p>\n<p>De multe ori este nepractic s\u0103 investe\u0219ti \u00eentr-o sticl\u0103 \u00eentreag\u0103 de Whiskey de care ai fost curios, mai ales c\u00e2nd \u00eel gu\u0219ti pentru prima dat\u0103. Av\u00e2nd \u00een vedere a\u0219tept\u0103rile \u00een joc, mul\u021bi pasiona\u021bi de Whiskey renun\u021b\u0103 s\u0103 cumpere o sticl\u0103 \u00eentreag\u0103. Pentru a v\u0103 bucura de mai mult whiskey la un pre\u021b mai accesibil, am dezvoltat acest abonament de degustare de whiskey.<\/p>\n<p>Serviciul de abonament Whisky Flavour a fost apoi dezvoltat, cu g\u00e2ndul la colegii no\u0219tri iubitori de Whiskey &#8211; cei c\u0103rora le place s\u0103 deguste o varietate de sticle, m\u0103rci \u0219i v\u00e2rste.<\/p>\n<p>Credem c\u0103 aceast\u0103 solu\u021bie v\u0103 permite s\u0103 degusta\u021bi o gam\u0103 larg\u0103 de whisky-uri f\u0103r\u0103 angajamentul pe termen lung de a cump\u0103ra o sticl\u0103 \u00eentreag\u0103.<\/p>\n<p>Oferim o cutie de abonament pentru degustarea unui singur whiskey, cu 4 miniaturi originale de whiskey de marc\u0103 \u00een fiecare lun\u0103. Acest lucru v\u0103 permite s\u0103 v\u0103 satisface\u021bi curiozitatea \u0219i s\u0103 v\u0103 extinde\u021bi repertoriul de whiskey cu u\u0219urin\u021b\u0103.[\/vc_column_text][\/vc_column][\/vc_row][vc_row][vc_column][vc_custom_heading text=&#8221;MISIUNE&#8221; use_theme_fonts=&#8221;yes&#8221; css=&#8221;&#8221;][vc_column_text css=&#8221;&#8221;]Misiunea Whisky Flavour este de a oferi pasiona\u021bilor de whiskey posibilitatea de a experimenta o mare varietate de m\u0103rci \u0219i tipuri de whiskey. F\u0103c\u00e2nd accesibile \u0219i accesibile chiar \u0219i cele mai scumpe m\u0103rci cu abonamentul nostru de degustare de whiskey, ne propunem s\u0103 ne asigur\u0103m c\u0103 mai mul\u021bi oameni se pot bucura de lumea divers\u0103 a whiskey-ului.[\/vc_column_text][\/vc_column][\/vc_row][vc_row][vc_column][vc_custom_heading text=&#8221;VIZIUNE&#8221; use_theme_fonts=&#8221;yes&#8221; css=&#8221;&#8221;][vc_column_text css=&#8221;&#8221;]Whisky Flavour \u00ee\u0219i propune s\u0103 devin\u0103 un lider de referin\u021b\u0103 \u00een industria Whiskey, revolu\u021bion\u00e2nd modul \u00een care consumatorii \u0219i m\u0103rcile interac\u021bioneaz\u0103. Prin oferirea de oportunit\u0103\u021bi unice de degustare a whiskey-urilor, ne propunem s\u0103 cre\u0219tem gradul de con\u0219tientizare a consumatorilor cu privire la m\u0103rcile \u0219i procesele de fabrica\u021bie diverse \u0219i remarcabile disponibile. \u00cen acela\u0219i timp, m\u0103rcile de Whiskey vor avea \u0219ansa de a ajunge la un public mai larg, promov\u00e2nd rela\u021bii pe termen lung cu un num\u0103r tot mai mare de consumatori.[\/vc_column_text][\/vc_column][\/vc_row][vc_row][vc_column][vc_custom_heading text=&#8221;VALORI&#8221; use_theme_fonts=&#8221;yes&#8221; css=&#8221;&#8221;][vc_column_text css=&#8221;&#8221;]Transparen\u021b\u0103 | Elegan\u021b\u0103 | Inova\u021bie | Orientare c\u0103tre client | Modernitate[\/vc_column_text][\/vc_column][\/vc_row]<\/p>\n<\/div>","protected":false},"excerpt":{"rendered":"<p>[vc_row][vc_column][vc_custom_heading text=&#8221;ORIGINE&#8221; use_theme_fonts=&#8221;yes&#8221; css=&#8221;&#8221;][vc_column_text css=&#8221;&#8221;]Whisky Flavour a fost creat de un entuziast al whisky-ului, m\u00e2nat de dorin\u021ba de a explora&#8230;<\/p>\n","protected":false},"author":1,"featured_media":0,"parent":0,"menu_order":0,"comment_status":"closed","ping_status":"closed","template":"","meta":{"footnotes":""},"class_list":["post-53273","page","type-page","status-publish","hentry"],"_links":{"self":[{"href":"https:\/\/www.whiskyflavour.com\/ro\/wp-json\/wp\/v2\/pages\/53273","targetHints":{"allow":["GET"]}}],"collection":[{"href":"https:\/\/www.whiskyflavour.com\/ro\/wp-json\/wp\/v2\/pages"}],"about":[{"href":"https:\/\/www.whiskyflavour.com\/ro\/wp-json\/wp\/v2\/types\/page"}],"author":[{"embeddable":true,"href":"https:\/\/www.whiskyflavour.com\/ro\/wp-json\/wp\/v2\/users\/1"}],"replies":[{"embeddable":true,"href":"https:\/\/www.whiskyflavour.com\/ro\/wp-json\/wp\/v2\/comments?post=53273"}],"version-history":[{"count":0,"href":"https:\/\/www.whiskyflavour.com\/ro\/wp-json\/wp\/v2\/pages\/53273\/revisions"}],"wp:attachment":[{"href":"https:\/\/www.whiskyflavour.com\/ro\/wp-json\/wp\/v2\/media?parent=53273"}],"curies":[{"name":"wp","href":"https:\/\/api.w.org\/{rel}","templated":true}]}}