{"id":26158,"date":"2016-05-01T21:20:50","date_gmt":"2016-05-01T20:20:50","guid":{"rendered":"https:\/\/www.whiskyflavour.com\/shop\/abonamentul-la-cutia-de-degustare-de-whisky\/"},"modified":"2026-04-26T17:32:12","modified_gmt":"2026-04-26T16:32:12","slug":"whisky-subscription-box","status":"publish","type":"product","link":"https:\/\/www.whiskyflavour.com\/ro\/shop\/whisky-subscription-box\/","title":{"rendered":"Cutie de abonament Whisky"},"content":{"rendered":"<h2>The Whiskey Tasting Box by Whisky Flavour &#8211; 4 miniaturi de la distilerii din \u00eentreaga lume<\/h2>\n<p>Dac\u0103 dori\u021bi s\u0103 experimenta\u021bi cele mai bune whisky-uri din lume, abonarea la abonamentul nostru Whiskey Tasting Box va fi cea mai bun\u0103 modalitate de a descoperi whisky-uri exclusive de la cele mai respectate distilerii din lume, inclusiv sco\u021biene, irlandeze, americane \u0219i multe altele!<\/p>\n<p>La Whisky Flavour, am creat un sistem de abonament accesibil de care clien\u021bii no\u0219tri din \u00eentreaga lume s-au \u00eendr\u0103gostit! Acest serviciu de abonament de degustare de Whiskey este perfect pentru a v\u0103 r\u0103sf\u0103\u021ba sau ca un cadou grijuliu! Fiind un cunosc\u0103tor de whiskey sau cineva care caut\u0103 mereu s\u0103 guste toate tipurile de whiskey, branduri underground de whiskey, game noi \u0219i vechi, cutia noastr\u0103 de degustare de whiskey se poate potrivi nevoilor \u0219i bugetului dvs.  <\/p>\n<p>Acum, s\u0103 vorbim despre ceea ce ve\u021bi primi atunci c\u00e2nd v\u0103 \u00eenscrie\u021bi la acest serviciu practic!<\/p>\n<p>&nbsp;<\/p>\n<h2>Comand\u0103-l o singur\u0103 dat\u0103 sau f\u0103-l un abonament de degustare de Whiskey<\/h2>\n<p>Pentru \u00eenceput, ve\u021bi primi \u00een fiecare lun\u0103 expresii excelente de Whiskey!<\/p>\n<p>\u00cen fiecare cutie, vor fi 4 miniaturi originale de whiskey de marc\u0103. Acestea pot fi un mister total sau putem avea \u00een vedere preferin\u021bele tale atunci c\u00e2nd select\u0103m miniaturile de Whiskey care \u00ee\u021bi vor fi livrate. Trebuie doar s\u0103 ne trimi\u021bi un e-mail cu preferin\u021bele tale \u00een materie de arome sau cu tipul de whiskey pe care vrei neap\u0103rat s\u0103 \u00eel gu\u0219ti.  <\/p>\n<p>Printre op\u021biunile noastre, <strong>pute\u021bi alege c\u00e2t timp ve\u021bi primi abonamentul nostru de degustare de Whiskey<\/strong>:<\/p>\n<ul>\n<li>Doar o dat\u0103.<\/li>\n<li>O dat\u0103 pe lun\u0103 timp de trei luni.<\/li>\n<li>O dat\u0103 pe lun\u0103 timp de \u0219ase luni.<\/li>\n<li>O dat\u0103 pe lun\u0103, timp de un an.<\/li>\n<\/ul>\n<p>Nu doar Whiskey-ul este extraordinar; cutia noastr\u0103 nu este nici ea una oarecare. Ne-am asociat cu produc\u0103tori locali \u0219i artizani ai lemnului pentru a crea o <strong>cutie din lemn modern\u0103 \u0219i minimalist\u0103<\/strong>. Este rezistent\u0103, astfel \u00eenc\u00e2t s\u0103 v\u0103 protejeze miniaturile Whiskey \u00een timpul livr\u0103rii \u0219i poate fi reutilizat\u0103 dup\u0103. Asigura\u021bi-v\u0103 c\u0103 o p\u0103stra\u021bi: este o amintire minunat\u0103 care a fost realizat\u0103 cu grij\u0103.   <\/p>\n<p>Aceast\u0103 <strong>cutie de degustare Whiskey va c\u00e2nt\u0103ri 1,5 kilograme<\/strong> \u0219i v\u0103 va fi trimis\u0103 \u00een func\u021bie de preferin\u021bele dvs.<\/p>\n<p>Oferim clien\u021bilor no\u0219tri toate op\u021biunile, astfel \u00eenc\u00e2t abonamentul s\u0103 se potriveasc\u0103 nevoilor lor, deoarece \u0219tim c\u0103 fiecare cunosc\u0103tor de whiskey este unic.<\/p>\n<p>&nbsp;<\/p>\n<h3>Sfaturi despre cutia noastr\u0103 de degustare Whiskey<\/h3>\n<p>Dac\u0103 ob\u021binerea c\u00e2torva spoilere nu este treaba ta, s\u0103ri\u021bi aceast\u0103 parte! Nu vom dezv\u0103lui totul despre cutia noastr\u0103 de degustare de Whiskey, dar vom l\u0103sa c\u00e2teva firimituri de p\u00e2ine, astfel \u00eenc\u00e2t s\u0103 nu rata\u021bi complet aceast\u0103 oportunitate. <\/p>\n<ul>\n<li>Miniaturile noastre de Whiskey <strong>au marca original\u0103 \u0219i sunt sticle de 5 cl (1,69 oz)<\/strong>.<\/li>\n<li>Ne place s\u0103 oferim o gam\u0103 larg\u0103 de whiskey, care include <strong>m\u0103rci de whiskey din diferite p\u0103r\u021bi ale lumii<\/strong> care dep\u0103\u0219esc tipurile tradi\u021bionale de whiskey. Clien\u021bii din trecut au primit expresii de Whisky de la m\u0103rci precum Black Whiskey, Langatun \u0219i Armorik Whisky, de exemplu. <\/li>\n<li>C\u0103ut\u0103m expresii de Whiskey care sunt <strong>fie clasice, fie whiskey-uri de top pe<\/strong> care oricine ar trebui s\u0103 le guste cel pu\u021bin o dat\u0103 \u00een via\u021b\u0103.<\/li>\n<li>\u021ainem eviden\u021ba cutiilor trimise anterior, astfel \u00eenc\u00e2t s\u0103 <strong>nu primi\u021bi aceea\u0219i expresie de Whiskey de dou\u0103 ori<\/strong> (dec\u00e2t dac\u0103 dori\u021bi cu adev\u0103rat).<\/li>\n<li><strong>Accept\u0103m cereri privind tipul de whiskey, v\u00e2rsta expresiilor \u0219i aromele care v\u0103 plac cel mai mult<\/strong>, astfel \u00eenc\u00e2t s\u0103 nu v\u0103 trimitem miniaturi de whiskey care cu siguran\u021b\u0103 nu v\u0103 vor pl\u0103cea.<\/li>\n<\/ul>\n<p>&nbsp;<\/p>\n<h3>Cutie de degustare Whiskey &#8211; F\u0103-o cadou!<\/h3>\n<p>Un abonament de degustare de whiskey este o idee de cadou uimitoare pentru oricine c\u0103ruia \u00eei place cu adev\u0103rat whiskey-ul. Bine\u00een\u021beles, nu am spune altceva, dar <strong>putem trimite cutia sau cutiile de degustare de whiskey la orice adres\u0103 ne furniza\u021bi<\/strong> \u00een momentul achizi\u021biei. \u0218i, de asemenea, putem ad\u0103uga o not\u0103 simpl\u0103 \u00een pachet pentru a-l face mai personal.  <\/p>\n<p>Cutia noastr\u0103 de abonament pentru whiskey poate fi oferit\u0103 at\u00e2t cunosc\u0103torilor de whiskey, c\u00e2t \u0219i persoanelor care \u00eencep s\u0103 dezvolte un gust pentru acest spirit. Deoarece <strong>selec\u021bia noastr\u0103 de miniaturi de Whisky este cu adev\u0103rat unic\u0103<\/strong>, ace\u0219tia ar putea primi expresii clasice \u0219i whisky fabricat \u00een distilerii din \u021b\u0103ri care nu sunt asociate \u00een mod obi\u0219nuit cu whisky-ul. <\/p>\n<p>Pe l\u00e2ng\u0103 tot whiskey-ul pe care \u00eel va gusta persoana iubit\u0103, prietenul sau colegul t\u0103u,<strong> cutia din lemn este perfect\u0103 pentru a fi reutilizat\u0103<\/strong> \u0219i pentru a-\u0219i p\u0103stra setul personal de degustare a whiskey-ului.<\/p>\n<p>Dac\u0103 nu dori\u021bi s\u0103 v\u0103 <strong>\u00eenscrie\u021bi la un abonament<\/strong>, pute\u021bi<strong> comanda doar o cutie de degustare de Whiskey<\/strong> pentru a o oferi cadou unui iubitor de Whiskey!<\/p>\n<p>&nbsp;<\/p>\n<h2>Abonament de degustare de whiskey &#8211; de la iubitorii de whiskey la iubitorii de whiskey<\/h2>\n<p>Echipa Whisky Flavour se angajeaz\u0103 s\u0103 ofere cele mai bune expresii de whisky din lume de la m\u0103rci care nu sunt u\u0219or de g\u0103sit \u0219i depunem toate eforturile pentru a le oferi clien\u021bilor no\u0219tri o selec\u021bie de miniaturi de whisky care credem c\u0103 v\u0103 vor \u00eenc\u00e2nta.<\/p>\n<p>Suntem m\u00e2ndri de serviciul nostru de abonament la whiskey \u0219i de cutia noastr\u0103 de degustare de whiskey, deoarece ofer\u0103 oamenilor din toate mediile acces la whiskey-uri excep\u021bionale pe care nu le-ar putea gusta altfel.<\/p>\n<p>&nbsp;<\/p>\n<h3 style=\"text-align: center;\">\u00censcrie\u021bi-v\u0103 acum pentru un abonament Whiskey Tasting Box de la Whisky Flavour!<\/h3>\n<p>&nbsp;<\/p>\n<p>&nbsp;<\/p>\n<h2>\u00centreb\u0103ri frecvente despre cutia noastr\u0103 de degustare Whiskey<\/h2>\n<p>&nbsp;<\/p>\n<h3>\u00cen ce \u021b\u0103ri o expedia\u021bi? \u0218i c\u00e2nd voi primi cutia mea de degustare Whiskey? <\/h3>\n<p>Noi expediem \u00een \u00eentreaga lume! Deci, timpul de livrare se va schimba \u00een func\u021bie de adresa pe care a\u021bi furnizat-o. Noi expediem din Portugalia, \u0219i de obicei dureaz\u0103 \u00eentre 5 \u0219i 10 zile lucr\u0103toare pentru a ajunge la tine!  <\/p>\n<p>V\u0103 sf\u0103tuim s\u0103 plasa\u021bi comanda \u00eenainte de data de 24 a oric\u0103rei luni, deoarece expediem toate comenzile p\u00e2n\u0103 la data de 7 a lunii urm\u0103toare.<\/p>\n<p>&nbsp;<\/p>\n<h3>Pot s\u0103-mi urm\u0103resc comanda?<\/h3>\n<p>Da! Vom expedia cutia dvs. de degustare de Whiskey prin scrisoare recomandat\u0103 \u0219i ve\u021bi primi un e-mail cu link-ul \u0219i codul necesare pentru a urm\u0103ri c\u0103l\u0103toria cutiei dvs. de Whiskey. <\/p>\n<p>&nbsp;<\/p>\n<p>Mai ave\u021bi \u00eentreb\u0103ri despre abonamentul nostru de degustare de Whiskey? Vizita\u021bi pagina noastr\u0103 FAQ sau trimite\u021bi-ne un e-mail. Ne vom asigura s\u0103 v\u0103 r\u0103spundem \u00een timp util.  <\/p>\n","protected":false},"excerpt":{"rendered":"<p>The Whiskey Tasting Box by Whisky Flavour &#8211; 4 miniaturi de la distilerii din \u00eentreaga lume Dac\u0103 dori\u021bi s\u0103 experimenta\u021bi&#8230;<\/p>\n","protected":false},"featured_media":26170,"comment_status":"open","ping_status":"closed","template":"","meta":[],"product_brand":[],"product_cat":[],"product_tag":[],"class_list":{"0":"post-26158","1":"product","2":"type-product","3":"status-publish","4":"has-post-thumbnail","7":"first","8":"outofstock","9":"taxable","10":"shipping-taxable","11":"purchasable","12":"product-type-variable-subscription"},"_links":{"self":[{"href":"https:\/\/www.whiskyflavour.com\/ro\/wp-json\/wp\/v2\/product\/26158","targetHints":{"allow":["GET"]}}],"collection":[{"href":"https:\/\/www.whiskyflavour.com\/ro\/wp-json\/wp\/v2\/product"}],"about":[{"href":"https:\/\/www.whiskyflavour.com\/ro\/wp-json\/wp\/v2\/types\/product"}],"replies":[{"embeddable":true,"href":"https:\/\/www.whiskyflavour.com\/ro\/wp-json\/wp\/v2\/comments?post=26158"}],"wp:featuredmedia":[{"embeddable":true,"href":"https:\/\/www.whiskyflavour.com\/ro\/wp-json\/"}],"wp:attachment":[{"href":"https:\/\/www.whiskyflavour.com\/ro\/wp-json\/wp\/v2\/media?parent=26158"}],"wp:term":[{"taxonomy":"product_brand","embeddable":true,"href":"https:\/\/www.whiskyflavour.com\/ro\/wp-json\/wp\/v2\/product_brand?post=26158"},{"taxonomy":"product_cat","embeddable":true,"href":"https:\/\/www.whiskyflavour.com\/ro\/wp-json\/wp\/v2\/product_cat?post=26158"},{"taxonomy":"product_tag","embeddable":true,"href":"https:\/\/www.whiskyflavour.com\/ro\/wp-json\/wp\/v2\/product_tag?post=26158"}],"curies":[{"name":"wp","href":"https:\/\/api.w.org\/{rel}","templated":true}]}}