{"id":66313,"date":"2016-05-09T08:50:25","date_gmt":"2016-05-09T07:50:25","guid":{"rendered":"https:\/\/www.whiskyflavour.com\/pravilnik-o-zasebnosti-in-pravilnik-o-piskotkih\/"},"modified":"2026-01-26T10:56:43","modified_gmt":"2026-01-26T10:56:43","slug":"privacy-policy","status":"publish","type":"page","link":"https:\/\/www.whiskyflavour.com\/sl\/privacy-policy\/","title":{"rendered":"Pravilnik o zasebnosti"},"content":{"rendered":"<div class=\"wpb-content-wrapper\"><p>[vc_row][vc_column][vc_column_text css=&#8221;&#8221;]<\/p>\n<h2>Pravilnik o zasebnosti<\/h2>\n<p>Va\u0161a zasebnost nam je pomembna. Politika <strong>WhiskyFlavour<\/strong> je, da spo\u0161tujemo va\u0161o zasebnost v zvezi z vsemi podatki, ki jih lahko zbiramo na na\u0161em spletnem mestu <a href=\"https:\/\/www.whiskyflavour.com\/sl\/\">whiskyflavour.com<\/a> in drugih spletnih mestih, ki jih imamo in upravljamo. <\/p>\n<p>Osebne podatke zahtevamo le, \u010de jih resni\u010dno potrebujemo za zagotavljanje storitev. Zbiramo jih na po\u0161ten in zakonit na\u010din, z va\u0161o vednostjo in privolitvijo. Prav tako vas obvestimo, zakaj jih zbiramo in kako jih bomo uporabili.  <\/p>\n<p>Zbrane podatke hranimo le toliko \u010dasa, kolikor je potrebno, da vam zagotovimo zahtevano storitev. Podatke, ki jih hranimo, bomo za\u0161\u010ditili s komercialno sprejemljivimi sredstvi za prepre\u010devanje izgube in kraje ter nepoobla\u0161\u010denega dostopa, razkritja, kopiranja, uporabe ali spreminjanja. <\/p>\n<p>Osebnih podatkov ne posredujemo javnosti ali tretjim osebam, razen \u010de to zahteva zakon.<\/p>\n<p>Na\u0161e spletno mesto lahko vsebuje povezave do zunanjih spletnih mest, ki jih ne upravljamo. Zavedajte se, da nimamo nadzora nad vsebino in prakso teh spletnih mest in ne moremo prevzeti odgovornosti za njihove politike zasebnosti. <\/p>\n<p>Na\u0161o zahtevo po osebnih podatkih lahko zavrnete, pri \u010demer se zavedate, da vam morda ne bomo mogli zagotoviti nekaterih \u017eelenih storitev.<\/p>\n<p>Va\u0161a nadaljnja uporaba na\u0161ega spletnega mesta pomeni, da se strinjate z na\u0161imi praksami glede zasebnosti in osebnih podatkov. \u010ce imate kakr\u0161na koli vpra\u0161anja o tem, kako ravnamo s podatki uporabnikov in osebnimi informacijami, se obrnite na nas. <\/p>\n<h2><strong>Pravilnik o pi\u0161kotkih za<\/strong> <strong>WhiskyFlavour<\/strong><\/h2>\n<p>To je pravilnik o pi\u0161kotkih za <strong>WhiskyFlavour<\/strong>, ki je dostopen z URL-ja.<\/p>\n<h3>Kaj so pi\u0161kotki<\/h3>\n<p>Kot je obi\u010dajna praksa skoraj vseh strokovnih spletnih mest, tudi to spletno mesto uporablja pi\u0161kotke, majhne datoteke, ki se prenesejo v va\u0161 ra\u010dunalnik, da bi izbolj\u0161ali va\u0161o izku\u0161njo. Na tej strani je opisano, katere informacije zbirajo, kako jih uporabljamo in zakaj moramo te pi\u0161kotke v\u010dasih shraniti. Predstavili vam bomo tudi, kako lahko prepre\u010dite shranjevanje teh pi\u0161kotkov; vendar lahko to poslab\u0161a ali &#8220;pokvari&#8221; nekatere elemente funkcionalnosti spletnega mesta.  <\/p>\n<h3>Kako uporabljamo pi\u0161kotke<\/h3>\n<p>Pi\u0161kotke uporabljamo iz razli\u010dnih razlogov, ki so opisani v nadaljevanju. \u017dal v ve\u010dini primerov ni standardnih mo\u017enosti za onemogo\u010danje pi\u0161kotkov, ne da bi popolnoma onemogo\u010dili funkcionalnost in funkcije, ki jih dodajajo temu spletnemu mestu. \u010ce niste prepri\u010dani, ali jih potrebujete ali ne, je priporo\u010dljivo, da pustite vklopljene vse pi\u0161kotke, \u010de se uporabljajo za zagotavljanje storitve, ki jo uporabljate.  <\/p>\n<h3>Onemogo\u010danje pi\u0161kotkov<\/h3>\n<p>Nastavitev pi\u0161kotkov lahko prepre\u010dite tako, da prilagodite nastavitve v brskalniku (za to glejte pomo\u010d brskalnika). Zavedajte se, da bo onemogo\u010danje pi\u0161kotkov vplivalo na delovanje te in \u0161tevilnih drugih spletnih strani, ki jih obiskujete. Onemogo\u010danje pi\u0161kotkov obi\u010dajno pomeni tudi onemogo\u010danje nekaterih funkcij in lastnosti tega spletnega mesta. Zato je priporo\u010dljivo, da pi\u0161kotkov ne onemogo\u010dite.   <\/p>\n<h3>Pi\u0161kotki, ki jih nastavljamo<\/h3>\n<ul>\n<li>Pi\u0161kotki, povezani z ra\u010dunom<\/li>\n<\/ul>\n<p>\u010ce pri nas ustvarite ra\u010dun, bomo pi\u0161kotke uporabljali za upravljanje postopka prijave in splo\u0161no upravljanje. Ti pi\u0161kotki se obi\u010dajno izbri\u0161ejo, ko se odjavite; vendar lahko v nekaterih primerih ostanejo tudi pozneje, da si zapomnijo va\u0161e nastavitve na spletnem mestu, ko se odjavite. <\/p>\n<ul>\n<li>Pi\u0161kotki, povezani s prijavo<\/li>\n<\/ul>\n<p>Ko ste prijavljeni, uporabljamo pi\u0161kotke, da si lahko to dejstvo zapomnimo. Tako se vam ni treba prijavljati vsaki\u010d, ko obi\u0161\u010dete novo stran. Ti pi\u0161kotki se obi\u010dajno odstranijo ali izbri\u0161ejo, ko se odjavite, da bi zagotovili, da lahko do omejenih funkcij in obmo\u010dij dostopate le, \u010de ste prijavljeni.  <\/p>\n<ul>\n<li>Pi\u0161kotki, povezani z e-po\u0161tnimi novicami<\/li>\n<\/ul>\n<p>To spletno mesto ponuja storitve naro\u010danja na novice ali e-po\u0161to, pi\u0161kotki pa se lahko uporabljajo za zapomnitev, ali ste \u017ee registrirani, in za prikaz dolo\u010denih obvestil, ki lahko veljajo samo za naro\u010dene\/odjavljene uporabnike.<\/p>\n<ul>\n<li>pi\u0161kotki, povezani z obdelavo naro\u010dil<\/li>\n<\/ul>\n<p>To spletno mesto ponuja mo\u017enosti e-trgovine ali pla\u010dila, zato so nekateri pi\u0161kotki nujni za zagotavljanje, da si va\u0161e naro\u010dilo zapomnimo med stranmi, da ga lahko pravilno obdelamo.<\/p>\n<ul>\n<li>Pi\u0161kotki, povezani z anketami<\/li>\n<\/ul>\n<p>Ob\u010dasno ponujamo ankete in vpra\u0161alnike za uporabnike, da bi vam ponudili zanimive informacije, uporabna orodja ali bolje razumeli na\u0161o bazo uporabnikov. Te ankete lahko uporabljajo pi\u0161kotke, da si zapomnijo, kdo je \u017ee sodeloval v anketi, ali da vam zagotovijo to\u010dne rezultate po spremembi strani. <\/p>\n<ul>\n<li>Pi\u0161kotki, povezani z obrazci<\/li>\n<\/ul>\n<p>Ko posredujete podatke prek obrazca, na primer na straneh za stike ali obrazcih za komentarje, se lahko nastavijo pi\u0161kotki, ki si zapomnijo va\u0161e uporabni\u0161ke podatke za prihodnje dopisovanje.<\/p>\n<ul>\n<li>Pi\u0161kotki za nastavitve spletnega mesta<\/li>\n<\/ul>\n<p>Da bi vam zagotovili odli\u010dno izku\u0161njo na tem spletnem mestu, vam omogo\u010damo, da nastavite svoje \u017eelje glede delovanja tega spletnega mesta, ko ga uporabljate. Da bi si zapomnili va\u0161e nastavitve, moramo nastaviti pi\u0161kotke, tako da se te informacije lahko prikli\u010dejo, kadar koli stopite v stik s stranjo, na katero vplivajo va\u0161e nastavitve. <\/p>\n<h3>Pi\u0161kotki tretjih oseb<\/h3>\n<p>V nekaterih posebnih primerih uporabljamo tudi pi\u0161kotke zaupanja vrednih tretjih oseb. V naslednjem razdelku so podrobno opisani pi\u0161kotki tretjih oseb, s katerimi se lahko sre\u010date na tem spletnem mestu. <\/p>\n<ul>\n<li>To spletno mesto uporablja Google Analytics, ki je ena najbolj raz\u0161irjenih in zaupanja vrednih analiti\u010dnih re\u0161itev na spletu, saj nam pomaga razumeti, kako uporabljate spletno mesto in kako lahko izbolj\u0161amo va\u0161o izku\u0161njo. Ti pi\u0161kotki lahko spremljajo stvari, kot so \u010das, ki ga pre\u017eivite na spletnem mestu, in strani, ki jih obi\u0161\u010dete, da lahko \u0161e naprej pripravljamo zanimivo vsebino.  Ve\u010d informacij o pi\u0161kotkih Google Analytics najdete na uradni strani Google Analytics.<\/li>\n<li>Analiti\u010dni podatki tretjih oseb se uporabljajo za spremljanje in merjenje uporabe tega spletnega mesta, da lahko \u0161e naprej pripravljamo zanimivo vsebino. Ti pi\u0161kotki lahko spremljajo stvari, kot so \u010das, ki ga pre\u017eivite na spletnem mestu, ali obiskane strani, kar nam pomaga razumeti, kako lahko spletno mesto izbolj\u0161amo za vas. <\/li>\n<li>Ob\u010dasno preizku\u0161amo nove funkcije in vna\u0161amo manj\u0161e spremembe v na\u010din delovanja spletnega mesta. Ko \u0161e vedno testiramo nove funkcije, lahko te pi\u0161kotke uporabimo, da vam zagotovimo dosledno izku\u0161njo med obiskom spletnega mesta in hkrati razumemo, katere optimizacije uporabniki najbolj cenijo. <\/li>\n<li>Ker prodajamo izdelke, je za nas pomembno, da razumemo statisti\u010dne podatke o tem, koliko obiskovalcev na\u0161ega spletnega mesta opravi nakup, zato bodo ti pi\u0161kotki spremljali prav te podatke. To je pomembno za vas, saj to pomeni, da lahko natan\u010dno pripravimo poslovne napovedi, ki nam omogo\u010dajo spremljanje stro\u0161kov ogla\u0161evanja in izdelkov, da zagotovimo najbolj\u0161o mo\u017eno ceno. <\/li>\n<li>Storitev Google AdSense, ki jo uporabljamo za prikazovanje oglasov, uporablja pi\u0161kotek DoubleClick za prikazovanje ustreznej\u0161ih oglasov po spletu in omejevanje \u0161tevila prikazov dolo\u010denega oglasa.<br \/>\nZa ve\u010d informacij o storitvi Google AdSense si oglejte uradno pogosto zastavljena vpra\u0161anja o zasebnosti storitve Google AdSense.<\/li>\n<li>Z oglasi nadomestimo stro\u0161ke delovanja tega spletnega mesta in zagotovimo sredstva za nadaljnji razvoj. Pi\u0161kotki za vedenjsko ogla\u0161evanje, ki jih uporablja to spletno mesto, so namenjeni zagotavljanju, da vam z anonimnim sledenjem va\u0161im interesom in predstavitvijo podobnih stvari, ki bi vas lahko zanimale, ponujamo najustreznej\u0161e oglase, kjer je to mogo\u010de. <\/li>\n<li>V na\u0161em imenu ogla\u0161uje ve\u010d partnerjev, pi\u0161kotki za sledenje partnerjem pa nam omogo\u010dajo, da vidimo, ali so na\u0161e stranke pri\u0161le na spletno mesto prek enega od partnerskih spletnih mest, da jim lahko ustrezno pripi\u0161emo denar in po potrebi omogo\u010dimo partnerskim partnerjem, da vam za nakup zagotovijo morebitno nagrado.<\/li>\n<li>Na tem spletnem mestu uporabljamo tudi gumbe in\/ali vti\u010dnike dru\u017eabnih omre\u017eij, ki vam omogo\u010dajo, da se na razli\u010dne na\u010dine pove\u017eete s svojim dru\u017eabnim omre\u017ejem. Za njihovo delovanje bodo naslednja spletna mesta dru\u017eabnih medijev, kot so Facebook, Instagram, Twitter, Pinterest, Tumblr itd., prek na\u0161ega spletnega mesta namestila pi\u0161kotke, ki se lahko uporabijo za izbolj\u0161anje va\u0161ega profila na njihovem spletnem mestu ali prispevajo k podatkom, ki jih hranijo za razli\u010dne namene, opisane v njihovih pravilnikih o zasebnosti. <\/li>\n<\/ul>\n<h2>Ve\u010d informacij<\/h2>\n<p>Upamo, da smo vam pojasnili, in kot je bilo \u017ee omenjeno, \u010de niste prepri\u010dani, ali kaj potrebujete, je obi\u010dajno varneje pustiti pi\u0161kotke omogo\u010dene za primer, da pride do interakcije z eno od funkcij, ki jih uporabljate na na\u0161em spletnem mestu.<\/p>\n<p>Ta pravilnik velja od <strong>maja<\/strong> <strong>2020<\/strong>.[\/vc_column_text][\/vc_column][\/vc_row]<\/p>\n<\/div>","protected":false},"excerpt":{"rendered":"<p>[vc_row][vc_column][vc_column_text css=&#8221;&#8221;] Pravilnik o zasebnosti Va\u0161a zasebnost nam je pomembna. Politika WhiskyFlavour je, da spo\u0161tujemo va\u0161o zasebnost v zvezi z&#8230;<\/p>\n","protected":false},"author":1,"featured_media":0,"parent":0,"menu_order":8,"comment_status":"closed","ping_status":"closed","template":"","meta":{"footnotes":""},"class_list":["post-66313","page","type-page","status-publish","hentry"],"_links":{"self":[{"href":"https:\/\/www.whiskyflavour.com\/sl\/wp-json\/wp\/v2\/pages\/66313","targetHints":{"allow":["GET"]}}],"collection":[{"href":"https:\/\/www.whiskyflavour.com\/sl\/wp-json\/wp\/v2\/pages"}],"about":[{"href":"https:\/\/www.whiskyflavour.com\/sl\/wp-json\/wp\/v2\/types\/page"}],"author":[{"embeddable":true,"href":"https:\/\/www.whiskyflavour.com\/sl\/wp-json\/wp\/v2\/users\/1"}],"replies":[{"embeddable":true,"href":"https:\/\/www.whiskyflavour.com\/sl\/wp-json\/wp\/v2\/comments?post=66313"}],"version-history":[{"count":0,"href":"https:\/\/www.whiskyflavour.com\/sl\/wp-json\/wp\/v2\/pages\/66313\/revisions"}],"wp:attachment":[{"href":"https:\/\/www.whiskyflavour.com\/sl\/wp-json\/wp\/v2\/media?parent=66313"}],"curies":[{"name":"wp","href":"https:\/\/api.w.org\/{rel}","templated":true}]}}