{"id":66347,"date":"2016-05-09T08:50:44","date_gmt":"2016-05-09T07:50:44","guid":{"rendered":"https:\/\/www.whiskyflavour.com\/pogoji-in-dolocila\/"},"modified":"2025-08-11T14:41:13","modified_gmt":"2025-08-11T13:41:13","slug":"pogoji-in-dolocila","status":"publish","type":"page","link":"https:\/\/www.whiskyflavour.com\/sl\/pogoji-in-dolocila\/","title":{"rendered":"Pogoji in dolo\u010dila"},"content":{"rendered":"<div class=\"wpb-content-wrapper\"><p>[vc_row][vc_column][vc_column_text css=&#8221;&#8221;]Za nakup izdelkov v spletni trgovini WhiskyFlavour veljajo naslednji pogoji:<\/p>\n<h2>Objekt<\/h2>\n<ol>\n<li>Namen teh &#8220;Splo\u0161nih pogojev&#8221; je urediti pogoje za opravljanje storitev v spletni trgovini WhiskyFlavour.<\/li>\n<li>Nakup katerega koli izdelka v spletni trgovini WhiskyFlavour pomeni sprejetje teh splo\u0161nih pogojev spletne prodaje.<\/li>\n<li>Ob nakupu v spletni trgovini WhiskyFlavour uporabnik izjavlja, da je starej\u0161i od 18 let in da nima nobenih ovir ali zakonskih omejitev, ki bi mu prepre\u010devale nakup alkoholnih pija\u010d.<\/li>\n<li>Pri uporabnikih, ki prebivajo zunaj nacionalnega ozemlja, lahko alkoholne pija\u010de, ki so na voljo za prodajo, kupijo le polnoletne osebe v dr\u017eavi, v kateri prebivajo.<\/li>\n<\/ol>\n<h2>Informacije o izdelku, ceni in vsebini<\/h2>\n<ol>\n<li>WhiskyFlavour si pridr\u017euje pravico, da brez predhodnega obvestila in kadar koli spremeni informacije in komercialno ponudbo o izdelkih, cenah, promocijah, komercialnih pogojih in storitvah.<\/li>\n<li>Izdelki za prodajo v spletni trgovini so odvisni od obstoje\u010de zaloge, naro\u010dila pa bodo obdelana po vrstnem redu prispetja. V primeru za\u010dasne ali stalne izpraznitve zaloge bo kupec ustrezno obve\u0161\u010den in predlagana bo alternativa izdelkov s podobnimi lastnostmi. <\/li>\n<li>Cene izdelkov so navedene v evrih (\u20ac) in ne vklju\u010dujejo DDV po veljavni zakonski stopnji ter stro\u0161kov pakiranja.<\/li>\n<li>Stro\u0161ki prevoza za stranko so izklju\u010deni iz cene iz prej\u0161nje \u0161tevilke.<\/li>\n<li>WhiskyFlavour ni odgovoren za pla\u010dilo carinskih dajatev, ki lahko obstajajo v namembni dr\u017eavi in so izklju\u010dno odgovornost kupca.<\/li>\n<li>Slike, ki ponazarjajo izdelke v spletni trgovini WhiskyFlavour, se lahko razlikujejo od dobavljenega izdelka.<\/li>\n<\/ol>\n<h2>Naro\u010dilo in pla\u010dilo<\/h2>\n<ol>\n<li>Za nakup v spletni trgovini WhiskyFlavour se mora kupec registrirati kot uporabnik. Po registraciji bo uporabnik lahko oddal naro\u010dilo tako, da bo izbral \u017eelene izdelke in sledil opisanim korakom, da bo naro\u010dilo uspe\u0161no zaklju\u010deno. <\/li>\n<li>Po potrditvi naro\u010dila v spletni trgovini WhiskyFlavour bo na kontaktni naslov, ki ga je stranka registrirala ob formalizaciji naro\u010dila, poslano elektronsko sporo\u010dilo z vsemi podrobnostmi o dostavi, obra\u010dunu in pla\u010dilu. \u010ce kupec ne prejme elektronskega sporo\u010dila o potrditvi naro\u010dila, naj se obrne na WhiskyFlavour po telefonu +351 963 112 299 ali po elektronski po\u0161ti info@whiskyflavour.com. Pomembno je, da stranka predhodno preveri &#8220;Spam&#8221;.  <\/li>\n<li>Naro\u010dila bodo poslana \u0161ele po potrditvi zaloge in pla\u010dila ter bodo obdelana po vrstnem redu prispetja.<\/li>\n<li>\u010ce naro\u010dila ni mogo\u010de delno ali v celoti izpolniti, WhiskyFlavour o tem obvesti stranko.<\/li>\n<li>Po prejemu podatkov o naro\u010dilu mora uporabnik v dveh delovnih dneh izvesti pla\u010dilo. \u010ce pla\u010dila ne opravi v navedenem roku, se naro\u010dilo samodejno prekli\u010de in se \u0161teje za neu\u010dinkovito. <\/li>\n<li>Pla\u010dilo je treba opraviti s kreditno kartico ali storitvijo PayPal.<\/li>\n<li>Pla\u010dila prejmete v evrih (\u20ac) ne glede na valuto, v kateri je transakcija opravljena. Menjalno razmerje za pla\u010dila v drugih valutah krije stranka. <\/li>\n<\/ol>\n<h2>Stro\u0161ki po\u0161iljanja<\/h2>\n<ol>\n<li>Stro\u0161ki po\u0161tnine se izra\u010dunajo glede na te\u017eo izdelkov, namembni kraj in skupno vrednost naro\u010dila.<\/li>\n<li>Stro\u0161ki dostave so navedeni v &#8220;nakupovalni ko\u0161arici&#8221; pred kon\u010dno potrditvijo naro\u010dila.<\/li>\n<\/ol>\n<h2>Dostava<\/h2>\n<ol>\n<li>Naro\u010dila bodo poslana \u0161ele po potrditvi zaloge in pla\u010dila.<\/li>\n<li>\u010cas dostave izdelkov je 1-2 delovna dneva za Evropo in 3-5 delovnih dni za preostali svet.<\/li>\n<li>Izdelki bodo v Evropo poslani s storitvijo DHL Express, v preostali svet pa s storitvijo CTT Expresso.<\/li>\n<li>Naro\u010dila bodo dostavljena na naslov, ki ga navede stranka, in v skladu z dobavnimi roki CTT Expresso ali DHL Express. Dostava na dom ni mogo\u010da v po\u0161tne predale. <\/li>\n<li>Morebitnih zamud pri dostavi WhiskyFlavour ne more odpraviti in v teh primerih ni mogo\u010de zagotoviti natan\u010dnega \u010dasa dostave, saj se po\u0161iljke po\u0161iljajo prek podjetij CTT Expresso in DHL Express ter so odvisne od njihovega delovanja in urnikov.<\/li>\n<li>Rok se lahko razlikuje tudi glede na namembno dr\u017eavo in ustrezna pravila.<\/li>\n<li>\u010ce kupec po dostavi ugotovi, da kateri koli izdelek ni skladen, se mora nemudoma obrniti na podjetje WhiskyFlavour prek e-po\u0161te info@whiskyflavour.com in navesti \u0161tevilko naro\u010dila ali \u0161tevilko dokumenta, prilo\u017eenega naro\u010dilu, ter prilo\u017eiti slike prejete embala\u017ee in vseh izdelkov, da se lahko situacija \u010dim prej re\u0161i.<\/li>\n<\/ol>\n<h2>Pravilnik o vra\u010dilih<\/h2>\n<ol>\n<li>Spletna trgovina WhiskyFlavour zaradi svoje narave ne sprejema vra\u010dil kupljenih izdelkov.<\/li>\n<li>Sprejeta je le vrnitev izdelkov, katerih po\u0161iljka je bila napa\u010dna, za kar je odgovoren WhiskyFlavour, prav tako pa tudi za stro\u0161ke po\u0161iljanja in prevzema, \u010de stranka to sporo\u010di v 5 (petih) dneh od datuma prejema izdelka. Ko WhiskyFlavour prejme izdelek in po ustrezni potrditvi njegovega statusa, bo poslan pravilen izdelek. <\/li>\n<\/ol>\n<h2>Zahtevki<\/h2>\n<p>WhiskyFlavour ni odgovoren za pomanjkljivosti, ki so posledica nepravilne uporabe, zanemarjanja in slabih pogojev skladi\u0161\u010denja s strani kupca.<\/p>\n<h2>Spreminjanje pogojev in dolo\u010dil<\/h2>\n<p>WhiskyFlavour lahko te splo\u0161ne pogoje, ki so vklju\u010deni v &#8220;Pravila in pogoje&#8221; spletne prodaje, spremeni brez predhodnega obvestila, zato jih je treba preveriti pred oddajo naro\u010dila.<\/p>\n<h2>Pravilnik o varstvu podatkov<\/h2>\n<p>Stranka mora izrecno izjaviti, da dovoljuje zbiranje ali posodabljanje svojih kontaktnih podatkov za vklju\u010ditev v datoteke dru\u017ebe WhiskyFlavour za namene upravljanja strank, komercialnih odnosov ter po\u0161iljanja izdelkov in ogla\u0161evanja izdelkov in storitev pod pogoji veljavne &#8220;GDPR&#8221;, in sicer z avtomatizirano obdelavo in opredelitvijo profila po vseh razpolo\u017eljivih komunikacijskih kanalih, vklju\u010dno z elektronskimi sredstvi.<\/p>\n<p>Izrecno privolitev je treba podati ob registraciji v spletni trgovini z uporabo mo\u017enosti, ki je tam navedena v ta namen.<br \/>\nZbrani kontaktni podatki se hranijo, dokler se preveri namen, za katerega je bila odobrena va\u0161a obravnava, ali do uveljavitve pravice do ugovora, popravka in izbrisa.<\/p>\n<p>Posameznik, na katerega se nana\u0161ajo osebni podatki, ima pravico do brezpla\u010dnega dostopa do ohranjenih podatkov, pa tudi do zahteve po njihovi omejitvi, popravku, ugovoru ali izlo\u010ditvi, \u010de so med drugimi pravnimi razlogi kontaktni podatki neto\u010dni ali niso ve\u010d potrebni za namen, zaradi katerega so bili zbrani.<\/p>\n<p>Imetnik ima tudi pravico, da kadar koli prekli\u010de svojo privolitev, ne da bi to vplivalo na zakonitost obdelave, ki se izvaja na podlagi predhodno dane privolitve.<\/p>\n<p>Pri uveljavljanju nekaterih od zgoraj navedenih pravic si pridr\u017eujemo pravico, da podatke hranimo izklju\u010dno za namen prijave, uveljavljanja ali obrambe sporne pravice.<\/p>\n<p>Za uveljavljanje teh pravic ali drugih dodatnih vpra\u0161anj v zvezi z varstvom podatkov se lahko na WhiskyFlavour obrnete pisno prek e-po\u0161te info@whiskyflavour.com, pri \u010demer morate potrditi in dokazati identiteto posameznika, na katerega se nana\u0161ajo osebni podatki.<\/p>\n<p>WhiskyFlavour zbranih kontaktnih podatkov ne posreduje tretjim osebam. \u010ce obstaja zakonit razlog za njihov prenos, bo stranka o tem predhodno obve\u0161\u010dena, razkriti pa ji bodo tudi identiteta prejemnikov in namen obdelave prenesenih podatkov. <\/p>\n<p>Prenos se izvede le, \u010de tretje osebe predlo\u017eijo zadostna jamstva za izvajanje ustreznih tehni\u010dnih in organizacijskih ukrepov, tako da obdelava izpolnjuje zahteve in obveznosti, ki izhajajo iz veljavne zakonodaje o varstvu podatkov, ter zagotavlja za\u0161\u010dito pravic posameznika, na katerega se nana\u0161ajo osebni podatki, do podatkov.<\/p>\n<h2>Izjava o odgovornosti<\/h2>\n<p>WhiskyFlavour izrecno izjavlja in jam\u010di, da:<\/p>\n<ul>\n<li>Ustrezno bo ravnala z osebnimi podatki, ki jih zbira od svojih strank v okviru zagotavljanja storitve spletne trgovine;<\/li>\n<li>Osebni podatki bodo obravnavani zakonito in zaupno, lojalno, pregledno in na na\u010din, ki zagotavlja njihovo varnost, in sicer tako, da se prisili v za\u0161\u010dito teh osebnih podatkov;<\/li>\n<li>Zagotavlja vse ustrezne tehni\u010dne in organizacijske ukrepe, tako da obdelava osebnih podatkov izpolnjuje zahteve veljavne nacionalne zakonodaje in Uredbe (EU) 2016\/679 Evropskega parlamenta in Sveta z dne 27. aprila 2016 (&#8220;GDPR&#8221;), ki je v veljavi.<\/li>\n<li>Osebni podatki so namenjeni le za izvedbo naro\u010dil, oddanih v spletni trgovini, pri \u010demer se zbirajo le tisti, ki so potrebni, ustrezni, relevantni in omejeni na ta namen;<br \/>\nin. Svoje osebne podatke boste ohranjali to\u010dne in posodobljene; <\/li>\n<li>Osebnih podatkov, do katerih imate dostop, ne boste uporabljali za noben drug namen, kot je dolo\u010den v teh &#8220;Pogojih in dolo\u010dilih&#8221;;<\/li>\n<li>Na zahtevo stranke bo navedene osebne podatke nemudoma in u\u010dinkovito izbrisal.<\/li>\n<\/ul>\n<p>Ta pravilnik velja od <strong>maja<\/strong> <strong>2020<\/strong>.[\/vc_column_text][\/vc_column][\/vc_row]<\/p>\n<\/div>","protected":false},"excerpt":{"rendered":"<p>[vc_row][vc_column][vc_column_text css=&#8221;&#8221;]Za nakup izdelkov v spletni trgovini WhiskyFlavour veljajo naslednji pogoji: Objekt Namen teh &#8220;Splo\u0161nih pogojev&#8221; je urediti pogoje za&#8230;<\/p>\n","protected":false},"author":1,"featured_media":0,"parent":0,"menu_order":7,"comment_status":"closed","ping_status":"closed","template":"","meta":{"footnotes":""},"class_list":["post-66347","page","type-page","status-publish","hentry"],"_links":{"self":[{"href":"https:\/\/www.whiskyflavour.com\/sl\/wp-json\/wp\/v2\/pages\/66347","targetHints":{"allow":["GET"]}}],"collection":[{"href":"https:\/\/www.whiskyflavour.com\/sl\/wp-json\/wp\/v2\/pages"}],"about":[{"href":"https:\/\/www.whiskyflavour.com\/sl\/wp-json\/wp\/v2\/types\/page"}],"author":[{"embeddable":true,"href":"https:\/\/www.whiskyflavour.com\/sl\/wp-json\/wp\/v2\/users\/1"}],"replies":[{"embeddable":true,"href":"https:\/\/www.whiskyflavour.com\/sl\/wp-json\/wp\/v2\/comments?post=66347"}],"version-history":[{"count":0,"href":"https:\/\/www.whiskyflavour.com\/sl\/wp-json\/wp\/v2\/pages\/66347\/revisions"}],"wp:attachment":[{"href":"https:\/\/www.whiskyflavour.com\/sl\/wp-json\/wp\/v2\/media?parent=66347"}],"curies":[{"name":"wp","href":"https:\/\/api.w.org\/{rel}","templated":true}]}}