{"id":66450,"date":"2021-10-12T15:51:09","date_gmt":"2021-10-12T14:51:09","guid":{"rendered":"https:\/\/www.whiskyflavour.com\/o\/"},"modified":"2026-04-02T16:58:55","modified_gmt":"2026-04-02T15:58:55","slug":"about","status":"publish","type":"page","link":"https:\/\/www.whiskyflavour.com\/sl\/about\/","title":{"rendered":"O"},"content":{"rendered":"<div class=\"wpb-content-wrapper\"><p>[vc_row][vc_column][vc_custom_heading text=&#8221;IZVOD&#8221; use_theme_fonts=&#8221;yes&#8221; css=&#8221;&#8221;][vc_column_text css=&#8221;&#8221;]Whisky Flavour je ustvaril navdu\u0161enec nad viskijem, ki ga \u017eene \u017eelja po raziskovanju in u\u017eivanju razli\u010dnih vrst viskija na najbolj priro\u010den in cenovno ugoden na\u010din.<\/p>\n<p>Pogosto je neprakti\u010dno investirati v polno steklenico viskija, ki vas zanima, \u0161e posebej, \u010de ga poku\u0161ate prvi\u010d. Ker so na kocki pri\u010dakovanja, se mnogi ljubitelji viskija odpovedo nakupu celotne steklenice. Da bi lahko u\u017eivali v ve\u010d viskija po dostopnej\u0161i ceni, smo razvili to naro\u010dnino za degustacijo viskija.<\/p>\n<p>Nato smo razvili naro\u010dni\u0161ko storitev Whisky Flavour, ki je bila namenjena na\u0161im ljubiteljem viskija &#8211; tistim, ki radi preizku\u0161ajo razli\u010dne steklenice, blagovne znamke in starosti.<\/p>\n<p>Verjamemo, da vam ta re\u0161itev omogo\u010da, da poskusite razli\u010dne vrste viskijev brez dolgoro\u010dne obveznosti nakupa polne steklenice.<\/p>\n<p>Ponujamo naro\u010dni\u0161ko \u0161katlo za degustacijo posameznega viskija, v kateri so vsak mesec 4 miniaturni viskiji z originalno blagovno znamko. S tem lahko zlahka pote\u0161ite svojo radovednost in raz\u0161irite svoj repertoar viskijev.[\/vc_column_text][\/vc_column][\/vc_row][vc_row][vc_column][vc_custom_heading text=&#8221;MISIJA&#8221; use_theme_fonts=&#8221;yes&#8221; css=&#8221;&#8221;][vc_column_text css=&#8221;&#8221;]Poslanstvo podjetja Whisky Flavour je ljubiteljem viskija omogo\u010diti, da spoznajo najrazli\u010dnej\u0161e blagovne znamke in vrste viskija. Z naro\u010dnino za degustacijo viskija omogo\u010damo, da so tudi najdra\u017eje blagovne znamke cenovno ugodne in dostopne, s \u010dimer \u017eelimo zagotoviti, da lahko ve\u010d ljudi u\u017eiva v raznolikem svetu viskija.[\/vc_column_text][\/vc_column][\/vc_row][vc_row][vc_column][vc_custom_heading text=&#8221;VIZIJA&#8221; use_theme_fonts=&#8221;yes&#8221; css=&#8221;&#8221;][vc_column_text css=&#8221;&#8221;]Whisky Flavour \u017eeli postati vodilna referenca v industriji viskija in revolucionarno spremeniti na\u010din interakcije med potro\u0161niki in blagovnimi znamkami. S ponujanjem edinstvenih prilo\u017enosti za degustacijo viskija \u017eelimo pove\u010dati ozave\u0161\u010denost potro\u0161nikov o razli\u010dnih in izjemnih blagovnih znamkah ter proizvodnih postopkih, ki so na voljo. Hkrati bodo imele blagovne znamke viskija prilo\u017enost, da dose\u017eejo \u0161ir\u0161e ob\u010dinstvo, in bodo tako spodbujale dolgoro\u010dne odnose z vedno ve\u010djim \u0161tevilom potro\u0161nikov.[\/vc_column_text][\/vc_column][\/vc_row][vc_row][vc_column][vc_custom_heading text=&#8221;VREDNOSTI&#8221; use_theme_fonts=&#8221;yes&#8221; css=&#8221;&#8221;][vc_column_text css=&#8221;&#8221;]Preglednost | Eleganca | Inovacije | Usmerjenost h kupcem | Sodobnost[\/vc_column_text][\/vc_column][\/vc_row]<\/p>\n<\/div>","protected":false},"excerpt":{"rendered":"<p>[vc_row][vc_column][vc_custom_heading text=&#8221;IZVOD&#8221; use_theme_fonts=&#8221;yes&#8221; css=&#8221;&#8221;][vc_column_text css=&#8221;&#8221;]Whisky Flavour je ustvaril navdu\u0161enec nad viskijem, ki ga \u017eene \u017eelja po raziskovanju in u\u017eivanju razli\u010dnih&#8230;<\/p>\n","protected":false},"author":1,"featured_media":0,"parent":0,"menu_order":0,"comment_status":"closed","ping_status":"closed","template":"","meta":{"footnotes":""},"class_list":["post-66450","page","type-page","status-publish","hentry"],"_links":{"self":[{"href":"https:\/\/www.whiskyflavour.com\/sl\/wp-json\/wp\/v2\/pages\/66450","targetHints":{"allow":["GET"]}}],"collection":[{"href":"https:\/\/www.whiskyflavour.com\/sl\/wp-json\/wp\/v2\/pages"}],"about":[{"href":"https:\/\/www.whiskyflavour.com\/sl\/wp-json\/wp\/v2\/types\/page"}],"author":[{"embeddable":true,"href":"https:\/\/www.whiskyflavour.com\/sl\/wp-json\/wp\/v2\/users\/1"}],"replies":[{"embeddable":true,"href":"https:\/\/www.whiskyflavour.com\/sl\/wp-json\/wp\/v2\/comments?post=66450"}],"version-history":[{"count":0,"href":"https:\/\/www.whiskyflavour.com\/sl\/wp-json\/wp\/v2\/pages\/66450\/revisions"}],"wp:attachment":[{"href":"https:\/\/www.whiskyflavour.com\/sl\/wp-json\/wp\/v2\/media?parent=66450"}],"curies":[{"name":"wp","href":"https:\/\/api.w.org\/{rel}","templated":true}]}}