{"id":66530,"date":"2016-05-01T21:20:50","date_gmt":"2016-05-01T20:20:50","guid":{"rendered":"https:\/\/www.whiskyflavour.com\/shop\/whisky-subscription-tasting-box\/"},"modified":"2026-01-26T12:57:37","modified_gmt":"2026-01-26T12:57:37","slug":"whisky-subscription-box","status":"publish","type":"product","link":"https:\/\/www.whiskyflavour.com\/sl\/shop\/whisky-subscription-box\/","title":{"rendered":"Whisky Subscription Box"},"content":{"rendered":"<h2>Degustacijska \u0161katla Whiskey Flavour &#8211; 4 miniature iz destilarn z vsega sveta<\/h2>\n<p>\u010ce \u017eelite spoznati najbolj\u0161e viskije na svetu, boste s prijavo na na\u0161o naro\u010dnino na Whiskey Tasting Box najbolje odkrili ekskluzivne viskije iz najbolj cenjenih destilarn na svetu, vklju\u010dno s \u0161kotskimi, irskimi, ameri\u0161kimi in \u0161tevilnimi drugimi!<\/p>\n<p>Pri Whisky Flavour smo ustvarili cenovno ugoden sistem naro\u010dnin, ki so ga na\u0161e stranke z vsega sveta vzljubile! Ta naro\u010dni\u0161ka storitev degustacije viskija je kot nala\u0161\u010d za razvajanje ali kot premi\u0161ljeno darilo! \u010ce ste poznavalec viskija ali nekdo, ki vedno \u017eeli poskusiti vse vrste viskija, podzemne blagovne znamke viskija, nove serije in starodobnike, se lahko na\u0161a \u0161katla za degustacijo viskija prilagodi va\u0161im potrebam in va\u0161emu prora\u010dunu.  <\/p>\n<p>Zdaj pa se pogovorimo o tem, kaj boste dobili, ko se prijavite na to prakti\u010dno storitev!<\/p>\n<p>&nbsp;<\/p>\n<h2>Naro\u010dite ga samo enkrat ali pa ga naro\u010dite na degustacijo viskija.<\/h2>\n<p>Za za\u010detek boste vsak mesec prejeli odli\u010dne izraze viskija!<\/p>\n<p>V vsaki \u0161katli so 4 miniaturne razli\u010dice viskija z originalno blagovno znamko. Lahko so popolna skrivnost ali pa pri izbiri miniatur viskija, ki vam bodo dostavljene, upo\u0161tevamo va\u0161e \u017eelje. Po\u0161ljite nam samo elektronsko sporo\u010dilo s svojimi preferencami glede okusov ali vrste viskija, ki ga resni\u010dno \u017eelite poskusiti.  <\/p>\n<p>Med na\u0161imi mo\u017enostmi <strong>lahko izberete, kako dolgo boste prejemali naro\u010dnino za degustacijo viskija<\/strong>:<\/p>\n<ul>\n<li>Samo enkrat.<\/li>\n<li>Enkrat mese\u010dno tri mesece.<\/li>\n<li>Enkrat mese\u010dno \u0161est mesecev.<\/li>\n<li>Leto dni enkrat na mesec.<\/li>\n<\/ul>\n<p>Izjemen ni le viski, tudi na\u0161a \u0161katla ni le \u0161e ena. V sodelovanju z lokalnimi proizvajalci in rokodelci smo ustvarili <strong>sodobno in minimalisti\u010dno leseno \u0161katlo<\/strong>. Je odporna, tako da med dostavo \u0161\u010diti va\u0161e miniature viskija, po dostavi pa jo lahko ponovno uporabite. Zagotovo jo obdr\u017eite: je odli\u010den spominek, ki je bil izdelan s skrbnostjo.   <\/p>\n<p>Ta <strong>\u0161katla za degustacijo viskija bo tehtala 1,5 kilograma<\/strong> in vam bo poslana v skladu z va\u0161imi \u017eeljami.<\/p>\n<p>Na\u0161im strankam ponujamo vse mo\u017enosti, tako da naro\u010dnina ustreza njihovim potrebam, saj vemo, da je vsak poznavalec viskija edinstven.<\/p>\n<p>&nbsp;<\/p>\n<h3>Namigi o na\u0161i \u0161katli za degustacijo viskija<\/h3>\n<p>\u010ce vam ni v\u0161e\u010d, da bi si ogledali nekaj spoilerjev, presko\u010dite ta del! Ne bomo razkrili vsega o na\u0161i \u0161katli za degustacijo viskija, vendar bomo pustili nekaj drobtin, da ne boste popolnoma zamudili te prilo\u017enosti. <\/p>\n<ul>\n<li>Na\u0161i miniaturni viskiji so v <strong>stekleni\u010dkah po 5 cl (1,69oz) z originalno blagovno znamko<\/strong>.<\/li>\n<li>Radi ponujamo \u0161iroko paleto viskija, ki vklju\u010duje <strong>blagovne znamke viskija iz razli\u010dnih delov sveta,<\/strong> ki presegajo tradicionalne vrste viskija. Dosedanje stranke so na primer prejele izraze viskija blagovnih znamk, kot so Black Whiskey, Langatun in Armorik Whisky. <\/li>\n<li>I\u0161\u010demo <strong>klasi\u010dne ali vrhunske<\/strong> viskije, ki bi jih moral vsakdo poskusiti vsaj enkrat v \u017eivljenju.<\/li>\n<li>Spremljamo prej\u0161nje \u0161katle, ki smo vam jih poslali, zato <strong>ne boste dvakrat prejeli istega izraza viskija<\/strong> (razen \u010de si tega res \u017eelite).<\/li>\n<li><strong>Upo\u0161tevamo zahteve glede vrste viskija, starosti izrazov in okusov, v katerih najbolj u\u017eivate<\/strong>, da vam ne bi poslali miniatur viskija, v katerih zagotovo ne boste u\u017eivali.<\/li>\n<\/ul>\n<p>&nbsp;<\/p>\n<h3>Degustacijska \u0161katla za viski &#8211; podarite jo!<\/h3>\n<p>Naro\u010dnina na degustacijo viskija je \u010dudovita ideja za darilo za vse, ki resni\u010dno u\u017eivajo v viskiju. Seveda ne bi rekli druga\u010de, vendar <strong>lahko \u0161katlo za degustacijo viskija &#8211; ali \u0161katle &#8211; po\u0161ljemo na katerikoli naslov, ki ga navedete<\/strong> ob nakupu. V paket pa lahko dodamo tudi preprosto opombo, da bo \u0161e bolj oseben.  <\/p>\n<p>Na\u0161 naro\u010dni\u0161ki paket za viski lahko ponudite tako poznavalcem viskija kot tudi ljudem, ki za\u010denjajo razvijati okus za to pija\u010do. Ker <strong>je na\u0161 izbor miniaturnih viskijev resni\u010dno edinstven<\/strong>, lahko dobijo klasi\u010dne izraze in viskije iz destilarn iz dr\u017eav, ki obi\u010dajno niso povezane z viskijem. <\/p>\n<p>Poleg tega, da bo va\u0161a ljubljena oseba, prijatelj ali sodelavec okusil vse vrste viskija,<strong> je lesena \u0161katla kot nala\u0161\u010d za ponovno uporabo<\/strong> in shranjevanje osebnega kompleta za degustacijo viskija.<\/p>\n<p>\u010ce <strong>se<\/strong> ne \u017eelite <strong>naro\u010diti na naro\u010dnino<\/strong>, lahko<strong> naro\u010dite le eno \u0161katlo za degustacijo viskija<\/strong> in jo podarite ljubitelju viskija!<\/p>\n<p>&nbsp;<\/p>\n<h2>Naro\u010dnina na degustacijo viskija &#8211; od ljubiteljev viskija do ljubiteljev viskija<\/h2>\n<p>Ekipa Whisky Flavour si prizadeva za najbolj\u0161e svetovne izraze viskija blagovnih znamk, ki jih ni lahko najti, zato se trudimo, da bi svojim strankam ponudili izbor miniaturnih viskijev, za katere menimo, da vas bodo navdu\u0161ile.<\/p>\n<p>Ponosni smo na na\u0161o naro\u010dni\u0161ko storitev in degustacijsko \u0161katlo za viski, saj ljudem iz vseh okolij omogo\u010da dostop do izjemnih viskijev, ki jih sicer ne bi mogli poskusiti.<\/p>\n<p>&nbsp;<\/p>\n<h3 style=\"text-align: center;\">Prijavite se na naro\u010dnino na Whiskey Tasting Box Whisky Flavour!<\/h3>\n<p>&nbsp;<\/p>\n<p>&nbsp;<\/p>\n<h2>Pogosta vpra\u0161anja o na\u0161i \u0161katli za degustacijo viskija<\/h2>\n<p>&nbsp;<\/p>\n<h3>V katere dr\u017eave ga po\u0161iljate? In kdaj bom prejel svojo \u0161katlo za degustacijo viskija? <\/h3>\n<p>Po\u0161iljamo po vsem svetu! \u010cas dostave se bo spremenil glede na naslov, ki ste ga navedli. Po\u0161iljamo iz Portugalske in obi\u010dajno traja od 5 do 10 delovnih dni, da pride do vas!  <\/p>\n<p>Svetujemo vam, da naro\u010dilo oddate do 24. dne v mesecu, saj vsa naro\u010dila odpo\u0161ljemo do 7. dne v naslednjem mesecu.<\/p>\n<p>&nbsp;<\/p>\n<h3>Ali lahko spremljam svoje naro\u010dilo?<\/h3>\n<p>Da! Va\u0161 zaboj\u010dek za degustacijo viskija bomo poslali s priporo\u010deno po\u0161to, vi pa boste prejeli e-po\u0161to s potrebno povezavo in kodo za spremljanje poti va\u0161ega zaboj\u010dka. <\/p>\n<p>&nbsp;<\/p>\n<p>Imate \u0161e vedno vpra\u0161anja o na\u0161em naro\u010dni\u0161kem paketu za degustacijo viskija? Obi\u0161\u010dite na\u0161o stran s pogostimi vpra\u0161anji ali nam po\u0161ljite e-po\u0161tno sporo\u010dilo. Poskrbeli bomo, da vam bomo pravo\u010dasno odgovorili.  <\/p>\n","protected":false},"excerpt":{"rendered":"<p>Degustacijska \u0161katla Whiskey Flavour &#8211; 4 miniature iz destilarn z vsega sveta \u010ce \u017eelite spoznati najbolj\u0161e viskije na svetu, boste&#8230;<\/p>\n","protected":false},"featured_media":66260,"comment_status":"open","ping_status":"closed","template":"","meta":[],"product_brand":[],"product_cat":[],"product_tag":[],"class_list":{"0":"post-66530","1":"product","2":"type-product","3":"status-publish","4":"has-post-thumbnail","7":"first","8":"instock","9":"taxable","10":"shipping-taxable","11":"purchasable","12":"product-type-variable-subscription"},"_links":{"self":[{"href":"https:\/\/www.whiskyflavour.com\/sl\/wp-json\/wp\/v2\/product\/66530","targetHints":{"allow":["GET"]}}],"collection":[{"href":"https:\/\/www.whiskyflavour.com\/sl\/wp-json\/wp\/v2\/product"}],"about":[{"href":"https:\/\/www.whiskyflavour.com\/sl\/wp-json\/wp\/v2\/types\/product"}],"replies":[{"embeddable":true,"href":"https:\/\/www.whiskyflavour.com\/sl\/wp-json\/wp\/v2\/comments?post=66530"}],"wp:featuredmedia":[{"embeddable":true,"href":"https:\/\/www.whiskyflavour.com\/sl\/wp-json\/"}],"wp:attachment":[{"href":"https:\/\/www.whiskyflavour.com\/sl\/wp-json\/wp\/v2\/media?parent=66530"}],"wp:term":[{"taxonomy":"product_brand","embeddable":true,"href":"https:\/\/www.whiskyflavour.com\/sl\/wp-json\/wp\/v2\/product_brand?post=66530"},{"taxonomy":"product_cat","embeddable":true,"href":"https:\/\/www.whiskyflavour.com\/sl\/wp-json\/wp\/v2\/product_cat?post=66530"},{"taxonomy":"product_tag","embeddable":true,"href":"https:\/\/www.whiskyflavour.com\/sl\/wp-json\/wp\/v2\/product_tag?post=66530"}],"curies":[{"name":"wp","href":"https:\/\/api.w.org\/{rel}","templated":true}]}}