{"id":25428,"date":"2016-05-09T08:50:44","date_gmt":"2016-05-09T07:50:44","guid":{"rendered":"https:\/\/www.whiskyflavour.com\/villkor\/"},"modified":"2025-08-11T14:41:12","modified_gmt":"2025-08-11T13:41:12","slug":"villkor-och-forutsattningar","status":"publish","type":"page","link":"https:\/\/www.whiskyflavour.com\/sv\/villkor-och-forutsattningar\/","title":{"rendered":"Villkor och anvisningar"},"content":{"rendered":"<div class=\"wpb-content-wrapper\"><p>[vc_row][vc_column][vc_column_text css=&#8221;&#8221;]K\u00f6p av produkter i Whiskyflavours webbutik \u00e4r f\u00f6rem\u00e5l f\u00f6r f\u00f6ljande villkor och best\u00e4mmelser:<\/p>\n<h2>Objekt<\/h2>\n<ol>\n<li>Dessa &#8220;Allm\u00e4nna villkor&#8221; \u00e4r avsedda att reglera de villkor som g\u00e4ller f\u00f6r tillhandah\u00e5llandet av tj\u00e4nsten i Whiskyflavours webbutik.<\/li>\n<li>K\u00f6p av en produkt i Whiskyflavours onlinebutik inneb\u00e4r att du godk\u00e4nner dessa allm\u00e4nna villkor f\u00f6r f\u00f6rs\u00e4ljning online.<\/li>\n<li>Vid k\u00f6p i Whiskyflavours webbutik f\u00f6rs\u00e4krar anv\u00e4ndaren att han \u00e4r \u00f6ver 18 \u00e5r och inte har n\u00e5got hinder eller n\u00e5gon juridisk begr\u00e4nsning som hindrar honom fr\u00e5n att k\u00f6pa alkoholhaltiga drycker.<\/li>\n<li>N\u00e4r det g\u00e4ller anv\u00e4ndare som \u00e4r bosatta utanf\u00f6r det nationella territoriet kan alkoholhaltiga drycker som finns till f\u00f6rs\u00e4ljning endast k\u00f6pas av personer som \u00e4r myndiga att g\u00f6ra det i sitt bos\u00e4ttningsland.<\/li>\n<\/ol>\n<h2>Information om produkt, pris och inneh\u00e5ll<\/h2>\n<ol>\n<li>Whiskyflavour f\u00f6rbeh\u00e5ller sig r\u00e4tten att, utan f\u00f6reg\u00e5ende meddelande och n\u00e4r som helst, \u00e4ndra den information och det kommersiella erbjudande som presenteras om produkter, priser, kampanjer, kommersiella villkor och tj\u00e4nster.<\/li>\n<li>Artiklar till f\u00f6rs\u00e4ljning i Online Store s\u00e4ljs i m\u00e5n av lager och best\u00e4llningar behandlas enligt principen &#8220;f\u00f6rst till kvarn&#8221;. I h\u00e4ndelse av tillf\u00e4lligt eller permanent slut p\u00e5 lager kommer kunden att informeras och ett alternativ av produkter med liknande egenskaper kommer att f\u00f6resl\u00e5s.<\/li>\n<li>Priserna p\u00e5 produkterna anges i euro (\u20ac) och inkluderar inte g\u00e4llande lagstadgad merv\u00e4rdesskatt och inte heller f\u00f6rpackningskostnader.<\/li>\n<li>Transportkostnaden f\u00f6r kunden \u00e4r exkluderad fr\u00e5n det pris som avses i f\u00f6reg\u00e5ende nummer.<\/li>\n<li>Whiskyflavour ansvarar inte f\u00f6r betalning av tullavgifter som kan f\u00f6rekomma i destinationslandet, vilket \u00e4r kundens exklusiva ansvar.<\/li>\n<li>De bilder som illustrerar produkterna i Whiskyflavours webbutik kan skilja sig fr\u00e5n den levererade produkten.<\/li>\n<\/ol>\n<h2>Best\u00e4llning och betalning<\/h2>\n<ol>\n<li>F\u00f6r att handla i Whiskyflavours onlinebutik m\u00e5ste kunden registrera sig som anv\u00e4ndare. Efter registrering kommer anv\u00e4ndaren att kunna g\u00f6ra sin best\u00e4llning genom att v\u00e4lja \u00f6nskade produkter och f\u00f6lja de steg som beskrivs d\u00e4r, s\u00e5 att best\u00e4llningen slutf\u00f6rs framg\u00e5ngsrikt. <\/li>\n<li>Efter att ha bekr\u00e4ftat best\u00e4llningen i Whiskyflavour Online Store skickas ett e-postmeddelande till den kontaktadress som kunden registrerade vid tidpunkten f\u00f6r formaliseringen, med alla detaljer om leverans, fakturering och betalningsinformation. Om kunden inte f\u00e5r e-postmeddelandet med orderbekr\u00e4ftelsen ombeds kunden att kontakta Whiskyflavour genom att ringa +351 963 112 299 eller genom att skicka e-post till info@whiskyflavour.com. Det \u00e4r viktigt att kunden kontrollerar &#8220;Spam&#8221; i f\u00f6rv\u00e4g.<\/li>\n<li>Best\u00e4llningar kommer endast att skickas efter lager- och betalningsbekr\u00e4ftelse och behandlas enligt principen f\u00f6rst till kvarn.<\/li>\n<li>Om en best\u00e4llning helt eller delvis inte kan fullf\u00f6ljas kommer kunden att informeras av Whiskyflavour.<\/li>\n<li>Efter att ha mottagit best\u00e4llningsuppgifterna har anv\u00e4ndaren 2 arbetsdagar p\u00e5 sig att g\u00f6ra betalningen. Om betalning inte sker inom denna tid kommer best\u00e4llningen automatiskt att annulleras och anses vara verkningsl\u00f6s.<\/li>\n<li>Betalning m\u00e5ste ske med kreditkort eller PayPal.<\/li>\n<li>Betalningar tas emot i euro (\u20ac), oavsett i vilken valuta transaktionen g\u00f6rs. Omr\u00e4kningskurser f\u00f6r betalningar i andra valutor betalas av kunden.<\/li>\n<\/ol>\n<h2>Fraktkostnader<\/h2>\n<ol>\n<li>Portokostnaden ber\u00e4knas utifr\u00e5n produkternas vikt, destination och best\u00e4llningens totala v\u00e4rde.<\/li>\n<li>Fraktkostnaden anges i &#8220;kundvagnen&#8221; innan den slutliga ordern valideras.<\/li>\n<\/ol>\n<h2>Leverans<\/h2>\n<ol>\n<li>Best\u00e4llningar skickas f\u00f6rst efter bekr\u00e4ftelse av lager och betalning.<\/li>\n<li>Leveranstiden f\u00f6r produkter varierar mellan 1-2 arbetsdagar f\u00f6r Europa och 3-5 arbetsdagar f\u00f6r resten av v\u00e4rlden.<\/li>\n<li>Produkterna skickas via DHL Express till Europa och CTT Expresso till resten av v\u00e4rlden.<\/li>\n<li>Leverans av best\u00e4llningar kommer att ske till den adress som kunden har angett och enligt leveranstiderna f\u00f6r CTT Expresso eller DHL Express. Hemleverans kan inte ske till postboxar. <\/li>\n<li>Eventuella leveransf\u00f6rseningar kan inte l\u00f6sas av Whiskyflavour, och det \u00e4r i dessa fall inte m\u00f6jligt att garantera exakta leveranstider, eftersom de skickas via CTT Expresso och DHL Express och \u00e4r beroende av deras verksamhet och tidtabeller.<\/li>\n<li>Termen kan ocks\u00e5 variera beroende p\u00e5 destinationsland och respektive regler.<\/li>\n<li>Om kunden efter leverans uppt\u00e4cker att n\u00e5gon av artiklarna inte \u00f6verensst\u00e4mmer med kraven, ombeds kunden att omedelbart kontakta Whiskyflavour via e-postadressen info@whiskyflavour.com och ange ordernumret eller numret p\u00e5 det dokument som medf\u00f6ljer ordern, samt bifoga bilder p\u00e5 den mottagna f\u00f6rpackningen och p\u00e5 alla artiklar, s\u00e5 att situationen kan l\u00f6sas s\u00e5 snart som m\u00f6jligt.<\/li>\n<\/ol>\n<h2>Policy f\u00f6r returer<\/h2>\n<ol>\n<li>Onlinebutiken Whiskyflavour accepterar inte returer av k\u00f6pta produkter, p\u00e5 grund av deras natur.<\/li>\n<li>Endast retur av produkter vars leverans har g\u00e5tt fel accepteras, och detta \u00e4r Whiskyflavours ansvar, liksom frakt- och insamlingskostnader n\u00e4r kunden rapporterar denna situation inom 5 (fem) dagar fr\u00e5n dagen f\u00f6r mottagandet av produkten. N\u00e4r produkten har mottagits av Whiskyflavour och efter att ha validerat dess status i enlighet d\u00e4rmed kommer r\u00e4tt produkt att skickas.<\/li>\n<\/ol>\n<h2>Fordringar<\/h2>\n<p>Whiskyflavour ansvarar inte f\u00f6r fel som beror p\u00e5 Kundens felaktiga anv\u00e4ndning, f\u00f6rsummelse eller d\u00e5liga f\u00f6rvaringsf\u00f6rh\u00e5llanden.<\/p>\n<h2>\u00c4ndring av &#8220;Villkor och anvisningar&#8221;<\/h2>\n<p>De nuvarande allm\u00e4nna villkoren som finns i &#8220;Allm\u00e4nna villkor&#8221; f\u00f6r onlinef\u00f6rs\u00e4ljning kan \u00e4ndras av Whiskyflavour utan f\u00f6reg\u00e5ende meddelande och m\u00e5ste d\u00e4rf\u00f6r konsulteras innan du g\u00f6r en best\u00e4llning.<\/p>\n<h2>Policy f\u00f6r dataskydd<\/h2>\n<p>Kunden m\u00e5ste uttryckligen f\u00f6rklara att han godk\u00e4nner insamling eller uppdatering av sina kontaktuppgifter, f\u00f6r integrering i Whiskyflavours filer i syfte att hantera kunder, kommersiella relationer, samt f\u00f6r att skicka produkter och reklam om produkter och tj\u00e4nster enligt villkoren i g\u00e4llande &#8220;GDPR&#8221;, genom automatiserad behandling och profildefinition, via alla tillg\u00e4ngliga kommunikationskanaler, inklusive elektroniska medel.<\/p>\n<p>Det uttryckliga samtycket m\u00e5ste g\u00f6ras n\u00e4r du registrerar dig i onlinebutiken, med hj\u00e4lp av det alternativ som anges d\u00e4r f\u00f6r detta \u00e4ndam\u00e5l.<br \/>\nDe kontaktuppgifter som samlas in kommer att sparas s\u00e5 l\u00e4nge som det syfte f\u00f6r vilket din behandling beviljades verifieras, eller tills ut\u00f6vandet av r\u00e4tten att inv\u00e4nda, korrigera och eliminera dem.<\/p>\n<p>Den registrerade har r\u00e4tt att kostnadsfritt f\u00e5 tillg\u00e5ng till bevarade uppgifter samt att beg\u00e4ra begr\u00e4nsning, r\u00e4ttelse, inv\u00e4ndning eller radering av dessa om, bland andra r\u00e4ttsliga grunder, kontaktuppgifterna \u00e4r felaktiga eller inte l\u00e4ngre \u00e4r n\u00f6dv\u00e4ndiga f\u00f6r det \u00e4ndam\u00e5l som motiverade insamlingen av dem.<\/p>\n<p>Innehavaren har ocks\u00e5 r\u00e4tt att n\u00e4r som helst \u00e5terkalla sitt samtycke, utan att det p\u00e5verkar lagligheten av den behandling som utf\u00f6rs p\u00e5 grundval av det tidigare l\u00e4mnade samtycket.<\/p>\n<p>N\u00e4r du ut\u00f6var n\u00e5gon av ovanst\u00e5ende r\u00e4ttigheter f\u00f6rbeh\u00e5ller vi oss r\u00e4tten att beh\u00e5lla uppgifterna uteslutande i syfte att f\u00f6rklara, ut\u00f6va eller f\u00f6rsvara en r\u00e4tt i tvist.<\/p>\n<p>F\u00f6r ut\u00f6vandet av dessa r\u00e4ttigheter eller andra ytterligare fr\u00e5gor som du kan ha ang\u00e5ende dataskydd kan du kontakta Whiskyflavour skriftligen via e-post info@whiskyflavour.com och m\u00e5ste autentisera och bevisa den registrerades identitet.<\/p>\n<p>Whiskyflavour \u00f6verf\u00f6r inte de insamlade kontaktuppgifterna till tredje part. Om det finns ett legitimt sk\u00e4l f\u00f6r \u00f6verf\u00f6ringen kommer kunden att informeras i f\u00f6rv\u00e4g, och mottagarnas identitet och syftet med behandlingen av de \u00f6verf\u00f6rda uppgifterna kommer att meddelas dem.<\/p>\n<p>\u00d6verf\u00f6ringen sker endast om tredje part l\u00e4mnar tillr\u00e4ckliga garantier f\u00f6r att l\u00e4mpliga tekniska och organisatoriska \u00e5tg\u00e4rder vidtas, s\u00e5 att behandlingen uppfyller de krav och skyldigheter som f\u00f6ljer av till\u00e4mplig dataskyddslagstiftning och s\u00e4kerst\u00e4ller att den registrerades r\u00e4ttigheter till uppgifterna f\u00f6rsvaras.<\/p>\n<h2>Ansvarsf\u00f6rklaring<\/h2>\n<p>Whiskyflavour f\u00f6rklarar och garanterar uttryckligen att:<\/p>\n<ul>\n<li>F\u00f6retaget kommer att hantera de personuppgifter som det samlar in fr\u00e5n sina kunder p\u00e5 ett korrekt s\u00e4tt i samband med tillhandah\u00e5llandet av tj\u00e4nsten Online Store;<\/li>\n<li>Personuppgifter kommer att behandlas p\u00e5 ett lagligt och konfidentiellt s\u00e4tt, lojalt, \u00f6ppet och p\u00e5 ett s\u00e4tt som garanterar deras s\u00e4kerhet, dvs. genom att tvinga sig sj\u00e4lv att skydda s\u00e5dana personuppgifter;<\/li>\n<li>Det har m\u00f6jlighet att s\u00e4kerst\u00e4lla alla l\u00e4mpliga tekniska och organisatoriska \u00e5tg\u00e4rder s\u00e5 att behandlingen av personuppgifter uppfyller kraven i g\u00e4llande nationell lagstiftning, Europaparlamentets och r\u00e5dets f\u00f6rordning (EU) 2016\/679 av den 27 april 2016 (&#8220;GDPR&#8221;), som \u00e4r i kraft.<\/li>\n<li>Personuppgifter \u00e4r endast avsedda f\u00f6r utf\u00f6rande av best\u00e4llningar som gjorts i webbutiken, och endast de uppgifter som \u00e4r n\u00f6dv\u00e4ndiga, adekvata, relevanta och begr\u00e4nsade till detta syfte samlas in;<br \/>\noch. Du ska h\u00e5lla dina personuppgifter korrekta och uppdaterade;<\/li>\n<li>Du f\u00e5r inte anv\u00e4nda de personuppgifter som du har tillg\u00e5ng till f\u00f6r n\u00e5got annat \u00e4ndam\u00e5l \u00e4n vad som anges i dessa &#8220;Allm\u00e4nna villkor&#8221;;<\/li>\n<li>P\u00e5 kundens beg\u00e4ran kommer vi att radera n\u00e4mnda personuppgifter omedelbart och effektivt.<\/li>\n<\/ul>\n<p>Denna policy g\u00e4ller fr\u00e5n och med <strong>maj<\/strong> <strong>2020<\/strong>.[\/vc_column_text][\/vc_column][\/vc_row]<\/p>\n<\/div>","protected":false},"excerpt":{"rendered":"<p>[vc_row][vc_column][vc_column_text css=&#8221;&#8221;]K\u00f6p av produkter i Whiskyflavours webbutik \u00e4r f\u00f6rem\u00e5l f\u00f6r f\u00f6ljande villkor och best\u00e4mmelser: Objekt Dessa &#8220;Allm\u00e4nna villkor&#8221; \u00e4r avsedda&#8230;<\/p>\n","protected":false},"author":1,"featured_media":0,"parent":0,"menu_order":7,"comment_status":"closed","ping_status":"closed","template":"","meta":{"footnotes":""},"class_list":["post-25428","page","type-page","status-publish","hentry"],"_links":{"self":[{"href":"https:\/\/www.whiskyflavour.com\/sv\/wp-json\/wp\/v2\/pages\/25428","targetHints":{"allow":["GET"]}}],"collection":[{"href":"https:\/\/www.whiskyflavour.com\/sv\/wp-json\/wp\/v2\/pages"}],"about":[{"href":"https:\/\/www.whiskyflavour.com\/sv\/wp-json\/wp\/v2\/types\/page"}],"author":[{"embeddable":true,"href":"https:\/\/www.whiskyflavour.com\/sv\/wp-json\/wp\/v2\/users\/1"}],"replies":[{"embeddable":true,"href":"https:\/\/www.whiskyflavour.com\/sv\/wp-json\/wp\/v2\/comments?post=25428"}],"version-history":[{"count":0,"href":"https:\/\/www.whiskyflavour.com\/sv\/wp-json\/wp\/v2\/pages\/25428\/revisions"}],"wp:attachment":[{"href":"https:\/\/www.whiskyflavour.com\/sv\/wp-json\/wp\/v2\/media?parent=25428"}],"curies":[{"name":"wp","href":"https:\/\/api.w.org\/{rel}","templated":true}]}}